{"id":250,"date":"2022-08-18T18:05:52","date_gmt":"2022-08-18T16:05:52","guid":{"rendered":"https:\/\/stipet.se\/vic03\/?page_id=250"},"modified":"2026-04-16T20:54:08","modified_gmt":"2026-04-16T18:54:08","slug":"medlem","status":"publish","type":"page","link":"https:\/\/folkdansringen.se\/victoria\/medlem\/","title":{"rendered":"Medlem"},"content":{"rendered":"<style>.kb-row-layout-id250_216e4a-87 > .kt-row-column-wrap{align-content:start;}:where(.kb-row-layout-id250_216e4a-87 > .kt-row-column-wrap) > .wp-block-kadence-column{justify-content:start;}.kb-row-layout-id250_216e4a-87 > .kt-row-column-wrap{column-gap:var(--global-kb-gap-md, 2rem);row-gap:var(--global-kb-gap-md, 2rem);padding-top:var(--global-kb-spacing-sm, 1.5rem);padding-bottom:var(--global-kb-spacing-sm, 1.5rem);grid-template-columns:minmax(0, 1fr);}.kb-row-layout-id250_216e4a-87 > .kt-row-layout-overlay{opacity:0.30;}@media all and (max-width: 1024px){.kb-row-layout-id250_216e4a-87 > .kt-row-column-wrap{grid-template-columns:minmax(0, 1fr);}}@media all and (max-width: 767px){.kb-row-layout-id250_216e4a-87 > .kt-row-column-wrap{grid-template-columns:minmax(0, 1fr);}}<\/style><div class=\"kb-row-layout-wrap kb-row-layout-id250_216e4a-87 alignnone wp-block-kadence-rowlayout\"><div class=\"kt-row-column-wrap kt-has-1-columns kt-row-layout-equal kt-tab-layout-inherit kt-mobile-layout-row kt-row-valign-top\">\n<style>.kadence-column250_7f263a-71 > .kt-inside-inner-col,.kadence-column250_7f263a-71 > .kt-inside-inner-col:before{border-top-left-radius:0px;border-top-right-radius:0px;border-bottom-right-radius:0px;border-bottom-left-radius:0px;}.kadence-column250_7f263a-71 > .kt-inside-inner-col{column-gap:var(--global-kb-gap-sm, 1rem);}.kadence-column250_7f263a-71 > .kt-inside-inner-col{flex-direction:column;}.kadence-column250_7f263a-71 > .kt-inside-inner-col > .aligncenter{width:100%;}.kadence-column250_7f263a-71 > .kt-inside-inner-col:before{opacity:0.3;}.kadence-column250_7f263a-71{position:relative;}@media all and (max-width: 1024px){.kadence-column250_7f263a-71 > .kt-inside-inner-col{flex-direction:column;justify-content:center;}}@media all and (max-width: 767px){.kadence-column250_7f263a-71 > .kt-inside-inner-col{flex-direction:column;justify-content:center;}}<\/style>\n<div class=\"wp-block-kadence-column kadence-column250_7f263a-71 inner-column-1\"><div class=\"kt-inside-inner-col\">\n<h2 class=\"wp-block-heading has-medium-font-size\">Sidorna \u00e4r synliga f\u00f6r alla<\/h2>\n\n\n\n<h4 class=\"wp-block-heading has-small-font-size\">\u00c4ndringar p\u00e5 sidan\/sidorna, samt \u00e4ven ytterligare information, kr\u00e4ver inloggning f\u00f6r att komma vidare.<\/h4>\n\n\n<div class=\"login\" id=\"wpuf-login-form\">\n\n    \n    \n    <form name=\"loginform\" class=\"wpuf-login-form\" id=\"loginform\" action=\"https:\/\/folkdansringen.se\/victoria\/wp-login.php\" method=\"post\">\n        <p>\n            <label for=\"wpuf-user_login\">Username or Email<\/label>\n            <input type=\"text\" name=\"log\" id=\"wpuf-user_login\" class=\"input\" value=\"\" size=\"20\" \/>\n        <\/p>\n        <p>\n            <label for=\"wpuf-user_pass\">Password<\/label>\n            <input type=\"password\" name=\"pwd\" id=\"wpuf-user_pass\" class=\"input\" value=\"\" size=\"20\" \/>\n        <\/p>\n\n                \n        \n        <p class=\"forgetmenot wpuf-remember-forgot-wrapper\">\n            <span class=\"wpuf-remember-me\">\n                <input name=\"rememberme\" type=\"checkbox\" id=\"wpuf-rememberme\" value=\"forever\" \/>\n                <label for=\"wpuf-rememberme\">Remember Me<\/label>\n            <\/span>\n            <span class=\"wpuf-lost-password\">\n                <a href=\"https:\/\/folkdansringen.se\/victoria\/wp-login.php?action=lostpassword\">Lost Password<\/a>\n            <\/span>\n        <\/p>\n\n        <p class=\"submit\">\n            <input type=\"submit\" name=\"wp-submit\" id=\"wp-submit\" value=\"Log In\" \/>\n            <input type=\"hidden\" name=\"redirect_to\" value=\"https:\/\/folkdansringen.se\/victoria\" \/>\n            <input type=\"hidden\" name=\"wpuf_login\" value=\"true\" \/>\n            <input type=\"hidden\" name=\"action\" value=\"login\" \/>\n            <input type=\"hidden\" id=\"wpuf-login-nonce\" name=\"wpuf-login-nonce\" value=\"f49cfe8868\" \/><input type=\"hidden\" name=\"_wp_http_referer\" value=\"\/victoria\/wp-json\/wp\/v2\/pages\/250\" \/>        <\/p>\n        <p>\n                    <\/p>\n    <\/form>\n\n    <div class=\"wpuf-action-links\">\n            <\/div>\n<\/div>\n\n<\/div><\/div>\n\n<\/div><\/div>\n\n<style>.wp-block-kadence-spacer.kt-block-spacer-250_073b69-10 .kt-block-spacer{height:30px;}.wp-block-kadence-spacer.kt-block-spacer-250_073b69-10 .kt-divider{border-top-width:2px;border-top-color:#4a9962;width:100%;border-top-style:solid;}<\/style>\n<div class=\"wp-block-kadence-spacer aligncenter kt-block-spacer-250_073b69-10\"><div class=\"kt-block-spacer kt-block-spacer-halign-center\"><hr class=\"kt-divider\"\/><\/div><\/div>\n\n\n<style>.kb-row-layout-id250_3e746c-2b > .kt-row-column-wrap{align-content:start;}:where(.kb-row-layout-id250_3e746c-2b > .kt-row-column-wrap) > .wp-block-kadence-column{justify-content:start;}.kb-row-layout-id250_3e746c-2b > .kt-row-column-wrap{column-gap:var(--global-kb-gap-md, 2rem);row-gap:var(--global-kb-gap-md, 2rem);padding-top:var(--global-kb-spacing-sm, 1.5rem);padding-bottom:var(--global-kb-spacing-sm, 1.5rem);grid-template-columns:repeat(2, minmax(0, 1fr));}.kb-row-layout-id250_3e746c-2b > .kt-row-layout-overlay{opacity:0.30;}@media all and (max-width: 1024px){.kb-row-layout-id250_3e746c-2b > .kt-row-column-wrap{grid-template-columns:repeat(2, minmax(0, 1fr));}}@media all and (max-width: 767px){.kb-row-layout-id250_3e746c-2b > .kt-row-column-wrap{grid-template-columns:minmax(0, 1fr);}}<\/style><div class=\"kb-row-layout-wrap kb-row-layout-id250_3e746c-2b alignnone wp-block-kadence-rowlayout\"><div class=\"kt-row-column-wrap kt-has-2-columns kt-row-layout-equal kt-tab-layout-inherit kt-mobile-layout-row kt-row-valign-top\">\n<style>.kadence-column250_3a4551-d3 > .kt-inside-inner-col{padding-top:var(--global-kb-spacing-xxs, 0.5rem);padding-left:var(--global-kb-spacing-xxs, 0.5rem);}.kadence-column250_3a4551-d3 > .kt-inside-inner-col{border-top:2px solid var(--global-palette11, #3182CE);border-right:2px solid var(--global-palette11, #3182CE);border-bottom:2px solid var(--global-palette11, #3182CE);border-left:2px solid var(--global-palette11, #3182CE);}.kadence-column250_3a4551-d3 > .kt-inside-inner-col,.kadence-column250_3a4551-d3 > .kt-inside-inner-col:before{border-top-left-radius:8px;border-top-right-radius:8px;border-bottom-right-radius:8px;border-bottom-left-radius:8px;}.kadence-column250_3a4551-d3 > .kt-inside-inner-col{column-gap:var(--global-kb-gap-sm, 1rem);}.kadence-column250_3a4551-d3 > .kt-inside-inner-col{flex-direction:column;}.kadence-column250_3a4551-d3 > .kt-inside-inner-col > .aligncenter{width:100%;}.kadence-column250_3a4551-d3 > .kt-inside-inner-col:before{opacity:0.3;}.kadence-column250_3a4551-d3{position:relative;}@media all and (max-width: 1024px){.kadence-column250_3a4551-d3 > .kt-inside-inner-col{border-top:2px solid var(--global-palette11, #3182CE);border-right:2px solid var(--global-palette11, #3182CE);border-bottom:2px solid var(--global-palette11, #3182CE);border-left:2px solid var(--global-palette11, #3182CE);flex-direction:column;justify-content:center;}}@media all and (max-width: 767px){.kadence-column250_3a4551-d3 > .kt-inside-inner-col{border-top:2px solid var(--global-palette11, #3182CE);border-right:2px solid var(--global-palette11, #3182CE);border-bottom:2px solid var(--global-palette11, #3182CE);border-left:2px solid var(--global-palette11, #3182CE);flex-direction:column;justify-content:center;}}<\/style>\n<div class=\"wp-block-kadence-column kadence-column250_3a4551-d3\"><div class=\"kt-inside-inner-col\">\n<h2 class=\"wp-block-heading\">  Protokoll<\/h2>\n\n\n<style>.kb-posts-id-250_05d7fd-e5 .kb-post-list-item{display:grid;}<\/style><p>No posts<\/p><\/div><\/div>\n\n\n<style>.kadence-column250_21bac1-36 > .kt-inside-inner-col{padding-top:var(--global-kb-spacing-xxs, 0.5rem);padding-left:var(--global-kb-spacing-xxs, 0.5rem);}.kadence-column250_21bac1-36 > .kt-inside-inner-col{border-top:2px solid var(--global-palette11, #3182CE);border-right:2px solid var(--global-palette11, #3182CE);border-bottom:2px solid var(--global-palette11, #3182CE);border-left:2px solid var(--global-palette11, #3182CE);}.kadence-column250_21bac1-36 > .kt-inside-inner-col,.kadence-column250_21bac1-36 > .kt-inside-inner-col:before{border-top-left-radius:8px;border-top-right-radius:8px;border-bottom-right-radius:8px;border-bottom-left-radius:8px;}.kadence-column250_21bac1-36 > .kt-inside-inner-col{column-gap:var(--global-kb-gap-sm, 1rem);}.kadence-column250_21bac1-36 > .kt-inside-inner-col{flex-direction:column;}.kadence-column250_21bac1-36 > .kt-inside-inner-col > .aligncenter{width:100%;}.kadence-column250_21bac1-36 > .kt-inside-inner-col:before{opacity:0.3;}.kadence-column250_21bac1-36{position:relative;}@media all and (max-width: 1024px){.kadence-column250_21bac1-36 > .kt-inside-inner-col{border-top:2px solid var(--global-palette11, #3182CE);border-right:2px solid var(--global-palette11, #3182CE);border-bottom:2px solid var(--global-palette11, #3182CE);border-left:2px solid var(--global-palette11, #3182CE);flex-direction:column;justify-content:center;}}@media all and (max-width: 767px){.kadence-column250_21bac1-36 > .kt-inside-inner-col{border-top:2px solid var(--global-palette11, #3182CE);border-right:2px solid var(--global-palette11, #3182CE);border-bottom:2px solid var(--global-palette11, #3182CE);border-left:2px solid var(--global-palette11, #3182CE);flex-direction:column;justify-content:center;}}<\/style>\n<div class=\"wp-block-kadence-column kadence-column250_21bac1-36\"><div class=\"kt-inside-inner-col\">\n<h2 class=\"wp-block-heading\">  Arkiv<\/h2>\n\n\n<ul class=\"wp-block-archives-list wp-block-archives\">\t<li><a href='https:\/\/folkdansringen.se\/victoria\/2026\/04\/'>april 2026<\/a><\/li>\n\t<li><a href='https:\/\/folkdansringen.se\/victoria\/2026\/03\/'>mars 2026<\/a><\/li>\n\t<li><a href='https:\/\/folkdansringen.se\/victoria\/2026\/02\/'>februari 2026<\/a><\/li>\n\t<li><a href='https:\/\/folkdansringen.se\/victoria\/2025\/06\/'>juni 2025<\/a><\/li>\n\t<li><a href='https:\/\/folkdansringen.se\/victoria\/2025\/04\/'>april 2025<\/a><\/li>\n\t<li><a href='https:\/\/folkdansringen.se\/victoria\/2025\/03\/'>mars 2025<\/a><\/li>\n\t<li><a href='https:\/\/folkdansringen.se\/victoria\/2025\/02\/'>februari 2025<\/a><\/li>\n\t<li><a href='https:\/\/folkdansringen.se\/victoria\/2024\/11\/'>november 2024<\/a><\/li>\n\t<li><a href='https:\/\/folkdansringen.se\/victoria\/2024\/06\/'>juni 2024<\/a><\/li>\n\t<li><a href='https:\/\/folkdansringen.se\/victoria\/2024\/04\/'>april 2024<\/a><\/li>\n\t<li><a href='https:\/\/folkdansringen.se\/victoria\/2024\/03\/'>mars 2024<\/a><\/li>\n\t<li><a href='https:\/\/folkdansringen.se\/victoria\/2024\/02\/'>februari 2024<\/a><\/li>\n\t<li><a href='https:\/\/folkdansringen.se\/victoria\/2024\/01\/'>januari 2024<\/a><\/li>\n\t<li><a href='https:\/\/folkdansringen.se\/victoria\/2023\/12\/'>december 2023<\/a><\/li>\n\t<li><a href='https:\/\/folkdansringen.se\/victoria\/2023\/11\/'>november 2023<\/a><\/li>\n\t<li><a href='https:\/\/folkdansringen.se\/victoria\/2023\/04\/'>april 2023<\/a><\/li>\n\t<li><a href='https:\/\/folkdansringen.se\/victoria\/2022\/03\/'>mars 2022<\/a><\/li>\n<\/ul><\/div><\/div>\n\n<\/div><\/div>","protected":false},"excerpt":{"rendered":"<p>Sidorna \u00e4r synliga f\u00f6r alla \u00c4ndringar p\u00e5 sidan\/sidorna, samt \u00e4ven ytterligare information, kr\u00e4ver inloggning f\u00f6r att komma vidare. Protokoll Arkiv<\/p>\n","protected":false},"author":1,"featured_media":0,"parent":0,"menu_order":0,"comment_status":"closed","ping_status":"closed","template":"","meta":{"ngg_post_thumbnail":0,"_kadence_starter_templates_imported_post":false,"_kad_post_transparent":"","_kad_post_title":"hide","_kad_post_layout":"","_kad_post_sidebar_id":"","_kad_post_content_style":"","_kad_post_vertical_padding":"","_kad_post_feature":"","_kad_post_feature_position":"","_kad_post_header":false,"_kad_post_footer":false,"_kad_post_classname":"","footnotes":""},"categories":[],"tags":[],"class_list":["post-250","page","type-page","status-publish","hentry"],"_links":{"self":[{"href":"https:\/\/folkdansringen.se\/victoria\/wp-json\/wp\/v2\/pages\/250","targetHints":{"allow":["GET"]}}],"collection":[{"href":"https:\/\/folkdansringen.se\/victoria\/wp-json\/wp\/v2\/pages"}],"about":[{"href":"https:\/\/folkdansringen.se\/victoria\/wp-json\/wp\/v2\/types\/page"}],"author":[{"embeddable":true,"href":"https:\/\/folkdansringen.se\/victoria\/wp-json\/wp\/v2\/users\/1"}],"replies":[{"embeddable":true,"href":"https:\/\/folkdansringen.se\/victoria\/wp-json\/wp\/v2\/comments?post=250"}],"version-history":[{"count":10,"href":"https:\/\/folkdansringen.se\/victoria\/wp-json\/wp\/v2\/pages\/250\/revisions"}],"predecessor-version":[{"id":2654,"href":"https:\/\/folkdansringen.se\/victoria\/wp-json\/wp\/v2\/pages\/250\/revisions\/2654"}],"wp:attachment":[{"href":"https:\/\/folkdansringen.se\/victoria\/wp-json\/wp\/v2\/media?parent=250"}],"wp:term":[{"taxonomy":"category","embeddable":true,"href":"https:\/\/folkdansringen.se\/victoria\/wp-json\/wp\/v2\/categories?post=250"},{"taxonomy":"post_tag","embeddable":true,"href":"https:\/\/folkdansringen.se\/victoria\/wp-json\/wp\/v2\/tags?post=250"}],"curies":[{"name":"wp","href":"https:\/\/api.w.org\/{rel}","templated":true}]}}