{"id":24,"date":"2022-03-02T20:40:43","date_gmt":"2022-03-02T19:40:43","guid":{"rendered":"https:\/\/stipet.se\/vic03\/?page_id=24"},"modified":"2022-12-28T18:25:59","modified_gmt":"2022-12-28T17:25:59","slug":"kalender","status":"publish","type":"page","link":"https:\/\/folkdansringen.se\/victoria\/kalender\/","title":{"rendered":"Kalender"},"content":{"rendered":"<style>#kt-layout-id_3b3adc-13 > .kt-row-column-wrap{align-content:start;}:where(#kt-layout-id_3b3adc-13 > .kt-row-column-wrap) > .wp-block-kadence-column{justify-content:start;}#kt-layout-id_3b3adc-13 > .kt-row-column-wrap{column-gap:var(--global-kb-gap-md, 2rem);row-gap:var(--global-kb-gap-md, 2rem);padding-top:var( --global-kb-row-default-top, 25px );padding-bottom:var( --global-kb-row-default-bottom, 25px );padding-top:var(--global-kb-spacing-sm, 1.5rem);padding-bottom:var(--global-kb-spacing-sm, 1.5rem);grid-template-columns:minmax(0, 2fr) minmax(0, 1fr);}#kt-layout-id_3b3adc-13 > .kt-row-layout-overlay{opacity:0.30;}#kt-layout-id_3b3adc-13 .kt-row-layout-bottom-sep{height:100px;}#kt-layout-id_3b3adc-13 .kt-row-layout-bottom-sep svg{width:100%;}#kt-layout-id_3b3adc-13 .kt-row-layout-bottom-sep svg{fill:#ffffff!important;}@media all and (max-width: 1024px){#kt-layout-id_3b3adc-13 > .kt-row-column-wrap{grid-template-columns:minmax(0, 2fr) minmax(0, 1fr);}}@media all and (max-width: 1024px){#kt-layout-id_3b3adc-13 .kt-row-layout-bottom-sep{height:px;}}@media all and (max-width: 1024px){#kt-layout-id_3b3adc-13 .kt-row-layout-bottom-sep svg{width:%;}}@media all and (max-width: 767px){#kt-layout-id_3b3adc-13 > .kt-row-column-wrap{grid-template-columns:minmax(0, 1fr);}#kt-layout-id_3b3adc-13 .kt-row-layout-bottom-sep{height:px;}#kt-layout-id_3b3adc-13 .kt-row-layout-bottom-sep svg{width:%;}}<\/style>\n<div class=\"wp-block-kadence-rowlayout alignnone\"><div id=\"kt-layout-id_3b3adc-13\" class=\"kt-row-layout-inner kt-layout-id_3b3adc-13\"><div class=\"kt-row-column-wrap kt-has-2-columns kt-gutter-default kt-v-gutter-default kt-row-valign-top kt-row-layout-left-golden kt-tab-layout-inherit kt-m-colapse-left-to-right kt-mobile-layout-row\"><style>.kadence-column_082bf0-9f > .kt-inside-inner-col{border-top-width:0px;border-right-width:0px;border-bottom-width:0px;border-left-width:0px;}.kadence-column_082bf0-9f > .kt-inside-inner-col,.kadence-column_082bf0-9f > .kt-inside-inner-col:before{border-top-left-radius:0px;border-top-right-radius:0px;border-bottom-right-radius:0px;border-bottom-left-radius:0px;}.kadence-column_082bf0-9f > .kt-inside-inner-col{column-gap:var(--global-kb-gap-sm, 1rem);}.kadence-column_082bf0-9f > .kt-inside-inner-col{flex-direction:column;}.kadence-column_082bf0-9f > .kt-inside-inner-col > .aligncenter{width:100%;}.kadence-column_082bf0-9f > .kt-inside-inner-col:before{opacity:0.3;}.kadence-column_082bf0-9f{position:relative;}@media all and (max-width: 1024px){.kadence-column_082bf0-9f > .kt-inside-inner-col{flex-direction:column;justify-content:center;}}@media all and (max-width: 767px){.kadence-column_082bf0-9f > .kt-inside-inner-col{flex-direction:column;justify-content:center;}}<\/style>\n<div class=\"wp-block-kadence-column inner-column-1 kadence-column_082bf0-9f\"><div class=\"kt-inside-inner-col\"><style>.wp-block-kadence-advancedheading.kt-adv-heading_71b743-d8, .wp-block-kadence-advancedheading.kt-adv-heading_71b743-d8[data-kb-block=\"kb-adv-heading_71b743-d8\"]{text-align:center;font-style:normal;}.wp-block-kadence-advancedheading.kt-adv-heading_71b743-d8 mark.kt-highlight, .wp-block-kadence-advancedheading.kt-adv-heading_71b743-d8[data-kb-block=\"kb-adv-heading_71b743-d8\"] mark.kt-highlight{font-style:normal;color:#f76a0c;-webkit-box-decoration-break:clone;box-decoration-break:clone;padding-top:0px;padding-right:0px;padding-bottom:0px;padding-left:0px;}.wp-block-kadence-advancedheading.kt-adv-heading_71b743-d8 img.kb-inline-image, .wp-block-kadence-advancedheading.kt-adv-heading_71b743-d8[data-kb-block=\"kb-adv-heading_71b743-d8\"] img.kb-inline-image{width:150px;vertical-align:baseline;}<\/style>\n<h5 class=\"kt-adv-heading_71b743-d8 wp-block-kadence-advancedheading\" data-kb-block=\"kb-adv-heading_71b743-d8\">Stor kalender<\/h5>\n\n\n<div class='eme-calendar-full' id='eme-calendar-152'><table class='eme-calendar-table fullcalendar'>\n<thead><tr><th class='month_name' colspan='7'><a class='prev-month eme-cal-prev-month' href='#' data-full='1' data-htmltable='1' data-htmldiv='0' data-long_events='' data-month='03' data-year='2026' data-category='0' data-author='' data-contact_person='' data-location_id='' data-notcategory='0' data-template_id='0' data-holiday_id='0' data-weekdays='' data-language='sv' data-calendar_divid='eme-calendar-152'>&lt;&lt;<\/a> april 2026 <a class='next-month eme-cal-next-month' href=\"#\" data-full='1' data-htmltable='1' data-htmldiv='0' data-long_events='' data-month='05' data-year='2026' data-category='0' data-author='' data-contact_person='' data-location_id='' data-notcategory='0' data-template_id='0' data-holiday_id='0' data-weekdays='' data-language='sv' data-calendar_divid='eme-calendar-152'>&gt;&gt;<\/a><\/th>\n<\/tr><\/thead>\n<tr class='days-names'><td class='Mon_header'>m\u00e5n<\/td><td class='Tue_header'>tis<\/td><td class='Wed_header'>ons<\/td><td class='Thu_header'>tor<\/td><td class='Fri_header'>fre<\/td><td class='Sat_header'>l\u00f6r<\/td><td class='Sun_header'>s\u00f6n<\/td><\/tr>\n<tr><td class='Mon eventless-pre'><span class='span-eme-calday span-eme-calday-30'>30<\/span><\/td>\n<td class='Tue eventless-pre'><span class='span-eme-calday span-eme-calday-31'>31<\/span><\/td>\n<td class='Wed eventful event-day-1'><span class='span-eme-calday span-eme-calday-1'><a title='P\u00e5skfest, P\u00e5skfest' href='https:\/\/folkdansringen.se\/victoria\/events\/2026-04-01\/' >1<\/a><\/span><ul class='eme-calendar-day-event'><li><a href='https:\/\/folkdansringen.se\/victoria\/events\/100\/paskfest\/'  title='P\u00e5skfest'>P\u00e5skfest<\/a><\/li><li><a href='https:\/\/folkdansringen.se\/victoria\/events\/109\/paskfest\/'  title='P\u00e5skfest'>P\u00e5skfest<\/a><\/li><\/ul><\/td>\n<td class='Thu eventless'><span class='span-eme-calday span-eme-calday-2'>2<\/span><\/td>\n<td class='Fri eventless'><span class='span-eme-calday span-eme-calday-3'>3<\/span><\/td>\n<td class='Sat eventless'><span class='span-eme-calday span-eme-calday-4'>4<\/span><\/td>\n<td class='Sun eventless'><span class='span-eme-calday span-eme-calday-5'>5<\/span><\/td>\n<\/tr>\n<tr><td class='Mon eventless'><span class='span-eme-calday span-eme-calday-6'>6<\/span><\/td>\n<td class='Tue eventless'><span class='span-eme-calday span-eme-calday-7'>7<\/span><\/td>\n<td class='Wed eventless'><span class='span-eme-calday span-eme-calday-8'>8<\/span><\/td>\n<td class='Thu eventless'><span class='span-eme-calday span-eme-calday-9'>9<\/span><\/td>\n<td class='Fri eventless'><span class='span-eme-calday span-eme-calday-10'>10<\/span><\/td>\n<td class='Sat eventless'><span class='span-eme-calday span-eme-calday-11'>11<\/span><\/td>\n<td class='Sun eventless'><span class='span-eme-calday span-eme-calday-12'>12<\/span><\/td>\n<\/tr>\n<tr><td class='Mon eventless'><span class='span-eme-calday span-eme-calday-13'>13<\/span><\/td>\n<td class='Tue eventless'><span class='span-eme-calday span-eme-calday-14'>14<\/span><\/td>\n<td class='Wed eventful event-day-15'><span class='span-eme-calday span-eme-calday-15'><a title='Styrelsem\u00f6te S3_26' href='https:\/\/folkdansringen.se\/victoria\/events\/2026-04-15\/' >15<\/a><\/span><ul class='eme-calendar-day-event'><li><a href='https:\/\/folkdansringen.se\/victoria\/events\/101\/styrelsemote-s3-26\/'  title='Styrelsem\u00f6te S3_26'>Styrelsem\u00f6te S3_26<\/a><\/li><\/ul><\/td>\n<td class='Thu eventless'><span class='span-eme-calday span-eme-calday-16'>16<\/span><\/td>\n<td class='Fri eventless'><span class='span-eme-calday span-eme-calday-17'>17<\/span><\/td>\n<td class='Sat eventless'><span class='span-eme-calday span-eme-calday-18'>18<\/span><\/td>\n<td class='Sun eventless'><span class='span-eme-calday span-eme-calday-19'>19<\/span><\/td>\n<\/tr>\n<tr><td class='Mon eventless'><span class='span-eme-calday span-eme-calday-20'>20<\/span><\/td>\n<td class='Tue eventless'><span class='span-eme-calday span-eme-calday-21'>21<\/span><\/td>\n<td class='Wed eventless'><span class='span-eme-calday span-eme-calday-22'>22<\/span><\/td>\n<td class='Thu eventless'><span class='span-eme-calday span-eme-calday-23'>23<\/span><\/td>\n<td class='Fri eventless'><span class='span-eme-calday span-eme-calday-24'>24<\/span><\/td>\n<td class='Sat eventless'><span class='span-eme-calday span-eme-calday-25'>25<\/span><\/td>\n<td class='Sun eventless-today'><span class='span-eme-calday span-eme-calday-26'>26<\/span><\/td>\n<\/tr>\n<tr><td class='Mon eventless'><span class='span-eme-calday span-eme-calday-27'>27<\/span><\/td>\n<td class='Tue eventless'><span class='span-eme-calday span-eme-calday-28'>28<\/span><\/td>\n<td class='Wed eventless'><span class='span-eme-calday span-eme-calday-29'>29<\/span><\/td>\n<td class='Thu eventless'><span class='span-eme-calday span-eme-calday-30'>30<\/span><\/td>\n<td class='Fri eventless-post'><span class='span-eme-calday span-eme-calday-1'>1<\/span><\/td>\n<td class='Sat eventless-post'><span class='span-eme-calday span-eme-calday-2'>2<\/span><\/td>\n<td class='Sun eventless-post'><span class='span-eme-calday span-eme-calday-3'>3<\/span><\/td>\n<\/tr>\n<\/table>\n<\/div>\n<\/div><\/div>\n\n\n<style>.kadence-column_5d1d06-51 > .kt-inside-inner-col{border-top-width:0px;border-right-width:0px;border-bottom-width:0px;border-left-width:0px;}.kadence-column_5d1d06-51 > .kt-inside-inner-col,.kadence-column_5d1d06-51 > .kt-inside-inner-col:before{border-top-left-radius:0px;border-top-right-radius:0px;border-bottom-right-radius:0px;border-bottom-left-radius:0px;}.kadence-column_5d1d06-51 > .kt-inside-inner-col{column-gap:var(--global-kb-gap-sm, 1rem);}.kadence-column_5d1d06-51 > .kt-inside-inner-col{flex-direction:column;}.kadence-column_5d1d06-51 > .kt-inside-inner-col > .aligncenter{width:100%;}.kadence-column_5d1d06-51 > .kt-inside-inner-col{background-color:#d8e4f0;}.kadence-column_5d1d06-51 > .kt-inside-inner-col:before{opacity:0.3;}.kadence-column_5d1d06-51{position:relative;}@media all and (max-width: 1024px){.kadence-column_5d1d06-51 > .kt-inside-inner-col{flex-direction:column;justify-content:center;}}@media all and (max-width: 767px){.kadence-column_5d1d06-51 > .kt-inside-inner-col{flex-direction:column;justify-content:center;}}<\/style>\n<div class=\"wp-block-kadence-column inner-column-2 kadence-column_5d1d06-51\"><div class=\"kt-inside-inner-col\"><style>.wp-block-kadence-advancedheading.kt-adv-heading_c2c58d-3b, .wp-block-kadence-advancedheading.kt-adv-heading_c2c58d-3b[data-kb-block=\"kb-adv-heading_c2c58d-3b\"]{text-align:center;font-style:normal;}.wp-block-kadence-advancedheading.kt-adv-heading_c2c58d-3b mark.kt-highlight, .wp-block-kadence-advancedheading.kt-adv-heading_c2c58d-3b[data-kb-block=\"kb-adv-heading_c2c58d-3b\"] mark.kt-highlight{font-style:normal;color:#f76a0c;-webkit-box-decoration-break:clone;box-decoration-break:clone;padding-top:0px;padding-right:0px;padding-bottom:0px;padding-left:0px;}.wp-block-kadence-advancedheading.kt-adv-heading_c2c58d-3b img.kb-inline-image, .wp-block-kadence-advancedheading.kt-adv-heading_c2c58d-3b[data-kb-block=\"kb-adv-heading_c2c58d-3b\"] img.kb-inline-image{width:150px;vertical-align:baseline;}<\/style>\n<h5 class=\"kt-adv-heading_c2c58d-3b wp-block-kadence-advancedheading\" data-kb-block=\"kb-adv-heading_c2c58d-3b\">H\u00e4ndelselista<\/h5>\n\n\n<ul class='eme_events_list'><li>6 maj 2026 - 20:00<br \/> <a href='https:\/\/folkdansringen.se\/victoria\/events\/111\/foreningsmote-ar-kallelse\/'  title='F\u00f6reningsm\u00f6te \u00c4r KALLELSE'>F\u00f6reningsm\u00f6te \u00c4r KALLELSE<\/a><br \/>G\u00f6teborg <\/li><li>6 maj 2026 - 20:00<br \/> <a href='https:\/\/folkdansringen.se\/victoria\/events\/102\/foreningsmote-f2-26\/'  title='F\u00f6reningsm\u00f6te F2_26'>F\u00f6reningsm\u00f6te F2_26<\/a><br \/> <\/li><li>10 maj 2026 - 00:00<br \/> <a href='https:\/\/folkdansringen.se\/victoria\/events\/103\/arbetsdag-grafsnasgarden\/'  title='Arbetsdag Gr\u00e4fsn\u00e4sg\u00e5rden'>Arbetsdag Gr\u00e4fsn\u00e4sg\u00e5rden<\/a><br \/> <\/li><li>13 maj 2026 - 00:00<br \/> <a href='https:\/\/folkdansringen.se\/victoria\/events\/104\/kvallens-dans-installd\/'  title='Kv\u00e4llens dans inst\u00e4lld'>Kv\u00e4llens dans inst\u00e4lld<\/a><br \/> <\/li><li>13 maj 2026 - 00:00<br \/> <a href='https:\/\/folkdansringen.se\/victoria\/events\/112\/traningskvallen-installd\/'  title='Tr\u00e4ningskv\u00e4llen inst\u00e4lld'>Tr\u00e4ningskv\u00e4llen inst\u00e4lld<\/a><br \/>G\u00f6teborg <\/li><li>17 maj 2026 - 09:00<br \/> <a href='https:\/\/folkdansringen.se\/victoria\/events\/113\/arbetsdag-pa-grafsnasgarden\/'  title='Arbetsdag p\u00e5 Gr\u00e4fsn\u00e4sg\u00e5rden'>Arbetsdag p\u00e5 Gr\u00e4fsn\u00e4sg\u00e5rden<\/a><br \/> <\/li><li>19 maj 2026 - 00:00<br \/> <a href='https:\/\/folkdansringen.se\/victoria\/events\/105\/avslutning-syringen\/'  title='Avslutning syringen'>Avslutning syringen<\/a><br \/> <\/li><\/ul>\n<\/div><\/div>\n<\/div><\/div><\/div>\n","protected":false},"excerpt":{"rendered":"<p>Stor kalender H\u00e4ndelselista<\/p>\n","protected":false},"author":1,"featured_media":0,"parent":0,"menu_order":0,"comment_status":"closed","ping_status":"closed","template":"","meta":{"ngg_post_thumbnail":0,"_kadence_starter_templates_imported_post":false,"_kad_post_transparent":"","_kad_post_title":"hide","_kad_post_layout":"","_kad_post_sidebar_id":"","_kad_post_content_style":"","_kad_post_vertical_padding":"","_kad_post_feature":"","_kad_post_feature_position":"","_kad_post_header":false,"_kad_post_footer":false,"_kad_post_classname":"","footnotes":""},"categories":[],"tags":[],"class_list":["post-24","page","type-page","status-publish","hentry"],"_links":{"self":[{"href":"https:\/\/folkdansringen.se\/victoria\/wp-json\/wp\/v2\/pages\/24","targetHints":{"allow":["GET"]}}],"collection":[{"href":"https:\/\/folkdansringen.se\/victoria\/wp-json\/wp\/v2\/pages"}],"about":[{"href":"https:\/\/folkdansringen.se\/victoria\/wp-json\/wp\/v2\/types\/page"}],"author":[{"embeddable":true,"href":"https:\/\/folkdansringen.se\/victoria\/wp-json\/wp\/v2\/users\/1"}],"replies":[{"embeddable":true,"href":"https:\/\/folkdansringen.se\/victoria\/wp-json\/wp\/v2\/comments?post=24"}],"version-history":[{"count":0,"href":"https:\/\/folkdansringen.se\/victoria\/wp-json\/wp\/v2\/pages\/24\/revisions"}],"wp:attachment":[{"href":"https:\/\/folkdansringen.se\/victoria\/wp-json\/wp\/v2\/media?parent=24"}],"wp:term":[{"taxonomy":"category","embeddable":true,"href":"https:\/\/folkdansringen.se\/victoria\/wp-json\/wp\/v2\/categories?post=24"},{"taxonomy":"post_tag","embeddable":true,"href":"https:\/\/folkdansringen.se\/victoria\/wp-json\/wp\/v2\/tags?post=24"}],"curies":[{"name":"wp","href":"https:\/\/api.w.org\/{rel}","templated":true}]}}