{"id":2282,"date":"2024-11-06T17:22:18","date_gmt":"2024-11-06T16:22:18","guid":{"rendered":"https:\/\/folkdansringen.se\/victoria\/?page_id=2282"},"modified":"2024-11-06T17:37:22","modified_gmt":"2024-11-06T16:37:22","slug":"kontakt","status":"publish","type":"page","link":"https:\/\/folkdansringen.se\/victoria\/kontakt\/","title":{"rendered":"Kontakt"},"content":{"rendered":"<style>.kadence-column2282_c0892b-d7 > .kt-inside-inner-col,.kadence-column2282_c0892b-d7 > .kt-inside-inner-col:before{border-top-left-radius:0px;border-top-right-radius:0px;border-bottom-right-radius:0px;border-bottom-left-radius:0px;}.kadence-column2282_c0892b-d7 > .kt-inside-inner-col{column-gap:var(--global-kb-gap-sm, 1rem);}.kadence-column2282_c0892b-d7 > .kt-inside-inner-col{flex-direction:column;}.kadence-column2282_c0892b-d7 > .kt-inside-inner-col > .aligncenter{width:100%;}.kadence-column2282_c0892b-d7 > .kt-inside-inner-col:before{opacity:0.3;}.kadence-column2282_c0892b-d7{position:relative;}@media all and (max-width: 1024px){.kadence-column2282_c0892b-d7 > .kt-inside-inner-col{flex-direction:column;justify-content:center;}}@media all and (max-width: 767px){.kadence-column2282_c0892b-d7 > .kt-inside-inner-col{flex-direction:column;justify-content:center;}}<\/style>\n<div class=\"wp-block-kadence-column kadence-column2282_c0892b-d7\"><div class=\"kt-inside-inner-col\"><style>.wp-block-kadence-advancedheading.kt-adv-heading2282_c7a449-bd, .wp-block-kadence-advancedheading.kt-adv-heading2282_c7a449-bd[data-kb-block=\"kb-adv-heading2282_c7a449-bd\"]{text-align:center;font-style:normal;}.wp-block-kadence-advancedheading.kt-adv-heading2282_c7a449-bd mark.kt-highlight, .wp-block-kadence-advancedheading.kt-adv-heading2282_c7a449-bd[data-kb-block=\"kb-adv-heading2282_c7a449-bd\"] mark.kt-highlight{font-style:normal;color:#f76a0c;-webkit-box-decoration-break:clone;box-decoration-break:clone;padding-top:0px;padding-right:0px;padding-bottom:0px;padding-left:0px;}.wp-block-kadence-advancedheading.kt-adv-heading2282_c7a449-bd img.kb-inline-image, .wp-block-kadence-advancedheading.kt-adv-heading2282_c7a449-bd[data-kb-block=\"kb-adv-heading2282_c7a449-bd\"] img.kb-inline-image{width:150px;vertical-align:baseline;}<\/style>\n<h2 class=\"kt-adv-heading2282_c7a449-bd wp-block-kadence-advancedheading\" data-kb-block=\"kb-adv-heading2282_c7a449-bd\"><strong>Kontaktformul\u00e4r att fylla i, v\u00e4lj EN mottagare:<\/strong><\/h2>\n<\/div><\/div>\n\n\n<style>.kb-row-layout-id2282_33132a-a8 > .kt-row-column-wrap{align-content:start;}:where(.kb-row-layout-id2282_33132a-a8 > .kt-row-column-wrap) > .wp-block-kadence-column{justify-content:start;}.kb-row-layout-id2282_33132a-a8 > .kt-row-column-wrap{column-gap:var(--global-kb-gap-md, 2rem);row-gap:var(--global-kb-gap-md, 2rem);padding-top:var(--global-kb-spacing-sm, 1.5rem);padding-bottom:var(--global-kb-spacing-sm, 1.5rem);grid-template-columns:repeat(2, minmax(0, 1fr));}.kb-row-layout-id2282_33132a-a8 > .kt-row-layout-overlay{opacity:0.30;}@media all and (max-width: 1024px){.kb-row-layout-id2282_33132a-a8 > .kt-row-column-wrap{grid-template-columns:repeat(2, minmax(0, 1fr));}}@media all and (max-width: 767px){.kb-row-layout-id2282_33132a-a8 > .kt-row-column-wrap{grid-template-columns:minmax(0, 1fr);}}<\/style><div class=\"kb-row-layout-wrap kb-row-layout-id2282_33132a-a8 alignnone wp-block-kadence-rowlayout\"><div class=\"kt-row-column-wrap kt-has-2-columns kt-row-layout-equal kt-tab-layout-inherit kt-mobile-layout-row kt-row-valign-top\">\n<style>.kadence-column2282_31974e-ad > .kt-inside-inner-col{padding-top:0px;padding-right:var(--global-kb-spacing-xxs, 0.5rem);padding-bottom:var(--global-kb-spacing-xxs, 0.5rem);padding-left:var(--global-kb-spacing-xxs, 0.5rem);}.kadence-column2282_31974e-ad > .kt-inside-inner-col{box-shadow:0px 0px 14px 0px rgba(0, 0, 0, 0.2);border-top:3px solid var(--global-palette1, #3182CE);border-right:3px solid var(--global-palette1, #3182CE);border-bottom:3px solid var(--global-palette1, #3182CE);border-left:3px solid var(--global-palette1, #3182CE);}.kadence-column2282_31974e-ad > .kt-inside-inner-col,.kadence-column2282_31974e-ad > .kt-inside-inner-col:before{border-top-left-radius:8px;border-top-right-radius:8px;border-bottom-right-radius:8px;border-bottom-left-radius:8px;}.kadence-column2282_31974e-ad > .kt-inside-inner-col{column-gap:var(--global-kb-gap-sm, 1rem);}.kadence-column2282_31974e-ad > .kt-inside-inner-col{flex-direction:column;}.kadence-column2282_31974e-ad > .kt-inside-inner-col > .aligncenter{width:100%;}.kadence-column2282_31974e-ad > .kt-inside-inner-col{background-color:var(--global-palette7, #EDF2F7);}.kadence-column2282_31974e-ad > .kt-inside-inner-col:before{opacity:0.3;}.kadence-column2282_31974e-ad{position:relative;}@media all and (max-width: 1024px){.kadence-column2282_31974e-ad > .kt-inside-inner-col{border-top:3px solid var(--global-palette1, #3182CE);border-right:3px solid var(--global-palette1, #3182CE);border-bottom:3px solid var(--global-palette1, #3182CE);border-left:3px solid var(--global-palette1, #3182CE);flex-direction:column;justify-content:center;}}@media all and (max-width: 767px){.kadence-column2282_31974e-ad > .kt-inside-inner-col{border-top:3px solid var(--global-palette1, #3182CE);border-right:3px solid var(--global-palette1, #3182CE);border-bottom:3px solid var(--global-palette1, #3182CE);border-left:3px solid var(--global-palette1, #3182CE);flex-direction:column;justify-content:center;}}<\/style>\n<div class=\"wp-block-kadence-column kadence-column2282_31974e-ad\"><div class=\"kt-inside-inner-col\"><style>.wp-block-kadence-advancedheading.kt-adv-heading2282_d091cf-97, .wp-block-kadence-advancedheading.kt-adv-heading2282_d091cf-97[data-kb-block=\"kb-adv-heading2282_d091cf-97\"]{font-style:normal;border-top-left-radius:5px;border-top-right-radius:5px;border-bottom-right-radius:5px;border-bottom-left-radius:5px;}.wp-block-kadence-advancedheading.kt-adv-heading2282_d091cf-97 mark.kt-highlight, .wp-block-kadence-advancedheading.kt-adv-heading2282_d091cf-97[data-kb-block=\"kb-adv-heading2282_d091cf-97\"] mark.kt-highlight{font-style:normal;color:#f76a0c;-webkit-box-decoration-break:clone;box-decoration-break:clone;padding-top:0px;padding-right:0px;padding-bottom:0px;padding-left:0px;}.wp-block-kadence-advancedheading.kt-adv-heading2282_d091cf-97 img.kb-inline-image, .wp-block-kadence-advancedheading.kt-adv-heading2282_d091cf-97[data-kb-block=\"kb-adv-heading2282_d091cf-97\"] img.kb-inline-image{width:150px;vertical-align:baseline;}<\/style>\n<h2 class=\"kt-adv-heading2282_d091cf-97 wp-block-kadence-advancedheading\" data-kb-block=\"kb-adv-heading2282_d091cf-97\">&#8211; till Ordf\u00f6rande<\/h2>\n\n\n<style>.kb-form input.kadence-blocks-field.verify{opacity:0.0;position:absolute;top:0.0;left:0.0;width:0.0;height:0.0;z-index:-1;}<\/style>\n<div class=\"wp-block-kadence-form kadence-form-2282_7d10c7-30 kb-form-wrap\"><form class=\"kb-form\" action=\"\" method=\"post\"><div class=\"kadence-blocks-form-field kb-field-desk-width-100 kb-input-size-standard\"><label for=\"kb_field_2282_7d10c7-30_0\">Namn<\/label><input name=\"kb_field_0\" id=\"kb_field_2282_7d10c7-30_0\" data-label=\"Namn\" type=\"text\" placeholder=\"Fyll i ditt namn\" value=\"\" data-type=\"text\" class=\"kb-field kb-text-style-field kb-text-field kb-field-0\"\/><\/div><div class=\"kadence-blocks-form-field kb-form-field-1 kb-field-desk-width-100 kb-input-size-standard\"><label for=\"kb_field_2282_7d10c7-30_1\">Epost<span class=\"required\">*<\/span><\/label><input name=\"kb_field_1\" id=\"kb_field_2282_7d10c7-30_1\" data-label=\"Epost\" type=\"email\" placeholder=\"Fyll i din epostadress\" value=\"\" data-type=\"email\" class=\"kb-field kb-text-style-field kb-email-field kb-field-1\" data-required=\"yes\"\/><\/div><div class=\"kadence-blocks-form-field kb-form-field-2 kb-field-desk-width-100 kb-input-size-standard\"><label for=\"kb_field_2282_7d10c7-30_2\">Message<span class=\"required\">*<\/span><\/label><textarea name=\"kb_field_2\" id=\"kb_field_2282_7d10c7-30_2\" data-label=\"Message\" type=\"textarea\" placeholder=\"Fyll i ditt \u00e4rende!\" data-type=\"textarea\" class=\"kb-field kb-text-style-field kb-textarea-field kb-field-2\" rows=\"4\" data-required=\"yes\"><\/textarea><\/div><input type=\"hidden\" name=\"_kb_form_id\" value=\"2282_7d10c7-30\"\/><input type=\"hidden\" name=\"_kb_form_post_id\" value=\"2282\"\/><input type=\"hidden\" name=\"action\" value=\"kb_process_ajax_submit\"\/><label class=\"kadence-verify-label\">Email<input class=\"kadence-blocks-field verify\" type=\"text\" name=\"_kb_verify_email\" autocomplete=\"new-password\" aria-hidden=\"true\" placeholder=\"Email\" tabindex=\"-1\" data-1p-ignore=\"true\" data-lpignore=\"true\" \/><\/label><div class=\"kadence-blocks-form-field kb-submit-field kb-field-desk-width-100\"><button class=\"kb-forms-submit button kb-button-size-standard kb-button-width-auto\">Submit<\/button><\/div><\/form><\/div>\n<noscript><div class=\"kadence-blocks-form-message kadence-blocks-form-warning\">Please enable JavaScript in your browser to submit the form<\/div><style>.kadence-form-2282_7d10c7-30 .kadence-blocks-form-field.kb-submit-field { display: none; }<\/style><\/noscript><\/div><\/div>\n\n\n<style>.kadence-column2282_6aeaa0-3e > .kt-inside-inner-col{padding-top:0px;padding-right:var(--global-kb-spacing-xxs, 0.5rem);padding-bottom:var(--global-kb-spacing-xxs, 0.5rem);padding-left:var(--global-kb-spacing-xxs, 0.5rem);}.kadence-column2282_6aeaa0-3e > .kt-inside-inner-col{box-shadow:0px 0px 14px 0px rgba(0, 0, 0, 0.2);border-top:3px solid var(--global-palette1, #3182CE);border-right:3px solid var(--global-palette1, #3182CE);border-bottom:3px solid var(--global-palette1, #3182CE);border-left:3px solid var(--global-palette1, #3182CE);}.kadence-column2282_6aeaa0-3e > .kt-inside-inner-col,.kadence-column2282_6aeaa0-3e > .kt-inside-inner-col:before{border-top-left-radius:8px;border-top-right-radius:8px;border-bottom-right-radius:8px;border-bottom-left-radius:8px;}.kadence-column2282_6aeaa0-3e > .kt-inside-inner-col{column-gap:var(--global-kb-gap-sm, 1rem);}.kadence-column2282_6aeaa0-3e > .kt-inside-inner-col{flex-direction:column;}.kadence-column2282_6aeaa0-3e > .kt-inside-inner-col > .aligncenter{width:100%;}.kadence-column2282_6aeaa0-3e > .kt-inside-inner-col{background-color:var(--global-palette7, #EDF2F7);}.kadence-column2282_6aeaa0-3e > .kt-inside-inner-col:before{opacity:0.3;}.kadence-column2282_6aeaa0-3e{position:relative;}@media all and (max-width: 1024px){.kadence-column2282_6aeaa0-3e > .kt-inside-inner-col{border-top:3px solid var(--global-palette1, #3182CE);border-right:3px solid var(--global-palette1, #3182CE);border-bottom:3px solid var(--global-palette1, #3182CE);border-left:3px solid var(--global-palette1, #3182CE);flex-direction:column;justify-content:center;}}@media all and (max-width: 767px){.kadence-column2282_6aeaa0-3e > .kt-inside-inner-col{border-top:3px solid var(--global-palette1, #3182CE);border-right:3px solid var(--global-palette1, #3182CE);border-bottom:3px solid var(--global-palette1, #3182CE);border-left:3px solid var(--global-palette1, #3182CE);flex-direction:column;justify-content:center;}}<\/style>\n<div class=\"wp-block-kadence-column kadence-column2282_6aeaa0-3e\"><div class=\"kt-inside-inner-col\"><style>.wp-block-kadence-advancedheading.kt-adv-heading2282_2abf61-f1, .wp-block-kadence-advancedheading.kt-adv-heading2282_2abf61-f1[data-kb-block=\"kb-adv-heading2282_2abf61-f1\"]{font-style:normal;}.wp-block-kadence-advancedheading.kt-adv-heading2282_2abf61-f1 mark.kt-highlight, .wp-block-kadence-advancedheading.kt-adv-heading2282_2abf61-f1[data-kb-block=\"kb-adv-heading2282_2abf61-f1\"] mark.kt-highlight{font-style:normal;color:#f76a0c;-webkit-box-decoration-break:clone;box-decoration-break:clone;padding-top:0px;padding-right:0px;padding-bottom:0px;padding-left:0px;}.wp-block-kadence-advancedheading.kt-adv-heading2282_2abf61-f1 img.kb-inline-image, .wp-block-kadence-advancedheading.kt-adv-heading2282_2abf61-f1[data-kb-block=\"kb-adv-heading2282_2abf61-f1\"] img.kb-inline-image{width:150px;vertical-align:baseline;}<\/style>\n<h2 class=\"kt-adv-heading2282_2abf61-f1 wp-block-kadence-advancedheading\" data-kb-block=\"kb-adv-heading2282_2abf61-f1\">&#8211; till Sekreterare<\/h2>\n\n\n<style>.kb-form input.kadence-blocks-field.verify{opacity:0.0;position:absolute;top:0.0;left:0.0;width:0.0;height:0.0;z-index:-1;}<\/style>\n<div class=\"wp-block-kadence-form kadence-form-2282_5410a4-9d kb-form-wrap\"><form class=\"kb-form\" action=\"\" method=\"post\"><div class=\"kadence-blocks-form-field kb-field-desk-width-100 kb-input-size-standard\"><label for=\"kb_field_2282_5410a4-9d_0\">Namn<\/label><input name=\"kb_field_0\" id=\"kb_field_2282_5410a4-9d_0\" data-label=\"Namn\" type=\"text\" placeholder=\"Fyll i ditt namn\" value=\"\" data-type=\"text\" class=\"kb-field kb-text-style-field kb-text-field kb-field-0\"\/><\/div><div class=\"kadence-blocks-form-field kb-form-field-1 kb-field-desk-width-100 kb-input-size-standard\"><label for=\"kb_field_2282_5410a4-9d_1\">Epost<span class=\"required\">*<\/span><\/label><input name=\"kb_field_1\" id=\"kb_field_2282_5410a4-9d_1\" data-label=\"Epost\" type=\"email\" placeholder=\"Fyll i din epostadress\" value=\"\" data-type=\"email\" class=\"kb-field kb-text-style-field kb-email-field kb-field-1\" data-required=\"yes\"\/><\/div><div class=\"kadence-blocks-form-field kb-form-field-2 kb-field-desk-width-100 kb-input-size-standard\"><label for=\"kb_field_2282_5410a4-9d_2\">Message<span class=\"required\">*<\/span><\/label><textarea name=\"kb_field_2\" id=\"kb_field_2282_5410a4-9d_2\" data-label=\"Message\" type=\"textarea\" placeholder=\"Fyll i ditt \u00e4rende!\" data-type=\"textarea\" class=\"kb-field kb-text-style-field kb-textarea-field kb-field-2\" rows=\"4\" data-required=\"yes\"><\/textarea><\/div><input type=\"hidden\" name=\"_kb_form_id\" value=\"2282_5410a4-9d\"\/><input type=\"hidden\" name=\"_kb_form_post_id\" value=\"2282\"\/><input type=\"hidden\" name=\"action\" value=\"kb_process_ajax_submit\"\/><label class=\"kadence-verify-label\">Email<input class=\"kadence-blocks-field verify\" type=\"text\" name=\"_kb_verify_email\" autocomplete=\"new-password\" aria-hidden=\"true\" placeholder=\"Email\" tabindex=\"-1\" data-1p-ignore=\"true\" data-lpignore=\"true\" \/><\/label><div class=\"kadence-blocks-form-field kb-submit-field kb-field-desk-width-100\"><button class=\"kb-forms-submit button kb-button-size-standard kb-button-width-auto\">Submit<\/button><\/div><\/form><\/div>\n<noscript><div class=\"kadence-blocks-form-message kadence-blocks-form-warning\">Please enable JavaScript in your browser to submit the form<\/div><style>.kadence-form-2282_5410a4-9d .kadence-blocks-form-field.kb-submit-field { display: none; }<\/style><\/noscript><\/div><\/div>\n\n<\/div><\/div>","protected":false},"excerpt":{"rendered":"<p>Kontaktformul\u00e4r att fylla i, v\u00e4lj EN mottagare: &#8211; till Ordf\u00f6rande &#8211; till Sekreterare<\/p>\n","protected":false},"author":1,"featured_media":1283,"parent":0,"menu_order":0,"comment_status":"closed","ping_status":"closed","template":"","meta":{"ngg_post_thumbnail":0,"_kadence_starter_templates_imported_post":false,"_kad_post_transparent":"","_kad_post_title":"hide","_kad_post_layout":"","_kad_post_sidebar_id":"","_kad_post_content_style":"","_kad_post_vertical_padding":"","_kad_post_feature":"","_kad_post_feature_position":"","_kad_post_header":false,"_kad_post_footer":false,"_kad_post_classname":"","footnotes":""},"categories":[],"tags":[],"class_list":["post-2282","page","type-page","status-publish","has-post-thumbnail","hentry"],"_links":{"self":[{"href":"https:\/\/folkdansringen.se\/victoria\/wp-json\/wp\/v2\/pages\/2282","targetHints":{"allow":["GET"]}}],"collection":[{"href":"https:\/\/folkdansringen.se\/victoria\/wp-json\/wp\/v2\/pages"}],"about":[{"href":"https:\/\/folkdansringen.se\/victoria\/wp-json\/wp\/v2\/types\/page"}],"author":[{"embeddable":true,"href":"https:\/\/folkdansringen.se\/victoria\/wp-json\/wp\/v2\/users\/1"}],"replies":[{"embeddable":true,"href":"https:\/\/folkdansringen.se\/victoria\/wp-json\/wp\/v2\/comments?post=2282"}],"version-history":[{"count":0,"href":"https:\/\/folkdansringen.se\/victoria\/wp-json\/wp\/v2\/pages\/2282\/revisions"}],"wp:featuredmedia":[{"embeddable":true,"href":"https:\/\/folkdansringen.se\/victoria\/wp-json\/wp\/v2\/media\/1283"}],"wp:attachment":[{"href":"https:\/\/folkdansringen.se\/victoria\/wp-json\/wp\/v2\/media?parent=2282"}],"wp:term":[{"taxonomy":"category","embeddable":true,"href":"https:\/\/folkdansringen.se\/victoria\/wp-json\/wp\/v2\/categories?post=2282"},{"taxonomy":"post_tag","embeddable":true,"href":"https:\/\/folkdansringen.se\/victoria\/wp-json\/wp\/v2\/tags?post=2282"}],"curies":[{"name":"wp","href":"https:\/\/api.w.org\/{rel}","templated":true}]}}