{"id":2242,"date":"2024-11-06T16:26:48","date_gmt":"2024-11-06T15:26:48","guid":{"rendered":"https:\/\/folkdansringen.se\/victoria\/?page_id=2242"},"modified":"2024-11-06T17:48:33","modified_gmt":"2024-11-06T16:48:33","slug":"musik","status":"publish","type":"page","link":"https:\/\/folkdansringen.se\/victoria\/musik\/","title":{"rendered":"Musik"},"content":{"rendered":"<style>.kb-row-layout-id2242_3e9f46-de > .kt-row-column-wrap{align-content:start;}:where(.kb-row-layout-id2242_3e9f46-de > .kt-row-column-wrap) > .wp-block-kadence-column{justify-content:start;}.kb-row-layout-id2242_3e9f46-de > .kt-row-column-wrap{column-gap:var(--global-kb-gap-md, 2rem);row-gap:var(--global-kb-gap-md, 2rem);padding-top:var(--global-kb-spacing-sm, 1.5rem);padding-bottom:var(--global-kb-spacing-sm, 1.5rem);grid-template-columns:minmax(0, 1fr);}.kb-row-layout-id2242_3e9f46-de > .kt-row-layout-overlay{opacity:0.30;}@media all and (max-width: 1024px){.kb-row-layout-id2242_3e9f46-de > .kt-row-column-wrap{grid-template-columns:minmax(0, 1fr);}}@media all and (max-width: 767px){.kb-row-layout-id2242_3e9f46-de > .kt-row-column-wrap{grid-template-columns:minmax(0, 1fr);}}<\/style><div class=\"kb-row-layout-wrap kb-row-layout-id2242_3e9f46-de alignnone wp-block-kadence-rowlayout\"><div class=\"kt-row-column-wrap kt-has-1-columns kt-row-layout-equal kt-tab-layout-inherit kt-mobile-layout-row kt-row-valign-top\">\n<style>.kadence-column2242_30909a-d3 > .kt-inside-inner-col,.kadence-column2242_30909a-d3 > .kt-inside-inner-col:before{border-top-left-radius:0px;border-top-right-radius:0px;border-bottom-right-radius:0px;border-bottom-left-radius:0px;}.kadence-column2242_30909a-d3 > .kt-inside-inner-col{column-gap:var(--global-kb-gap-sm, 1rem);}.kadence-column2242_30909a-d3 > .kt-inside-inner-col{flex-direction:column;}.kadence-column2242_30909a-d3 > .kt-inside-inner-col > .aligncenter{width:100%;}.kadence-column2242_30909a-d3 > .kt-inside-inner-col:before{opacity:0.3;}.kadence-column2242_30909a-d3{position:relative;}@media all and (max-width: 1024px){.kadence-column2242_30909a-d3 > .kt-inside-inner-col{flex-direction:column;justify-content:center;}}@media all and (max-width: 767px){.kadence-column2242_30909a-d3 > .kt-inside-inner-col{flex-direction:column;justify-content:center;}}<\/style>\n<div class=\"wp-block-kadence-column kadence-column2242_30909a-d3\"><div class=\"kt-inside-inner-col\">\n<h2 class=\"wp-block-heading\">Musik<\/h2>\n<\/div><\/div>\n\n<\/div><\/div>\n\n\n<p>Att spela till dans \u00e4r en viktig dimension f\u00f6r folkmusiker. Det tillf\u00f6r gl\u00e4dje och inspiration i spelandet.<br>Spelm\u00e4nnen i Fds Victoria spelar helst l\u00e5tar med v\u00e4stsvensk tradition och g\u00e4rna med anknytning till dansen. \u00c4ven l\u00e5tar till danser fr\u00e5n andra landskap f\u00f6rekommer.<br>Vi \u00e4r m\u00e5na om ett gott samarbete med v\u00e5ra dansledare. Spelledaren och dansledaren har regelbunden kontakt inf\u00f6r danskv\u00e4llar, fester och andra framtr\u00e4danden.<br>Vi v\u00e4lkomnar g\u00e4rna fler till v\u00e5r grupp. Folkmusik kan spelas p\u00e5 vilket instrument som helst. Victoriaspelm\u00e4nnen trakterar idag fiol, dragspel, durspel och gitarr.<\/p>\n\n\n\n<p>Om du vill bli en av oss s\u00e5 kontakta v\u00e5r spelledare eller kom och prova en onsdagskv\u00e4ll i Gr\u00e4fn\u00e4sg\u00e5rden, Slottskogen!<em><br>Spelledare \u00e4r Ulla-Karin Wennergren 070-3612545, ullakarinwennergren@gmail.com<\/em><\/p>\n\n\n<style>.wp-block-kadence-spacer.kt-block-spacer-2242_b488ca-d2 .kt-block-spacer{height:20px;}.wp-block-kadence-spacer.kt-block-spacer-2242_b488ca-d2 .kt-divider{border-top-width:3px;height:1px;border-top-color:var(--global-palette1, #3182CE);width:100%;border-top-style:solid;}<\/style>\n<div class=\"wp-block-kadence-spacer aligncenter kt-block-spacer-2242_b488ca-d2\"><div class=\"kt-block-spacer kt-block-spacer-halign-center\"><hr class=\"kt-divider\"\/><\/div><\/div>\n\n\n\n<h2 class=\"wp-block-heading\">Inl\u00e4gg i kategorin Musik<\/h2>\n\n\n<style>.kb-posts-id-2242_4cfef1-93 .kb-post-list-item{display:grid;}<\/style><ul class=\"wp-block-kadence-posts kb-posts kadence-posts-list kb-posts-id-2242_4cfef1-93 content-wrap grid-cols kb-posts-style-boxed grid-sm-col-2 grid-lg-col-3 item-image-style-above\"><li class=\"kb-post-list-item\">\n\t<article class=\"entry content-bg loop-entry post-14 post type-post status-publish format-standard hentry category-musik\">\n\t\t\t\t<div class=\"entry-content-wrap\">\n\t\t\t<header class=\"entry-header\">\n\t\t<div class=\"entry-taxonomies\">\n\t\t<span class=\"category-links term-links category-style-normal\">\n\t\t\t<a href=\"https:\/\/folkdansringen.se\/victoria\/allmant\/musik\/\" class=\"category-link-musik\" rel=\"tag\">Musik<\/a>\t\t<\/span>\n\t<\/div><!-- .entry-taxonomies -->\n\t<h2 class=\"entry-title\"><a href=\"https:\/\/folkdansringen.se\/victoria\/musik\/\" rel=\"bookmark\">Musik<\/a><\/h2>\t<div class=\"entry-meta entry-meta-divider-dot\">\n\t<span class=\"posted-by\"><span class=\"meta-label\">By<\/span><span class=\"author vcard\"><span class=\"fn n\">Ad Min<\/span><\/span><\/span>\t\t\t<span class=\"posted-on\">\n\t\t\t\t<time class=\"entry-date published\" datetime=\"2022-03-02T20:38:32+01:00\">2 mars 2022<\/time><time class=\"updated\" datetime=\"2024-11-06T20:20:12+01:00\">6 november 2024<\/time>\t\t\t<\/span>\n\t\t\t\t<\/div><!-- .entry-meta -->\n\t<\/header><!-- .entry-header -->\n\t<div class=\"entry-summary\">\n\t\t<p>Musik Att spela till dans \u00e4r en viktig dimension f\u00f6r folkmusiker. Det tillf\u00f6r gl\u00e4dje och inspiration i spelandet.Spelm\u00e4nnen i Fds Victoria spelar helst l\u00e5tar med v\u00e4stsvensk tradition och g\u00e4rna med anknytning till dansen. \u00c4ven l\u00e5tar till danser fr\u00e5n andra landskap f\u00f6rekommer.Vi \u00e4r m\u00e5na om ett gott samarbete med v\u00e5ra dansledare. Spelledaren och dansledaren har regelbunden&#8230;<\/p>\n\t<\/div><!-- .entry-summary -->\n\t<footer class=\"entry-footer\">\n\t\t\t<div class=\"entry-actions\">\n\t\t\t<p class=\"more-link-wrap\">\n\t\t\t\t<a href=\"https:\/\/folkdansringen.se\/victoria\/musik\/\" class=\"post-more-link\">\n\t\t\t\t\tRead More<span class=\"screen-reader-text\"> Musik<\/span><span class=\"kadence-svg-iconset svg-baseline\"><svg aria-hidden=\"true\" class=\"kadence-svg-icon kadence-arrow-right-alt-svg\" fill=\"currentColor\" version=\"1.1\" xmlns=\"http:\/\/www.w3.org\/2000\/svg\" width=\"27\" height=\"28\" viewBox=\"0 0 27 28\"><title>Continue<\/title><path d=\"M27 13.953c0 0.141-0.063 0.281-0.156 0.375l-6 5.531c-0.156 0.141-0.359 0.172-0.547 0.094-0.172-0.078-0.297-0.25-0.297-0.453v-3.5h-19.5c-0.281 0-0.5-0.219-0.5-0.5v-3c0-0.281 0.219-0.5 0.5-0.5h19.5v-3.5c0-0.203 0.109-0.375 0.297-0.453s0.391-0.047 0.547 0.078l6 5.469c0.094 0.094 0.156 0.219 0.156 0.359v0z\"><\/path>\n\t\t\t<\/svg><\/span>\t\t\t\t<\/a>\n\t\t\t<\/p>\n\t\t<\/div><!-- .entry-actions -->\n\t\t<\/footer><!-- .entry-footer -->\t\t<\/div>\n\t<\/article>\n<\/li>\n<\/ul>","protected":false},"excerpt":{"rendered":"<p>Musik Att spela till dans \u00e4r en viktig dimension f\u00f6r folkmusiker. Det tillf\u00f6r gl\u00e4dje och inspiration i spelandet.Spelm\u00e4nnen i Fds Victoria spelar helst l\u00e5tar med v\u00e4stsvensk tradition och g\u00e4rna med anknytning till dansen. \u00c4ven l\u00e5tar till danser fr\u00e5n andra landskap f\u00f6rekommer.Vi \u00e4r m\u00e5na om ett gott samarbete med v\u00e5ra dansledare. Spelledaren och dansledaren har regelbunden&#8230;<\/p>\n","protected":false},"author":1,"featured_media":0,"parent":0,"menu_order":0,"comment_status":"closed","ping_status":"closed","template":"","meta":{"ngg_post_thumbnail":0,"_kadence_starter_templates_imported_post":false,"_kad_post_transparent":"","_kad_post_title":"hide","_kad_post_layout":"","_kad_post_sidebar_id":"","_kad_post_content_style":"","_kad_post_vertical_padding":"","_kad_post_feature":"","_kad_post_feature_position":"","_kad_post_header":false,"_kad_post_footer":false,"_kad_post_classname":"","footnotes":""},"categories":[],"tags":[],"class_list":["post-2242","page","type-page","status-publish","hentry"],"_links":{"self":[{"href":"https:\/\/folkdansringen.se\/victoria\/wp-json\/wp\/v2\/pages\/2242","targetHints":{"allow":["GET"]}}],"collection":[{"href":"https:\/\/folkdansringen.se\/victoria\/wp-json\/wp\/v2\/pages"}],"about":[{"href":"https:\/\/folkdansringen.se\/victoria\/wp-json\/wp\/v2\/types\/page"}],"author":[{"embeddable":true,"href":"https:\/\/folkdansringen.se\/victoria\/wp-json\/wp\/v2\/users\/1"}],"replies":[{"embeddable":true,"href":"https:\/\/folkdansringen.se\/victoria\/wp-json\/wp\/v2\/comments?post=2242"}],"version-history":[{"count":0,"href":"https:\/\/folkdansringen.se\/victoria\/wp-json\/wp\/v2\/pages\/2242\/revisions"}],"wp:attachment":[{"href":"https:\/\/folkdansringen.se\/victoria\/wp-json\/wp\/v2\/media?parent=2242"}],"wp:term":[{"taxonomy":"category","embeddable":true,"href":"https:\/\/folkdansringen.se\/victoria\/wp-json\/wp\/v2\/categories?post=2242"},{"taxonomy":"post_tag","embeddable":true,"href":"https:\/\/folkdansringen.se\/victoria\/wp-json\/wp\/v2\/tags?post=2242"}],"curies":[{"name":"wp","href":"https:\/\/api.w.org\/{rel}","templated":true}]}}