{"id":2235,"date":"2024-11-06T16:22:57","date_gmt":"2024-11-06T15:22:57","guid":{"rendered":"https:\/\/folkdansringen.se\/victoria\/?page_id=2235"},"modified":"2026-04-20T12:08:23","modified_gmt":"2026-04-20T10:08:23","slug":"drakt","status":"publish","type":"page","link":"https:\/\/folkdansringen.se\/victoria\/drakt\/","title":{"rendered":"Dr\u00e4kt"},"content":{"rendered":"<style>.kb-row-layout-id2235_30cd6f-a1 > .kt-row-column-wrap{align-content:start;}:where(.kb-row-layout-id2235_30cd6f-a1 > .kt-row-column-wrap) > .wp-block-kadence-column{justify-content:start;}.kb-row-layout-id2235_30cd6f-a1 > .kt-row-column-wrap{column-gap:var(--global-kb-gap-md, 2rem);row-gap:var(--global-kb-gap-md, 2rem);padding-top:var(--global-kb-spacing-sm, 1.5rem);padding-bottom:var(--global-kb-spacing-sm, 1.5rem);grid-template-columns:minmax(0, 1fr);}.kb-row-layout-id2235_30cd6f-a1 > .kt-row-layout-overlay{opacity:0.30;}@media all and (max-width: 1024px){.kb-row-layout-id2235_30cd6f-a1 > .kt-row-column-wrap{grid-template-columns:minmax(0, 1fr);}}@media all and (max-width: 767px){.kb-row-layout-id2235_30cd6f-a1 > .kt-row-column-wrap{grid-template-columns:minmax(0, 1fr);}}<\/style><div class=\"kb-row-layout-wrap kb-row-layout-id2235_30cd6f-a1 alignnone wp-block-kadence-rowlayout\"><div class=\"kt-row-column-wrap kt-has-1-columns kt-row-layout-equal kt-tab-layout-inherit kt-mobile-layout-row kt-row-valign-top\">\n<style>.kadence-column2235_38ecdb-53 > .kt-inside-inner-col,.kadence-column2235_38ecdb-53 > .kt-inside-inner-col:before{border-top-left-radius:0px;border-top-right-radius:0px;border-bottom-right-radius:0px;border-bottom-left-radius:0px;}.kadence-column2235_38ecdb-53 > .kt-inside-inner-col{column-gap:var(--global-kb-gap-sm, 1rem);}.kadence-column2235_38ecdb-53 > .kt-inside-inner-col{flex-direction:column;}.kadence-column2235_38ecdb-53 > .kt-inside-inner-col > .aligncenter{width:100%;}.kadence-column2235_38ecdb-53 > .kt-inside-inner-col:before{opacity:0.3;}.kadence-column2235_38ecdb-53{position:relative;}@media all and (max-width: 1024px){.kadence-column2235_38ecdb-53 > .kt-inside-inner-col{flex-direction:column;justify-content:center;}}@media all and (max-width: 767px){.kadence-column2235_38ecdb-53 > .kt-inside-inner-col{flex-direction:column;justify-content:center;}}<\/style>\n<div class=\"wp-block-kadence-column kadence-column2235_38ecdb-53\"><div class=\"kt-inside-inner-col\">\n<h2 class=\"wp-block-heading\">Dr\u00e4kt<\/h2>\n\n\n<style>.kt-tabs-id2235_d7984c-be > .kt-tabs-content-wrap > .wp-block-kadence-tab{border-top:3px solid #0a6689;border-right:0px solid #0a6689;border-bottom:0px solid #0a6689;border-left:0px solid #0a6689;border-top-left-radius:0px;border-top-right-radius:0px;border-bottom-right-radius:0px;border-bottom-left-radius:0px;padding-top:var(--global-kb-spacing-sm, 1.5rem);padding-right:var(--global-kb-spacing-sm, 1.5rem);padding-bottom:var(--global-kb-spacing-sm, 1.5rem);padding-left:var(--global-kb-spacing-sm, 1.5rem);background:var(--global-palette9, #ffffff);}.wp-block-kadence-tabs .kt-tabs-id2235_d7984c-be > .kt-tabs-title-list li{margin-top:0px;margin-right:8px;margin-bottom:0px;margin-left:0px;}.wp-block-kadence-tabs .kt-tabs-id2235_d7984c-be > .kt-tabs-title-list li:last-child{margin-right:0px;}.wp-block-kadence-tabs .kt-tabs-id2235_d7984c-be > .kt-tabs-title-list li .kt-tab-title, .wp-block-kadence-tabs .kt-tabs-id2235_d7984c-be > .kt-tabs-content-wrap > .kt-tabs-accordion-title .kt-tab-title{line-height:1.4em;font-weight:regular;font-style:normal;border-top-width:0px;border-right-width:0px;border-bottom-width:0px;border-left-width:0px;border-top-left-radius:4px;border-top-right-radius:4px;border-bottom-right-radius:0px;border-bottom-left-radius:0px;padding-top:8px;padding-right:20px;padding-bottom:8px;padding-left:20px;border-color:var(--global-palette7, #eeeeee);color:var(--global-palette4, #2D3748);background:var(--global-palette7, #eeeeee);}.wp-block-kadence-tabs .kt-tabs-id2235_d7984c-be > .kt-tabs-content-wrap > .kt-tabs-accordion-title .kt-tab-title{margin-top:0px;margin-right:8px;margin-bottom:0px;margin-left:0px;}.wp-block-kadence-tabs .kt-tabs-id2235_d7984c-be > .kt-tabs-title-list li .kt-tab-title:hover, .wp-block-kadence-tabs .kt-tabs-id2235_d7984c-be > .kt-tabs-content-wrap > .kt-tabs-accordion-title .kt-tab-title:hover{border-color:var(--global-palette7, #eeeeee);color:var(--global-palette3, #1A202C);background:var(--global-palette8, #F7FAFC);}.wp-block-kadence-tabs .kt-tabs-id2235_d7984c-be > .kt-tabs-title-list li.kt-tab-title-active .kt-tab-title, .wp-block-kadence-tabs .kt-tabs-id2235_d7984c-be > .kt-tabs-content-wrap > .kt-tabs-accordion-title.kt-tab-title-active .kt-tab-title{border-color:var(--global-palette7, #eeeeee);color:#ffffff;background:#0a6689;}@media all and (max-width: 1024px){.kt-tabs-id2235_d7984c-be > .kt-tabs-content-wrap > .wp-block-kadence-tab{border-top:3px solid #0a6689;border-right:0px solid #0a6689;border-bottom:0px solid #0a6689;border-left:0px solid #0a6689;}}@media all and (max-width: 767px){.kt-tabs-id2235_d7984c-be > .kt-tabs-content-wrap > .wp-block-kadence-tab{border-top:3px solid #0a6689;border-right:0px solid #0a6689;border-bottom:0px solid #0a6689;border-left:0px solid #0a6689;}}<\/style>\n<div class=\"wp-block-kadence-tabs alignnone\"><div class=\"kt-tabs-wrap kt-tabs-id2235_d7984c-be kt-tabs-has-3-tabs kt-active-tab-1 kt-tabs-layout-tabs kt-tabs-tablet-layout-inherit kt-tabs-mobile-layout-inherit kt-tab-alignment-left \"><ul class=\"kt-tabs-title-list\"><li id=\"tab-drkter\" class=\"kt-title-item kt-title-item-1 kt-tabs-svg-show-always kt-tabs-icon-side-right kt-tab-title-active\"><a href=\"#tab-drkter\" data-tab=\"1\" class=\"kt-tab-title kt-tab-title-1 \"><span class=\"kt-title-text\">Dr\u00e4kter<\/span><\/a><\/li><li id=\"tab-syringen\" class=\"kt-title-item kt-title-item-2 kt-tabs-svg-show-always kt-tabs-icon-side-right kt-tab-title-inactive\"><a href=\"#tab-syringen\" data-tab=\"2\" class=\"kt-tab-title kt-tab-title-2 \"><span class=\"kt-title-text\">Syringen<\/span><\/a><\/li><li id=\"tab-grfsnsgrdensdrktbutik\" class=\"kt-title-item kt-title-item-3 kt-tabs-svg-show-always kt-tabs-icon-side-right kt-tab-title-inactive\"><a href=\"#tab-grfsnsgrdensdrktbutik\" data-tab=\"3\" class=\"kt-tab-title kt-tab-title-3 \"><span class=\"kt-title-text\">Gr\u00e4fsn\u00e4sg\u00e5rdens dr\u00e4ktbutik<\/span><\/a><\/li><\/ul><div class=\"kt-tabs-content-wrap\">\n<div class=\"wp-block-kadence-tab kt-tab-inner-content kt-inner-tab-1 kt-inner-tab6e519f-9c\"><div class=\"kt-tab-inner-content-inner\">\n<p>Vanligtvis b\u00e4r vi dr\u00e4kt n\u00e4r vi upptr\u00e4der inf\u00f6r publik.<br>&#8211; Fr\u00e5gor ang\u00e5ende hyra\/l\u00e5n av en dr\u00e4kt besvaras av <em>Eva Warberg<\/em> e-post evawarberg@outlook.com<\/p>\n<\/div><\/div>\n\n\n\n<div class=\"wp-block-kadence-tab kt-tab-inner-content kt-inner-tab-2 kt-inner-tab40dcdc-54\"><div class=\"kt-tab-inner-content-inner\">\n<p>\u00c4r du intresserad av att g\u00f6ra justeringar eller sy en ny dr\u00e4ktdel finns det en m\u00f6jlighet varannan tisdag under terminerna i Syringen i Gr\u00e4fsn\u00e4sg\u00e5rdens lilla sal, Slottskogen.<br>Kontaktperson f\u00f6r Syringen \u00e4r Gunilla Magnusson tel.+46 736395099<\/p>\n<\/div><\/div>\n\n\n\n<div class=\"wp-block-kadence-tab kt-tab-inner-content kt-inner-tab-3 kt-inner-tabaa955a-8e\"><div class=\"kt-tab-inner-content-inner\">\n<h2 class=\"wp-block-heading\">Dr\u00e4ktbutik<\/h2>\n\n\n\n<p>Materiel till din dr\u00e4kt k\u00f6per du i distriktets dr\u00e4ktbutik, Gr\u00e4fsn\u00e4sg\u00e5rden, Slottskogen \u00f6ppet torsdagar 16.00 \u2013 20.00.<br>Telefon: dr\u00e4ktbutiken 0708-31 17 91 .<\/p>\n\n\n\n<p>Vill du sy en ny dr\u00e4kt?<br>Folkdansringen G\u00f6teborg \u00e4ger&nbsp; en v\u00e4lsorterad dr\u00e4ktbutik, d\u00e4r det finns m\u00f6jlighet att k\u00f6pa material till dr\u00e4kter, och d\u00e4r det finns kunnig hj\u00e4lp att f\u00e5 f\u00f6r den som har fr\u00e5gor om dr\u00e4kter och dr\u00e4ktbruk.<\/p>\n\n\n\n<p>&nbsp;<\/p>\n<\/div><\/div>\n<\/div><\/div><\/div>\n\n\n<style>.wp-block-kadence-spacer.kt-block-spacer-2235_b68c13-ab .kt-block-spacer{height:60px;}.wp-block-kadence-spacer.kt-block-spacer-2235_b68c13-ab .kt-divider{border-top-width:3px;height:1px;border-top-color:var(--global-palette1, #3182CE);width:100%;border-top-style:solid;}<\/style>\n<div class=\"wp-block-kadence-spacer aligncenter kt-block-spacer-2235_b68c13-ab\"><div class=\"kt-block-spacer kt-block-spacer-halign-center\"><hr class=\"kt-divider\"\/><\/div><\/div>\n\n\n\n<h2 class=\"wp-block-heading\">Inl\u00e4gg i kategorin Dr\u00e4kt<\/h2>\n\n\n<style>.kb-posts-id-2235_e8f5bf-51 .kb-post-list-item{display:grid;}<\/style><p>No posts<\/p>\n\n<style>.wp-block-kadence-advancedheading.kt-adv-heading2235_aff1e2-fb, .wp-block-kadence-advancedheading.kt-adv-heading2235_aff1e2-fb[data-kb-block=\"kb-adv-heading2235_aff1e2-fb\"]{font-style:normal;}.wp-block-kadence-advancedheading.kt-adv-heading2235_aff1e2-fb mark.kt-highlight, .wp-block-kadence-advancedheading.kt-adv-heading2235_aff1e2-fb[data-kb-block=\"kb-adv-heading2235_aff1e2-fb\"] mark.kt-highlight{font-style:normal;color:#f76a0c;-webkit-box-decoration-break:clone;box-decoration-break:clone;padding-top:0px;padding-right:0px;padding-bottom:0px;padding-left:0px;}.wp-block-kadence-advancedheading.kt-adv-heading2235_aff1e2-fb img.kb-inline-image, .wp-block-kadence-advancedheading.kt-adv-heading2235_aff1e2-fb[data-kb-block=\"kb-adv-heading2235_aff1e2-fb\"] img.kb-inline-image{width:150px;vertical-align:baseline;}<\/style>\n<a href=\"https:\/\/folkdansringen.se\/victoria\/medlem\/inloggad-medlem\/\" class=\"kb-advanced-heading-link kt-adv-heading-link2235_aff1e2-fb\"><h4 class=\"kt-adv-heading2235_aff1e2-fb wp-block-kadence-advancedheading\" data-kb-block=\"kb-adv-heading2235_aff1e2-fb\">S\u00f6ker du ett annat inl\u00e4gg -v\u00e4lj Inloggad-medlem, Flik Alla inl\u00e4gg, sedan Arkiv eller Kategori.<\/h4><\/a>\n<\/div><\/div>\n\n<\/div><\/div>","protected":false},"excerpt":{"rendered":"<p>Dr\u00e4kt Inl\u00e4gg i kategorin Dr\u00e4kt S\u00f6ker du ett annat inl\u00e4gg -v\u00e4lj Inloggad-medlem, Flik Alla inl\u00e4gg, sedan Arkiv eller Kategori.<\/p>\n","protected":false},"author":1,"featured_media":0,"parent":0,"menu_order":0,"comment_status":"closed","ping_status":"closed","template":"","meta":{"ngg_post_thumbnail":0,"_kadence_starter_templates_imported_post":false,"_kad_post_transparent":"","_kad_post_title":"hide","_kad_post_layout":"","_kad_post_sidebar_id":"","_kad_post_content_style":"","_kad_post_vertical_padding":"","_kad_post_feature":"","_kad_post_feature_position":"","_kad_post_header":false,"_kad_post_footer":false,"_kad_post_classname":"","footnotes":""},"categories":[9],"tags":[],"class_list":["post-2235","page","type-page","status-publish","hentry","category-drakt"],"_links":{"self":[{"href":"https:\/\/folkdansringen.se\/victoria\/wp-json\/wp\/v2\/pages\/2235","targetHints":{"allow":["GET"]}}],"collection":[{"href":"https:\/\/folkdansringen.se\/victoria\/wp-json\/wp\/v2\/pages"}],"about":[{"href":"https:\/\/folkdansringen.se\/victoria\/wp-json\/wp\/v2\/types\/page"}],"author":[{"embeddable":true,"href":"https:\/\/folkdansringen.se\/victoria\/wp-json\/wp\/v2\/users\/1"}],"replies":[{"embeddable":true,"href":"https:\/\/folkdansringen.se\/victoria\/wp-json\/wp\/v2\/comments?post=2235"}],"version-history":[{"count":3,"href":"https:\/\/folkdansringen.se\/victoria\/wp-json\/wp\/v2\/pages\/2235\/revisions"}],"predecessor-version":[{"id":2662,"href":"https:\/\/folkdansringen.se\/victoria\/wp-json\/wp\/v2\/pages\/2235\/revisions\/2662"}],"wp:attachment":[{"href":"https:\/\/folkdansringen.se\/victoria\/wp-json\/wp\/v2\/media?parent=2235"}],"wp:term":[{"taxonomy":"category","embeddable":true,"href":"https:\/\/folkdansringen.se\/victoria\/wp-json\/wp\/v2\/categories?post=2235"},{"taxonomy":"post_tag","embeddable":true,"href":"https:\/\/folkdansringen.se\/victoria\/wp-json\/wp\/v2\/tags?post=2235"}],"curies":[{"name":"wp","href":"https:\/\/api.w.org\/{rel}","templated":true}]}}