{"id":60,"date":"2021-09-02T18:21:11","date_gmt":"2021-09-02T16:21:11","guid":{"rendered":"https:\/\/folkdansringen.se\/ny-uppland\/?page_id=60"},"modified":"2026-03-24T17:56:02","modified_gmt":"2026-03-24T16:56:02","slug":"dokument-till-arsmotet","status":"publish","type":"page","link":"https:\/\/folkdansringen.se\/uppland\/dokument-till-arsmotet\/","title":{"rendered":"Dokument till \u00c5rsm\u00f6tet"},"content":{"rendered":"\n<h2 class=\"wp-block-heading\">\u00c5rsm\u00f6te 2026<\/h2>\n\n\n\n<p>\u00c5RETS \u00e5rsm\u00f6te \u00e4ger rum I Litslena Bygdeg\u00e5rd den 14 mars.<\/p>\n\n\n\n<p><a href=\"https:\/\/folkdansringen.se\/uppland\/wp-content\/uploads\/2026\/03\/Protokoll-Distriktsstamma-Uppland-2026.pdf\" target=\"_blank\" rel=\"noreferrer noopener\">Protokoll fr\u00e5n \u00c5rsm\u00f6tet 2026<\/a><\/p>\n\n\n\n<ul class=\"wp-block-list\">\n<li><a href=\"https:\/\/folkdansringen.se\/uppland\/wp-content\/uploads\/2026\/01\/Kallelse-och-Inbjudan.pdf\">Kallelse och <\/a><a href=\"https:\/\/folkdansringen.se\/uppland\/wp-content\/uploads\/2026\/01\/Kallelse-och-Inbjudan.pdf\" target=\"_blank\" rel=\"noreferrer noopener\">Inbjudan<\/a><\/li>\n\n\n\n<li><a href=\"https:\/\/folkdansringen.se\/uppland\/wp-content\/uploads\/2026\/01\/Dagordning.pdf\" target=\"_blank\" rel=\"noreferrer noopener\">Dagordning<\/a><\/li>\n\n\n\n<li><a href=\"https:\/\/folkdansringen.se\/uppland\/wp-content\/uploads\/2026\/01\/Verksamhetsberattelse-2025.pdf\" target=\"_blank\" rel=\"noreferrer noopener\">Verksamhetsber\u00e4ttelse 2025<\/a><\/li>\n\n\n\n<li><a href=\"https:\/\/folkdansringen.se\/uppland\/wp-content\/uploads\/2026\/02\/Resultat-o-Balansrakning-2025.pdf\" target=\"_blank\" rel=\"noreferrer noopener\">Resultat- Balansr\u00e4kning 2025<\/a><\/li>\n\n\n\n<li><a href=\"https:\/\/folkdansringen.se\/uppland\/wp-content\/uploads\/2026\/02\/Budget-2026.pdf\" target=\"_blank\" rel=\"noreferrer noopener\">Budget 2026<\/a><\/li>\n\n\n\n<li><a href=\"https:\/\/folkdansringen.se\/uppland\/wp-content\/uploads\/2026\/01\/Medlemmar-och-ombud.pdf\" target=\"_blank\" rel=\"noreferrer noopener\">Medlemmar och ombud<\/a><\/li>\n\n\n\n<li><a href=\"https:\/\/folkdansringen.se\/uppland\/wp-content\/uploads\/2026\/01\/Valberedningnens-forslag.pdf\" target=\"_blank\" rel=\"noreferrer noopener\">Valberedningens f\u00f6rslag<\/a><\/li>\n\n\n\n<li><a href=\"https:\/\/folkdansringen.se\/uppland\/wp-content\/uploads\/2024\/02\/Valberedningsschema.pdf\" target=\"_blank\" rel=\"noreferrer noopener\">Valberedningsschema<\/a><\/li>\n\n\n\n<li><a href=\"https:\/\/folkdansringen.se\/uppland\/wp-content\/uploads\/2026\/01\/Verksamhetsplan-2026.pdf\" target=\"_blank\" rel=\"noreferrer noopener\">Verksamhetsplan 2026<\/a><\/li>\n\n\n\n<li><a href=\"https:\/\/folkdansringen.se\/uppland\/wp-content\/uploads\/2026\/01\/Verksamhetsplan-2027-prel.pdf\" target=\"_blank\" rel=\"noreferrer noopener\">Verksamhetsplan 2027 (prel)<\/a><\/li>\n<\/ul>\n\n\n\n<h2 class=\"wp-block-heading\">Tidigare protokoll<\/h2>\n\n\n\n<ul class=\"wp-block-list\">\n<li><a href=\"https:\/\/folkdansringen.se\/uppland\/wp-content\/uploads\/2025\/05\/Protokoll-Distriktsstamman-den-9-mars-2025.pdf\" target=\"_blank\" rel=\"noreferrer noopener\">Protokoll 2025<\/a><\/li>\n\n\n\n<li><a href=\"https:\/\/folkdansringen.se\/uppland\/wp-content\/uploads\/2024\/07\/Protokoll-distriktsstamma-2024.pdf\" target=\"_blank\" rel=\"noreferrer noopener\">Protokoll 2024<\/a><\/li>\n\n\n\n<li><a href=\"https:\/\/folkdansringen.se\/uppland\/wp-content\/uploads\/2023\/03\/Protokoll-arsmote-202230312.pdf\" target=\"_blank\" rel=\"noreferrer noopener\">Protokoll 2023<\/a><\/li>\n<\/ul>\n\n\n\n<p><\/p>\n\n\n\n<p><\/p>\n\n\n\n<p><\/p>\n","protected":false},"excerpt":{"rendered":"<p>\u00c5rsm\u00f6te 2026 \u00c5RETS \u00e5rsm\u00f6te \u00e4ger rum I Litslena Bygdeg\u00e5rd den 14 mars. Protokoll fr\u00e5n \u00c5rsm\u00f6tet 2026 Tidigare protokoll<\/p>\n","protected":false},"author":1,"featured_media":0,"parent":0,"menu_order":0,"comment_status":"closed","ping_status":"closed","template":"","meta":{"footnotes":""},"class_list":["post-60","page","type-page","status-publish","hentry"],"_links":{"self":[{"href":"https:\/\/folkdansringen.se\/uppland\/wp-json\/wp\/v2\/pages\/60","targetHints":{"allow":["GET"]}}],"collection":[{"href":"https:\/\/folkdansringen.se\/uppland\/wp-json\/wp\/v2\/pages"}],"about":[{"href":"https:\/\/folkdansringen.se\/uppland\/wp-json\/wp\/v2\/types\/page"}],"author":[{"embeddable":true,"href":"https:\/\/folkdansringen.se\/uppland\/wp-json\/wp\/v2\/users\/1"}],"replies":[{"embeddable":true,"href":"https:\/\/folkdansringen.se\/uppland\/wp-json\/wp\/v2\/comments?post=60"}],"version-history":[{"count":86,"href":"https:\/\/folkdansringen.se\/uppland\/wp-json\/wp\/v2\/pages\/60\/revisions"}],"predecessor-version":[{"id":873,"href":"https:\/\/folkdansringen.se\/uppland\/wp-json\/wp\/v2\/pages\/60\/revisions\/873"}],"wp:attachment":[{"href":"https:\/\/folkdansringen.se\/uppland\/wp-json\/wp\/v2\/media?parent=60"}],"curies":[{"name":"wp","href":"https:\/\/api.w.org\/{rel}","templated":true}]}}