{"id":68,"date":"2014-05-28T15:02:32","date_gmt":"2014-05-28T15:02:32","guid":{"rendered":"http:\/\/folkdansringen.se\/skjortor_och_sarkar\/?page_id=68"},"modified":"2024-11-11T18:10:09","modified_gmt":"2024-11-11T17:10:09","slug":"vad","status":"publish","type":"page","link":"https:\/\/folkdansringen.se\/skjortor_och_sarkar\/vad\/","title":{"rendered":"Vad"},"content":{"rendered":"<p class=\"style1\" style=\"color: #000000; text-align: center;\"><img loading=\"lazy\" decoding=\"async\" class=\"attachment-post-thumbnail\" src=\"https:\/\/folkdansringen.se\/skjortor_och_sarkar\/wp-content\/uploads\/2014\/05\/orginal-polskesnurr-liten.gif\" alt=\"orginal-polskesnurr-liten\" width=\"114\" height=\"165\" \/><\/p>\n<p class=\"style1\" style=\"color: #000000;\"><span style=\"text-decoration: underline; font-family: 'Comic Sans MS', sans-serif;\"><strong><span style=\"text-decoration: underline;\"><span class=\"style5\"><span style=\"font-family: 'Comic Sans MS', sans-serif;\">Vad \u00e4r en polska<\/span>?<\/span><\/span><\/strong><\/span><\/p>\n<p class=\"style1\" style=\"color: #000000;\"><span style=\"font-family: 'Comic Sans MS', sans-serif;\">Polskor \u00e4r mystik, vemod, allvar, gl\u00e4dje och sensuell lekfullhet.<\/span><br \/>\n<span style=\"font-family: 'Comic Sans MS', sans-serif;\"> Polskan finns fr\u00e5n norr till s\u00f6der i hundratals varianter.<\/span><br \/>\n<span style=\"font-family: 'Comic Sans MS', sans-serif;\"> V\u00e5ra f\u00f6rf\u00e4der f\u00f6rstod vad polskedans gjorde f\u00f6r sj\u00e4len. Vi kan inte<\/span><br \/>\n<span style=\"font-family: 'Comic Sans MS', sans-serif;\"> slarva bort detta arv genom att avst\u00e5. K\u00e4nslan n\u00e4r det d\u00e4r undersk\u00f6na<\/span><br \/>\n<span style=\"font-family: 'Comic Sans MS', sans-serif;\"> flytet uppst\u00e5r tillsammans med en danspartner kan inte beskrivas med<\/span><br \/>\n<span style=\"font-family: 'Comic Sans MS', sans-serif;\"> ord, den m\u00e5ste upplevas. Vill du i tre fj\u00e4rdedels takt uppleva tyngdlagen upph\u00e4vas,<\/span><span style=\"font-family: 'Comic Sans MS', sans-serif;\">\u00a0vill du k\u00e4nna hur sextondelarna kryper in under skinnet,<\/span><br \/>\n<span style=\"font-family: 'Comic Sans MS', sans-serif;\"> vill du smaka och lukta p\u00e5 den nordiska sj\u00e4lens hemligheter&#8230;<\/span><\/p>\n","protected":false},"excerpt":{"rendered":"<p>Vad \u00e4r en polska? Polskor \u00e4r mystik, vemod, allvar, gl\u00e4dje och sensuell lekfullhet. Polskan finns fr\u00e5n norr till s\u00f6der i hundratals varianter. V\u00e5ra f\u00f6rf\u00e4der f\u00f6rstod vad polskedans gjorde f\u00f6r sj\u00e4len. Vi kan inte slarva bort detta arv genom att avst\u00e5. &hellip; <a href=\"https:\/\/folkdansringen.se\/skjortor_och_sarkar\/vad\/\">Forts\u00e4tt l\u00e4sa <span class=\"meta-nav\">&rarr;<\/span><\/a><\/p>\n","protected":false},"author":1,"featured_media":0,"parent":0,"menu_order":0,"comment_status":"closed","ping_status":"closed","template":"","meta":{"footnotes":""},"class_list":["post-68","page","type-page","status-publish","hentry"],"_links":{"self":[{"href":"https:\/\/folkdansringen.se\/skjortor_och_sarkar\/wp-json\/wp\/v2\/pages\/68","targetHints":{"allow":["GET"]}}],"collection":[{"href":"https:\/\/folkdansringen.se\/skjortor_och_sarkar\/wp-json\/wp\/v2\/pages"}],"about":[{"href":"https:\/\/folkdansringen.se\/skjortor_och_sarkar\/wp-json\/wp\/v2\/types\/page"}],"author":[{"embeddable":true,"href":"https:\/\/folkdansringen.se\/skjortor_och_sarkar\/wp-json\/wp\/v2\/users\/1"}],"replies":[{"embeddable":true,"href":"https:\/\/folkdansringen.se\/skjortor_och_sarkar\/wp-json\/wp\/v2\/comments?post=68"}],"version-history":[{"count":7,"href":"https:\/\/folkdansringen.se\/skjortor_och_sarkar\/wp-json\/wp\/v2\/pages\/68\/revisions"}],"predecessor-version":[{"id":1829,"href":"https:\/\/folkdansringen.se\/skjortor_och_sarkar\/wp-json\/wp\/v2\/pages\/68\/revisions\/1829"}],"wp:attachment":[{"href":"https:\/\/folkdansringen.se\/skjortor_och_sarkar\/wp-json\/wp\/v2\/media?parent=68"}],"curies":[{"name":"wp","href":"https:\/\/api.w.org\/{rel}","templated":true}]}}