
{"id":8744,"date":"2019-10-08T13:26:24","date_gmt":"2019-10-08T11:26:24","guid":{"rendered":"https:\/\/ny.folkdansringen.se\/riksnya\/?page_id=8744"},"modified":"2026-01-17T15:31:52","modified_gmt":"2026-01-17T14:31:52","slug":"bli-riksspelman","status":"publish","type":"page","link":"https:\/\/folkdansringen.se\/riks\/var-verksamhet\/zornmarket\/bli-riksspelman\/","title":{"rendered":"Bli riksspelman"},"content":{"rendered":"<p>[et_pb_section fb_built=&#8221;1&#8243; module_id=&#8221;fdrSiteWrap&#8221; _builder_version=&#8221;4.16&#8243; global_colors_info=&#8221;{}&#8221;][et_pb_row module_id=&#8221;fdrSiteHeader&#8221; _builder_version=&#8221;4.16&#8243; background_size=&#8221;initial&#8221; background_position=&#8221;top_left&#8221; background_repeat=&#8221;repeat&#8221; custom_padding=&#8221;27px|0px|0|0px|false|false&#8221; global_colors_info=&#8221;{}&#8221;][et_pb_column type=&#8221;4_4&#8243; _builder_version=&#8221;4.16&#8243; custom_padding=&#8221;|||&#8221; global_colors_info=&#8221;{}&#8221; custom_padding__hover=&#8221;|||&#8221;][et_pb_image src=&#8221;https:\/\/folkdansringen.se\/riks\/wp-content\/uploads\/2023\/11\/Vinjettbild-2023-hemsida.jpg&#8221; title_text=&#8221;Vinjettbild 2023 hemsida&#8221; force_fullwidth=&#8221;on&#8221; align_tablet=&#8221;center&#8221; align_phone=&#8221;&#8221; align_last_edited=&#8221;on|desktop&#8221; module_id=&#8221;frdHeaderImage&#8221; _builder_version=&#8221;4.18.0&#8243; global_colors_info=&#8221;{}&#8221;][\/et_pb_image][\/et_pb_column][\/et_pb_row][et_pb_row column_structure=&#8221;1_4,1_2,1_4&#8243; _builder_version=&#8221;4.16&#8243; global_colors_info=&#8221;{}&#8221;][et_pb_column type=&#8221;1_4&#8243; _builder_version=&#8221;4.16&#8243; custom_padding=&#8221;|||&#8221; global_colors_info=&#8221;{}&#8221; custom_padding__hover=&#8221;|||&#8221;][et_pb_text _builder_version=&#8221;4.14.7&#8243; global_module=&#8221;8943&#8243; saved_tabs=&#8221;all&#8221; global_colors_info=&#8221;{}&#8221;]<\/p>\n<ul class=\"fdrUlLinks\">\n<li><a href=\"https:\/\/folkdansringen.se\/riks\/var-verksamhet\/zornmarket\/\">Zornm\u00e4rket<\/a><\/li>\n<li><a href=\"https:\/\/folkdansringen.se\/riks\/var-verksamhet\/zornmarket\/bli-riksspelman\/\">Bli riksspelman<\/a><\/li>\n<li><a href=\"https:\/\/folkdansringen.se\/riks\/zornmarket\/instrument\">Instrument<\/a><\/li>\n<li><a href=\"https:\/\/folkdansringen.se\/riks\/zornmarket\/uppspelning\/\">Uppspelning<\/a><\/li>\n<li><a href=\"https:\/\/folkdansringen.se\/riks\/zornmarket\/zornmarkesnamnden\/\">Zornm\u00e4rkesn\u00e4mnden<\/a><\/li>\n<li><a href=\"https:\/\/folkdansringen.se\/riks\/var-verksamhet\/zornmarket\/historik\/\">Historik<\/a><\/li>\n<\/ul>\n<p>[\/et_pb_text][\/et_pb_column][et_pb_column type=&#8221;1_2&#8243; _builder_version=&#8221;4.16&#8243; custom_padding=&#8221;|||&#8221; global_colors_info=&#8221;{}&#8221; custom_padding__hover=&#8221;|||&#8221;][et_pb_text _builder_version=&#8221;4.18.0&#8243; custom_padding=&#8221;2px|||||&#8221; global_colors_info=&#8221;{}&#8221;]<\/p>\n<h1><\/h1>\n<h1>Bli riksspelman<\/h1>\n<p><strong>De spelm\u00e4n som kvalificerat sig f\u00f6r Zornm\u00e4rket i silver eller guld har r\u00e4tt att anv\u00e4nda titeln riksspelman. Kvalificeringen sker genom att spela upp inf\u00f6r en jury eller tilldelas ett guldm\u00e4rke.<\/strong><\/p>\n<h2>Spela upp inf\u00f6r en jury<\/h2>\n<p>Uppspelningar inf\u00f6r en jury f\u00f6r Zornm\u00e4rket arrangeras \u00e5rligen av Zornm\u00e4rkesn\u00e4mnden i Svenska Folkdansringen. Det g\u00f6rs i samarbete med ett lokalt spelmansf\u00f6rbund eller liknande organisation.<\/p>\n<h3>Minst 16 \u00e5r gammal<\/h3>\n<p>Till dessa uppspelningar har varje spelman, minst 16 \u00e5r gammal, r\u00e4tt att anm\u00e4la sig. Uppspelningarna g\u00e5r till s\u00e5 att spelmannen spelar tre till fyra l\u00e5tar inf\u00f6r en jury som avg\u00f6r om spelningen har s\u00e5dan kvalit\u00e9 att den leder till ett diplom, ett bronsm\u00e4rke eller ett silverm\u00e4rke.<\/p>\n<p>Juryn best\u00e5r av h\u00f6gt kvalificerade musikm\u00e4nniskor, sj\u00e4lva spelm\u00e4n och mycket v\u00e4l bevandrade i folkmusikens traditioner och uttrycksformer. De bed\u00f6mer den uppspelandes prestation fr\u00e5n olika folkmusikaliska utg\u00e5ngspunkter och l\u00e4mnar sedan ett utl\u00e5tande som kan inneb\u00e4ra en utm\u00e4rkelse. Den fr\u00e4msta av dessa \u00e4r att spelmannen kvalificerar sig f\u00f6r Zornm\u00e4rket i silver och d\u00e4rmed kan kalla sig riksspelman.<\/p>\n<h3>Bed\u00f6mning<\/h3>\n<p>Juryn lyssnar p\u00e5, bed\u00f6mer och f\u00f6rv\u00e4ntar sig en repertoar av dans- och ceremoniell musik. Utifr\u00e5n en helhetssyn lyssnar juryn efter intonation, artikulation, dansbarhet, sv\u00e4ng, variation, f\u00f6rst\u00e5else och f\u00f6rm\u00e5ga att anv\u00e4nda instrumentet\/r\u00f6sten solistiskt, med stilistiska drag som \u00e4r f\u00f6rankrade i tradition.<\/p>\n<h3>Zornm\u00e4rket i guld<\/h3>\n<p>Det finns ocks\u00e5 ett Zornm\u00e4rke i guld. Det tilldelas synnerligen framst\u00e5ende traditionsb\u00e4rare. Detta m\u00e4rke kan du inte spela upp f\u00f6r utan det tilldelas spelmannen mot bakgrund av hans eller hennes kvalifikationer som traditionsb\u00e4rare och spelman. Endast ett eller tv\u00e5 m\u00e4rken delas ut varje \u00e5r.\u00a0Juryn tar l\u00f6pande emot nomineringar till zornm\u00e4rket i guld.<\/p>\n<p><a href=\"https:\/\/folkdansringen.se\/riks\/wp-content\/uploads\/2026\/01\/Guldmottagare-1933-2025.pdf\">Lista \u00f6ver guldm\u00e4rkesmottagare till och med 2025<\/a><\/p>\n<h2>Riksspelm\u00e4n<\/h2>\n<p><a href=\"https:\/\/folkdansringen.se\/riks\/wp-content\/uploads\/2026\/01\/Riksspelman-1933-2025.pdf\">H\u00e4r finns en lista med alla utn\u00e4mnda riksspelm\u00e4n till och med 2025<\/a><\/p>\n<p>[\/et_pb_text][\/et_pb_column][et_pb_column type=&#8221;1_4&#8243; _builder_version=&#8221;4.16&#8243; custom_padding=&#8221;|||&#8221; global_colors_info=&#8221;{}&#8221; custom_padding__hover=&#8221;|||&#8221;][et_pb_cta button_text=&#8221;Click Here&#8221; module_class=&#8221;fdrRightColumn&#8221; _builder_version=&#8221;4.18.0&#8243; header_font=&#8221;||||||||&#8221; body_font=&#8221;||||||||&#8221; use_background_color=&#8221;off&#8221; width=&#8221;100%&#8221; global_module=&#8221;11881&#8243; saved_tabs=&#8221;all&#8221; inline_fonts=&#8221;Abel&#8221; global_colors_info=&#8221;{}&#8221;]<\/p>\n<h3><span style=\"font-family: inherit; font-size: large; font-weight: normal; color: #1b00ed;\">Uppspelningar i Falun 22-26 juni.<\/span><\/h3>\n<h3><span style=\"font-family: inherit; font-size: large; font-weight: normal; color: #1b00ed;\">Riksspelmans-st\u00e4mma i Leksand den 27 juni.<\/span><\/h3>\n<h3><span style=\"font-family: inherit; font-size: large; font-weight: normal; color: #1b00ed;\">Anm\u00e4lan \u00f6ppnar den 31 januari.<\/span><\/h3>\n<p>[\/et_pb_cta][\/et_pb_column][\/et_pb_row][\/et_pb_section]<\/p>\n","protected":false},"excerpt":{"rendered":"<p>Zornm\u00e4rket Bli riksspelman Instrument Uppspelning Zornm\u00e4rkesn\u00e4mnden Historik Bli riksspelman De spelm\u00e4n som kvalificerat sig f\u00f6r Zornm\u00e4rket i silver eller guld har r\u00e4tt att anv\u00e4nda titeln riksspelman. Kvalificeringen sker genom att spela upp inf\u00f6r en jury eller tilldelas ett guldm\u00e4rke. Spela upp inf\u00f6r en jury Uppspelningar inf\u00f6r en jury f\u00f6r Zornm\u00e4rket arrangeras \u00e5rligen av Zornm\u00e4rkesn\u00e4mnden i [&hellip;]<\/p>\n","protected":false},"author":1,"featured_media":0,"parent":5638,"menu_order":0,"comment_status":"closed","ping_status":"closed","template":"","meta":{"_et_pb_use_builder":"on","_et_pb_old_content":"","_et_gb_content_width":"","footnotes":""},"class_list":["post-8744","page","type-page","status-publish","hentry"],"yoast_head":"<!-- This site is optimized with the Yoast SEO plugin v27.4 - https:\/\/yoast.com\/product\/yoast-seo-wordpress\/ -->\n<title>Bli riksspelman &#187; Folkdansringen<\/title>\n<meta name=\"robots\" content=\"index, follow, max-snippet:-1, max-image-preview:large, max-video-preview:-1\" \/>\n<link rel=\"canonical\" href=\"https:\/\/folkdansringen.se\/riks\/var-verksamhet\/zornmarket\/bli-riksspelman\/\" \/>\n<meta property=\"og:locale\" content=\"sv_SE\" \/>\n<meta property=\"og:type\" content=\"article\" \/>\n<meta property=\"og:title\" content=\"Bli riksspelman &#187; Folkdansringen\" \/>\n<meta property=\"og:description\" content=\"Zornm\u00e4rket Bli riksspelman Instrument Uppspelning Zornm\u00e4rkesn\u00e4mnden Historik Bli riksspelman De spelm\u00e4n som kvalificerat sig f\u00f6r Zornm\u00e4rket i silver eller guld har r\u00e4tt att anv\u00e4nda titeln riksspelman. Kvalificeringen sker genom att spela upp inf\u00f6r en jury eller tilldelas ett guldm\u00e4rke. Spela upp inf\u00f6r en jury Uppspelningar inf\u00f6r en jury f\u00f6r Zornm\u00e4rket arrangeras \u00e5rligen av Zornm\u00e4rkesn\u00e4mnden i [&hellip;]\" \/>\n<meta property=\"og:url\" content=\"https:\/\/folkdansringen.se\/riks\/var-verksamhet\/zornmarket\/bli-riksspelman\/\" \/>\n<meta property=\"og:site_name\" content=\"Folkdansringen\" \/>\n<meta property=\"article:modified_time\" content=\"2026-01-17T14:31:52+00:00\" \/>\n<meta name=\"twitter:card\" content=\"summary_large_image\" \/>\n<meta name=\"twitter:label1\" content=\"Ber\u00e4knad l\u00e4stid\" \/>\n\t<meta name=\"twitter:data1\" content=\"2 minuter\" \/>\n<script type=\"application\/ld+json\" class=\"yoast-schema-graph\">{\"@context\":\"https:\\\/\\\/schema.org\",\"@graph\":[{\"@type\":\"WebPage\",\"@id\":\"https:\\\/\\\/folkdansringen.se\\\/riks\\\/var-verksamhet\\\/zornmarket\\\/bli-riksspelman\\\/\",\"url\":\"https:\\\/\\\/folkdansringen.se\\\/riks\\\/var-verksamhet\\\/zornmarket\\\/bli-riksspelman\\\/\",\"name\":\"Bli riksspelman &#187; Folkdansringen\",\"isPartOf\":{\"@id\":\"https:\\\/\\\/folkdansringen.se\\\/riks\\\/#website\"},\"datePublished\":\"2019-10-08T11:26:24+00:00\",\"dateModified\":\"2026-01-17T14:31:52+00:00\",\"breadcrumb\":{\"@id\":\"https:\\\/\\\/folkdansringen.se\\\/riks\\\/var-verksamhet\\\/zornmarket\\\/bli-riksspelman\\\/#breadcrumb\"},\"inLanguage\":\"sv-SE\",\"potentialAction\":[{\"@type\":\"ReadAction\",\"target\":[\"https:\\\/\\\/folkdansringen.se\\\/riks\\\/var-verksamhet\\\/zornmarket\\\/bli-riksspelman\\\/\"]}]},{\"@type\":\"BreadcrumbList\",\"@id\":\"https:\\\/\\\/folkdansringen.se\\\/riks\\\/var-verksamhet\\\/zornmarket\\\/bli-riksspelman\\\/#breadcrumb\",\"itemListElement\":[{\"@type\":\"ListItem\",\"position\":1,\"name\":\"Hem\",\"item\":\"https:\\\/\\\/folkdansringen.se\\\/riks\\\/\"},{\"@type\":\"ListItem\",\"position\":2,\"name\":\"V\u00e5r verksamhet\",\"item\":\"https:\\\/\\\/folkdansringen.se\\\/riks\\\/var-verksamhet\\\/\"},{\"@type\":\"ListItem\",\"position\":3,\"name\":\"Zornm\u00e4rket\",\"item\":\"https:\\\/\\\/folkdansringen.se\\\/riks\\\/var-verksamhet\\\/zornmarket\\\/\"},{\"@type\":\"ListItem\",\"position\":4,\"name\":\"Bli riksspelman\"}]},{\"@type\":\"WebSite\",\"@id\":\"https:\\\/\\\/folkdansringen.se\\\/riks\\\/#website\",\"url\":\"https:\\\/\\\/folkdansringen.se\\\/riks\\\/\",\"name\":\"Folkdansringen\",\"description\":\"\",\"potentialAction\":[{\"@type\":\"SearchAction\",\"target\":{\"@type\":\"EntryPoint\",\"urlTemplate\":\"https:\\\/\\\/folkdansringen.se\\\/riks\\\/?s={search_term_string}\"},\"query-input\":{\"@type\":\"PropertyValueSpecification\",\"valueRequired\":true,\"valueName\":\"search_term_string\"}}],\"inLanguage\":\"sv-SE\"}]}<\/script>\n<!-- \/ Yoast SEO plugin. -->","yoast_head_json":{"title":"Bli riksspelman &#187; Folkdansringen","robots":{"index":"index","follow":"follow","max-snippet":"max-snippet:-1","max-image-preview":"max-image-preview:large","max-video-preview":"max-video-preview:-1"},"canonical":"https:\/\/folkdansringen.se\/riks\/var-verksamhet\/zornmarket\/bli-riksspelman\/","og_locale":"sv_SE","og_type":"article","og_title":"Bli riksspelman &#187; Folkdansringen","og_description":"Zornm\u00e4rket Bli riksspelman Instrument Uppspelning Zornm\u00e4rkesn\u00e4mnden Historik Bli riksspelman De spelm\u00e4n som kvalificerat sig f\u00f6r Zornm\u00e4rket i silver eller guld har r\u00e4tt att anv\u00e4nda titeln riksspelman. Kvalificeringen sker genom att spela upp inf\u00f6r en jury eller tilldelas ett guldm\u00e4rke. Spela upp inf\u00f6r en jury Uppspelningar inf\u00f6r en jury f\u00f6r Zornm\u00e4rket arrangeras \u00e5rligen av Zornm\u00e4rkesn\u00e4mnden i [&hellip;]","og_url":"https:\/\/folkdansringen.se\/riks\/var-verksamhet\/zornmarket\/bli-riksspelman\/","og_site_name":"Folkdansringen","article_modified_time":"2026-01-17T14:31:52+00:00","twitter_card":"summary_large_image","twitter_misc":{"Ber\u00e4knad l\u00e4stid":"2 minuter"},"schema":{"@context":"https:\/\/schema.org","@graph":[{"@type":"WebPage","@id":"https:\/\/folkdansringen.se\/riks\/var-verksamhet\/zornmarket\/bli-riksspelman\/","url":"https:\/\/folkdansringen.se\/riks\/var-verksamhet\/zornmarket\/bli-riksspelman\/","name":"Bli riksspelman &#187; Folkdansringen","isPartOf":{"@id":"https:\/\/folkdansringen.se\/riks\/#website"},"datePublished":"2019-10-08T11:26:24+00:00","dateModified":"2026-01-17T14:31:52+00:00","breadcrumb":{"@id":"https:\/\/folkdansringen.se\/riks\/var-verksamhet\/zornmarket\/bli-riksspelman\/#breadcrumb"},"inLanguage":"sv-SE","potentialAction":[{"@type":"ReadAction","target":["https:\/\/folkdansringen.se\/riks\/var-verksamhet\/zornmarket\/bli-riksspelman\/"]}]},{"@type":"BreadcrumbList","@id":"https:\/\/folkdansringen.se\/riks\/var-verksamhet\/zornmarket\/bli-riksspelman\/#breadcrumb","itemListElement":[{"@type":"ListItem","position":1,"name":"Hem","item":"https:\/\/folkdansringen.se\/riks\/"},{"@type":"ListItem","position":2,"name":"V\u00e5r verksamhet","item":"https:\/\/folkdansringen.se\/riks\/var-verksamhet\/"},{"@type":"ListItem","position":3,"name":"Zornm\u00e4rket","item":"https:\/\/folkdansringen.se\/riks\/var-verksamhet\/zornmarket\/"},{"@type":"ListItem","position":4,"name":"Bli riksspelman"}]},{"@type":"WebSite","@id":"https:\/\/folkdansringen.se\/riks\/#website","url":"https:\/\/folkdansringen.se\/riks\/","name":"Folkdansringen","description":"","potentialAction":[{"@type":"SearchAction","target":{"@type":"EntryPoint","urlTemplate":"https:\/\/folkdansringen.se\/riks\/?s={search_term_string}"},"query-input":{"@type":"PropertyValueSpecification","valueRequired":true,"valueName":"search_term_string"}}],"inLanguage":"sv-SE"}]}},"_links":{"self":[{"href":"https:\/\/folkdansringen.se\/riks\/wp-json\/wp\/v2\/pages\/8744","targetHints":{"allow":["GET"]}}],"collection":[{"href":"https:\/\/folkdansringen.se\/riks\/wp-json\/wp\/v2\/pages"}],"about":[{"href":"https:\/\/folkdansringen.se\/riks\/wp-json\/wp\/v2\/types\/page"}],"author":[{"embeddable":true,"href":"https:\/\/folkdansringen.se\/riks\/wp-json\/wp\/v2\/users\/1"}],"replies":[{"embeddable":true,"href":"https:\/\/folkdansringen.se\/riks\/wp-json\/wp\/v2\/comments?post=8744"}],"version-history":[{"count":27,"href":"https:\/\/folkdansringen.se\/riks\/wp-json\/wp\/v2\/pages\/8744\/revisions"}],"predecessor-version":[{"id":15617,"href":"https:\/\/folkdansringen.se\/riks\/wp-json\/wp\/v2\/pages\/8744\/revisions\/15617"}],"up":[{"embeddable":true,"href":"https:\/\/folkdansringen.se\/riks\/wp-json\/wp\/v2\/pages\/5638"}],"wp:attachment":[{"href":"https:\/\/folkdansringen.se\/riks\/wp-json\/wp\/v2\/media?parent=8744"}],"curies":[{"name":"wp","href":"https:\/\/api.w.org\/{rel}","templated":true}]}}