
{"id":86,"date":"2018-05-25T11:36:16","date_gmt":"2018-05-25T09:36:16","guid":{"rendered":"https:\/\/ny.folkdansringen.se\/riksnya\/?page_id=86"},"modified":"2022-08-11T16:23:47","modified_gmt":"2022-08-11T14:23:47","slug":"midsommarfirande","status":"publish","type":"page","link":"https:\/\/folkdansringen.se\/riks\/pa-gang\/midsommarfirande\/","title":{"rendered":"Midsommarfirande"},"content":{"rendered":"<p>[et_pb_section fb_built=&#8221;1&#8243; admin_label=&#8221;section&#8221; _builder_version=&#8221;4.16&#8243; global_colors_info=&#8221;{}&#8221;][et_pb_row module_id=&#8221;fdrSiteHeader&#8221; _builder_version=&#8221;4.16&#8243; background_size=&#8221;initial&#8221; background_position=&#8221;top_left&#8221; background_repeat=&#8221;repeat&#8221; custom_padding=&#8221;27px|0px|0|0px|false|false&#8221; global_colors_info=&#8221;{}&#8221;][et_pb_column type=&#8221;4_4&#8243; _builder_version=&#8221;4.16&#8243; custom_padding=&#8221;|||&#8221; global_colors_info=&#8221;{}&#8221; custom_padding__hover=&#8221;|||&#8221;][et_pb_image src=&#8221;https:\/\/folkdansringen.se\/riks\/wp-content\/uploads\/2019\/12\/svenska-folkdansringen-midsommarfirande-hitta-ditt-n\u00e4rmaste-midsommarfirande.jpeg&#8221; force_fullwidth=&#8221;on&#8221; align_tablet=&#8221;center&#8221; align_phone=&#8221;&#8221; align_last_edited=&#8221;on|desktop&#8221; module_id=&#8221;frdHeaderImage&#8221; _builder_version=&#8221;4.16&#8243; global_colors_info=&#8221;{}&#8221;][\/et_pb_image][\/et_pb_column][\/et_pb_row][et_pb_row column_structure=&#8221;1_4,1_2,1_4&#8243; _builder_version=&#8221;4.16&#8243; global_colors_info=&#8221;{}&#8221;][et_pb_column type=&#8221;1_4&#8243; _builder_version=&#8221;4.16&#8243; custom_padding=&#8221;|||&#8221; global_colors_info=&#8221;{}&#8221; custom_padding__hover=&#8221;|||&#8221;][et_pb_text _builder_version=&#8221;4.17.1&#8243; custom_margin=&#8221;0px||||false|false&#8221; custom_padding=&#8221;0px||||false|false&#8221; global_module=&#8221;7472&#8243; saved_tabs=&#8221;all&#8221; global_colors_info=&#8221;{}&#8221;]<\/p>\n<ul class=\"fdrUlLinks\">\n<ul class=\"fdrUlLinks\">\n<li><a href=\"https:\/\/folkdansringen.se\/riks\/pa-gang\/\">P\u00e5 g\u00e5ng<\/a><\/li>\n<li><a href=\"https:\/\/folkdansringen.se\/riks\/aktuellt\/anmalan-aktiviteter-moten\/\">Anm\u00e4lan aktiviteter\/m\u00f6ten<\/a><\/li>\n<li><a href=\"https:\/\/folkdansringen.se\/riks\/folj-oss\/\">F\u00f6lj oss!<\/a><\/li>\n<li><a href=\"https:\/\/folkdansringen.se\/riks\/var-verksamhet\/zornmarket\/\">Zornm\u00e4rket<\/a><\/li>\n<li><a href=\"https:\/\/folkdansringen.se\/riks\/aktuellt\/dans-och-spelmansstamma\/\">Dans- och spelmansst\u00e4mma<\/a><\/li>\n<li><a href=\"https:\/\/folkdansringen.se\/riks\/aktuellt\/midsommarfirande\">Midsommarfirande<\/a><\/li>\n<li><a href=\"https:\/\/folkdansringen.se\/riks\/pa-gang\/nordlek\/\">Nordlek<\/a><\/li>\n<\/ul>\n<\/ul>\n<p>[\/et_pb_text][\/et_pb_column][et_pb_column type=&#8221;1_2&#8243; _builder_version=&#8221;4.16&#8243; custom_padding=&#8221;|||&#8221; global_colors_info=&#8221;{}&#8221; custom_padding__hover=&#8221;|||&#8221;][et_pb_text _builder_version=&#8221;4.16&#8243; custom_padding=&#8221;2px|||||&#8221; global_colors_info=&#8221;{}&#8221;]<\/p>\n<h1>Midsommarfirande<\/h1>\n<p>Midsommar \u00e4r en av de mest firade h\u00f6gtiderna i Sverige.<\/p>\n<p>Vi \u00e4ter sill, f\u00e4rskpotatis, jordgubbar, plockar sju sorters blommor f\u00f6r att l\u00e4gga under huvudkudden och dansar och leker kring midsommarst\u00e5ngen.<span class=\"Apple-converted-space\">\u00a0<\/span><\/p>\n<p>Den lek som \u00e4r mest k\u00e4nd kring st\u00e5ngen \u00e4r Sm\u00e5 grodorna. P\u00e5 m\u00e5nga platser finns det en lekledare fr\u00e5n Folkdansringen p\u00e5 plats som visar alla lekens r\u00f6relser.<\/p>\n<p><strong>Du hittar ditt n\u00e4rmaste midsommarfirande p\u00e5 <a href=\"http:\/\/firamidsommar.se\" target=\"_blank\" rel=\"noopener noreferrer\">firamidsommar.se<\/a><span class=\"Apple-converted-space\">\u00a0<\/span><\/strong><\/p>\n<p>Du som f\u00f6retr\u00e4der en f\u00f6rening som \u00e4r med i Svenska Folkdansringen kan l\u00e4gga in ert evenemang p\u00e5 sidan <span>firamidsom<\/span><span>mar.se<\/span>\u00a0<br \/><a href=\"https:\/\/folkdansringen.se\/riks\/foreningochfunktionar\/fira-midsommar\/\">Instruktioner finns h\u00e4r<\/a>.<\/p>\n<p>[\/et_pb_text][\/et_pb_column][et_pb_column type=&#8221;1_4&#8243; _builder_version=&#8221;4.16&#8243; custom_padding=&#8221;|||&#8221; global_colors_info=&#8221;{}&#8221; custom_padding__hover=&#8221;|||&#8221;][et_pb_cta button_text=&#8221;Click Here&#8221; module_id=&#8221;fdrWhatWeDoRight&#8221; _builder_version=&#8221;4.17.1&#8243; use_background_color=&#8221;off&#8221; custom_margin=&#8221;3px|||||&#8221; hover_enabled=&#8221;0&#8243; global_module=&#8221;11220&#8243; saved_tabs=&#8221;all&#8221; global_colors_info=&#8221;{}&#8221; sticky_enabled=&#8221;0&#8243;]<\/p>\n<h2>F\u00f6lj oss!<\/h2>\n<p>P\u00e5 sociala medier finns Svenska Folkdansringen med och inspirerar med inl\u00e4gg, bilder och filmer.<\/p>\n<p><a href=\"https:\/\/www.instagram.com\/svenskafolkdansringen\/\" target=\"_blank\" rel=\"noopener\"><img loading=\"lazy\" decoding=\"async\" src=\"https:\/\/folkdansringen.se\/riks\/wp-content\/uploads\/2022\/06\/Instagram-logo-30x30-1.png\" width=\"30\" height=\"30\" alt=\"Instagram logotyp\" class=\"wp-image-13463 alignnone size-full\" \/><\/a>\u00a0 \u00a0<a href=\"https:\/\/sv-se.facebook.com\/folkdansringen\/\" target=\"_blank\" rel=\"noopener\"><img loading=\"lazy\" decoding=\"async\" src=\"https:\/\/folkdansringen.se\/riks\/wp-content\/uploads\/2018\/11\/if_facebook_986944-e1542192611888.png\" width=\"30\" height=\"30\" alt=\"Logotyp Facebook\" class=\"wp-image-4862 alignnone size-full\" \/><\/a>\u00a0 \u00a0<a href=\"https:\/\/www.youtube.com\/channel\/UC7RlAFaHAMXiB6duonH98-A\" target=\"_blank\" rel=\"noopener\"><img loading=\"lazy\" decoding=\"async\" src=\"https:\/\/folkdansringen.se\/riks\/wp-content\/uploads\/2022\/06\/youtube-logo-43x30-1.png\" width=\"43\" height=\"30\" alt=\"Youtube logotyp\" class=\"wp-image-13473 alignnone size-full\" \/><\/a><\/p>\n<p><a href=\"http:\/\/www.folkdansringen.se\/riks\/folj-oss\">L\u00e4s mer om hur du kan f\u00f6lja oss!<\/a><\/p>\n<p>[\/et_pb_cta][\/et_pb_column][\/et_pb_row][\/et_pb_section]<\/p>\n","protected":false},"excerpt":{"rendered":"<p>P\u00e5 g\u00e5ng Anm\u00e4lan aktiviteter\/m\u00f6ten F\u00f6lj oss! Zornm\u00e4rket Dans- och spelmansst\u00e4mma Midsommarfirande Nordlek Midsommarfirande Midsommar \u00e4r en av de mest firade h\u00f6gtiderna i Sverige. Vi \u00e4ter sill, f\u00e4rskpotatis, jordgubbar, plockar sju sorters blommor f\u00f6r att l\u00e4gga under huvudkudden och dansar och leker kring midsommarst\u00e5ngen.\u00a0 Den lek som \u00e4r mest k\u00e4nd kring st\u00e5ngen \u00e4r Sm\u00e5 grodorna. P\u00e5 [&hellip;]<\/p>\n","protected":false},"author":1,"featured_media":0,"parent":305,"menu_order":0,"comment_status":"closed","ping_status":"closed","template":"","meta":{"_et_pb_use_builder":"on","_et_pb_old_content":"[one_third]\r\n<h3>OM FOLKDANSRINGEN<\/h3>\r\n<div class=\"ja-box-ct clearfix\">\r\n<ul class=\"nav menu\">\r\n \t<li class=\"item-509\"><a href=\"http:\/\/www.folkdansringen.se\/riks\/index.php\/2012-08-02-07-05-30\">Folkdansen<\/a><\/li>\r\n \t<li class=\"item-508\"><a href=\"http:\/\/www.folkdansringen.se\/riks\/index.php\/om-folkdansringen#folkmusiken\">Folkmusiken<\/a><\/li>\r\n \t<li class=\"item-510\"><a href=\"http:\/\/www.folkdansringen.se\/riks\/index.php\/om-folkdansringen#zornmarket\">Zornm\u00e4rket<\/a><\/li>\r\n \t<li class=\"item-511\"><a href=\"http:\/\/www.folkdansringen.se\/riks\/index.php\/om-folkdansringen#folkdrakt\">Folkdr\u00e4kt<\/a><\/li>\r\n \t<li class=\"item-512\"><a href=\"http:\/\/www.folkdansringen.se\/riks\/index.php\/om-folkdansringen#slojd\">Sl\u00f6jd<\/a><\/li>\r\n \t<li class=\"item-513\"><a href=\"http:\/\/www.folkdansringen.se\/riks\/index.php\/om-folkdansringen#seder_och_bruk\">Seder och bruk<\/a><\/li>\r\n \t<li class=\"item-514\"><a href=\"http:\/\/www.folkdansringen.se\/riks\/index.php\/om-folkdansringen#forskning\">Forskning, uppteckning och utbildning<\/a><\/li>\r\n \t<li class=\"item-515\"><a href=\"http:\/\/www.folkdansringen.se\/riks\/index.php\/om-folkdansringen#foreningar\">F\u00f6reningar<\/a><\/li>\r\n \t<li class=\"item-516\"><a href=\"http:\/\/www.folkdansringen.se\/riks\/index.php\/om-folkdansringen#utbyte\">Utbytesverksamhet och resor<\/a><\/li>\r\n \t<li class=\"item-517\"><a href=\"http:\/\/www.folkdansringen.se\/riks\/index.php\/om-folkdansringen#internationell_verksamhet\">Internationell verksamhet<\/a><\/li>\r\n<\/ul>\r\n<\/div>\r\n[\/one_third]\r\n\r\n[two_third_last]\r\n<h2 class=\"contentheading\">Folkdansringen fr\u00e4mjar folklig kultur inom dans, musik, dr\u00e4kt och sl\u00f6jd<\/h2>\r\nSvenska Folkdansringen bildades 1920 och har \u00f6ver 385 f\u00f6reningar spridda \u00f6ver hela landet. Drygt 15.000 medlemmar bedriver verksamhet som omfattar den folkliga kulturen, med tonvikt p\u00e5 dans, musik, dr\u00e4kt och sl\u00f6jd.\r\n\r\nFolkdansringen har en livlig verksamhet f\u00f6r alla \u00e5ldrar. F\u00f6ruts\u00e4ttningen f\u00f6r att m\u00e5let med v\u00e5rt arbete ska kunna f\u00f6rverkligas \u00e4r att de \u00e4ldre generationerna ska kunna sprida sin kunskap om sin och sina f\u00f6rf\u00e4ders kultur vidare till de yngre generationerna p\u00e5 ett naturligt s\u00e4tt. Detta sker b\u00e4st genom att generationerna umg\u00e5s naturligt i vardagen, i dans\u00f6vningar, resor eller andra arrangemang som f\u00f6reningen ordnar. N\u00e4r det t.ex. g\u00e4ller dans\u00f6vningar arbetar vi av praktiska och pedagogiska sk\u00e4l i olika \u00e5lderssammans\u00e4ttningar.\r\n<h1>Folkdansen<a name=\"folkdansen\"><\/a><\/h1>\r\nFolkdansringen \u00e4r mest k\u00e4nd genom folkdansen. Dans \u00e4r ett omfattande \u00e4mnesomr\u00e5de som medlemmarna f\u00e5r en bred kunskap om. F\u00f6reningarna aktiverar inte bara egna medlemmar utan bedriver ocks\u00e5 en omfattande ut\u00e5triktad verksamhet p\u00e5 kurser, uppvisningar och festivaler.\r\n\r\nP\u00e5 olika kurser studeras dansens historia och utveckling. Genom konferenser och utbyten tr\u00e4ffas dansare f\u00f6r att l\u00e4ra av varandra och utbyta erfarenheter. Danser ger, f\u00f6rutom god motion ocks\u00e5 kunskap om den egna kroppen och hur man beh\u00e4rskar den i rytmisk r\u00f6relse \u2013 r\u00f6relsegl\u00e4dje.\r\n<h1>Folkmusiken<a name=\"folkmusiken\"><\/a><\/h1>\r\nMusik \u00e4r ett vittomfattande begrepp. Folkdansringen har valt att arbeta med den folkliga musiken. Vi betonar givetvis sambandet mellan dans och musik. De spelm\u00e4n som \u00e4r medlemmar i Folkdansringen deltar p\u00e5 olika s\u00e4tt genom kurser, seminarier, spelmansst\u00e4mmor och uppspelningar. M\u00e5nga f\u00f6reningar har dessutom egna spelmansgrupper.\r\n<h1>Zornm\u00e4rket<a name=\"zornmarket\"><\/a><\/h1>\r\nFolkdansringen f\u00f6rvaltar Zornm\u00e4rket, ett uppskattat spelmansm\u00e4rke som utdelas till f\u00f6rtj\u00e4nta spelm\u00e4n. M\u00e4rket \u00e4r den synliga delen av den g\u00e5va som Emma Zorn \u00f6verl\u00e4mnade till Folkdansringen f\u00f6r drygt 60 \u00e5r sedan. Genom uppspelningar f\u00f6r detta m\u00e4rke, som sker varje \u00e5r, stimuleras spelm\u00e4nnen att bevara en genuin folklig tradition. Den spelman som tilldelas Zornm\u00e4rket i silver f\u00e5r ocks\u00e5 r\u00e4tten att kalla sig riksspelman.\r\n\r\nUnder 1990-talet \u00f6kade intresset f\u00f6r folkmusik kraftigt, inte minst bland ungdomar. Denna trend har fortsatt bl.a tack vare ett stort antal kurser, ofta i Folkdansringens regi. H\u00e4r kan den intresserade l\u00e4ra sig bygga sitt eget instrument, spela p\u00e5 det, v\u00e5rda det och f\u00f6rdjupa sig i instrument- och musikhistoria.\r\n<h1>Folkdr\u00e4kt<a name=\"folkdrakt\"><\/a><\/h1>\r\nFolkligt dr\u00e4ktskick \u00e4r ett annat verksamhetsomr\u00e5de som m\u00e5nga av Folkdansringens medlemmar \u00e4r sysselsatta med. Genom att l\u00e4ra ut folkdr\u00e4ktens historia, dess sociala funktion och hur den burits vid olika tillf\u00e4llen i g\u00e5ngen tids historia, vill vi skapa en f\u00f6rst\u00e5else f\u00f6r folkdr\u00e4kten som s\u00e5dan, men ocks\u00e5 visa att dr\u00e4kten har betytt mycket f\u00f6r en bygds sammanh\u00e5llning och sockengemenskap. Kl\u00e4der, som markerar social tillh\u00f6righet \u00e4r allts\u00e5 inget nytt fenomen. En fortl\u00f6pande forskning p\u00e5g\u00e5r f\u00f6r att dokumentera det folkliga dr\u00e4ktskicket i olika delar av v\u00e5rt land. P\u00e5 m\u00e5nga h\u00e5ll i landet sker ocks\u00e5 ett samarbete med olika hemsl\u00f6jdsorganisationer.\r\n<h1>Sl\u00f6jd<a name=\"slojd\"><\/a><\/h1>\r\nSl\u00f6jd \u00e4r en verksamhetsgren med n\u00e4ra anknytning till folkdr\u00e4kten. Men det finns mycket mera av handsl\u00f6jd och gamla hantverkstraditioner. Genom att stimulera skaparlust och fantasi blir det naturligt att ta tillvara de gamla sl\u00f6jdarterna, l\u00e4ra tekniken och h\u00e5lla den levande i framtiden. Sl\u00f6jdarter som v\u00e4vning, s\u00f6mnad, v\u00e4xtf\u00e4rgning, silversmide, gjutning, halmsl\u00f6jd och tr\u00e4sl\u00f6jd \u00e4r n\u00e5gra exempel p\u00e5 omr\u00e5den som medlemmarna i Folkdansringen kan arbeta med.\r\n<h1>Seder och bruk<a name=\"seder_och_bruk\"><\/a><\/h1>\r\nSeder och bruk i g\u00e5ngen tid uppm\u00e4rksammas ocks\u00e5 inom Folkdansringen. I flera f\u00f6reningar och distrikt har man t.ex. skapat sektioner som arbetar b\u00e5de med gamla seder som nutida bruk.\r\n<h1>Forskning, uppteckning och utbildning<a name=\"forskning\"><\/a><\/h1>\r\nFolkdansringen bedriver forskningsprojekt inom alla v\u00e5ra verksamhetsomr\u00e5den och det har resulterat i ett omfattande utbildningsmaterial och ett flertal b\u00f6cker. Material har getts ut s\u00e5v\u00e4l p\u00e5\u00a0<a href=\"http:\/\/www.folkdansringen.se\/riks\/index.php\/foerlag\">Folkdansringens eget f\u00f6rlag<\/a>, som i samarbete med andra f\u00f6rlag och institutioner.\r\n<h1>F\u00f6reningar<a name=\"foreningar\"><\/a><\/h1>\r\nF\u00f6reningarna har frihet att verka inom olika omr\u00e5den av organisationens inriktning. Detta g\u00f6r att alla f\u00f6reningar inte har likadan verksamhet. Medinflytande, kamratskap, gemenskap och f\u00f6rst\u00e5else ger frihet att skapa en bred verksamhet med m\u00e5nga olika \u00e4mnen och utseende p\u00e5 f\u00f6reningarna.\r\n<h1>Utbytesverksamhet och resor<a name=\"utbyte\"><\/a><\/h1>\r\n\u00c5rligen sker turn\u00e9er med deltaganden i folkdans- och folkmusikfestivaler b\u00e5de inom och utom landet. Resm\u00e5len varierar, men genom goda internationella kontakter sker utbyten \u00f6ver hela v\u00e4rlden. Dessa festivaler, st\u00e4mmor och \u00e4ven konferenser ger rika m\u00f6jligheter att tr\u00e4ffa m\u00e4nniskor, f\u00e5 del av deras kultur och dela med sig av sin egen. Detta skapar en grund f\u00f6r f\u00f6rst\u00e5else \u00f6ver alla gr\u00e4nser.\r\n<h1>Internationell verksamhet<a name=\"internationell_verksamhet\"><\/a><\/h1>\r\nFolkdansringen \u00e4r medlem av flera olika internationella organisationer. I det nordiska samarbetet arbetar vi i\u00a0<a href=\"http:\/\/www.nordlek.org\/\" target=\"_blank\" rel=\"noopener\">NORDLEKR\u00c5DET<\/a>\u00a0\u2013 de nordiska folkdans- och folkmusikorganisationernas samarbetsorganisation. Genom sina avtalsparter anordnas var 3.e \u00e5r en Nordisk bygde- och spelmansst\u00e4mma kallat\u00a0<a href=\"http:\/\/www.nordlek.org\/\" target=\"_blank\" rel=\"noopener\">NORDLEK<\/a>.\r\n\r\nUtanf\u00f6r Norden sker samarbetet i Svenska Sektionen av\u00a0<a href=\"http:\/\/www.cioff.org\/\" target=\"_blank\" rel=\"noopener\">CIOFF<\/a>\u00a0(International Council of Organizations of Folklore Festivals and Folk Arts) som \u00e4r en internationell festival- och folkkulturorganisation. Genom b\u00e5da dessa organisationer knyts ocks\u00e5 kontakter med Estland, Lettland och Litauen.\r\n<div class=\"fastsocialshare_container\">\r\n<div class=\"fastsocialshare-share-fbl\">\r\n<div id=\"fb-root\" class=\" fb_reset\">\r\n<div>\r\n<div><\/div>\r\n<\/div>\r\n<div>\r\n<div><iframe id=\"fb_xdm_frame_http\" tabindex=\"-1\" title=\"Facebook Cross Domain Communication Frame\" src=\"http:\/\/staticxx.facebook.com\/connect\/xd_arbiter\/r\/RQ7NiRXMcYA.js?version=42#channel=f1d09c47157cb54&amp;origin=http%3A%2F%2Fwww.folkdansringen.se\" name=\"fb_xdm_frame_http\" frameborder=\"0\" scrolling=\"no\" allowfullscreen=\"allowfullscreen\" aria-hidden=\"true\" data-mce-fragment=\"1\"><\/iframe><iframe id=\"fb_xdm_frame_https\" tabindex=\"-1\" title=\"Facebook Cross Domain Communication Frame\" src=\"https:\/\/staticxx.facebook.com\/connect\/xd_arbiter\/r\/RQ7NiRXMcYA.js?version=42#channel=f1d09c47157cb54&amp;origin=http%3A%2F%2Fwww.folkdansringen.se\" name=\"fb_xdm_frame_https\" frameborder=\"0\" scrolling=\"no\" allowfullscreen=\"allowfullscreen\" aria-hidden=\"true\" data-mce-fragment=\"1\"><\/iframe><\/div>\r\n<\/div>\r\n<\/div>\r\n<div class=\"fb-like fb_iframe_widget\" data-href=\"http:\/\/www.folkdansringen.se\/riks\/index.php\/vi-arbetar-med\/verksamhet\" data-layout=\"button_count\" data-width=\"100\" data-action=\"like\" data-show-faces=\"true\" data-share=\"false\"><iframe class=\"\" title=\"fb:like Facebook Social Plugin\" src=\"https:\/\/www.facebook.com\/v2.5\/plugins\/like.php?action=like&amp;app_id=&amp;channel=http%3A%2F%2Fstaticxx.facebook.com%2Fconnect%2Fxd_arbiter%2Fr%2FRQ7NiRXMcYA.js%3Fversion%3D42%23cb%3Df1e086e12c857c4%26domain%3Dwww.folkdansringen.se%26origin%3Dhttp%253A%252F%252Fwww.folkdansringen.se%252Ff1d09c47157cb54%26relation%3Dparent.parent&amp;container_width=0&amp;href=http%3A%2F%2Fwww.folkdansringen.se%2Friks%2Findex.php%2Fvi-arbetar-med%2Fverksamhet&amp;layout=button_count&amp;locale=sv_SE&amp;sdk=joey&amp;share=false&amp;show_faces=true&amp;width=100\" name=\"f3a849eb513282c\" width=\"100px\" height=\"1000px\" frameborder=\"0\" scrolling=\"no\" allowfullscreen=\"allowfullscreen\" data-mce-fragment=\"1\"><\/iframe><\/div>\r\n<\/div>\r\n<div id=\"fbshare_container\" class=\"fastsocialshare-share-fbsh\"><a>fShare<\/a><\/div>\r\n<\/div>\r\n[\/two_third_last]\r\n\r\n&nbsp;\r\n\r\n[one_third_last]\r\n\r\n&nbsp;\r\n\r\n[\/one_third_last]","_et_gb_content_width":"","footnotes":""},"class_list":["post-86","page","type-page","status-publish","hentry"],"yoast_head":"<!-- This site is optimized with the Yoast SEO plugin v27.4 - https:\/\/yoast.com\/product\/yoast-seo-wordpress\/ -->\n<title>Midsommarfirande &#187; Folkdansringen<\/title>\n<meta name=\"robots\" content=\"index, follow, max-snippet:-1, max-image-preview:large, max-video-preview:-1\" \/>\n<link rel=\"canonical\" href=\"https:\/\/folkdansringen.se\/riks\/pa-gang\/midsommarfirande\/\" \/>\n<meta property=\"og:locale\" content=\"sv_SE\" \/>\n<meta property=\"og:type\" content=\"article\" \/>\n<meta property=\"og:title\" content=\"Midsommarfirande &#187; Folkdansringen\" \/>\n<meta property=\"og:description\" content=\"P\u00e5 g\u00e5ng Anm\u00e4lan aktiviteter\/m\u00f6ten F\u00f6lj oss! Zornm\u00e4rket Dans- och spelmansst\u00e4mma Midsommarfirande Nordlek Midsommarfirande Midsommar \u00e4r en av de mest firade h\u00f6gtiderna i Sverige. Vi \u00e4ter sill, f\u00e4rskpotatis, jordgubbar, plockar sju sorters blommor f\u00f6r att l\u00e4gga under huvudkudden och dansar och leker kring midsommarst\u00e5ngen.\u00a0 Den lek som \u00e4r mest k\u00e4nd kring st\u00e5ngen \u00e4r Sm\u00e5 grodorna. P\u00e5 [&hellip;]\" \/>\n<meta property=\"og:url\" content=\"https:\/\/folkdansringen.se\/riks\/pa-gang\/midsommarfirande\/\" \/>\n<meta property=\"og:site_name\" content=\"Folkdansringen\" \/>\n<meta property=\"article:modified_time\" content=\"2022-08-11T14:23:47+00:00\" \/>\n<meta property=\"og:image\" content=\"https:\/\/folkdansringen.se\/riks\/wp-content\/uploads\/2022\/06\/Instagram-logo-30x30-1.png\" \/>\n<meta name=\"twitter:card\" content=\"summary_large_image\" \/>\n<meta name=\"twitter:label1\" content=\"Ber\u00e4knad l\u00e4stid\" \/>\n\t<meta name=\"twitter:data1\" content=\"2 minuter\" \/>\n<script type=\"application\/ld+json\" class=\"yoast-schema-graph\">{\"@context\":\"https:\\\/\\\/schema.org\",\"@graph\":[{\"@type\":\"WebPage\",\"@id\":\"https:\\\/\\\/folkdansringen.se\\\/riks\\\/pa-gang\\\/midsommarfirande\\\/\",\"url\":\"https:\\\/\\\/folkdansringen.se\\\/riks\\\/pa-gang\\\/midsommarfirande\\\/\",\"name\":\"Midsommarfirande &#187; Folkdansringen\",\"isPartOf\":{\"@id\":\"https:\\\/\\\/folkdansringen.se\\\/riks\\\/#website\"},\"primaryImageOfPage\":{\"@id\":\"https:\\\/\\\/folkdansringen.se\\\/riks\\\/pa-gang\\\/midsommarfirande\\\/#primaryimage\"},\"image\":{\"@id\":\"https:\\\/\\\/folkdansringen.se\\\/riks\\\/pa-gang\\\/midsommarfirande\\\/#primaryimage\"},\"thumbnailUrl\":\"https:\\\/\\\/folkdansringen.se\\\/riks\\\/wp-content\\\/uploads\\\/2022\\\/06\\\/Instagram-logo-30x30-1.png\",\"datePublished\":\"2018-05-25T09:36:16+00:00\",\"dateModified\":\"2022-08-11T14:23:47+00:00\",\"breadcrumb\":{\"@id\":\"https:\\\/\\\/folkdansringen.se\\\/riks\\\/pa-gang\\\/midsommarfirande\\\/#breadcrumb\"},\"inLanguage\":\"sv-SE\",\"potentialAction\":[{\"@type\":\"ReadAction\",\"target\":[\"https:\\\/\\\/folkdansringen.se\\\/riks\\\/pa-gang\\\/midsommarfirande\\\/\"]}]},{\"@type\":\"ImageObject\",\"inLanguage\":\"sv-SE\",\"@id\":\"https:\\\/\\\/folkdansringen.se\\\/riks\\\/pa-gang\\\/midsommarfirande\\\/#primaryimage\",\"url\":\"https:\\\/\\\/folkdansringen.se\\\/riks\\\/wp-content\\\/uploads\\\/2022\\\/06\\\/Instagram-logo-30x30-1.png\",\"contentUrl\":\"https:\\\/\\\/folkdansringen.se\\\/riks\\\/wp-content\\\/uploads\\\/2022\\\/06\\\/Instagram-logo-30x30-1.png\",\"width\":30,\"height\":30,\"caption\":\"Instagram logotyp\"},{\"@type\":\"BreadcrumbList\",\"@id\":\"https:\\\/\\\/folkdansringen.se\\\/riks\\\/pa-gang\\\/midsommarfirande\\\/#breadcrumb\",\"itemListElement\":[{\"@type\":\"ListItem\",\"position\":1,\"name\":\"Hem\",\"item\":\"https:\\\/\\\/folkdansringen.se\\\/riks\\\/\"},{\"@type\":\"ListItem\",\"position\":2,\"name\":\"P\u00e5 g\u00e5ng\",\"item\":\"https:\\\/\\\/folkdansringen.se\\\/riks\\\/pa-gang\\\/\"},{\"@type\":\"ListItem\",\"position\":3,\"name\":\"Midsommarfirande\"}]},{\"@type\":\"WebSite\",\"@id\":\"https:\\\/\\\/folkdansringen.se\\\/riks\\\/#website\",\"url\":\"https:\\\/\\\/folkdansringen.se\\\/riks\\\/\",\"name\":\"Folkdansringen\",\"description\":\"\",\"potentialAction\":[{\"@type\":\"SearchAction\",\"target\":{\"@type\":\"EntryPoint\",\"urlTemplate\":\"https:\\\/\\\/folkdansringen.se\\\/riks\\\/?s={search_term_string}\"},\"query-input\":{\"@type\":\"PropertyValueSpecification\",\"valueRequired\":true,\"valueName\":\"search_term_string\"}}],\"inLanguage\":\"sv-SE\"}]}<\/script>\n<!-- \/ Yoast SEO plugin. -->","yoast_head_json":{"title":"Midsommarfirande &#187; Folkdansringen","robots":{"index":"index","follow":"follow","max-snippet":"max-snippet:-1","max-image-preview":"max-image-preview:large","max-video-preview":"max-video-preview:-1"},"canonical":"https:\/\/folkdansringen.se\/riks\/pa-gang\/midsommarfirande\/","og_locale":"sv_SE","og_type":"article","og_title":"Midsommarfirande &#187; Folkdansringen","og_description":"P\u00e5 g\u00e5ng Anm\u00e4lan aktiviteter\/m\u00f6ten F\u00f6lj oss! Zornm\u00e4rket Dans- och spelmansst\u00e4mma Midsommarfirande Nordlek Midsommarfirande Midsommar \u00e4r en av de mest firade h\u00f6gtiderna i Sverige. Vi \u00e4ter sill, f\u00e4rskpotatis, jordgubbar, plockar sju sorters blommor f\u00f6r att l\u00e4gga under huvudkudden och dansar och leker kring midsommarst\u00e5ngen.\u00a0 Den lek som \u00e4r mest k\u00e4nd kring st\u00e5ngen \u00e4r Sm\u00e5 grodorna. P\u00e5 [&hellip;]","og_url":"https:\/\/folkdansringen.se\/riks\/pa-gang\/midsommarfirande\/","og_site_name":"Folkdansringen","article_modified_time":"2022-08-11T14:23:47+00:00","og_image":[{"url":"https:\/\/folkdansringen.se\/riks\/wp-content\/uploads\/2022\/06\/Instagram-logo-30x30-1.png","type":"","width":"","height":""}],"twitter_card":"summary_large_image","twitter_misc":{"Ber\u00e4knad l\u00e4stid":"2 minuter"},"schema":{"@context":"https:\/\/schema.org","@graph":[{"@type":"WebPage","@id":"https:\/\/folkdansringen.se\/riks\/pa-gang\/midsommarfirande\/","url":"https:\/\/folkdansringen.se\/riks\/pa-gang\/midsommarfirande\/","name":"Midsommarfirande &#187; Folkdansringen","isPartOf":{"@id":"https:\/\/folkdansringen.se\/riks\/#website"},"primaryImageOfPage":{"@id":"https:\/\/folkdansringen.se\/riks\/pa-gang\/midsommarfirande\/#primaryimage"},"image":{"@id":"https:\/\/folkdansringen.se\/riks\/pa-gang\/midsommarfirande\/#primaryimage"},"thumbnailUrl":"https:\/\/folkdansringen.se\/riks\/wp-content\/uploads\/2022\/06\/Instagram-logo-30x30-1.png","datePublished":"2018-05-25T09:36:16+00:00","dateModified":"2022-08-11T14:23:47+00:00","breadcrumb":{"@id":"https:\/\/folkdansringen.se\/riks\/pa-gang\/midsommarfirande\/#breadcrumb"},"inLanguage":"sv-SE","potentialAction":[{"@type":"ReadAction","target":["https:\/\/folkdansringen.se\/riks\/pa-gang\/midsommarfirande\/"]}]},{"@type":"ImageObject","inLanguage":"sv-SE","@id":"https:\/\/folkdansringen.se\/riks\/pa-gang\/midsommarfirande\/#primaryimage","url":"https:\/\/folkdansringen.se\/riks\/wp-content\/uploads\/2022\/06\/Instagram-logo-30x30-1.png","contentUrl":"https:\/\/folkdansringen.se\/riks\/wp-content\/uploads\/2022\/06\/Instagram-logo-30x30-1.png","width":30,"height":30,"caption":"Instagram logotyp"},{"@type":"BreadcrumbList","@id":"https:\/\/folkdansringen.se\/riks\/pa-gang\/midsommarfirande\/#breadcrumb","itemListElement":[{"@type":"ListItem","position":1,"name":"Hem","item":"https:\/\/folkdansringen.se\/riks\/"},{"@type":"ListItem","position":2,"name":"P\u00e5 g\u00e5ng","item":"https:\/\/folkdansringen.se\/riks\/pa-gang\/"},{"@type":"ListItem","position":3,"name":"Midsommarfirande"}]},{"@type":"WebSite","@id":"https:\/\/folkdansringen.se\/riks\/#website","url":"https:\/\/folkdansringen.se\/riks\/","name":"Folkdansringen","description":"","potentialAction":[{"@type":"SearchAction","target":{"@type":"EntryPoint","urlTemplate":"https:\/\/folkdansringen.se\/riks\/?s={search_term_string}"},"query-input":{"@type":"PropertyValueSpecification","valueRequired":true,"valueName":"search_term_string"}}],"inLanguage":"sv-SE"}]}},"_links":{"self":[{"href":"https:\/\/folkdansringen.se\/riks\/wp-json\/wp\/v2\/pages\/86","targetHints":{"allow":["GET"]}}],"collection":[{"href":"https:\/\/folkdansringen.se\/riks\/wp-json\/wp\/v2\/pages"}],"about":[{"href":"https:\/\/folkdansringen.se\/riks\/wp-json\/wp\/v2\/types\/page"}],"author":[{"embeddable":true,"href":"https:\/\/folkdansringen.se\/riks\/wp-json\/wp\/v2\/users\/1"}],"replies":[{"embeddable":true,"href":"https:\/\/folkdansringen.se\/riks\/wp-json\/wp\/v2\/comments?post=86"}],"version-history":[{"count":24,"href":"https:\/\/folkdansringen.se\/riks\/wp-json\/wp\/v2\/pages\/86\/revisions"}],"predecessor-version":[{"id":13551,"href":"https:\/\/folkdansringen.se\/riks\/wp-json\/wp\/v2\/pages\/86\/revisions\/13551"}],"up":[{"embeddable":true,"href":"https:\/\/folkdansringen.se\/riks\/wp-json\/wp\/v2\/pages\/305"}],"wp:attachment":[{"href":"https:\/\/folkdansringen.se\/riks\/wp-json\/wp\/v2\/media?parent=86"}],"curies":[{"name":"wp","href":"https:\/\/api.w.org\/{rel}","templated":true}]}}