
{"id":8084,"date":"2019-08-26T15:49:49","date_gmt":"2019-08-26T13:49:49","guid":{"rendered":"https:\/\/ny.folkdansringen.se\/riksnya\/?page_id=8084"},"modified":"2022-02-10T17:35:20","modified_gmt":"2022-02-10T16:35:20","slug":"organisation","status":"publish","type":"page","link":"https:\/\/folkdansringen.se\/riks\/var-verksamhet\/organisation\/","title":{"rendered":"Organisation"},"content":{"rendered":"<p>[et_pb_section fb_built=&#8221;1&#8243; admin_label=&#8221;section&#8221; _builder_version=&#8221;3.22.3&#8243; global_colors_info=&#8221;{}&#8221;][et_pb_row module_id=&#8221;fdrSiteHeader&#8221; _builder_version=&#8221;3.25&#8243; background_size=&#8221;initial&#8221; background_position=&#8221;top_left&#8221; background_repeat=&#8221;repeat&#8221; custom_padding=&#8221;27px|0px|0|0px|false|false&#8221; global_colors_info=&#8221;{}&#8221;][et_pb_column type=&#8221;4_4&#8243; _builder_version=&#8221;3.25&#8243; custom_padding=&#8221;|||&#8221; global_colors_info=&#8221;{}&#8221; custom_padding__hover=&#8221;|||&#8221;][et_pb_image src=&#8221;https:\/\/folkdansringen.se\/riks\/wp-content\/uploads\/2019\/12\/svenska-folkdansringen-organisation___.jpg&#8221; force_fullwidth=&#8221;on&#8221; align_tablet=&#8221;center&#8221; align_phone=&#8221;&#8221; align_last_edited=&#8221;on|desktop&#8221; module_id=&#8221;frdHeaderImage&#8221; _builder_version=&#8221;4.0.9&#8243; global_colors_info=&#8221;{}&#8221;][\/et_pb_image][\/et_pb_column][\/et_pb_row][et_pb_row column_structure=&#8221;1_4,1_2,1_4&#8243; _builder_version=&#8221;4.0.6&#8243; global_colors_info=&#8221;{}&#8221;][et_pb_column type=&#8221;1_4&#8243; _builder_version=&#8221;4.0.6&#8243; global_colors_info=&#8221;{}&#8221;][et_pb_text _builder_version=&#8221;4.14.7&#8243; global_module=&#8221;9068&#8243; saved_tabs=&#8221;all&#8221; global_colors_info=&#8221;{}&#8221;]<\/p>\n<ul class=\"fdrUlLinks\">\n<li><a href=\"https:\/\/folkdansringen.se\/riks\/var-verksamhet\/om-oss\/\">Om oss<\/a><\/li>\n<li><a href=\"https:\/\/folkdansringen.se\/riks\/var-verksamhet\/vardegrund\/\">V\u00e4rdegrund<\/a><\/li>\n<li><a href=\"https:\/\/folkdansringen.se\/riks\/var-verksamhet\/historik\/\">Historik<\/a><\/li>\n<li><a href=\"https:\/\/folkdansringen.se\/riks\/var-verksamhet\/om-folkdansringen\/organisation\/\">Organisation<\/a><\/li>\n<li><a href=\"https:\/\/folkdansringen.se\/riks\/var-verksamhet\/om-folkdansringen\/stadgar\/\">Stadgar<\/a><\/li>\n<li><a href=\"foreningochfunktionar\/verksamhetsberattelse\/\">Verksamhetsber\u00e4ttelse<\/a><\/li>\n<li><a href=\"https:\/\/folkdansringen.se\/riks\/var-verksamhet\/samarbeten\/\">Samarbeten<\/a><\/li>\n<\/ul>\n<p>[\/et_pb_text][\/et_pb_column][et_pb_column type=&#8221;1_2&#8243; _builder_version=&#8221;4.0.6&#8243; global_colors_info=&#8221;{}&#8221;][et_pb_text _builder_version=&#8221;4.14.7&#8243; hover_enabled=&#8221;0&#8243; global_colors_info=&#8221;{}&#8221; sticky_enabled=&#8221;0&#8243;]<\/p>\n<h1 id=\"V\u00e5rverksamhet\">Organisation<\/h1>\n<p><strong>Svenska Folkdansringen \u00e4r uppbyggd i tre led. Varje led har enskilda uppgifter, samtidigt som alla verkar f\u00f6r att vara en samlad organisation. Det \u00e4r viktigt att komma ih\u00e5g den demokratiska processen och att varje enskild medlem har m\u00f6jlighet att g\u00f6ra sin r\u00f6st h\u00f6rd.<\/strong><\/p>\n<h2><strong><\/strong>Riksorganisation<\/h2>\n<p>Riksorganisationen leds av <a href=\"https:\/\/folkdansringen.se\/riks\/var-verksamhet\/organisation\/riksstyrelsen\/\">riksstyrelsen<\/a> och sektioner inom verksamhetsomr\u00e5dena dans och musik, dr\u00e4kt och sl\u00f6jd samt barn och ungdom. En g\u00e5ng om \u00e5ret h\u00e5lls en riksst\u00e4mma d\u00e4r medlemmarna f\u00e5r vara med i den demokratiska processen och best\u00e4mma om verksamhet och hur organisationen ska utvecklas och drivas. Styrelsen och sektionerna, som v\u00e4ljs p\u00e5 riksst\u00e4mman efter f\u00f6rslag fr\u00e5n <a href=\"https:\/\/folkdansringen.se\/riks\/var-verksamhet\/organisation\/valberedningen\/\">valberedningen<\/a>, styr sedan organisationen s\u00e5 som riksst\u00e4mman beslutat. P\u00e5 riksst\u00e4mman v\u00e4ljs \u00e4ven n\u00e4mnden f\u00f6r <a href=\"https:\/\/folkdansringen.se\/riks\/var-verksamhet\/zornmarket\/\">Zornm\u00e4rket<\/a>.<\/p>\n<p>Styrelsen ansvarar bland annat f\u00f6r ekonomi, representation i nationella och internationella samarbetsorganisationer samt har kontakt med Svenska Folkdansringens distrikt och f\u00f6reningar och st\u00f6ttar d\u00e4r det beh\u00f6vs.<\/p>\n<p>Sektionerna ordnar kurser, f\u00f6rel\u00e4sningar och aktiviteter f\u00f6r organisationens medlemmar och funktion\u00e4rer, samt arbetar med utveckling av verksamheten inom sitt respektive verksamhetsomr\u00e5de.<\/p>\n<p>Till hj\u00e4lp finns det anst\u00e4llda p\u00e5 Svenska Folkdansringens rikskansli i Stockholm. De anst\u00e4llda jobbar bland annat med administration, medlemsfr\u00e5gor, kommunikation och vid riksevenemang, som till exempel Dans- och spelmansst\u00e4mman i Kungstr\u00e4dg\u00e5rden.<\/p>\n<h2>Distrikt<\/h2>\n<p>Distrikten styrs, liksom riksorganisationen, av ideella styrelser och sektioner som v\u00e4ljs p\u00e5 distriktens \u00e5rsm\u00f6ten av f\u00f6reningarnas representanter. Distriktsstyrelsen och sektionerna ansvarar f\u00f6r kurser, aktiviteter och evenemang som anordnas av distrikten och verkar som st\u00f6d f\u00f6r de f\u00f6reningar som finns inom distrikten.<\/p>\n<h2>F\u00f6rening<\/h2>\n<p>I f\u00f6reningarna bedrivs huvuddelen av Svenska Folkdansringens verksamhet. Varje f\u00f6rening har en f\u00f6reningsstyrelse och sektioner som v\u00e4ljs av medlemmarna p\u00e5 f\u00f6reningens \u00e5rsm\u00f6te d\u00e4r det ocks\u00e5 beslutas hur f\u00f6reningen ska bedriva sin verksamhet. F\u00f6reningsverksamheten ser olika ut i olika f\u00f6reningar.<\/p>\n<p>De allra flesta har folkdans och ibland \u00e4ven historisk dans, dr\u00e4ktskick, folkmusik och sl\u00f6jd som verksamhet, men flera har \u00e4ven matlagning, s\u00e5ng i form av k\u00f6rer eller visstugor med mera.<\/p>\n<p>&nbsp;<\/p>\n<p>[\/et_pb_text][\/et_pb_column][et_pb_column type=&#8221;1_4&#8243; _builder_version=&#8221;4.0.6&#8243; global_colors_info=&#8221;{}&#8221;][et_pb_cta button_text=&#8221;Click Here&#8221; module_id=&#8221;fdrWhatWeDoRight&#8221; _builder_version=&#8221;4.14.7&#8243; use_background_color=&#8221;off&#8221; custom_margin=&#8221;3px|||||&#8221; global_module=&#8221;11220&#8243; saved_tabs=&#8221;all&#8221; global_colors_info=&#8221;{}&#8221;]<\/p>\n<h2><strong>Firar 100 \u00e5r<\/strong><\/h2>\n<p>Svenska Folkdansringen firar 100 \u00e5r, 1920-2020. L\u00e4s mer p\u00e5 sidan\u00a0 <a href=\"https:\/\/folkdansringen.se\/riks\/pa-gang\/folkdansringen-hundra-ar\/\">Folkdansringen hundra \u00e5r 2020 &#8211; firar 2022<\/a><\/p>\n<p><img loading=\"lazy\" decoding=\"async\" src=\"https:\/\/folkdansringen.se\/riks\/wp-content\/uploads\/2020\/01\/svenska-folkdansringen-100-ar-circ.png\" width=\"509\" height=\"527\" alt=\"\" class=\"wp-image-11600 alignnone size-full\" srcset=\"https:\/\/folkdansringen.se\/riks\/wp-content\/uploads\/2020\/01\/svenska-folkdansringen-100-ar-circ.png 509w, https:\/\/folkdansringen.se\/riks\/wp-content\/uploads\/2020\/01\/svenska-folkdansringen-100-ar-circ-480x497.png 480w\" sizes=\"(min-width: 0px) and (max-width: 480px) 480px, (min-width: 481px) 509px, 100vw\" \/><\/p>\n<p>[\/et_pb_cta][\/et_pb_column][\/et_pb_row][\/et_pb_section]<\/p>\n","protected":false},"excerpt":{"rendered":"<p>Om oss V\u00e4rdegrund Historik Organisation Stadgar Verksamhetsber\u00e4ttelse Samarbeten Organisation Svenska Folkdansringen \u00e4r uppbyggd i tre led. Varje led har enskilda uppgifter, samtidigt som alla verkar f\u00f6r att vara en samlad organisation. Det \u00e4r viktigt att komma ih\u00e5g den demokratiska processen och att varje enskild medlem har m\u00f6jlighet att g\u00f6ra sin r\u00f6st h\u00f6rd. Riksorganisation Riksorganisationen leds [&hellip;]<\/p>\n","protected":false},"author":6,"featured_media":0,"parent":2,"menu_order":0,"comment_status":"closed","ping_status":"closed","template":"","meta":{"_et_pb_use_builder":"on","_et_pb_old_content":"","_et_gb_content_width":"","footnotes":""},"class_list":["post-8084","page","type-page","status-publish","hentry"],"yoast_head":"<!-- This site is optimized with the Yoast SEO plugin v27.4 - https:\/\/yoast.com\/product\/yoast-seo-wordpress\/ -->\n<title>Organisation &#187; Folkdansringen<\/title>\n<meta name=\"robots\" content=\"index, follow, max-snippet:-1, max-image-preview:large, max-video-preview:-1\" \/>\n<link rel=\"canonical\" href=\"https:\/\/folkdansringen.se\/riks\/var-verksamhet\/organisation\/\" \/>\n<meta property=\"og:locale\" content=\"sv_SE\" \/>\n<meta property=\"og:type\" content=\"article\" \/>\n<meta property=\"og:title\" content=\"Organisation &#187; Folkdansringen\" \/>\n<meta property=\"og:description\" content=\"Om oss V\u00e4rdegrund Historik Organisation Stadgar Verksamhetsber\u00e4ttelse Samarbeten Organisation Svenska Folkdansringen \u00e4r uppbyggd i tre led. Varje led har enskilda uppgifter, samtidigt som alla verkar f\u00f6r att vara en samlad organisation. Det \u00e4r viktigt att komma ih\u00e5g den demokratiska processen och att varje enskild medlem har m\u00f6jlighet att g\u00f6ra sin r\u00f6st h\u00f6rd. Riksorganisation Riksorganisationen leds [&hellip;]\" \/>\n<meta property=\"og:url\" content=\"https:\/\/folkdansringen.se\/riks\/var-verksamhet\/organisation\/\" \/>\n<meta property=\"og:site_name\" content=\"Folkdansringen\" \/>\n<meta property=\"article:modified_time\" content=\"2022-02-10T16:35:20+00:00\" \/>\n<meta property=\"og:image\" content=\"https:\/\/folkdansringen.se\/riks\/wp-content\/uploads\/2020\/01\/svenska-folkdansringen-100-ar-circ.png\" \/>\n<meta name=\"twitter:card\" content=\"summary_large_image\" \/>\n<meta name=\"twitter:label1\" content=\"Ber\u00e4knad l\u00e4stid\" \/>\n\t<meta name=\"twitter:data1\" content=\"3 minuter\" \/>\n<script type=\"application\/ld+json\" class=\"yoast-schema-graph\">{\"@context\":\"https:\\\/\\\/schema.org\",\"@graph\":[{\"@type\":\"WebPage\",\"@id\":\"https:\\\/\\\/folkdansringen.se\\\/riks\\\/var-verksamhet\\\/organisation\\\/\",\"url\":\"https:\\\/\\\/folkdansringen.se\\\/riks\\\/var-verksamhet\\\/organisation\\\/\",\"name\":\"Organisation &#187; Folkdansringen\",\"isPartOf\":{\"@id\":\"https:\\\/\\\/folkdansringen.se\\\/riks\\\/#website\"},\"primaryImageOfPage\":{\"@id\":\"https:\\\/\\\/folkdansringen.se\\\/riks\\\/var-verksamhet\\\/organisation\\\/#primaryimage\"},\"image\":{\"@id\":\"https:\\\/\\\/folkdansringen.se\\\/riks\\\/var-verksamhet\\\/organisation\\\/#primaryimage\"},\"thumbnailUrl\":\"https:\\\/\\\/folkdansringen.se\\\/riks\\\/wp-content\\\/uploads\\\/2020\\\/01\\\/svenska-folkdansringen-100-ar-circ.png\",\"datePublished\":\"2019-08-26T13:49:49+00:00\",\"dateModified\":\"2022-02-10T16:35:20+00:00\",\"breadcrumb\":{\"@id\":\"https:\\\/\\\/folkdansringen.se\\\/riks\\\/var-verksamhet\\\/organisation\\\/#breadcrumb\"},\"inLanguage\":\"sv-SE\",\"potentialAction\":[{\"@type\":\"ReadAction\",\"target\":[\"https:\\\/\\\/folkdansringen.se\\\/riks\\\/var-verksamhet\\\/organisation\\\/\"]}]},{\"@type\":\"ImageObject\",\"inLanguage\":\"sv-SE\",\"@id\":\"https:\\\/\\\/folkdansringen.se\\\/riks\\\/var-verksamhet\\\/organisation\\\/#primaryimage\",\"url\":\"https:\\\/\\\/folkdansringen.se\\\/riks\\\/wp-content\\\/uploads\\\/2020\\\/01\\\/svenska-folkdansringen-100-ar-circ.png\",\"contentUrl\":\"https:\\\/\\\/folkdansringen.se\\\/riks\\\/wp-content\\\/uploads\\\/2020\\\/01\\\/svenska-folkdansringen-100-ar-circ.png\",\"width\":509,\"height\":527},{\"@type\":\"BreadcrumbList\",\"@id\":\"https:\\\/\\\/folkdansringen.se\\\/riks\\\/var-verksamhet\\\/organisation\\\/#breadcrumb\",\"itemListElement\":[{\"@type\":\"ListItem\",\"position\":1,\"name\":\"Hem\",\"item\":\"https:\\\/\\\/folkdansringen.se\\\/riks\\\/\"},{\"@type\":\"ListItem\",\"position\":2,\"name\":\"V\u00e5r verksamhet\",\"item\":\"https:\\\/\\\/folkdansringen.se\\\/riks\\\/var-verksamhet\\\/\"},{\"@type\":\"ListItem\",\"position\":3,\"name\":\"Organisation\"}]},{\"@type\":\"WebSite\",\"@id\":\"https:\\\/\\\/folkdansringen.se\\\/riks\\\/#website\",\"url\":\"https:\\\/\\\/folkdansringen.se\\\/riks\\\/\",\"name\":\"Folkdansringen\",\"description\":\"\",\"potentialAction\":[{\"@type\":\"SearchAction\",\"target\":{\"@type\":\"EntryPoint\",\"urlTemplate\":\"https:\\\/\\\/folkdansringen.se\\\/riks\\\/?s={search_term_string}\"},\"query-input\":{\"@type\":\"PropertyValueSpecification\",\"valueRequired\":true,\"valueName\":\"search_term_string\"}}],\"inLanguage\":\"sv-SE\"}]}<\/script>\n<!-- \/ Yoast SEO plugin. -->","yoast_head_json":{"title":"Organisation &#187; Folkdansringen","robots":{"index":"index","follow":"follow","max-snippet":"max-snippet:-1","max-image-preview":"max-image-preview:large","max-video-preview":"max-video-preview:-1"},"canonical":"https:\/\/folkdansringen.se\/riks\/var-verksamhet\/organisation\/","og_locale":"sv_SE","og_type":"article","og_title":"Organisation &#187; Folkdansringen","og_description":"Om oss V\u00e4rdegrund Historik Organisation Stadgar Verksamhetsber\u00e4ttelse Samarbeten Organisation Svenska Folkdansringen \u00e4r uppbyggd i tre led. Varje led har enskilda uppgifter, samtidigt som alla verkar f\u00f6r att vara en samlad organisation. Det \u00e4r viktigt att komma ih\u00e5g den demokratiska processen och att varje enskild medlem har m\u00f6jlighet att g\u00f6ra sin r\u00f6st h\u00f6rd. Riksorganisation Riksorganisationen leds [&hellip;]","og_url":"https:\/\/folkdansringen.se\/riks\/var-verksamhet\/organisation\/","og_site_name":"Folkdansringen","article_modified_time":"2022-02-10T16:35:20+00:00","og_image":[{"url":"https:\/\/folkdansringen.se\/riks\/wp-content\/uploads\/2020\/01\/svenska-folkdansringen-100-ar-circ.png","type":"","width":"","height":""}],"twitter_card":"summary_large_image","twitter_misc":{"Ber\u00e4knad l\u00e4stid":"3 minuter"},"schema":{"@context":"https:\/\/schema.org","@graph":[{"@type":"WebPage","@id":"https:\/\/folkdansringen.se\/riks\/var-verksamhet\/organisation\/","url":"https:\/\/folkdansringen.se\/riks\/var-verksamhet\/organisation\/","name":"Organisation &#187; Folkdansringen","isPartOf":{"@id":"https:\/\/folkdansringen.se\/riks\/#website"},"primaryImageOfPage":{"@id":"https:\/\/folkdansringen.se\/riks\/var-verksamhet\/organisation\/#primaryimage"},"image":{"@id":"https:\/\/folkdansringen.se\/riks\/var-verksamhet\/organisation\/#primaryimage"},"thumbnailUrl":"https:\/\/folkdansringen.se\/riks\/wp-content\/uploads\/2020\/01\/svenska-folkdansringen-100-ar-circ.png","datePublished":"2019-08-26T13:49:49+00:00","dateModified":"2022-02-10T16:35:20+00:00","breadcrumb":{"@id":"https:\/\/folkdansringen.se\/riks\/var-verksamhet\/organisation\/#breadcrumb"},"inLanguage":"sv-SE","potentialAction":[{"@type":"ReadAction","target":["https:\/\/folkdansringen.se\/riks\/var-verksamhet\/organisation\/"]}]},{"@type":"ImageObject","inLanguage":"sv-SE","@id":"https:\/\/folkdansringen.se\/riks\/var-verksamhet\/organisation\/#primaryimage","url":"https:\/\/folkdansringen.se\/riks\/wp-content\/uploads\/2020\/01\/svenska-folkdansringen-100-ar-circ.png","contentUrl":"https:\/\/folkdansringen.se\/riks\/wp-content\/uploads\/2020\/01\/svenska-folkdansringen-100-ar-circ.png","width":509,"height":527},{"@type":"BreadcrumbList","@id":"https:\/\/folkdansringen.se\/riks\/var-verksamhet\/organisation\/#breadcrumb","itemListElement":[{"@type":"ListItem","position":1,"name":"Hem","item":"https:\/\/folkdansringen.se\/riks\/"},{"@type":"ListItem","position":2,"name":"V\u00e5r verksamhet","item":"https:\/\/folkdansringen.se\/riks\/var-verksamhet\/"},{"@type":"ListItem","position":3,"name":"Organisation"}]},{"@type":"WebSite","@id":"https:\/\/folkdansringen.se\/riks\/#website","url":"https:\/\/folkdansringen.se\/riks\/","name":"Folkdansringen","description":"","potentialAction":[{"@type":"SearchAction","target":{"@type":"EntryPoint","urlTemplate":"https:\/\/folkdansringen.se\/riks\/?s={search_term_string}"},"query-input":{"@type":"PropertyValueSpecification","valueRequired":true,"valueName":"search_term_string"}}],"inLanguage":"sv-SE"}]}},"_links":{"self":[{"href":"https:\/\/folkdansringen.se\/riks\/wp-json\/wp\/v2\/pages\/8084","targetHints":{"allow":["GET"]}}],"collection":[{"href":"https:\/\/folkdansringen.se\/riks\/wp-json\/wp\/v2\/pages"}],"about":[{"href":"https:\/\/folkdansringen.se\/riks\/wp-json\/wp\/v2\/types\/page"}],"author":[{"embeddable":true,"href":"https:\/\/folkdansringen.se\/riks\/wp-json\/wp\/v2\/users\/6"}],"replies":[{"embeddable":true,"href":"https:\/\/folkdansringen.se\/riks\/wp-json\/wp\/v2\/comments?post=8084"}],"version-history":[{"count":16,"href":"https:\/\/folkdansringen.se\/riks\/wp-json\/wp\/v2\/pages\/8084\/revisions"}],"predecessor-version":[{"id":12972,"href":"https:\/\/folkdansringen.se\/riks\/wp-json\/wp\/v2\/pages\/8084\/revisions\/12972"}],"up":[{"embeddable":true,"href":"https:\/\/folkdansringen.se\/riks\/wp-json\/wp\/v2\/pages\/2"}],"wp:attachment":[{"href":"https:\/\/folkdansringen.se\/riks\/wp-json\/wp\/v2\/media?parent=8084"}],"curies":[{"name":"wp","href":"https:\/\/api.w.org\/{rel}","templated":true}]}}