
{"id":7992,"date":"2019-08-26T11:13:03","date_gmt":"2019-08-26T09:13:03","guid":{"rendered":"https:\/\/ny.folkdansringen.se\/riksnya\/?page_id=7992"},"modified":"2023-09-05T13:57:30","modified_gmt":"2023-09-05T11:57:30","slug":"logotyp-policydokument","status":"publish","type":"page","link":"https:\/\/folkdansringen.se\/riks\/foreningochfunktionar\/logotyp-policydokument\/","title":{"rendered":"Logotyp\/policydokument"},"content":{"rendered":"<p>[et_pb_section fb_built=&#8221;1&#8243; admin_label=&#8221;section&#8221; _builder_version=&#8221;4.16&#8243; global_colors_info=&#8221;{}&#8221;][et_pb_row module_id=&#8221;fdrSiteHeader&#8221; _builder_version=&#8221;4.16&#8243; background_size=&#8221;initial&#8221; background_position=&#8221;top_left&#8221; background_repeat=&#8221;repeat&#8221; custom_padding=&#8221;27px|0px|0|0px|false|false&#8221; global_colors_info=&#8221;{}&#8221;][et_pb_column type=&#8221;4_4&#8243; _builder_version=&#8221;4.16&#8243; custom_padding=&#8221;|||&#8221; global_colors_info=&#8221;{}&#8221; custom_padding__hover=&#8221;|||&#8221;][et_pb_image src=&#8221;https:\/\/folkdansringen.se\/riks\/wp-content\/uploads\/2022\/06\/Grafisk-profil-1517&#215;505-1.jpg&#8221; alt=&#8221;Dokument om Grafisk profil&#8221; title_text=&#8221;Grafisk profil 1517&#215;505&#8243; force_fullwidth=&#8221;on&#8221; align_tablet=&#8221;center&#8221; align_phone=&#8221;&#8221; align_last_edited=&#8221;on|desktop&#8221; module_id=&#8221;frdHeaderImage&#8221; _builder_version=&#8221;4.17.1&#8243; global_colors_info=&#8221;{}&#8221;][\/et_pb_image][\/et_pb_column][\/et_pb_row][et_pb_row column_structure=&#8221;1_4,1_2,1_4&#8243; _builder_version=&#8221;4.16&#8243; global_colors_info=&#8221;{}&#8221;][et_pb_column type=&#8221;1_4&#8243; _builder_version=&#8221;4.16&#8243; global_colors_info=&#8221;{}&#8221;][et_pb_text _builder_version=&#8221;4.17.1&#8243; global_module=&#8221;11154&#8243; saved_tabs=&#8221;all&#8221; global_colors_info=&#8221;{}&#8221;]<\/p>\n<ul class=\"fdrUlLinks\">\n<li><a href=\"https:\/\/folkdansringen.se\/riks\/foreningochfunktionar\/\">F\u00f6rening &amp; funktion\u00e4r<\/a><\/li>\n<li><a href=\"https:\/\/folkdansringen.se\/riks\/foreningochfunktionar\/medlemskap\/\">Medlemskap<\/a><\/li>\n<li><a href=\"https:\/\/folkdansringen.se\/riks\/foreningochfunktionar\/svenska-folkdansringens-utmarkelsetecken\/\">Utm\u00e4rkelsetecken<\/a><\/li>\n<li><a href=\"https:\/\/folkdansringen.se\/riks\/foreningochfunktionar\/hemsidor-e-post\/\">Hemsidor &amp; e-post<\/a><\/li>\n<li><a href=\"https:\/\/folkdansringen.se\/riks\/foreningochfunktionar\/fonder-och-gavor\/\">Fonder &amp; g\u00e5vor<\/a><\/li>\n<li><a href=\"https:\/\/folkdansringen.se\/riks\/foreningochfunktionar\/logotyp-policydokument\/\">Logotyp &amp; policyer<\/a><\/li>\n<li><a href=\"https:\/\/folkdansringen.se\/riks\/foreningochfunktionar\/rikstamma\/\">Riksst\u00e4mma<\/a><\/li>\n<li><a href=\"https:\/\/folkdansringen.se\/riks\/foreningochfunktionar\/verksamhetshandlingar\/\">Verksamhetshandlingar<\/a><\/li>\n<li><a href=\"https:\/\/folkdansringen.se\/riks\/foreningochfunktionar\/fira-midsommar\/\">Firamidsommar.se<\/a><\/li>\n<\/ul>\n<p>[\/et_pb_text][\/et_pb_column][et_pb_column type=&#8221;1_2&#8243; _builder_version=&#8221;4.16&#8243; global_colors_info=&#8221;{}&#8221;][et_pb_text _builder_version=&#8221;4.18.0&#8243; hover_enabled=&#8221;0&#8243; global_colors_info=&#8221;{}&#8221; sticky_enabled=&#8221;0&#8243;]<\/p>\n<h1 id=\"V\u00e5rverksamhet\">Logotyp &amp; policyer<\/h1>\n<p><strong>Svenska Folkdansringens logotyp och policydokument har vi samlat information om h\u00e4r.<\/strong><\/p>\n<h2>Logotyp<\/h2>\n<p>Svenska Folkdansringens logotyp \u00e4r organisationens symbol i kombination med dess namn. H\u00e4r finner du dem i l\u00e5guppl\u00f6sta versioner f\u00f6r digital anv\u00e4ndning. Beh\u00f6ver du logotypen f\u00f6r tryck av n\u00e5got slag <a href=\"https:\/\/folkdansringen.se\/riks\/kontakt\/\">kontakta rikskansliet<\/a>.<\/p>\n<p>Hur logotypen ska anv\u00e4ndas beskrivs h\u00e4r i\u00a0<a href=\"https:\/\/folkdansringen.se\/riks\/wp-content\/uploads\/2021\/01\/Policydokument-for-hur-Svenska-Folkdansringens-logotyp-far-anvandas.pdf\" rel=\"attachment noopener wp-att-12204\" target=\"_blank\">Grafisk profil f\u00f6r Svenska Folkdansringen (pdf)<\/a><\/p>\n<p>F\u00e4rgen som ska anv\u00e4ndas f\u00f6r Svenska Folkdansringen har f\u00f6ljande f\u00e4rgkod i de olika f\u00e4rgsystemen:<\/p>\n<table border=\"0\" style=\"width: 100%; border-collapse: collapse;\">\n<tbody>\n<tr>\n<td style=\"width: 33.3333%;\">RGB<\/td>\n<td style=\"width: 33.3333%;\">0\/46\/175<\/td>\n<\/tr>\n<tr>\n<td style=\"width: 33.3333%;\">CMYK<\/td>\n<td style=\"width: 33.3333%;\">100\/80\/0\/0<\/td>\n<\/tr>\n<tr>\n<td style=\"width: 33.3333%;\">PANTONE<\/td>\n<td style=\"width: 33.3333%;\">286<\/td>\n<\/tr>\n<\/tbody>\n<\/table>\n<h3>Logotyp<\/h3>\n<table border=\"0\" style=\"width: 100%; border-collapse: collapse; height: 203px;\">\n<tbody>\n<tr style=\"height: 131px;\">\n<td style=\"width: 50%; height: 131px;\"><img loading=\"lazy\" decoding=\"async\" src=\"https:\/\/folkdansringen.se\/riks\/wp-content\/uploads\/2022\/06\/Svenska-Folkdansringen_bla_rgb_300x112-2.jpg\" width=\"300\" height=\"112\" alt=\"\" class=\"wp-image-13409 alignnone size-full\" \/><\/td>\n<td style=\"width: 50%; height: 131px;\"><img loading=\"lazy\" decoding=\"async\" src=\"https:\/\/folkdansringen.se\/riks\/wp-content\/uploads\/2022\/06\/Svenska-Folkdansringens-logotyp-svart-300x125-1.jpg\" width=\"300\" height=\"125\" alt=\"\" class=\"wp-image-13408 alignnone size-full\" \/><\/td>\n<\/tr>\n<tr style=\"height: 24px;\">\n<td style=\"width: 50%; height: 24px;\"><strong>Bl\u00e5<\/strong><\/td>\n<td style=\"width: 50%; height: 24px;\"><strong>Svart<\/strong><\/td>\n<\/tr>\n<tr style=\"height: 24px;\">\n<td style=\"width: 50%; height: 24px;\"><a href=\"https:\/\/folkdansringen.se\/riks\/wp-content\/uploads\/2021\/06\/Svenska-Folkdansringen_rgb_jpg.jpg\" target=\"_blank\" rel=\"noopener noreferrer\">Bl\u00e5 Logotyp (jpg)<\/a><\/td>\n<td style=\"width: 50%; height: 24px;\"><a href=\"https:\/\/folkdansringen.se\/riks\/wp-content\/uploads\/2019\/12\/Svenska-Folkdansringens-logotyp-svart-jpg-scaled.jpg\" target=\"_blank\" rel=\"noopener noreferrer\">Svart Logotyp (jpg)<\/a><\/td>\n<\/tr>\n<tr style=\"height: 24px;\">\n<td style=\"width: 50%; height: 24px;\"><a href=\"https:\/\/folkdansringen.se\/riks\/wp-content\/uploads\/2021\/06\/Svenska-Folkdansringen_rgb_png.png\" target=\"_blank\" rel=\"noopener noreferrer\">Bl\u00e5 Logotyp (png)<\/a><\/td>\n<td style=\"width: 50%; height: 24px;\"><a href=\"https:\/\/folkdansringen.se\/riks\/wp-content\/uploads\/2019\/12\/Svenska-Folkdansringens-logotyp-svart-tif.tif\" target=\"_blank\" rel=\"noopener noreferrer\">Svart Logotyp (tif)<\/a><\/td>\n<\/tr>\n<\/tbody>\n<\/table>\n<h3>Symbol<\/h3>\n<table border=\"0\" style=\"height: 189px; width: 100%; border-collapse: collapse;\">\n<tbody>\n<tr style=\"height: 141px;\">\n<td style=\"width: 30%; height: 141px;\"><img loading=\"lazy\" decoding=\"async\" src=\"https:\/\/folkdansringen.se\/riks\/wp-content\/uploads\/2022\/06\/Svenska-Folkdansringens-marke-bla-136x135-1.jpg\" width=\"136\" height=\"135\" alt=\"\" class=\"wp-image-13412 alignnone size-full\" \/><\/td>\n<td style=\"width: 700%; height: 141px;\">\n<p><a href=\"https:\/\/folkdansringen.se\/riks\/wp-content\/uploads\/2019\/12\/Svenska-Folkdansringens-m\u00e4rke-bl\u00e5-jpg.jpg\" target=\"_blank\" rel=\"noopener noreferrer\">M\u00e4rke i bl\u00e5tt (jpg)<\/a><\/p>\n<p><a href=\"https:\/\/folkdansringen.se\/riks\/wp-content\/uploads\/2019\/12\/Svenska-Folkdansringens-m\u00e4rke-bl\u00e5-tif.tif\" target=\"_blank\" rel=\"noopener noreferrer\">M\u00e4rke i bl\u00e5tt (tif)\u00a0<\/a><\/p>\n<p><a href=\"https:\/\/folkdansringen.se\/riks\/wp-content\/uploads\/2019\/12\/Svenska-Folkdansringens-m\u00e4rke-i-transparant.png\" target=\"_blank\" rel=\"noopener noreferrer\">M\u00e4rke i bl\u00e5tt transparent (png)<\/a><\/p>\n<\/td>\n<\/tr>\n<\/tbody>\n<\/table>\n<h2>Policyer<\/h2>\n<p>Policydokument fastst\u00e4llda av riksstyrelsen s\u00e4tter upp regler f\u00f6r hur organisationen skall drivas och vilka m\u00e5l verksamheten ska ha.<\/p>\n<p><a href=\"https:\/\/folkdansringen.se\/riks\/wp-content\/uploads\/2019\/12\/Drog-och-alkoholpolicy.pdf\" target=\"_blank\" rel=\"noopener noreferrer\">Drog och alkoholpolicy (pdf)<\/a><\/p>\n<p><a href=\"https:\/\/folkdansringen.se\/riks\/wp-content\/uploads\/2022\/06\/Kommunikationspolicy-Fardig.pdf\" rel=\"attachment noopener wp-att-13485\" target=\"_blank\" title=\"Kommunikationspolicy f\u00f6r Svenska Folkdansringen\">Kommunikationspolicy (pdf)<\/a><\/p>\n<p><a href=\"https:\/\/folkdansringen.se\/riks\/wp-content\/uploads\/2021\/04\/Policy-Hembygden.pdf\" rel=\"attachment wp-att-12384 noopener noreferrer\" target=\"_blank\">Policy f\u00f6r tidningen Hembygden(pdf)<\/a><\/p>\n<p><a href=\"https:\/\/folkdansringen.se\/riks\/wp-content\/uploads\/2019\/12\/Policy-hemsidor-och-sociala-medier.pdf\" target=\"_blank\" rel=\"noopener noreferrer\">Policy f\u00f6r hemsidor och sociala medier (pdf)<\/a><\/p>\n<p><a href=\"https:\/\/folkdansringen.se\/riks\/wp-content\/uploads\/2021\/01\/GDPR-Integritetspolicy-m.m.pdf\" rel=\"attachment noopener wp-att-12192\" target=\"_blank\">GDPR \u2013 Integritetspolicy hantering med mera (pdf)<\/a><\/p>\n<p><a href=\"https:\/\/folkdansringen.se\/riks\/wp-content\/uploads\/2021\/01\/Policy-Diskriminering-krankande-sarbehandling-och-trakasserier.pdf\" rel=\"attachment noopener wp-att-12199\" target=\"_blank\">Policy &#8211; Diskriminering (kr\u00e4nkande s\u00e4rbehandling och trakasserier) (pdf)<\/a><\/p>\n<p><a href=\"https:\/\/folkdansringen.se\/riks\/wp-content\/uploads\/2023\/09\/Klimat-miljo-och-hallbarhetspolicy-.pdf\" target=\"_blank\" rel=\"noopener\">Policy f\u00f6r Klimat, milj\u00f6 och h\u00e5llbarhet (pdf)<\/a><\/p>\n<p>&nbsp;<\/p>\n<p>[\/et_pb_text][\/et_pb_column][et_pb_column type=&#8221;1_4&#8243; _builder_version=&#8221;4.16&#8243; global_colors_info=&#8221;{}&#8221;][et_pb_cta button_text=&#8221;Click Here&#8221; module_id=&#8221;fdrWhatWeDoRight&#8221; _builder_version=&#8221;4.17.1&#8243; use_background_color=&#8221;off&#8221; custom_margin=&#8221;3px|||||&#8221; global_module=&#8221;11220&#8243; saved_tabs=&#8221;all&#8221; global_colors_info=&#8221;{}&#8221;]<\/p>\n<h2>F\u00f6lj oss!<\/h2>\n<p>P\u00e5 sociala medier finns Svenska Folkdansringen med och inspirerar med inl\u00e4gg, bilder och filmer.<\/p>\n<p><a href=\"https:\/\/www.instagram.com\/svenskafolkdansringen\/\" target=\"_blank\" rel=\"noopener\"><img loading=\"lazy\" decoding=\"async\" src=\"https:\/\/folkdansringen.se\/riks\/wp-content\/uploads\/2022\/06\/Instagram-logo-30x30-1.png\" width=\"30\" height=\"30\" alt=\"Instagram logotyp\" class=\"wp-image-13463 alignnone size-full\" \/><\/a>\u00a0 \u00a0<a href=\"https:\/\/sv-se.facebook.com\/folkdansringen\/\" target=\"_blank\" rel=\"noopener\"><img loading=\"lazy\" decoding=\"async\" src=\"https:\/\/folkdansringen.se\/riks\/wp-content\/uploads\/2018\/11\/if_facebook_986944-e1542192611888.png\" width=\"30\" height=\"30\" alt=\"Logotyp Facebook\" class=\"wp-image-4862 alignnone size-full\" \/><\/a>\u00a0 \u00a0<a href=\"https:\/\/www.youtube.com\/channel\/UC7RlAFaHAMXiB6duonH98-A\" target=\"_blank\" rel=\"noopener\"><img loading=\"lazy\" decoding=\"async\" src=\"https:\/\/folkdansringen.se\/riks\/wp-content\/uploads\/2022\/06\/youtube-logo-43x30-1.png\" width=\"43\" height=\"30\" alt=\"Youtube logotyp\" class=\"wp-image-13473 alignnone size-full\" \/><\/a><\/p>\n<p><a href=\"http:\/\/www.folkdansringen.se\/riks\/folj-oss\">L\u00e4s mer om hur du kan f\u00f6lja oss!<\/a><\/p>\n<p>[\/et_pb_cta][\/et_pb_column][\/et_pb_row][\/et_pb_section]<\/p>\n","protected":false},"excerpt":{"rendered":"<p>F\u00f6rening &amp; funktion\u00e4r Medlemskap Utm\u00e4rkelsetecken Hemsidor &amp; e-post Fonder &amp; g\u00e5vor Logotyp &amp; policyer Riksst\u00e4mma Verksamhetshandlingar Firamidsommar.se Logotyp &amp; policyer Svenska Folkdansringens logotyp och policydokument har vi samlat information om h\u00e4r. Logotyp Svenska Folkdansringens logotyp \u00e4r organisationens symbol i kombination med dess namn. H\u00e4r finner du dem i l\u00e5guppl\u00f6sta versioner f\u00f6r digital anv\u00e4ndning. Beh\u00f6ver du [&hellip;]<\/p>\n","protected":false},"author":6,"featured_media":0,"parent":5876,"menu_order":0,"comment_status":"closed","ping_status":"closed","template":"","meta":{"_et_pb_use_builder":"on","_et_pb_old_content":"<!-- wp:divi\/placeholder \/-->","_et_gb_content_width":"","footnotes":""},"class_list":["post-7992","page","type-page","status-publish","hentry"],"yoast_head":"<!-- This site is optimized with the Yoast SEO plugin v27.4 - https:\/\/yoast.com\/product\/yoast-seo-wordpress\/ -->\n<title>Logotyp\/policydokument &#187; Folkdansringen<\/title>\n<meta name=\"robots\" content=\"index, follow, max-snippet:-1, max-image-preview:large, max-video-preview:-1\" \/>\n<link rel=\"canonical\" href=\"https:\/\/folkdansringen.se\/riks\/foreningochfunktionar\/logotyp-policydokument\/\" \/>\n<meta property=\"og:locale\" content=\"sv_SE\" \/>\n<meta property=\"og:type\" content=\"article\" \/>\n<meta property=\"og:title\" content=\"Logotyp\/policydokument &#187; Folkdansringen\" \/>\n<meta property=\"og:description\" content=\"F\u00f6rening &amp; funktion\u00e4r Medlemskap Utm\u00e4rkelsetecken Hemsidor &amp; e-post Fonder &amp; g\u00e5vor Logotyp &amp; policyer Riksst\u00e4mma Verksamhetshandlingar Firamidsommar.se Logotyp &amp; policyer Svenska Folkdansringens logotyp och policydokument har vi samlat information om h\u00e4r. Logotyp Svenska Folkdansringens logotyp \u00e4r organisationens symbol i kombination med dess namn. H\u00e4r finner du dem i l\u00e5guppl\u00f6sta versioner f\u00f6r digital anv\u00e4ndning. Beh\u00f6ver du [&hellip;]\" \/>\n<meta property=\"og:url\" content=\"https:\/\/folkdansringen.se\/riks\/foreningochfunktionar\/logotyp-policydokument\/\" \/>\n<meta property=\"og:site_name\" content=\"Folkdansringen\" \/>\n<meta property=\"article:modified_time\" content=\"2023-09-05T11:57:30+00:00\" \/>\n<meta property=\"og:image\" content=\"https:\/\/folkdansringen.se\/riks\/wp-content\/uploads\/2022\/06\/Svenska-Folkdansringen_bla_rgb_300x112-2.jpg\" \/>\n<meta name=\"twitter:card\" content=\"summary_large_image\" \/>\n<meta name=\"twitter:label1\" content=\"Ber\u00e4knad l\u00e4stid\" \/>\n\t<meta name=\"twitter:data1\" content=\"2 minuter\" \/>\n<script type=\"application\/ld+json\" class=\"yoast-schema-graph\">{\"@context\":\"https:\\\/\\\/schema.org\",\"@graph\":[{\"@type\":\"WebPage\",\"@id\":\"https:\\\/\\\/folkdansringen.se\\\/riks\\\/foreningochfunktionar\\\/logotyp-policydokument\\\/\",\"url\":\"https:\\\/\\\/folkdansringen.se\\\/riks\\\/foreningochfunktionar\\\/logotyp-policydokument\\\/\",\"name\":\"Logotyp\\\/policydokument &#187; Folkdansringen\",\"isPartOf\":{\"@id\":\"https:\\\/\\\/folkdansringen.se\\\/riks\\\/#website\"},\"primaryImageOfPage\":{\"@id\":\"https:\\\/\\\/folkdansringen.se\\\/riks\\\/foreningochfunktionar\\\/logotyp-policydokument\\\/#primaryimage\"},\"image\":{\"@id\":\"https:\\\/\\\/folkdansringen.se\\\/riks\\\/foreningochfunktionar\\\/logotyp-policydokument\\\/#primaryimage\"},\"thumbnailUrl\":\"https:\\\/\\\/folkdansringen.se\\\/riks\\\/wp-content\\\/uploads\\\/2022\\\/06\\\/Svenska-Folkdansringen_bla_rgb_300x112-2.jpg\",\"datePublished\":\"2019-08-26T09:13:03+00:00\",\"dateModified\":\"2023-09-05T11:57:30+00:00\",\"breadcrumb\":{\"@id\":\"https:\\\/\\\/folkdansringen.se\\\/riks\\\/foreningochfunktionar\\\/logotyp-policydokument\\\/#breadcrumb\"},\"inLanguage\":\"sv-SE\",\"potentialAction\":[{\"@type\":\"ReadAction\",\"target\":[\"https:\\\/\\\/folkdansringen.se\\\/riks\\\/foreningochfunktionar\\\/logotyp-policydokument\\\/\"]}]},{\"@type\":\"ImageObject\",\"inLanguage\":\"sv-SE\",\"@id\":\"https:\\\/\\\/folkdansringen.se\\\/riks\\\/foreningochfunktionar\\\/logotyp-policydokument\\\/#primaryimage\",\"url\":\"https:\\\/\\\/folkdansringen.se\\\/riks\\\/wp-content\\\/uploads\\\/2022\\\/06\\\/Svenska-Folkdansringen_bla_rgb_300x112-2.jpg\",\"contentUrl\":\"https:\\\/\\\/folkdansringen.se\\\/riks\\\/wp-content\\\/uploads\\\/2022\\\/06\\\/Svenska-Folkdansringen_bla_rgb_300x112-2.jpg\",\"width\":300,\"height\":112},{\"@type\":\"BreadcrumbList\",\"@id\":\"https:\\\/\\\/folkdansringen.se\\\/riks\\\/foreningochfunktionar\\\/logotyp-policydokument\\\/#breadcrumb\",\"itemListElement\":[{\"@type\":\"ListItem\",\"position\":1,\"name\":\"Hem\",\"item\":\"https:\\\/\\\/folkdansringen.se\\\/riks\\\/\"},{\"@type\":\"ListItem\",\"position\":2,\"name\":\"F\u00f6rening och funktion\u00e4r\",\"item\":\"https:\\\/\\\/folkdansringen.se\\\/riks\\\/foreningochfunktionar\\\/\"},{\"@type\":\"ListItem\",\"position\":3,\"name\":\"Logotyp\\\/policydokument\"}]},{\"@type\":\"WebSite\",\"@id\":\"https:\\\/\\\/folkdansringen.se\\\/riks\\\/#website\",\"url\":\"https:\\\/\\\/folkdansringen.se\\\/riks\\\/\",\"name\":\"Folkdansringen\",\"description\":\"\",\"potentialAction\":[{\"@type\":\"SearchAction\",\"target\":{\"@type\":\"EntryPoint\",\"urlTemplate\":\"https:\\\/\\\/folkdansringen.se\\\/riks\\\/?s={search_term_string}\"},\"query-input\":{\"@type\":\"PropertyValueSpecification\",\"valueRequired\":true,\"valueName\":\"search_term_string\"}}],\"inLanguage\":\"sv-SE\"}]}<\/script>\n<!-- \/ Yoast SEO plugin. -->","yoast_head_json":{"title":"Logotyp\/policydokument &#187; Folkdansringen","robots":{"index":"index","follow":"follow","max-snippet":"max-snippet:-1","max-image-preview":"max-image-preview:large","max-video-preview":"max-video-preview:-1"},"canonical":"https:\/\/folkdansringen.se\/riks\/foreningochfunktionar\/logotyp-policydokument\/","og_locale":"sv_SE","og_type":"article","og_title":"Logotyp\/policydokument &#187; Folkdansringen","og_description":"F\u00f6rening &amp; funktion\u00e4r Medlemskap Utm\u00e4rkelsetecken Hemsidor &amp; e-post Fonder &amp; g\u00e5vor Logotyp &amp; policyer Riksst\u00e4mma Verksamhetshandlingar Firamidsommar.se Logotyp &amp; policyer Svenska Folkdansringens logotyp och policydokument har vi samlat information om h\u00e4r. Logotyp Svenska Folkdansringens logotyp \u00e4r organisationens symbol i kombination med dess namn. H\u00e4r finner du dem i l\u00e5guppl\u00f6sta versioner f\u00f6r digital anv\u00e4ndning. Beh\u00f6ver du [&hellip;]","og_url":"https:\/\/folkdansringen.se\/riks\/foreningochfunktionar\/logotyp-policydokument\/","og_site_name":"Folkdansringen","article_modified_time":"2023-09-05T11:57:30+00:00","og_image":[{"url":"https:\/\/folkdansringen.se\/riks\/wp-content\/uploads\/2022\/06\/Svenska-Folkdansringen_bla_rgb_300x112-2.jpg","type":"","width":"","height":""}],"twitter_card":"summary_large_image","twitter_misc":{"Ber\u00e4knad l\u00e4stid":"2 minuter"},"schema":{"@context":"https:\/\/schema.org","@graph":[{"@type":"WebPage","@id":"https:\/\/folkdansringen.se\/riks\/foreningochfunktionar\/logotyp-policydokument\/","url":"https:\/\/folkdansringen.se\/riks\/foreningochfunktionar\/logotyp-policydokument\/","name":"Logotyp\/policydokument &#187; Folkdansringen","isPartOf":{"@id":"https:\/\/folkdansringen.se\/riks\/#website"},"primaryImageOfPage":{"@id":"https:\/\/folkdansringen.se\/riks\/foreningochfunktionar\/logotyp-policydokument\/#primaryimage"},"image":{"@id":"https:\/\/folkdansringen.se\/riks\/foreningochfunktionar\/logotyp-policydokument\/#primaryimage"},"thumbnailUrl":"https:\/\/folkdansringen.se\/riks\/wp-content\/uploads\/2022\/06\/Svenska-Folkdansringen_bla_rgb_300x112-2.jpg","datePublished":"2019-08-26T09:13:03+00:00","dateModified":"2023-09-05T11:57:30+00:00","breadcrumb":{"@id":"https:\/\/folkdansringen.se\/riks\/foreningochfunktionar\/logotyp-policydokument\/#breadcrumb"},"inLanguage":"sv-SE","potentialAction":[{"@type":"ReadAction","target":["https:\/\/folkdansringen.se\/riks\/foreningochfunktionar\/logotyp-policydokument\/"]}]},{"@type":"ImageObject","inLanguage":"sv-SE","@id":"https:\/\/folkdansringen.se\/riks\/foreningochfunktionar\/logotyp-policydokument\/#primaryimage","url":"https:\/\/folkdansringen.se\/riks\/wp-content\/uploads\/2022\/06\/Svenska-Folkdansringen_bla_rgb_300x112-2.jpg","contentUrl":"https:\/\/folkdansringen.se\/riks\/wp-content\/uploads\/2022\/06\/Svenska-Folkdansringen_bla_rgb_300x112-2.jpg","width":300,"height":112},{"@type":"BreadcrumbList","@id":"https:\/\/folkdansringen.se\/riks\/foreningochfunktionar\/logotyp-policydokument\/#breadcrumb","itemListElement":[{"@type":"ListItem","position":1,"name":"Hem","item":"https:\/\/folkdansringen.se\/riks\/"},{"@type":"ListItem","position":2,"name":"F\u00f6rening och funktion\u00e4r","item":"https:\/\/folkdansringen.se\/riks\/foreningochfunktionar\/"},{"@type":"ListItem","position":3,"name":"Logotyp\/policydokument"}]},{"@type":"WebSite","@id":"https:\/\/folkdansringen.se\/riks\/#website","url":"https:\/\/folkdansringen.se\/riks\/","name":"Folkdansringen","description":"","potentialAction":[{"@type":"SearchAction","target":{"@type":"EntryPoint","urlTemplate":"https:\/\/folkdansringen.se\/riks\/?s={search_term_string}"},"query-input":{"@type":"PropertyValueSpecification","valueRequired":true,"valueName":"search_term_string"}}],"inLanguage":"sv-SE"}]}},"_links":{"self":[{"href":"https:\/\/folkdansringen.se\/riks\/wp-json\/wp\/v2\/pages\/7992","targetHints":{"allow":["GET"]}}],"collection":[{"href":"https:\/\/folkdansringen.se\/riks\/wp-json\/wp\/v2\/pages"}],"about":[{"href":"https:\/\/folkdansringen.se\/riks\/wp-json\/wp\/v2\/types\/page"}],"author":[{"embeddable":true,"href":"https:\/\/folkdansringen.se\/riks\/wp-json\/wp\/v2\/users\/6"}],"replies":[{"embeddable":true,"href":"https:\/\/folkdansringen.se\/riks\/wp-json\/wp\/v2\/comments?post=7992"}],"version-history":[{"count":25,"href":"https:\/\/folkdansringen.se\/riks\/wp-json\/wp\/v2\/pages\/7992\/revisions"}],"predecessor-version":[{"id":14158,"href":"https:\/\/folkdansringen.se\/riks\/wp-json\/wp\/v2\/pages\/7992\/revisions\/14158"}],"up":[{"embeddable":true,"href":"https:\/\/folkdansringen.se\/riks\/wp-json\/wp\/v2\/pages\/5876"}],"wp:attachment":[{"href":"https:\/\/folkdansringen.se\/riks\/wp-json\/wp\/v2\/media?parent=7992"}],"curies":[{"name":"wp","href":"https:\/\/api.w.org\/{rel}","templated":true}]}}