
{"id":5638,"date":"2019-03-11T13:11:09","date_gmt":"2019-03-11T12:11:09","guid":{"rendered":"https:\/\/ny.folkdansringen.se\/riksnya\/?page_id=5638"},"modified":"2026-02-05T21:56:13","modified_gmt":"2026-02-05T20:56:13","slug":"zornmarket","status":"publish","type":"page","link":"https:\/\/folkdansringen.se\/riks\/var-verksamhet\/zornmarket\/","title":{"rendered":"Zornm\u00e4rket"},"content":{"rendered":"<p>[et_pb_section fb_built=&#8221;1&#8243; module_id=&#8221;fdrSiteWrap&#8221; _builder_version=&#8221;4.16&#8243; global_colors_info=&#8221;{}&#8221;][et_pb_row module_id=&#8221;fdrSiteHeader&#8221; _builder_version=&#8221;4.16&#8243; background_size=&#8221;initial&#8221; background_position=&#8221;top_left&#8221; background_repeat=&#8221;repeat&#8221; custom_padding=&#8221;27px|0px|0|0px|false|false&#8221; global_colors_info=&#8221;{}&#8221;][et_pb_column type=&#8221;4_4&#8243; _builder_version=&#8221;4.16&#8243; custom_padding=&#8221;|||&#8221; global_colors_info=&#8221;{}&#8221; custom_padding__hover=&#8221;|||&#8221;][et_pb_image src=&#8221;https:\/\/folkdansringen.se\/riks\/wp-content\/uploads\/2025\/07\/IMG_5885-Bernt-Lindstrom-marke-narbild-liggande-scaled.jpeg&#8221; title_text=&#8221;IMG_5885 Bernt Lindstr\u00f6m m\u00e4rke n\u00e4rbild liggande&#8221; force_fullwidth=&#8221;on&#8221; align_tablet=&#8221;center&#8221; align_phone=&#8221;&#8221; align_last_edited=&#8221;on|desktop&#8221; module_id=&#8221;frdHeaderImage&#8221; _builder_version=&#8221;4.27.2&#8243; global_colors_info=&#8221;{}&#8221;][\/et_pb_image][\/et_pb_column][\/et_pb_row][et_pb_row _builder_version=&#8221;4.18.0&#8243; _module_preset=&#8221;default&#8221; global_colors_info=&#8221;{}&#8221;][et_pb_column type=&#8221;4_4&#8243; _builder_version=&#8221;4.18.0&#8243; _module_preset=&#8221;default&#8221; global_colors_info=&#8221;{}&#8221;][et_pb_text _builder_version=&#8221;4.18.0&#8243; _module_preset=&#8221;default&#8221; global_colors_info=&#8221;{}&#8221;]<\/p>\n<h3 style=\"text-align: center;\"><strong>Zornm\u00e4rket i guld 2025 tilldelas: Bernt Lindstr\u00f6m, Lingbo, s\u00f6dra H\u00e4lsingland<br \/><\/strong>Juryns motivering: &#8221;<em>f\u00f6r m\u00e4sterligt, traditionsrikt och uttrycksfullt spel p\u00e5 horn<\/em>&#8221;<\/h3>\n<p>[\/et_pb_text][\/et_pb_column][\/et_pb_row][et_pb_row column_structure=&#8221;1_4,1_2,1_4&#8243; _builder_version=&#8221;4.16&#8243; min_height=&#8221;1333.5px&#8221; custom_padding=&#8221;44px|||||&#8221; saved_tabs=&#8221;all&#8221; global_colors_info=&#8221;{}&#8221;][et_pb_column type=&#8221;1_4&#8243; _builder_version=&#8221;4.16&#8243; custom_padding=&#8221;|||&#8221; global_colors_info=&#8221;{}&#8221; custom_padding__hover=&#8221;|||&#8221;][et_pb_text _builder_version=&#8221;4.14.7&#8243; global_module=&#8221;8943&#8243; saved_tabs=&#8221;all&#8221; global_colors_info=&#8221;{}&#8221;]<\/p>\n<ul class=\"fdrUlLinks\">\n<li><a href=\"https:\/\/folkdansringen.se\/riks\/var-verksamhet\/zornmarket\/\">Zornm\u00e4rket<\/a><\/li>\n<li><a href=\"https:\/\/folkdansringen.se\/riks\/var-verksamhet\/zornmarket\/bli-riksspelman\/\">Bli riksspelman<\/a><\/li>\n<li><a href=\"https:\/\/folkdansringen.se\/riks\/zornmarket\/instrument\">Instrument<\/a><\/li>\n<li><a href=\"https:\/\/folkdansringen.se\/riks\/zornmarket\/uppspelning\/\">Uppspelning<\/a><\/li>\n<li><a href=\"https:\/\/folkdansringen.se\/riks\/zornmarket\/zornmarkesnamnden\/\">Zornm\u00e4rkesn\u00e4mnden<\/a><\/li>\n<li><a href=\"https:\/\/folkdansringen.se\/riks\/var-verksamhet\/zornmarket\/historik\/\">Historik<\/a><\/li>\n<\/ul>\n<p>[\/et_pb_text][\/et_pb_column][et_pb_column type=&#8221;1_2&#8243; _builder_version=&#8221;4.16&#8243; custom_padding=&#8221;|||&#8221; global_colors_info=&#8221;{}&#8221; custom_padding__hover=&#8221;|||&#8221;][et_pb_text _builder_version=&#8221;4.16&#8243; global_colors_info=&#8221;{}&#8221;]<\/p>\n<h1>Zornm\u00e4rket<\/h1>\n<p><strong>Zornm\u00e4rket i guld, silver och brons utdelas av Svenska Folkdansringen till f\u00f6rtj\u00e4nta spelm\u00e4n. Allt f\u00f6r att \u00f6ka intresset f\u00f6r den svenska folkmusiken och l\u00e5ta arvet fr\u00e5n \u00e4ldre tiders spelm\u00e4n leva vidare genom yngre generationer.<\/strong><\/p>\n<h2>Folkdansringen arrangerar<\/h2>\n<p>Uppspelningarna f\u00f6r Zornm\u00e4rket lever vidare genom Svenska Folkdansringen sedan upprinnelsen p\u00e5 1930-talet. F\u00f6rtj\u00e4nstm\u00e4rket har till uppgift att \u00f6ka intresset f\u00f6r den svenska folkmusiken och f\u00f6r att nya generationer ska stimuleras till att, enligt Anders Zorns intentioner, p\u00e5 ett traditionsbevarande s\u00e4tt f\u00f6ra vidare och skapa f\u00f6rst\u00e5else f\u00f6r den musik och de spelstilar som vi \u00e4rvt fr\u00e5n \u00e4ldre tiders spelm\u00e4n.<\/p>\n<p>Som arrang\u00f6r av uppspelningar f\u00f6r Zornm\u00e4rket har Svenska Folkdansringen ett stort ansvar f\u00f6r bevarandet av traditioner inom folkmusiken.<\/p>\n<h2>Riksspelman<\/h2>\n<p>Titeln Riksspelman har den r\u00e4tt att anv\u00e4nda som erh\u00e5llit zornm\u00e4rket i silver och guld.<\/p>\n<h2>Guld, silver och brons<\/h2>\n<p>Zornm\u00e4rket i guld tilldelas synnerligen framst\u00e5ende traditionsb\u00e4rare och endast ett till tv\u00e5 guldm\u00e4rken delas ut per \u00e5r. Nomineringar till detta kan skickas in senast \u00e5rsskiftet inf\u00f6r beslut och utdelning \u00e5ret d\u00e4rp\u00e5. Detta g\u00f6rs till <a href=\"mailto:zorn@folkdansringen.se\">zorn@folkdansringen.se<\/a><br \/>Nominering ska \u00e5tf\u00f6ljas av motivering samt ljudprov med den nominerade d\u00e4r denne spelar sj\u00e4lv.<\/p>\n<p>Zornm\u00e4rket i silver och brons utdelas efter uppspelning inf\u00f6r en jury och efter s\u00e4rskilda bed\u00f6mningsgrunder.<\/p>\n<p>Med samtliga m\u00e4rken f\u00f6ljer ett diplom vilket dessutom kan utdelas separat som uppmuntran.<\/p>\n<h2>Uppspelning varje \u00e5r<\/h2>\n<p>Uppspelning kan vara endera central eller regional. Central uppspelning anordnas en g\u00e5ng per \u00e5r. Den avslutas med en av arrang\u00f6ren anordnad riksspelmansst\u00e4mma vid vilken Zornm\u00e4rket i guld, silver och brons samt diplom delas ut.<\/p>\n<p>Vid regional uppspelning utdelas endast Zornm\u00e4rket i brons och diplom. Regional uppspelning sker sporadiskt.<\/p>\n<h2>Statuter och mer information<\/h2>\n<p>Historisk bakgrund och statuter hittar du i <a href=\"https:\/\/folkdansringen.se\/riks\/wp-content\/uploads\/2025\/06\/Statuter-Zornmarket.pdf\">Statuter f\u00f6r zornm\u00e4rket<\/a><\/p>\n<h2>Upplysningar<\/h2>\n<p>Kontaktformul\u00e4r f\u00f6r fr\u00e5gor finns p\u00e5 sidan<span>\u00a0<\/span><a href=\"https:\/\/folkdansringen.se\/riks\/var-verksamhet\/zornmarket\/zornmarkesnamnden\/\" title=\"Kontaktformul\u00e4r finns p\u00e5 sidan Zornm\u00e4rkesn\u00e4mnden\">Zornm\u00e4rkesn\u00e4mnden<\/a><\/p>\n<p>[\/et_pb_text][\/et_pb_column][et_pb_column type=&#8221;1_4&#8243; _builder_version=&#8221;4.16&#8243; custom_padding=&#8221;|||&#8221; global_colors_info=&#8221;{}&#8221; custom_padding__hover=&#8221;|||&#8221;][et_pb_cta button_text=&#8221;Click Here&#8221; module_class=&#8221;fdrRightColumn&#8221; _builder_version=&#8221;4.18.0&#8243; header_font=&#8221;||||||||&#8221; body_font=&#8221;||||||||&#8221; use_background_color=&#8221;off&#8221; width=&#8221;100%&#8221; global_module=&#8221;11881&#8243; saved_tabs=&#8221;all&#8221; inline_fonts=&#8221;Abel&#8221; global_colors_info=&#8221;{}&#8221;]<\/p>\n<h3><span style=\"font-family: inherit; font-size: large; font-weight: normal; color: #1b00ed;\">Uppspelningar i Falun 22-26 juni.<\/span><\/h3>\n<h3><span style=\"font-family: inherit; font-size: large; font-weight: normal; color: #1b00ed;\">Riksspelmansst\u00e4mma i Leksand den 27 juni.<\/span><\/h3>\n<h1 style=\"text-align: center;\"><span style=\"font-family: inherit; font-size: large; font-weight: normal; color: #1b00ed;\"><a href=\"https:\/\/dans.se\/zornmarkesnamnden\/shop\/new?event=272570\">Maxantalet 75 uppspelande \u00e4r uppn\u00e5tt f\u00f6r 2026. Anm\u00e4lningar nu hamnar p\u00e5 v\u00e4ntelista. Klicka h\u00e4r f\u00f6r anm\u00e4lan!<\/a><br \/><\/span><\/h1>\n<p>[\/et_pb_cta][\/et_pb_column][\/et_pb_row][\/et_pb_section]<\/p>\n","protected":false},"excerpt":{"rendered":"<p>Zornm\u00e4rket i guld 2025 tilldelas: Bernt Lindstr\u00f6m, Lingbo, s\u00f6dra H\u00e4lsinglandJuryns motivering: &#8221;f\u00f6r m\u00e4sterligt, traditionsrikt och uttrycksfullt spel p\u00e5 horn&#8221; Zornm\u00e4rket Bli riksspelman Instrument Uppspelning Zornm\u00e4rkesn\u00e4mnden Historik Zornm\u00e4rket Zornm\u00e4rket i guld, silver och brons utdelas av Svenska Folkdansringen till f\u00f6rtj\u00e4nta spelm\u00e4n. Allt f\u00f6r att \u00f6ka intresset f\u00f6r den svenska folkmusiken och l\u00e5ta arvet fr\u00e5n \u00e4ldre tiders [&hellip;]<\/p>\n","protected":false},"author":1,"featured_media":0,"parent":2,"menu_order":0,"comment_status":"closed","ping_status":"closed","template":"","meta":{"_et_pb_use_builder":"on","_et_pb_old_content":"[et_pb_section fb_built=\"1\" module_id=\"fdrSiteWrap\" _builder_version=\"3.22.3\" global_colors_info=\"{}\"][et_pb_row module_id=\"fdrSiteHeader\" _builder_version=\"3.25\" background_size=\"initial\" background_position=\"top_left\" background_repeat=\"repeat\" custom_padding=\"27px|0px|0|0px|false|false\" global_colors_info=\"{}\"][et_pb_column type=\"4_4\" _builder_version=\"3.25\" custom_padding=\"|||\" global_colors_info=\"{}\" custom_padding__hover=\"|||\"][et_pb_image src=\"https:\/\/folkdansringen.se\/riks\/wp-content\/uploads\/2019\/09\/Svenska-Folkdanringen-Zornbanderoll-2.jpg\" force_fullwidth=\"on\" align_tablet=\"center\" align_phone=\"\" align_last_edited=\"on|desktop\" module_id=\"frdHeaderImage\" _builder_version=\"3.23\" global_colors_info=\"{}\"][\/et_pb_image][\/et_pb_column][\/et_pb_row][et_pb_row column_structure=\"1_4,1_2,1_4\" _builder_version=\"3.25\" custom_padding=\"44px|||||\" saved_tabs=\"all\" global_colors_info=\"{}\"][et_pb_column type=\"1_4\" _builder_version=\"3.25\" custom_padding=\"|||\" global_colors_info=\"{}\" custom_padding__hover=\"|||\"][et_pb_text _builder_version=\"4.0.6\" global_module=\"8943\" saved_tabs=\"all\" global_colors_info=\"{}\"]\n<ul class=\"fdrUlLinks\">\n \t<li><a href=\"https:\/\/folkdansringen.se\/riks\/var-verksamhet\/zornmarket\/\">Zornm\u00e4rket<\/a><\/li>\n \t<li><a href=\"https:\/\/folkdansringen.se\/riks\/zornmarket\/sa-blir-du-riksspelman\/\">S\u00e5 blir du riksspelman<\/a><\/li>\n \t<li><a href=\"https:\/\/folkdansringen.se\/riks\/zornmarket\/instrument\">Instrument<\/a><\/li>\n \t<li><a href=\"https:\/\/folkdansringen.se\/riks\/zornmarket\/uppspelning\/\">Uppspelning<\/a><\/li>\n \t<li><a href=\"https:\/\/folkdansringen.se\/riks\/zornmarket\/zornmarkesnamnden\/\">Zornm\u00e4rkesn\u00e4mnden<\/a><\/li>\n \t<li><a href=\"https:\/\/folkdansringen.se\/riks\/wp-content\/uploads\/2019\/12\/Riksspelm\u00e4n-1936-2019.pdf\" rel=\"attachment wp-att-11130 noopener noreferrer\" target=\"_blank\">Riksspelm\u00e4n genom tiderna<\/a><\/li>\n \t<li><a href=\"https:\/\/folkdansringen.se\/riks\/aktuellt\/dans-och-spelmansstamma\/\"><\/a><a href=\"https:\/\/folkdansringen.se\/riks\/var-verksamhet\/zornmarket\/historik\/\">Historik<\/a><\/li>\n \t<li><a href=\"https:\/\/folkdansringen.se\/riks\/var-verksamhet\/zornmarket\/statuter-for-zornmarket\/\" rel=\"attachment wp-att-8461\">Statuter f\u00f6r Zornm\u00e4rket<\/a><\/li>\n<\/ul>\n[\/et_pb_text][\/et_pb_column][et_pb_column type=\"1_2\" _builder_version=\"3.25\" custom_padding=\"|||\" global_colors_info=\"{}\" custom_padding__hover=\"|||\"][et_pb_text _builder_version=\"4.14.7\" hover_enabled=\"0\" global_colors_info=\"{}\" sticky_enabled=\"0\"]\n<h1>Zornm\u00e4rket<\/h1>\n<strong>Zornm\u00e4rket i guld, silver och brons utdelas av Svenska Folkdansringen f\u00f6r att \u00f6ka intresset f\u00f6r den svenska folkmusiken och l\u00e5ta arvet fr\u00e5n \u00e4ldre tiders spelm\u00e4n leva vidare genom yngre generationer.<\/strong>\n<h2>Folkdansringen arrangerar<\/h2>\nZornm\u00e4rkesuppspelningarna lever vidare genom Svenska Folkdansringen och har till uppgift att \u00f6ka intresset f\u00f6r den svenska folkmusiken och f\u00f6r att nya generationer ska stimuleras till att, enligt Anders Zorns intentioner, p\u00e5 ett traditionsbevarande s\u00e4tt f\u00f6ra vidare och skapa f\u00f6rst\u00e5else f\u00f6r den musik och de spelstilar som vi \u00e4rvt fr\u00e5n \u00e4ldre tiders spelm\u00e4n.\n\nSom arrang\u00f6r av uppspelningar f\u00f6r Zornm\u00e4rket har Svenska Folkdansringen har ett stort ansvar f\u00f6r bevarandet av traditioner inom folkmusiken.\n<h2>Riksspelman<\/h2>\nTiteln Riksspelman har den r\u00e4tt att anv\u00e4nda som erh\u00e5llit zornm\u00e4rket i guld eller silver.\n<h2>Guld, silver och brons<\/h2>\nZornm\u00e4rket i guld tilldelas synnerligen framst\u00e5ende traditionsb\u00e4rare och endast ett till tv\u00e5 guldm\u00e4rken delas ut per \u00e5r. Zornm\u00e4rket i silver och brons utdelas efter uppspelning inf\u00f6r en jury och efter s\u00e4rskilda bed\u00f6mningsgrunder.\n\nMed samtliga m\u00e4rken f\u00f6ljer ett diplom vilket dessutom kan utdelas separat som uppmuntran.\n<h2>Uppspelning varje \u00e5r<\/h2>\nUppspelning kan vara endera central eller regional. Central uppspelning anordnas en g\u00e5ng per \u00e5r. Den avslutas med en av arrang\u00f6ren anordnad riksspelmansst\u00e4mma vid vilken Zornm\u00e4rket i guld, silver och brons samt diplom delas ut.\n\nVid regional uppspelning utdelas endast Zornm\u00e4rket i brons och diplom.\n\n<u><a href=\"http:\/\/www.zornmarket.se\" target=\"_blank\" rel=\"noopener noreferrer\">Se \u00e4ven zornmarket.se<\/a><\/u>\n\n[\/et_pb_text][\/et_pb_column][et_pb_column type=\"1_4\" _builder_version=\"3.25\" custom_padding=\"|||\" global_colors_info=\"{}\" custom_padding__hover=\"|||\"][et_pb_cta title=\"2022 \u00e5rs Zornm\u00e4rke\" button_text=\"Click Here\" module_class=\"fdrRightColumn\" _builder_version=\"4.14.7\" header_font=\"||||||||\" body_font=\"||||||||\" use_background_color=\"off\" width=\"100%\" global_module=\"11881\" saved_tabs=\"all\" global_colors_info=\"{}\"]\n<p style=\"font-weight: 400; text-align: left;\"><span>2022 \u00e5rs uppspelning f\u00f6r Zornm\u00e4rke genomf\u00f6rs i Link\u00f6ping 8-13&nbsp;augusti.&nbsp;<\/span><\/p>\n<p style=\"font-weight: 400; text-align: left;\">Anm\u00e4lan \u00e4r \u00f6ppen 31 januari-30 april&nbsp;<a href=\"https:\/\/dans.se\/zornmarkesnamnden\/shop\/?event=151765\" target=\"_blank\" rel=\"noopener noreferrer\">h\u00e4r via Dans.se<\/a><\/p>\n[\/et_pb_cta][\/et_pb_column][\/et_pb_row][\/et_pb_section]","_et_gb_content_width":"","footnotes":""},"class_list":["post-5638","page","type-page","status-publish","hentry"],"yoast_head":"<!-- This site is optimized with the Yoast SEO plugin v27.4 - https:\/\/yoast.com\/product\/yoast-seo-wordpress\/ -->\n<title>Zornm\u00e4rket &#187; Folkdansringen<\/title>\n<meta name=\"robots\" content=\"index, follow, max-snippet:-1, max-image-preview:large, max-video-preview:-1\" \/>\n<link rel=\"canonical\" href=\"https:\/\/folkdansringen.se\/riks\/var-verksamhet\/zornmarket\/\" \/>\n<meta property=\"og:locale\" content=\"sv_SE\" \/>\n<meta property=\"og:type\" content=\"article\" \/>\n<meta property=\"og:title\" content=\"Zornm\u00e4rket &#187; Folkdansringen\" \/>\n<meta property=\"og:description\" content=\"Zornm\u00e4rket i guld 2025 tilldelas: Bernt Lindstr\u00f6m, Lingbo, s\u00f6dra H\u00e4lsinglandJuryns motivering: &quot;f\u00f6r m\u00e4sterligt, traditionsrikt och uttrycksfullt spel p\u00e5 horn&quot; Zornm\u00e4rket Bli riksspelman Instrument Uppspelning Zornm\u00e4rkesn\u00e4mnden Historik Zornm\u00e4rket Zornm\u00e4rket i guld, silver och brons utdelas av Svenska Folkdansringen till f\u00f6rtj\u00e4nta spelm\u00e4n. Allt f\u00f6r att \u00f6ka intresset f\u00f6r den svenska folkmusiken och l\u00e5ta arvet fr\u00e5n \u00e4ldre tiders [&hellip;]\" \/>\n<meta property=\"og:url\" content=\"https:\/\/folkdansringen.se\/riks\/var-verksamhet\/zornmarket\/\" \/>\n<meta property=\"og:site_name\" content=\"Folkdansringen\" \/>\n<meta property=\"article:modified_time\" content=\"2026-02-05T20:56:13+00:00\" \/>\n<meta name=\"twitter:card\" content=\"summary_large_image\" \/>\n<meta name=\"twitter:label1\" content=\"Ber\u00e4knad l\u00e4stid\" \/>\n\t<meta name=\"twitter:data1\" content=\"2 minuter\" \/>\n<script type=\"application\/ld+json\" class=\"yoast-schema-graph\">{\"@context\":\"https:\\\/\\\/schema.org\",\"@graph\":[{\"@type\":\"WebPage\",\"@id\":\"https:\\\/\\\/folkdansringen.se\\\/riks\\\/var-verksamhet\\\/zornmarket\\\/\",\"url\":\"https:\\\/\\\/folkdansringen.se\\\/riks\\\/var-verksamhet\\\/zornmarket\\\/\",\"name\":\"Zornm\u00e4rket &#187; Folkdansringen\",\"isPartOf\":{\"@id\":\"https:\\\/\\\/folkdansringen.se\\\/riks\\\/#website\"},\"datePublished\":\"2019-03-11T12:11:09+00:00\",\"dateModified\":\"2026-02-05T20:56:13+00:00\",\"breadcrumb\":{\"@id\":\"https:\\\/\\\/folkdansringen.se\\\/riks\\\/var-verksamhet\\\/zornmarket\\\/#breadcrumb\"},\"inLanguage\":\"sv-SE\",\"potentialAction\":[{\"@type\":\"ReadAction\",\"target\":[\"https:\\\/\\\/folkdansringen.se\\\/riks\\\/var-verksamhet\\\/zornmarket\\\/\"]}]},{\"@type\":\"BreadcrumbList\",\"@id\":\"https:\\\/\\\/folkdansringen.se\\\/riks\\\/var-verksamhet\\\/zornmarket\\\/#breadcrumb\",\"itemListElement\":[{\"@type\":\"ListItem\",\"position\":1,\"name\":\"Hem\",\"item\":\"https:\\\/\\\/folkdansringen.se\\\/riks\\\/\"},{\"@type\":\"ListItem\",\"position\":2,\"name\":\"V\u00e5r verksamhet\",\"item\":\"https:\\\/\\\/folkdansringen.se\\\/riks\\\/var-verksamhet\\\/\"},{\"@type\":\"ListItem\",\"position\":3,\"name\":\"Zornm\u00e4rket\"}]},{\"@type\":\"WebSite\",\"@id\":\"https:\\\/\\\/folkdansringen.se\\\/riks\\\/#website\",\"url\":\"https:\\\/\\\/folkdansringen.se\\\/riks\\\/\",\"name\":\"Folkdansringen\",\"description\":\"\",\"potentialAction\":[{\"@type\":\"SearchAction\",\"target\":{\"@type\":\"EntryPoint\",\"urlTemplate\":\"https:\\\/\\\/folkdansringen.se\\\/riks\\\/?s={search_term_string}\"},\"query-input\":{\"@type\":\"PropertyValueSpecification\",\"valueRequired\":true,\"valueName\":\"search_term_string\"}}],\"inLanguage\":\"sv-SE\"}]}<\/script>\n<!-- \/ Yoast SEO plugin. -->","yoast_head_json":{"title":"Zornm\u00e4rket &#187; Folkdansringen","robots":{"index":"index","follow":"follow","max-snippet":"max-snippet:-1","max-image-preview":"max-image-preview:large","max-video-preview":"max-video-preview:-1"},"canonical":"https:\/\/folkdansringen.se\/riks\/var-verksamhet\/zornmarket\/","og_locale":"sv_SE","og_type":"article","og_title":"Zornm\u00e4rket &#187; Folkdansringen","og_description":"Zornm\u00e4rket i guld 2025 tilldelas: Bernt Lindstr\u00f6m, Lingbo, s\u00f6dra H\u00e4lsinglandJuryns motivering: \"f\u00f6r m\u00e4sterligt, traditionsrikt och uttrycksfullt spel p\u00e5 horn\" Zornm\u00e4rket Bli riksspelman Instrument Uppspelning Zornm\u00e4rkesn\u00e4mnden Historik Zornm\u00e4rket Zornm\u00e4rket i guld, silver och brons utdelas av Svenska Folkdansringen till f\u00f6rtj\u00e4nta spelm\u00e4n. Allt f\u00f6r att \u00f6ka intresset f\u00f6r den svenska folkmusiken och l\u00e5ta arvet fr\u00e5n \u00e4ldre tiders [&hellip;]","og_url":"https:\/\/folkdansringen.se\/riks\/var-verksamhet\/zornmarket\/","og_site_name":"Folkdansringen","article_modified_time":"2026-02-05T20:56:13+00:00","twitter_card":"summary_large_image","twitter_misc":{"Ber\u00e4knad l\u00e4stid":"2 minuter"},"schema":{"@context":"https:\/\/schema.org","@graph":[{"@type":"WebPage","@id":"https:\/\/folkdansringen.se\/riks\/var-verksamhet\/zornmarket\/","url":"https:\/\/folkdansringen.se\/riks\/var-verksamhet\/zornmarket\/","name":"Zornm\u00e4rket &#187; Folkdansringen","isPartOf":{"@id":"https:\/\/folkdansringen.se\/riks\/#website"},"datePublished":"2019-03-11T12:11:09+00:00","dateModified":"2026-02-05T20:56:13+00:00","breadcrumb":{"@id":"https:\/\/folkdansringen.se\/riks\/var-verksamhet\/zornmarket\/#breadcrumb"},"inLanguage":"sv-SE","potentialAction":[{"@type":"ReadAction","target":["https:\/\/folkdansringen.se\/riks\/var-verksamhet\/zornmarket\/"]}]},{"@type":"BreadcrumbList","@id":"https:\/\/folkdansringen.se\/riks\/var-verksamhet\/zornmarket\/#breadcrumb","itemListElement":[{"@type":"ListItem","position":1,"name":"Hem","item":"https:\/\/folkdansringen.se\/riks\/"},{"@type":"ListItem","position":2,"name":"V\u00e5r verksamhet","item":"https:\/\/folkdansringen.se\/riks\/var-verksamhet\/"},{"@type":"ListItem","position":3,"name":"Zornm\u00e4rket"}]},{"@type":"WebSite","@id":"https:\/\/folkdansringen.se\/riks\/#website","url":"https:\/\/folkdansringen.se\/riks\/","name":"Folkdansringen","description":"","potentialAction":[{"@type":"SearchAction","target":{"@type":"EntryPoint","urlTemplate":"https:\/\/folkdansringen.se\/riks\/?s={search_term_string}"},"query-input":{"@type":"PropertyValueSpecification","valueRequired":true,"valueName":"search_term_string"}}],"inLanguage":"sv-SE"}]}},"_links":{"self":[{"href":"https:\/\/folkdansringen.se\/riks\/wp-json\/wp\/v2\/pages\/5638","targetHints":{"allow":["GET"]}}],"collection":[{"href":"https:\/\/folkdansringen.se\/riks\/wp-json\/wp\/v2\/pages"}],"about":[{"href":"https:\/\/folkdansringen.se\/riks\/wp-json\/wp\/v2\/types\/page"}],"author":[{"embeddable":true,"href":"https:\/\/folkdansringen.se\/riks\/wp-json\/wp\/v2\/users\/1"}],"replies":[{"embeddable":true,"href":"https:\/\/folkdansringen.se\/riks\/wp-json\/wp\/v2\/comments?post=5638"}],"version-history":[{"count":96,"href":"https:\/\/folkdansringen.se\/riks\/wp-json\/wp\/v2\/pages\/5638\/revisions"}],"predecessor-version":[{"id":15696,"href":"https:\/\/folkdansringen.se\/riks\/wp-json\/wp\/v2\/pages\/5638\/revisions\/15696"}],"up":[{"embeddable":true,"href":"https:\/\/folkdansringen.se\/riks\/wp-json\/wp\/v2\/pages\/2"}],"wp:attachment":[{"href":"https:\/\/folkdansringen.se\/riks\/wp-json\/wp\/v2\/media?parent=5638"}],"curies":[{"name":"wp","href":"https:\/\/api.w.org\/{rel}","templated":true}]}}