
{"id":4513,"date":"2018-11-01T14:26:45","date_gmt":"2018-11-01T13:26:45","guid":{"rendered":"https:\/\/ny.folkdansringen.se\/riksnya\/?page_id=4513"},"modified":"2026-02-18T20:00:28","modified_gmt":"2026-02-18T19:00:28","slug":"folkdansringen-shop","status":"publish","type":"page","link":"https:\/\/folkdansringen.se\/riks\/boka-bestall\/folkdansringen-shop\/","title":{"rendered":"Folkdansringen shop"},"content":{"rendered":"<p>[et_pb_section fb_built=&#8221;1&#8243; module_id=&#8221;fdrSiteWrap&#8221; _builder_version=&#8221;4.16&#8243; global_colors_info=&#8221;{}&#8221;][et_pb_row module_id=&#8221;fdrSiteHeader&#8221; _builder_version=&#8221;4.16&#8243; background_size=&#8221;initial&#8221; background_position=&#8221;top_left&#8221; background_repeat=&#8221;repeat&#8221; custom_padding=&#8221;27px|0px|0|0px|false|false&#8221; global_colors_info=&#8221;{}&#8221;][et_pb_column type=&#8221;4_4&#8243; _builder_version=&#8221;4.16&#8243; custom_padding=&#8221;|||&#8221; global_colors_info=&#8221;{}&#8221; custom_padding__hover=&#8221;|||&#8221;][et_pb_image src=&#8221;https:\/\/folkdansringen.se\/riks\/wp-content\/uploads\/2022\/12\/folkdansringen-shop-Toppbild-stor-1517&#215;505-1.jpg&#8221; title_text=&#8221;folkdansringen-shop-Toppbild stor 1517&#215;505&#8243; force_fullwidth=&#8221;on&#8221; align_tablet=&#8221;center&#8221; align_phone=&#8221;&#8221; align_last_edited=&#8221;on|desktop&#8221; module_id=&#8221;frdHeaderImage&#8221; _builder_version=&#8221;4.18.0&#8243; global_colors_info=&#8221;{}&#8221;][\/et_pb_image][\/et_pb_column][\/et_pb_row][et_pb_row column_structure=&#8221;1_4,1_2,1_4&#8243; module_id=&#8221;fdrThreecolumns&#8221; _builder_version=&#8221;4.16&#8243; custom_padding=&#8221;42px|0px|27px|0px|false|false&#8221; global_colors_info=&#8221;{}&#8221;][et_pb_column type=&#8221;1_4&#8243; _builder_version=&#8221;4.16&#8243; custom_padding=&#8221;|||&#8221; global_colors_info=&#8221;{}&#8221; custom_padding__hover=&#8221;|||&#8221;][et_pb_text _builder_version=&#8221;4.16&#8243; custom_padding=&#8221;||4px|||&#8221; global_colors_info=&#8221;{}&#8221;]<\/p>\n<ul class=\"fdrUlLinks\">\n<li>Litteratur<\/li>\n<li>CD-skivor<\/li>\n<li>Profilprodukter<\/li>\n<\/ul>\n<p>[\/et_pb_text][\/et_pb_column][et_pb_column type=&#8221;1_2&#8243; _builder_version=&#8221;4.16&#8243; custom_padding=&#8221;|||&#8221; global_colors_info=&#8221;{}&#8221; custom_padding__hover=&#8221;|||&#8221;][et_pb_text module_id=&#8221;fdrWhatWeDoMiddle&#8221; _builder_version=&#8221;4.27.4&#8243; hover_enabled=&#8221;0&#8243; global_colors_info=&#8221;{}&#8221; sticky_enabled=&#8221;0&#8243;]<\/p>\n<h1>Folkdansringen shop<\/h1>\n<h3>Best\u00e4llningar ur Folkdansringen shop<\/h3>\n<p>Svenska Folkdansringen s\u00e4ljer b\u00f6cker med dansbeskrivningar och noter, s\u00e5ngb\u00f6cker, cd-skivor med musik m.fl. <a href=\"https:\/\/folkdansringen.se\/riks\/wp-content\/uploads\/2026\/02\/Folkdansringens-shops-forteckning-den-18-februari-2025.pdf\" rel=\"attachment noopener wp-att-11039\" target=\"_blank\">Folkdansringen shop artiklar<\/a>.<\/p>\n<p>Du best\u00e4ller hos <a href=\"https:\/\/folkdansringen.se\/riks\/kontakt\/\" target=\"_blank\" rel=\"noopener noreferrer\">Svenska Folkdansringens rikskansli.<\/a><\/p>\n<p>Porto tillkommer. Betalning sker via faktura, som skickas separat via e-post eller post.<\/p>\n<p>[\/et_pb_text][et_pb_code _builder_version=&#8221;4.16&#8243; global_colors_info=&#8221;{}&#8221;][\/et_pb_code][\/et_pb_column][et_pb_column type=&#8221;1_4&#8243; _builder_version=&#8221;4.16&#8243; custom_padding=&#8221;|||&#8221; global_colors_info=&#8221;{}&#8221; custom_padding__hover=&#8221;|||&#8221;][et_pb_cta button_text=&#8221;Click Here&#8221; module_id=&#8221;fdrWhatWeDoRight&#8221; _builder_version=&#8221;4.18.0&#8243; use_background_color=&#8221;off&#8221; custom_margin=&#8221;3px|||||&#8221; global_module=&#8221;11220&#8243; saved_tabs=&#8221;all&#8221; global_colors_info=&#8221;{}&#8221;]<\/p>\n<h2>F\u00f6lj oss!<\/h2>\n<p>P\u00e5 sociala medier finns Svenska Folkdansringen\u00a0 och inspirerar med inl\u00e4gg, bilder och filmer.<\/p>\n<p><a href=\"https:\/\/www.instagram.com\/svenskafolkdansringen\/\" target=\"_blank\" rel=\"noopener\"><img loading=\"lazy\" decoding=\"async\" src=\"https:\/\/folkdansringen.se\/riks\/wp-content\/uploads\/2022\/06\/Instagram-logo-30x30-1.png\" width=\"30\" height=\"30\" alt=\"Instagram logotyp\" class=\"wp-image-13463 alignnone size-full\" \/><\/a>\u00a0 \u00a0<a href=\"https:\/\/sv-se.facebook.com\/folkdansringen\/\" target=\"_blank\" rel=\"noopener\"><img loading=\"lazy\" decoding=\"async\" src=\"https:\/\/folkdansringen.se\/riks\/wp-content\/uploads\/2018\/11\/if_facebook_986944-e1542192611888.png\" width=\"30\" height=\"30\" alt=\"Logotyp Facebook\" class=\"wp-image-4862 alignnone size-full\" \/><\/a>\u00a0 \u00a0<a href=\"https:\/\/www.youtube.com\/channel\/UC7RlAFaHAMXiB6duonH98-A\" target=\"_blank\" rel=\"noopener\"><img loading=\"lazy\" decoding=\"async\" src=\"https:\/\/folkdansringen.se\/riks\/wp-content\/uploads\/2022\/06\/youtube-logo-43x30-1.png\" width=\"43\" height=\"30\" alt=\"Youtube logotyp\" class=\"wp-image-13473 alignnone size-full\" \/><\/a><\/p>\n<p><a href=\"http:\/\/www.folkdansringen.se\/riks\/folj-oss\">L\u00e4s mer om hur du kan f\u00f6lja oss!<\/a><\/p>\n<p>[\/et_pb_cta][\/et_pb_column][\/et_pb_row][\/et_pb_section]<\/p>\n","protected":false},"excerpt":{"rendered":"<p>Litteratur CD-skivor Profilprodukter Folkdansringen shop Best\u00e4llningar ur Folkdansringen shop Svenska Folkdansringen s\u00e4ljer b\u00f6cker med dansbeskrivningar och noter, s\u00e5ngb\u00f6cker, cd-skivor med musik m.fl. Folkdansringen shop artiklar. Du best\u00e4ller hos Svenska Folkdansringens rikskansli. Porto tillkommer. Betalning sker via faktura, som skickas separat via e-post eller post.F\u00f6lj oss! P\u00e5 sociala medier finns Svenska Folkdansringen\u00a0 och inspirerar med inl\u00e4gg, [&hellip;]<\/p>\n","protected":false},"author":1,"featured_media":0,"parent":7043,"menu_order":0,"comment_status":"closed","ping_status":"closed","template":"","meta":{"_et_pb_use_builder":"on","_et_pb_old_content":"Text l\u00e4ggs in med DIVI builder","_et_gb_content_width":"","footnotes":""},"class_list":["post-4513","page","type-page","status-publish","hentry"],"yoast_head":"<!-- This site is optimized with the Yoast SEO plugin v27.5 - https:\/\/yoast.com\/product\/yoast-seo-wordpress\/ -->\n<title>Folkdansringen shop &#187; Folkdansringen<\/title>\n<meta name=\"robots\" content=\"index, follow, max-snippet:-1, max-image-preview:large, max-video-preview:-1\" \/>\n<link rel=\"canonical\" href=\"https:\/\/folkdansringen.se\/riks\/boka-bestall\/folkdansringen-shop\/\" \/>\n<meta property=\"og:locale\" content=\"sv_SE\" \/>\n<meta property=\"og:type\" content=\"article\" \/>\n<meta property=\"og:title\" content=\"Folkdansringen shop &#187; Folkdansringen\" \/>\n<meta property=\"og:description\" content=\"Litteratur CD-skivor Profilprodukter Folkdansringen shop Best\u00e4llningar ur Folkdansringen shop Svenska Folkdansringen s\u00e4ljer b\u00f6cker med dansbeskrivningar och noter, s\u00e5ngb\u00f6cker, cd-skivor med musik m.fl. Folkdansringen shop artiklar. Du best\u00e4ller hos Svenska Folkdansringens rikskansli. Porto tillkommer. Betalning sker via faktura, som skickas separat via e-post eller post.F\u00f6lj oss! P\u00e5 sociala medier finns Svenska Folkdansringen\u00a0 och inspirerar med inl\u00e4gg, [&hellip;]\" \/>\n<meta property=\"og:url\" content=\"https:\/\/folkdansringen.se\/riks\/boka-bestall\/folkdansringen-shop\/\" \/>\n<meta property=\"og:site_name\" content=\"Folkdansringen\" \/>\n<meta property=\"article:modified_time\" content=\"2026-02-18T19:00:28+00:00\" \/>\n<meta property=\"og:image\" content=\"https:\/\/folkdansringen.se\/riks\/wp-content\/uploads\/2022\/06\/Instagram-logo-30x30-1.png\" \/>\n<meta name=\"twitter:card\" content=\"summary_large_image\" \/>\n<meta name=\"twitter:label1\" content=\"Ber\u00e4knad l\u00e4stid\" \/>\n\t<meta name=\"twitter:data1\" content=\"2 minuter\" \/>\n<script type=\"application\/ld+json\" class=\"yoast-schema-graph\">{\"@context\":\"https:\\\/\\\/schema.org\",\"@graph\":[{\"@type\":\"WebPage\",\"@id\":\"https:\\\/\\\/folkdansringen.se\\\/riks\\\/boka-bestall\\\/folkdansringen-shop\\\/\",\"url\":\"https:\\\/\\\/folkdansringen.se\\\/riks\\\/boka-bestall\\\/folkdansringen-shop\\\/\",\"name\":\"Folkdansringen shop &#187; Folkdansringen\",\"isPartOf\":{\"@id\":\"https:\\\/\\\/folkdansringen.se\\\/riks\\\/#website\"},\"primaryImageOfPage\":{\"@id\":\"https:\\\/\\\/folkdansringen.se\\\/riks\\\/boka-bestall\\\/folkdansringen-shop\\\/#primaryimage\"},\"image\":{\"@id\":\"https:\\\/\\\/folkdansringen.se\\\/riks\\\/boka-bestall\\\/folkdansringen-shop\\\/#primaryimage\"},\"thumbnailUrl\":\"https:\\\/\\\/folkdansringen.se\\\/riks\\\/wp-content\\\/uploads\\\/2022\\\/06\\\/Instagram-logo-30x30-1.png\",\"datePublished\":\"2018-11-01T13:26:45+00:00\",\"dateModified\":\"2026-02-18T19:00:28+00:00\",\"breadcrumb\":{\"@id\":\"https:\\\/\\\/folkdansringen.se\\\/riks\\\/boka-bestall\\\/folkdansringen-shop\\\/#breadcrumb\"},\"inLanguage\":\"sv-SE\",\"potentialAction\":[{\"@type\":\"ReadAction\",\"target\":[\"https:\\\/\\\/folkdansringen.se\\\/riks\\\/boka-bestall\\\/folkdansringen-shop\\\/\"]}]},{\"@type\":\"ImageObject\",\"inLanguage\":\"sv-SE\",\"@id\":\"https:\\\/\\\/folkdansringen.se\\\/riks\\\/boka-bestall\\\/folkdansringen-shop\\\/#primaryimage\",\"url\":\"https:\\\/\\\/folkdansringen.se\\\/riks\\\/wp-content\\\/uploads\\\/2022\\\/06\\\/Instagram-logo-30x30-1.png\",\"contentUrl\":\"https:\\\/\\\/folkdansringen.se\\\/riks\\\/wp-content\\\/uploads\\\/2022\\\/06\\\/Instagram-logo-30x30-1.png\",\"width\":30,\"height\":30,\"caption\":\"Instagram logotyp\"},{\"@type\":\"BreadcrumbList\",\"@id\":\"https:\\\/\\\/folkdansringen.se\\\/riks\\\/boka-bestall\\\/folkdansringen-shop\\\/#breadcrumb\",\"itemListElement\":[{\"@type\":\"ListItem\",\"position\":1,\"name\":\"Hem\",\"item\":\"https:\\\/\\\/folkdansringen.se\\\/riks\\\/\"},{\"@type\":\"ListItem\",\"position\":2,\"name\":\"Boka\\\/best\u00e4ll\",\"item\":\"https:\\\/\\\/folkdansringen.se\\\/riks\\\/boka-bestall\\\/\"},{\"@type\":\"ListItem\",\"position\":3,\"name\":\"Folkdansringen shop\"}]},{\"@type\":\"WebSite\",\"@id\":\"https:\\\/\\\/folkdansringen.se\\\/riks\\\/#website\",\"url\":\"https:\\\/\\\/folkdansringen.se\\\/riks\\\/\",\"name\":\"Folkdansringen\",\"description\":\"\",\"potentialAction\":[{\"@type\":\"SearchAction\",\"target\":{\"@type\":\"EntryPoint\",\"urlTemplate\":\"https:\\\/\\\/folkdansringen.se\\\/riks\\\/?s={search_term_string}\"},\"query-input\":{\"@type\":\"PropertyValueSpecification\",\"valueRequired\":true,\"valueName\":\"search_term_string\"}}],\"inLanguage\":\"sv-SE\"}]}<\/script>\n<!-- \/ Yoast SEO plugin. -->","yoast_head_json":{"title":"Folkdansringen shop &#187; Folkdansringen","robots":{"index":"index","follow":"follow","max-snippet":"max-snippet:-1","max-image-preview":"max-image-preview:large","max-video-preview":"max-video-preview:-1"},"canonical":"https:\/\/folkdansringen.se\/riks\/boka-bestall\/folkdansringen-shop\/","og_locale":"sv_SE","og_type":"article","og_title":"Folkdansringen shop &#187; Folkdansringen","og_description":"Litteratur CD-skivor Profilprodukter Folkdansringen shop Best\u00e4llningar ur Folkdansringen shop Svenska Folkdansringen s\u00e4ljer b\u00f6cker med dansbeskrivningar och noter, s\u00e5ngb\u00f6cker, cd-skivor med musik m.fl. Folkdansringen shop artiklar. Du best\u00e4ller hos Svenska Folkdansringens rikskansli. Porto tillkommer. Betalning sker via faktura, som skickas separat via e-post eller post.F\u00f6lj oss! P\u00e5 sociala medier finns Svenska Folkdansringen\u00a0 och inspirerar med inl\u00e4gg, [&hellip;]","og_url":"https:\/\/folkdansringen.se\/riks\/boka-bestall\/folkdansringen-shop\/","og_site_name":"Folkdansringen","article_modified_time":"2026-02-18T19:00:28+00:00","og_image":[{"url":"https:\/\/folkdansringen.se\/riks\/wp-content\/uploads\/2022\/06\/Instagram-logo-30x30-1.png","type":"","width":"","height":""}],"twitter_card":"summary_large_image","twitter_misc":{"Ber\u00e4knad l\u00e4stid":"2 minuter"},"schema":{"@context":"https:\/\/schema.org","@graph":[{"@type":"WebPage","@id":"https:\/\/folkdansringen.se\/riks\/boka-bestall\/folkdansringen-shop\/","url":"https:\/\/folkdansringen.se\/riks\/boka-bestall\/folkdansringen-shop\/","name":"Folkdansringen shop &#187; Folkdansringen","isPartOf":{"@id":"https:\/\/folkdansringen.se\/riks\/#website"},"primaryImageOfPage":{"@id":"https:\/\/folkdansringen.se\/riks\/boka-bestall\/folkdansringen-shop\/#primaryimage"},"image":{"@id":"https:\/\/folkdansringen.se\/riks\/boka-bestall\/folkdansringen-shop\/#primaryimage"},"thumbnailUrl":"https:\/\/folkdansringen.se\/riks\/wp-content\/uploads\/2022\/06\/Instagram-logo-30x30-1.png","datePublished":"2018-11-01T13:26:45+00:00","dateModified":"2026-02-18T19:00:28+00:00","breadcrumb":{"@id":"https:\/\/folkdansringen.se\/riks\/boka-bestall\/folkdansringen-shop\/#breadcrumb"},"inLanguage":"sv-SE","potentialAction":[{"@type":"ReadAction","target":["https:\/\/folkdansringen.se\/riks\/boka-bestall\/folkdansringen-shop\/"]}]},{"@type":"ImageObject","inLanguage":"sv-SE","@id":"https:\/\/folkdansringen.se\/riks\/boka-bestall\/folkdansringen-shop\/#primaryimage","url":"https:\/\/folkdansringen.se\/riks\/wp-content\/uploads\/2022\/06\/Instagram-logo-30x30-1.png","contentUrl":"https:\/\/folkdansringen.se\/riks\/wp-content\/uploads\/2022\/06\/Instagram-logo-30x30-1.png","width":30,"height":30,"caption":"Instagram logotyp"},{"@type":"BreadcrumbList","@id":"https:\/\/folkdansringen.se\/riks\/boka-bestall\/folkdansringen-shop\/#breadcrumb","itemListElement":[{"@type":"ListItem","position":1,"name":"Hem","item":"https:\/\/folkdansringen.se\/riks\/"},{"@type":"ListItem","position":2,"name":"Boka\/best\u00e4ll","item":"https:\/\/folkdansringen.se\/riks\/boka-bestall\/"},{"@type":"ListItem","position":3,"name":"Folkdansringen shop"}]},{"@type":"WebSite","@id":"https:\/\/folkdansringen.se\/riks\/#website","url":"https:\/\/folkdansringen.se\/riks\/","name":"Folkdansringen","description":"","potentialAction":[{"@type":"SearchAction","target":{"@type":"EntryPoint","urlTemplate":"https:\/\/folkdansringen.se\/riks\/?s={search_term_string}"},"query-input":{"@type":"PropertyValueSpecification","valueRequired":true,"valueName":"search_term_string"}}],"inLanguage":"sv-SE"}]}},"_links":{"self":[{"href":"https:\/\/folkdansringen.se\/riks\/wp-json\/wp\/v2\/pages\/4513","targetHints":{"allow":["GET"]}}],"collection":[{"href":"https:\/\/folkdansringen.se\/riks\/wp-json\/wp\/v2\/pages"}],"about":[{"href":"https:\/\/folkdansringen.se\/riks\/wp-json\/wp\/v2\/types\/page"}],"author":[{"embeddable":true,"href":"https:\/\/folkdansringen.se\/riks\/wp-json\/wp\/v2\/users\/1"}],"replies":[{"embeddable":true,"href":"https:\/\/folkdansringen.se\/riks\/wp-json\/wp\/v2\/comments?post=4513"}],"version-history":[{"count":35,"href":"https:\/\/folkdansringen.se\/riks\/wp-json\/wp\/v2\/pages\/4513\/revisions"}],"predecessor-version":[{"id":15710,"href":"https:\/\/folkdansringen.se\/riks\/wp-json\/wp\/v2\/pages\/4513\/revisions\/15710"}],"up":[{"embeddable":true,"href":"https:\/\/folkdansringen.se\/riks\/wp-json\/wp\/v2\/pages\/7043"}],"wp:attachment":[{"href":"https:\/\/folkdansringen.se\/riks\/wp-json\/wp\/v2\/media?parent=4513"}],"curies":[{"name":"wp","href":"https:\/\/api.w.org\/{rel}","templated":true}]}}