
{"id":4511,"date":"2018-11-01T14:25:49","date_gmt":"2018-11-01T13:25:49","guid":{"rendered":"https:\/\/ny.folkdansringen.se\/riksnya\/?page_id=4511"},"modified":"2019-12-09T17:41:19","modified_gmt":"2019-12-09T16:41:19","slug":"bo-konferens-i-stockholm","status":"publish","type":"page","link":"https:\/\/folkdansringen.se\/riks\/boka-bestall\/bo-konferens-i-stockholm\/","title":{"rendered":"Bo\/konferens i Stockholm"},"content":{"rendered":"<p>[et_pb_section fb_built=&#8221;1&#8243; module_id=&#8221;fdrSiteWrap&#8221; _builder_version=&#8221;3.22.3&#8243;][et_pb_row module_id=&#8221;fdrSiteHeader&#8221; _builder_version=&#8221;3.25&#8243; background_size=&#8221;initial&#8221; background_position=&#8221;top_left&#8221; background_repeat=&#8221;repeat&#8221; custom_padding=&#8221;27px|0px|0|0px|false|false&#8221;][et_pb_column type=&#8221;4_4&#8243; _builder_version=&#8221;3.25&#8243; custom_padding=&#8221;|||&#8221; custom_padding__hover=&#8221;|||&#8221;][et_pb_image src=&#8221;https:\/\/folkdansringen.se\/riks\/wp-content\/uploads\/2019\/12\/Huset-bilder.jpg&#8221; force_fullwidth=&#8221;on&#8221; align_tablet=&#8221;center&#8221; align_phone=&#8221;&#8221; align_last_edited=&#8221;on|desktop&#8221; module_id=&#8221;frdHeaderImage&#8221; _builder_version=&#8221;4.0.6&#8243;][\/et_pb_image][\/et_pb_column][\/et_pb_row][et_pb_row column_structure=&#8221;1_4,1_2,1_4&#8243; _builder_version=&#8221;3.25&#8243;][et_pb_column type=&#8221;1_4&#8243; _builder_version=&#8221;3.25&#8243; custom_padding=&#8221;|||&#8221; custom_padding__hover=&#8221;|||&#8221;][et_pb_text _builder_version=&#8221;4.0.6&#8243; global_module=&#8221;8347&#8243; saved_tabs=&#8221;all&#8221;]<\/p>\n<ul class=\"fdrUlLinks\">\n<li><a href=\"https:\/\/folkdansringen.se\/riks\/boka-bestall\/bo-konferens-i-stockholm\/\">Boende och konferens<\/a><\/li>\n<li><a href=\"https:\/\/folkdansringen.se\/riks\/bo-i-stockholm\/bilder-folkdansringens-hus\/\">Bilder<\/a><\/li>\n<\/ul>\n<p>[\/et_pb_text][\/et_pb_column][et_pb_column type=&#8221;1_2&#8243; _builder_version=&#8221;3.25&#8243; custom_padding=&#8221;|||&#8221; custom_padding__hover=&#8221;|||&#8221;][et_pb_text _builder_version=&#8221;4.0.6&#8243; hover_enabled=&#8221;0&#8243;]<\/p>\n<h1>Boende och konferens i Stockholm<\/h1>\n<p>Varmt v\u00e4lkommen till Folkdansringens hus! F\u00f6r bokning <a href=\"https:\/\/folkdansringen.se\/riks\/kontakt\/\">kontakta Svenska Folkdansringens rikskansli.<\/a><\/p>\n<h3>Boende<\/h3>\n<p>&#8221;Moppe&#8221; och &#8221;Eric&#8221; \u00e4r tv\u00e5 \u00f6vernattningsrum bel\u00e4gna p\u00e5 husets \u00f6verv\u00e5ning. \u00a0I Moppe finns tv\u00e5 s\u00e4ngar med plats f\u00f6r en extras\u00e4ng. I Eric finns en s\u00e4ng, en b\u00e4ddsoffa med underslaf och plats f\u00f6r en extras\u00e4ng.\u00a0P\u00e5 \u00f6verv\u00e5ningen delar man k\u00f6k samt dusch\/WC med \u00f6vriga g\u00e4ster, personal och ideella som kan befinna sig i huset. Utanf\u00f6r rummen finns ocks\u00e5 ett konferensrum d\u00e4r det kan p\u00e5g\u00e5 m\u00f6ten dag- eller kv\u00e4llstid.<\/p>\n<p><strong>Kostnad:<span>\u00a0<\/span><\/strong><span>400 kr per b\u00e4dd\/natt, men max 800 kr per rum\/natt.<\/span><\/p>\n<h3>Konferensrum<\/h3>\n<p>&#8221;Gustav-rummet&#8221; g\u00e5r att att hyra b\u00e5de enskilda timmar s\u00e5 v\u00e4l som heldagar. Rummet finns p\u00e5 \u00f6verv\u00e5ningen. Max antal deltagare \u00e4r 12 personer och det finns tillg\u00e5ng till projektorduk, wi-fi och k\u00f6k. Kaffe och te ing\u00e5r.<\/p>\n<p><strong>Kostnad:<\/strong><a href=\"https:\/\/folkdansringen.se\/riks\/kontakt\/\"> kontakta Svenska Folkdansringens rikskansli<\/a><\/p>\n<h3>Hitta hit<\/h3>\n<p><span><strong>Bes\u00f6ksadress<\/strong>: Torggatan 3, Stora Essingen Stockholm.<\/span><\/p>\n<p><span><strong>Kollektivtrafik<\/strong>:\u00a0<\/span>\u00c5k bl\u00e5 buss nr 1 eller buss 56 mot Stora Essingen och kliv av vid \u00e4ndh\u00e5llplatsen \u201dEssingetorget\u201d. Fr\u00e5n Essingetorget tar det ca 2-3 minuters att promenera till huset. Det g\u00e5r ocks\u00e5 att \u00e5ka tv\u00e4rbanan till station \u201dBroparken\u201d och antingen ta bl\u00e5 buss 1 till \u00e4ndh\u00e5llplatsen \u201dEssingetorget\u201d eller promenera 10-15 minuter.<\/p>\n<p>[\/et_pb_text][\/et_pb_column][et_pb_column type=&#8221;1_4&#8243; _builder_version=&#8221;3.25&#8243; custom_padding=&#8221;|||&#8221; custom_padding__hover=&#8221;|||&#8221;][et_pb_text _builder_version=&#8221;4.0.6&#8243;]<\/p>\n<ul class=\"fdrUlLinks\">\n<li>\n<h3>Information boende<\/h3>\n<\/li>\n<li>Det \u00e4r vandrarhems-standard, dvs. varje g\u00e4st st\u00e4dar sitt rum och gemensamma utrymmen innan avresan.<\/li>\n<li>Ta med egna lakan och handdukar<\/li>\n<li>P\u00e5 \u00f6verv\u00e5ningen finns fullt utrustat k\u00f6k med kyl, frys, spis, ugn, mikrov\u00e5gsugn och diskmaskin.<\/li>\n<li>Det finns m\u00f6jlighet att parkera p\u00e5 garageinfarten.<\/li>\n<li>Om inte n\u00e5got annat \u00e4r \u00f6verenskommet s\u00e5 l\u00e4mnas rummet f\u00e4rdigst\u00e4dat och klart klockan 12.00 dagen f\u00f6r avresa.<\/li>\n<\/ul>\n<p>[\/et_pb_text][\/et_pb_column][\/et_pb_row][et_pb_row _builder_version=&#8221;3.25&#8243;][et_pb_column type=&#8221;4_4&#8243; _builder_version=&#8221;3.25&#8243; custom_padding=&#8221;|||&#8221; custom_padding__hover=&#8221;|||&#8221;][et_pb_text _builder_version=&#8221;3.27.4&#8243;]<\/p>\n<h1 style=\"text-align: center;\">Bes\u00f6ksadress<\/h1>\n<p>[\/et_pb_text][et_pb_code _builder_version=&#8221;3.22.3&#8243; custom_margin=&#8221;30px||&#8221;]<iframe loading=\"lazy\" src=\"https:\/\/www.google.com\/maps\/embed?pb=!1m18!1m12!1m3!1d2035.7937144506714!2d17.987692616315645!3d59.31970151883621!2m3!1f0!2f0!3f0!3m2!1i1024!2i768!4f13.1!3m3!1m2!1s0x465f763755401f13%3A0x682835629cca16d2!2sSvenska+Folkdansringen!5e0!3m2!1ssv!2sse!4v1542013861378\" width=\"100%\" height=\"450\" frameborder=\"0\" style=\"border:0\" allowfullscreen><\/iframe>[\/et_pb_code][\/et_pb_column][\/et_pb_row][\/et_pb_section]<\/p>\n","protected":false},"excerpt":{"rendered":"<p>Boende och konferens Bilder Boende och konferens i Stockholm Varmt v\u00e4lkommen till Folkdansringens hus! F\u00f6r bokning kontakta Svenska Folkdansringens rikskansli. Boende &#8221;Moppe&#8221; och &#8221;Eric&#8221; \u00e4r tv\u00e5 \u00f6vernattningsrum bel\u00e4gna p\u00e5 husets \u00f6verv\u00e5ning. \u00a0I Moppe finns tv\u00e5 s\u00e4ngar med plats f\u00f6r en extras\u00e4ng. I Eric finns en s\u00e4ng, en b\u00e4ddsoffa med underslaf och plats f\u00f6r en extras\u00e4ng.\u00a0P\u00e5 [&hellip;]<\/p>\n","protected":false},"author":1,"featured_media":0,"parent":7043,"menu_order":0,"comment_status":"closed","ping_status":"closed","template":"","meta":{"_et_pb_use_builder":"on","_et_pb_old_content":"","_et_gb_content_width":"","footnotes":""},"class_list":["post-4511","page","type-page","status-publish","hentry"],"yoast_head":"<!-- This site is optimized with the Yoast SEO plugin v27.4 - https:\/\/yoast.com\/product\/yoast-seo-wordpress\/ -->\n<title>Bo\/konferens i Stockholm &#187; Folkdansringen<\/title>\n<meta name=\"robots\" content=\"index, follow, max-snippet:-1, max-image-preview:large, max-video-preview:-1\" \/>\n<link rel=\"canonical\" href=\"https:\/\/folkdansringen.se\/riks\/boka-bestall\/bo-konferens-i-stockholm\/\" \/>\n<meta property=\"og:locale\" content=\"sv_SE\" \/>\n<meta property=\"og:type\" content=\"article\" \/>\n<meta property=\"og:title\" content=\"Bo\/konferens i Stockholm &#187; Folkdansringen\" \/>\n<meta property=\"og:description\" content=\"Boende och konferens Bilder Boende och konferens i Stockholm Varmt v\u00e4lkommen till Folkdansringens hus! F\u00f6r bokning kontakta Svenska Folkdansringens rikskansli. Boende &quot;Moppe&quot; och &quot;Eric&quot; \u00e4r tv\u00e5 \u00f6vernattningsrum bel\u00e4gna p\u00e5 husets \u00f6verv\u00e5ning. \u00a0I Moppe finns tv\u00e5 s\u00e4ngar med plats f\u00f6r en extras\u00e4ng. I Eric finns en s\u00e4ng, en b\u00e4ddsoffa med underslaf och plats f\u00f6r en extras\u00e4ng.\u00a0P\u00e5 [&hellip;]\" \/>\n<meta property=\"og:url\" content=\"https:\/\/folkdansringen.se\/riks\/boka-bestall\/bo-konferens-i-stockholm\/\" \/>\n<meta property=\"og:site_name\" content=\"Folkdansringen\" \/>\n<meta property=\"article:modified_time\" content=\"2019-12-09T16:41:19+00:00\" \/>\n<meta name=\"twitter:card\" content=\"summary_large_image\" \/>\n<meta name=\"twitter:label1\" content=\"Ber\u00e4knad l\u00e4stid\" \/>\n\t<meta name=\"twitter:data1\" content=\"3 minuter\" \/>\n<script type=\"application\/ld+json\" class=\"yoast-schema-graph\">{\"@context\":\"https:\\\/\\\/schema.org\",\"@graph\":[{\"@type\":\"WebPage\",\"@id\":\"https:\\\/\\\/folkdansringen.se\\\/riks\\\/boka-bestall\\\/bo-konferens-i-stockholm\\\/\",\"url\":\"https:\\\/\\\/folkdansringen.se\\\/riks\\\/boka-bestall\\\/bo-konferens-i-stockholm\\\/\",\"name\":\"Bo\\\/konferens i Stockholm &#187; Folkdansringen\",\"isPartOf\":{\"@id\":\"https:\\\/\\\/folkdansringen.se\\\/riks\\\/#website\"},\"datePublished\":\"2018-11-01T13:25:49+00:00\",\"dateModified\":\"2019-12-09T16:41:19+00:00\",\"breadcrumb\":{\"@id\":\"https:\\\/\\\/folkdansringen.se\\\/riks\\\/boka-bestall\\\/bo-konferens-i-stockholm\\\/#breadcrumb\"},\"inLanguage\":\"sv-SE\",\"potentialAction\":[{\"@type\":\"ReadAction\",\"target\":[\"https:\\\/\\\/folkdansringen.se\\\/riks\\\/boka-bestall\\\/bo-konferens-i-stockholm\\\/\"]}]},{\"@type\":\"BreadcrumbList\",\"@id\":\"https:\\\/\\\/folkdansringen.se\\\/riks\\\/boka-bestall\\\/bo-konferens-i-stockholm\\\/#breadcrumb\",\"itemListElement\":[{\"@type\":\"ListItem\",\"position\":1,\"name\":\"Hem\",\"item\":\"https:\\\/\\\/folkdansringen.se\\\/riks\\\/\"},{\"@type\":\"ListItem\",\"position\":2,\"name\":\"Boka\\\/best\u00e4ll\",\"item\":\"https:\\\/\\\/folkdansringen.se\\\/riks\\\/boka-bestall\\\/\"},{\"@type\":\"ListItem\",\"position\":3,\"name\":\"Bo\\\/konferens i Stockholm\"}]},{\"@type\":\"WebSite\",\"@id\":\"https:\\\/\\\/folkdansringen.se\\\/riks\\\/#website\",\"url\":\"https:\\\/\\\/folkdansringen.se\\\/riks\\\/\",\"name\":\"Folkdansringen\",\"description\":\"\",\"potentialAction\":[{\"@type\":\"SearchAction\",\"target\":{\"@type\":\"EntryPoint\",\"urlTemplate\":\"https:\\\/\\\/folkdansringen.se\\\/riks\\\/?s={search_term_string}\"},\"query-input\":{\"@type\":\"PropertyValueSpecification\",\"valueRequired\":true,\"valueName\":\"search_term_string\"}}],\"inLanguage\":\"sv-SE\"}]}<\/script>\n<!-- \/ Yoast SEO plugin. -->","yoast_head_json":{"title":"Bo\/konferens i Stockholm &#187; Folkdansringen","robots":{"index":"index","follow":"follow","max-snippet":"max-snippet:-1","max-image-preview":"max-image-preview:large","max-video-preview":"max-video-preview:-1"},"canonical":"https:\/\/folkdansringen.se\/riks\/boka-bestall\/bo-konferens-i-stockholm\/","og_locale":"sv_SE","og_type":"article","og_title":"Bo\/konferens i Stockholm &#187; Folkdansringen","og_description":"Boende och konferens Bilder Boende och konferens i Stockholm Varmt v\u00e4lkommen till Folkdansringens hus! F\u00f6r bokning kontakta Svenska Folkdansringens rikskansli. Boende \"Moppe\" och \"Eric\" \u00e4r tv\u00e5 \u00f6vernattningsrum bel\u00e4gna p\u00e5 husets \u00f6verv\u00e5ning. \u00a0I Moppe finns tv\u00e5 s\u00e4ngar med plats f\u00f6r en extras\u00e4ng. I Eric finns en s\u00e4ng, en b\u00e4ddsoffa med underslaf och plats f\u00f6r en extras\u00e4ng.\u00a0P\u00e5 [&hellip;]","og_url":"https:\/\/folkdansringen.se\/riks\/boka-bestall\/bo-konferens-i-stockholm\/","og_site_name":"Folkdansringen","article_modified_time":"2019-12-09T16:41:19+00:00","twitter_card":"summary_large_image","twitter_misc":{"Ber\u00e4knad l\u00e4stid":"3 minuter"},"schema":{"@context":"https:\/\/schema.org","@graph":[{"@type":"WebPage","@id":"https:\/\/folkdansringen.se\/riks\/boka-bestall\/bo-konferens-i-stockholm\/","url":"https:\/\/folkdansringen.se\/riks\/boka-bestall\/bo-konferens-i-stockholm\/","name":"Bo\/konferens i Stockholm &#187; Folkdansringen","isPartOf":{"@id":"https:\/\/folkdansringen.se\/riks\/#website"},"datePublished":"2018-11-01T13:25:49+00:00","dateModified":"2019-12-09T16:41:19+00:00","breadcrumb":{"@id":"https:\/\/folkdansringen.se\/riks\/boka-bestall\/bo-konferens-i-stockholm\/#breadcrumb"},"inLanguage":"sv-SE","potentialAction":[{"@type":"ReadAction","target":["https:\/\/folkdansringen.se\/riks\/boka-bestall\/bo-konferens-i-stockholm\/"]}]},{"@type":"BreadcrumbList","@id":"https:\/\/folkdansringen.se\/riks\/boka-bestall\/bo-konferens-i-stockholm\/#breadcrumb","itemListElement":[{"@type":"ListItem","position":1,"name":"Hem","item":"https:\/\/folkdansringen.se\/riks\/"},{"@type":"ListItem","position":2,"name":"Boka\/best\u00e4ll","item":"https:\/\/folkdansringen.se\/riks\/boka-bestall\/"},{"@type":"ListItem","position":3,"name":"Bo\/konferens i Stockholm"}]},{"@type":"WebSite","@id":"https:\/\/folkdansringen.se\/riks\/#website","url":"https:\/\/folkdansringen.se\/riks\/","name":"Folkdansringen","description":"","potentialAction":[{"@type":"SearchAction","target":{"@type":"EntryPoint","urlTemplate":"https:\/\/folkdansringen.se\/riks\/?s={search_term_string}"},"query-input":{"@type":"PropertyValueSpecification","valueRequired":true,"valueName":"search_term_string"}}],"inLanguage":"sv-SE"}]}},"_links":{"self":[{"href":"https:\/\/folkdansringen.se\/riks\/wp-json\/wp\/v2\/pages\/4511","targetHints":{"allow":["GET"]}}],"collection":[{"href":"https:\/\/folkdansringen.se\/riks\/wp-json\/wp\/v2\/pages"}],"about":[{"href":"https:\/\/folkdansringen.se\/riks\/wp-json\/wp\/v2\/types\/page"}],"author":[{"embeddable":true,"href":"https:\/\/folkdansringen.se\/riks\/wp-json\/wp\/v2\/users\/1"}],"replies":[{"embeddable":true,"href":"https:\/\/folkdansringen.se\/riks\/wp-json\/wp\/v2\/comments?post=4511"}],"version-history":[{"count":37,"href":"https:\/\/folkdansringen.se\/riks\/wp-json\/wp\/v2\/pages\/4511\/revisions"}],"predecessor-version":[{"id":10911,"href":"https:\/\/folkdansringen.se\/riks\/wp-json\/wp\/v2\/pages\/4511\/revisions\/10911"}],"up":[{"embeddable":true,"href":"https:\/\/folkdansringen.se\/riks\/wp-json\/wp\/v2\/pages\/7043"}],"wp:attachment":[{"href":"https:\/\/folkdansringen.se\/riks\/wp-json\/wp\/v2\/media?parent=4511"}],"curies":[{"name":"wp","href":"https:\/\/api.w.org\/{rel}","templated":true}]}}