
{"id":4506,"date":"2018-11-01T14:23:04","date_gmt":"2018-11-01T13:23:04","guid":{"rendered":"https:\/\/ny.folkdansringen.se\/riksnya\/?page_id=4506"},"modified":"2022-05-05T16:40:47","modified_gmt":"2022-05-05T14:40:47","slug":"sang-musik","status":"publish","type":"page","link":"https:\/\/folkdansringen.se\/riks\/var-verksamhet\/sang-musik\/","title":{"rendered":"S\u00e5ng och musik"},"content":{"rendered":"\n[et_pb_section fb_built=&#8221;1&#8243; module_id=&#8221;fdrSiteWrap&#8221; _builder_version=&#8221;4.16&#8243; global_colors_info=&#8221;{}&#8221;][et_pb_row module_id=&#8221;fdrSiteHeader&#8221; _builder_version=&#8221;4.16&#8243; background_size=&#8221;initial&#8221; background_position=&#8221;top_left&#8221; background_repeat=&#8221;repeat&#8221; custom_padding=&#8221;27px|0px|0|0px|false|false&#8221; global_colors_info=&#8221;{}&#8221;][et_pb_column type=&#8221;4_4&#8243; _builder_version=&#8221;4.16&#8243; custom_padding=&#8221;|||&#8221; global_colors_info=&#8221;{}&#8221; custom_padding__hover=&#8221;|||&#8221;][et_pb_image src=&#8221;https:\/\/folkdansringen.se\/riks\/wp-content\/uploads\/2019\/12\/svenska-folkdansringen-s\u00e5ng-och-musik_.jpeg&#8221; force_fullwidth=&#8221;on&#8221; align_tablet=&#8221;center&#8221; align_phone=&#8221;&#8221; align_last_edited=&#8221;on|desktop&#8221; module_id=&#8221;frdHeaderImage&#8221; _builder_version=&#8221;4.16&#8243; global_colors_info=&#8221;{}&#8221;][\/et_pb_image][\/et_pb_column][\/et_pb_row][et_pb_row column_structure=&#8221;1_4,1_2,1_4&#8243; module_id=&#8221;fdrThreecolumns&#8221; _builder_version=&#8221;4.16&#8243; custom_padding=&#8221;42px|0px|27px|0px|false|false&#8221; global_colors_info=&#8221;{}&#8221;][et_pb_column type=&#8221;1_4&#8243; _builder_version=&#8221;4.16&#8243; custom_padding=&#8221;|||&#8221; global_colors_info=&#8221;{}&#8221; custom_padding__hover=&#8221;|||&#8221;][et_pb_text _builder_version=&#8221;4.17.1&#8243; global_module=&#8221;10485&#8243; saved_tabs=&#8221;all&#8221; global_colors_info=&#8221;{}&#8221; hover_enabled=&#8221;0&#8243; sticky_enabled=&#8221;0&#8243;]<ul class=\"fdrUlLinks\">\n<li><a href=\"https:\/\/folkdansringen.se\/riks\/var-verksamhet\/barn-unga\/\">Barn &amp; unga<\/a><\/li>\n<li><a href=\"https:\/\/folkdansringen.se\/riks\/var-verksamhet\/dans\/\">Dans<\/a><\/li>\n<li><a href=\"https:\/\/folkdansringen.se\/riks\/var-verksamhet\/drakt-slojd\/\">Dr\u00e4kt &amp; sl\u00f6jd<\/a><\/li>\n<li><a href=\"https:\/\/folkdansringen.se\/riks\/var-verksamhet\/kultur-traditioner\/\">Kultur &amp; traditioner<\/a><\/li>\n<li><a href=\"https:\/\/folkdansringen.se\/riks\/var-verksamhet\/sang-musik\/\">S\u00e5ng &amp; musik<\/a><\/li>\n<li><a href=\"https:\/\/folkdansringen.se\/riks\/bli-medlem\/\">Bli medlem<\/a><\/li>\n<\/ul>[\/et_pb_text][\/et_pb_column][et_pb_column type=&#8221;1_2&#8243; _builder_version=&#8221;4.16&#8243; custom_padding=&#8221;|||&#8221; global_colors_info=&#8221;{}&#8221; custom_padding__hover=&#8221;|||&#8221;][et_pb_text module_id=&#8221;fdrWhatWeDoMiddle&#8221; _builder_version=&#8221;4.17.1&#8243; custom_padding=&#8221;||0px|||&#8221; global_colors_info=&#8221;{}&#8221; hover_enabled=&#8221;0&#8243; sticky_enabled=&#8221;0&#8243;]<h1>S\u00e5ng &amp; musik<\/h1>\n<p><strong>S\u00e5ng och musik \u00e4r en viktig del i Svenska Folkdansringens f\u00f6reningar, d\u00e4r det finns spelgrupper och k\u00f6rer i ett flertal av dem.<\/strong><\/p>\n<h2>Lokal verksamhet<\/h2>\n<p>De musikinstrument som mest anv\u00e4nds i f\u00f6reningarna \u00e4r exempelvis dragspel, fiol och nyckelharpa. Det \u00e4r instrument som \u00e4r vanliga fr\u00e5n tiden som de olika danserna kommer fr\u00e5n.<\/p>\n<p>Alla f\u00f6reningar har inte tillg\u00e5ng till spelm\u00e4n som spelar till danstr\u00e4ningar och uppvisningar. Det finns inspelad musik att tillg\u00e5 och som \u00e4r anpassad till olika danser.<\/p>\n<p>S\u00e5ng och s\u00e5ngdanser har en speciell plats inom Svenska Folkdansringens verksamhet. Ofta m\u00f6ter du en dansledare fr\u00e5n Svenska Folkdansringen vid jul och midsommar, som ledare av danserna runt gran och majst\u00e5ng.<\/p>\n<p>Alls\u00e5ng \u00e4r popul\u00e4rt idag och d\u00e4r har Svenska Folkdansringen sina &#8221;Visstugor&#8221;, d\u00e4r gamla folkliga l\u00e5tar och moderna visor ges m\u00f6jlighet att leva vidare i muntlig tradition.<\/p>\n<h2>Rikst\u00e4ckande verksamhet<\/h2>\n<p>I riksorganisationen Svenska Folkdansringen \u00e4r musiken och s\u00e5ngen viktig. Som traditionsbevarare inom folkmusiken har Svenska Folkdansringen ett s\u00e4rskilt ansvar som arrang\u00f6r av Zornm\u00e4rkesuppspelningarna och utn\u00e4mnande av riksspelm\u00e4n.<\/p>\n<p>S\u00e5nglekar och danslekar \u00e4r en gammal sedv\u00e4nja som utvecklats fr\u00e5n att vare ett tillf\u00e4lle f\u00f6r ungdomar att m\u00f6tas och hitta sin livspartner till barnens danser vid jul och midsommar.<\/p>\n<h2>Historik \u2013 s\u00e5ng och musik<\/h2>\n<p>N\u00e4r Svenska Folkdansringen bildades 1920 var grunden folkdans, folkmusik och bygdedr\u00e4kt. Musiken har hela tiden varit viktig p\u00e5 olika s\u00e4tt.<\/p>\n<p>Svenska Folkdansringen eller Svenska Ungdomsringen f\u00f6r Bygdekultur som organisationen hette mellan 1922-2005 har arbetat f\u00f6r att h\u00e4vda folkmusiken som en sj\u00e4lvst\u00e4ndig konstform, levandeg\u00f6ra dess musikaliska s\u00e4rart och beh\u00e5lla den folkliga traditionen.<\/p>\n<p>Tidigt fick Svenska Folkdansringen f\u00f6rvalta Anders Zorns spelmansm\u00e4rke fr\u00e5n Riksspelmansst\u00e4mman p\u00e5 Skansen 1910 och har sedan 1933 delat ut Zornm\u00e4rket i guld, silver och brons till f\u00f6rtj\u00e4nstfulla spelm\u00e4n, d\u00e4r mottagare av silverm\u00e4rket ocks\u00e5 utn\u00e4mns till riksspelman.<\/p>\n<p>Svenska Folkdansringen har sedan starten 1920 varit arrang\u00f6r av eller deltagare p\u00e5 lokala, rikst\u00e4ckande och internationella dans- och musiktr\u00e4ffar d\u00e4r det h\u00e5llits kurser, dans, musikutbyten och konserter.<\/p>\n<p>F\u00f6r att hj\u00e4lpa dansgrupperna som inte hade tillg\u00e5ng till spelman spelade Svenska Folkdansringen in musik till danserna i Svenska Folkdansringens instruktionsb\u00f6cker. De f\u00f6rsta inspelningarna var p\u00e5 grammofonskivor \u201dstenkakor\u201d, numera finns musiken att k\u00f6pa p\u00e5 CD.<\/p>\n<p>S\u00e5ngen har alltid varit viktig i Svenska Folkdansringen. Vid internationella tr\u00e4ffar sj\u00f6ng man egna och andras s\u00e5nger. K\u00f6rer har f\u00f6rekommit i m\u00e5nga f\u00f6reningar och grupper. P\u00e5 spelmansst\u00e4mmor arrangeras ofta visstugor d\u00e4r deltagarna m\u00f6ts och sjunger tillsammans. H\u00e4r sker utbyte av s\u00e5nger muntligt och personligt.<\/p>\n<p>S\u00e5ngdanser och s\u00e5nglekar \u00e4r en viktig del i Svenska Folkdansringens verksamhet. S\u00e5ngdanserna och s\u00e5nglekarna har anv\u00e4nts till b\u00e5de lekledning, uppvisning och sociala tillst\u00e4llningar.<\/p>\n<p>Svenska Folkdansringen har utbildat m\u00e5nga l\u00e4rare i s\u00e5ngdanser och s\u00e5nglekar genom kurser, radioprogram och instruktionsh\u00e4ften. Svenska Folkdansringen har genom \u00e5ren gett ut flera b\u00f6cker med noter, s\u00e5ngtexter och dansinstruktioner, vilka precis som CD-skivorna finns att k\u00f6pa via<span>\u00a0<\/span><a href=\"https:\/\/folkdansringen.se\/riks\/boka-bestall\/folkdansringen-shop\/\">Folkdansringen shop<\/a>.<\/p>[\/et_pb_text][\/et_pb_column][et_pb_column type=&#8221;1_4&#8243; _builder_version=&#8221;4.16&#8243; custom_padding=&#8221;|||&#8221; global_colors_info=&#8221;{}&#8221; custom_padding__hover=&#8221;|||&#8221;][et_pb_cta button_text=&#8221;Click Here&#8221; module_id=&#8221;fdrWhatWeDoRight&#8221; _builder_version=&#8221;4.14.7&#8243; use_background_color=&#8221;off&#8221; custom_margin=&#8221;3px|||||&#8221; global_module=&#8221;11220&#8243; saved_tabs=&#8221;all&#8221; global_colors_info=&#8221;{}&#8221;]<h2><strong>Firar 100 \u00e5r<\/strong><\/h2>\n<p>Svenska Folkdansringen firar 100 \u00e5r, 1920-2020. L\u00e4s mer p\u00e5 sidan\u00a0 <a href=\"https:\/\/folkdansringen.se\/riks\/pa-gang\/folkdansringen-hundra-ar\/\">Folkdansringen hundra \u00e5r 2020 &#8211; firar 2022<\/a><\/p>\n<p><img loading=\"lazy\" decoding=\"async\" src=\"https:\/\/folkdansringen.se\/riks\/wp-content\/uploads\/2020\/01\/svenska-folkdansringen-100-ar-circ.png\" width=\"509\" height=\"527\" alt=\"\" class=\"wp-image-11600 alignnone size-full\" srcset=\"https:\/\/folkdansringen.se\/riks\/wp-content\/uploads\/2020\/01\/svenska-folkdansringen-100-ar-circ.png 509w, https:\/\/folkdansringen.se\/riks\/wp-content\/uploads\/2020\/01\/svenska-folkdansringen-100-ar-circ-480x497.png 480w\" sizes=\"(min-width: 0px) and (max-width: 480px) 480px, (min-width: 481px) 509px, 100vw\" \/><\/p>\n[\/et_pb_cta][\/et_pb_column][\/et_pb_row][\/et_pb_section]\n","protected":false},"excerpt":{"rendered":"<p>Barn &amp; unga Dans Dr\u00e4kt &amp; sl\u00f6jd Kultur &amp; traditioner S\u00e5ng &amp; musik Bli medlem S\u00e5ng &amp; musik S\u00e5ng och musik \u00e4r en viktig del i Svenska Folkdansringens f\u00f6reningar, d\u00e4r det finns spelgrupper och k\u00f6rer i ett flertal av dem. Lokal verksamhet De musikinstrument som mest anv\u00e4nds i f\u00f6reningarna \u00e4r exempelvis dragspel, fiol och nyckelharpa. [&hellip;]<\/p>\n","protected":false},"author":1,"featured_media":0,"parent":2,"menu_order":0,"comment_status":"closed","ping_status":"closed","template":"","meta":{"_et_pb_use_builder":"on","_et_pb_old_content":"Text l\u00e4ggs in med DIVI builder","_et_gb_content_width":"","footnotes":""},"class_list":["post-4506","page","type-page","status-publish","hentry"],"yoast_head":"<!-- This site is optimized with the Yoast SEO plugin v27.5 - https:\/\/yoast.com\/product\/yoast-seo-wordpress\/ -->\n<title>S\u00e5ng och musik &#187; Folkdansringen<\/title>\n<meta name=\"robots\" content=\"index, follow, max-snippet:-1, max-image-preview:large, max-video-preview:-1\" \/>\n<link rel=\"canonical\" href=\"https:\/\/folkdansringen.se\/riks\/var-verksamhet\/sang-musik\/\" \/>\n<meta property=\"og:locale\" content=\"sv_SE\" \/>\n<meta property=\"og:type\" content=\"article\" \/>\n<meta property=\"og:title\" content=\"S\u00e5ng och musik &#187; Folkdansringen\" \/>\n<meta property=\"og:description\" content=\"Barn &amp; unga Dans Dr\u00e4kt &amp; sl\u00f6jd Kultur &amp; traditioner S\u00e5ng &amp; musik Bli medlem S\u00e5ng &amp; musik S\u00e5ng och musik \u00e4r en viktig del i Svenska Folkdansringens f\u00f6reningar, d\u00e4r det finns spelgrupper och k\u00f6rer i ett flertal av dem. Lokal verksamhet De musikinstrument som mest anv\u00e4nds i f\u00f6reningarna \u00e4r exempelvis dragspel, fiol och nyckelharpa. [&hellip;]\" \/>\n<meta property=\"og:url\" content=\"https:\/\/folkdansringen.se\/riks\/var-verksamhet\/sang-musik\/\" \/>\n<meta property=\"og:site_name\" content=\"Folkdansringen\" \/>\n<meta property=\"article:modified_time\" content=\"2022-05-05T14:40:47+00:00\" \/>\n<meta property=\"og:image\" content=\"https:\/\/folkdansringen.se\/riks\/wp-content\/uploads\/2020\/01\/svenska-folkdansringen-100-ar-circ.png\" \/>\n<meta name=\"twitter:card\" content=\"summary_large_image\" \/>\n<meta name=\"twitter:label1\" content=\"Ber\u00e4knad l\u00e4stid\" \/>\n\t<meta name=\"twitter:data1\" content=\"3 minuter\" \/>\n<script type=\"application\/ld+json\" class=\"yoast-schema-graph\">{\"@context\":\"https:\\\/\\\/schema.org\",\"@graph\":[{\"@type\":\"WebPage\",\"@id\":\"https:\\\/\\\/folkdansringen.se\\\/riks\\\/var-verksamhet\\\/sang-musik\\\/\",\"url\":\"https:\\\/\\\/folkdansringen.se\\\/riks\\\/var-verksamhet\\\/sang-musik\\\/\",\"name\":\"S\u00e5ng och musik &#187; Folkdansringen\",\"isPartOf\":{\"@id\":\"https:\\\/\\\/folkdansringen.se\\\/riks\\\/#website\"},\"primaryImageOfPage\":{\"@id\":\"https:\\\/\\\/folkdansringen.se\\\/riks\\\/var-verksamhet\\\/sang-musik\\\/#primaryimage\"},\"image\":{\"@id\":\"https:\\\/\\\/folkdansringen.se\\\/riks\\\/var-verksamhet\\\/sang-musik\\\/#primaryimage\"},\"thumbnailUrl\":\"https:\\\/\\\/folkdansringen.se\\\/riks\\\/wp-content\\\/uploads\\\/2020\\\/01\\\/svenska-folkdansringen-100-ar-circ.png\",\"datePublished\":\"2018-11-01T13:23:04+00:00\",\"dateModified\":\"2022-05-05T14:40:47+00:00\",\"breadcrumb\":{\"@id\":\"https:\\\/\\\/folkdansringen.se\\\/riks\\\/var-verksamhet\\\/sang-musik\\\/#breadcrumb\"},\"inLanguage\":\"sv-SE\",\"potentialAction\":[{\"@type\":\"ReadAction\",\"target\":[\"https:\\\/\\\/folkdansringen.se\\\/riks\\\/var-verksamhet\\\/sang-musik\\\/\"]}]},{\"@type\":\"ImageObject\",\"inLanguage\":\"sv-SE\",\"@id\":\"https:\\\/\\\/folkdansringen.se\\\/riks\\\/var-verksamhet\\\/sang-musik\\\/#primaryimage\",\"url\":\"https:\\\/\\\/folkdansringen.se\\\/riks\\\/wp-content\\\/uploads\\\/2020\\\/01\\\/svenska-folkdansringen-100-ar-circ.png\",\"contentUrl\":\"https:\\\/\\\/folkdansringen.se\\\/riks\\\/wp-content\\\/uploads\\\/2020\\\/01\\\/svenska-folkdansringen-100-ar-circ.png\",\"width\":509,\"height\":527},{\"@type\":\"BreadcrumbList\",\"@id\":\"https:\\\/\\\/folkdansringen.se\\\/riks\\\/var-verksamhet\\\/sang-musik\\\/#breadcrumb\",\"itemListElement\":[{\"@type\":\"ListItem\",\"position\":1,\"name\":\"Hem\",\"item\":\"https:\\\/\\\/folkdansringen.se\\\/riks\\\/\"},{\"@type\":\"ListItem\",\"position\":2,\"name\":\"V\u00e5r verksamhet\",\"item\":\"https:\\\/\\\/folkdansringen.se\\\/riks\\\/var-verksamhet\\\/\"},{\"@type\":\"ListItem\",\"position\":3,\"name\":\"S\u00e5ng och musik\"}]},{\"@type\":\"WebSite\",\"@id\":\"https:\\\/\\\/folkdansringen.se\\\/riks\\\/#website\",\"url\":\"https:\\\/\\\/folkdansringen.se\\\/riks\\\/\",\"name\":\"Folkdansringen\",\"description\":\"\",\"potentialAction\":[{\"@type\":\"SearchAction\",\"target\":{\"@type\":\"EntryPoint\",\"urlTemplate\":\"https:\\\/\\\/folkdansringen.se\\\/riks\\\/?s={search_term_string}\"},\"query-input\":{\"@type\":\"PropertyValueSpecification\",\"valueRequired\":true,\"valueName\":\"search_term_string\"}}],\"inLanguage\":\"sv-SE\"}]}<\/script>\n<!-- \/ Yoast SEO plugin. -->","yoast_head_json":{"title":"S\u00e5ng och musik &#187; Folkdansringen","robots":{"index":"index","follow":"follow","max-snippet":"max-snippet:-1","max-image-preview":"max-image-preview:large","max-video-preview":"max-video-preview:-1"},"canonical":"https:\/\/folkdansringen.se\/riks\/var-verksamhet\/sang-musik\/","og_locale":"sv_SE","og_type":"article","og_title":"S\u00e5ng och musik &#187; Folkdansringen","og_description":"Barn &amp; unga Dans Dr\u00e4kt &amp; sl\u00f6jd Kultur &amp; traditioner S\u00e5ng &amp; musik Bli medlem S\u00e5ng &amp; musik S\u00e5ng och musik \u00e4r en viktig del i Svenska Folkdansringens f\u00f6reningar, d\u00e4r det finns spelgrupper och k\u00f6rer i ett flertal av dem. Lokal verksamhet De musikinstrument som mest anv\u00e4nds i f\u00f6reningarna \u00e4r exempelvis dragspel, fiol och nyckelharpa. [&hellip;]","og_url":"https:\/\/folkdansringen.se\/riks\/var-verksamhet\/sang-musik\/","og_site_name":"Folkdansringen","article_modified_time":"2022-05-05T14:40:47+00:00","og_image":[{"url":"https:\/\/folkdansringen.se\/riks\/wp-content\/uploads\/2020\/01\/svenska-folkdansringen-100-ar-circ.png","type":"","width":"","height":""}],"twitter_card":"summary_large_image","twitter_misc":{"Ber\u00e4knad l\u00e4stid":"3 minuter"},"schema":{"@context":"https:\/\/schema.org","@graph":[{"@type":"WebPage","@id":"https:\/\/folkdansringen.se\/riks\/var-verksamhet\/sang-musik\/","url":"https:\/\/folkdansringen.se\/riks\/var-verksamhet\/sang-musik\/","name":"S\u00e5ng och musik &#187; Folkdansringen","isPartOf":{"@id":"https:\/\/folkdansringen.se\/riks\/#website"},"primaryImageOfPage":{"@id":"https:\/\/folkdansringen.se\/riks\/var-verksamhet\/sang-musik\/#primaryimage"},"image":{"@id":"https:\/\/folkdansringen.se\/riks\/var-verksamhet\/sang-musik\/#primaryimage"},"thumbnailUrl":"https:\/\/folkdansringen.se\/riks\/wp-content\/uploads\/2020\/01\/svenska-folkdansringen-100-ar-circ.png","datePublished":"2018-11-01T13:23:04+00:00","dateModified":"2022-05-05T14:40:47+00:00","breadcrumb":{"@id":"https:\/\/folkdansringen.se\/riks\/var-verksamhet\/sang-musik\/#breadcrumb"},"inLanguage":"sv-SE","potentialAction":[{"@type":"ReadAction","target":["https:\/\/folkdansringen.se\/riks\/var-verksamhet\/sang-musik\/"]}]},{"@type":"ImageObject","inLanguage":"sv-SE","@id":"https:\/\/folkdansringen.se\/riks\/var-verksamhet\/sang-musik\/#primaryimage","url":"https:\/\/folkdansringen.se\/riks\/wp-content\/uploads\/2020\/01\/svenska-folkdansringen-100-ar-circ.png","contentUrl":"https:\/\/folkdansringen.se\/riks\/wp-content\/uploads\/2020\/01\/svenska-folkdansringen-100-ar-circ.png","width":509,"height":527},{"@type":"BreadcrumbList","@id":"https:\/\/folkdansringen.se\/riks\/var-verksamhet\/sang-musik\/#breadcrumb","itemListElement":[{"@type":"ListItem","position":1,"name":"Hem","item":"https:\/\/folkdansringen.se\/riks\/"},{"@type":"ListItem","position":2,"name":"V\u00e5r verksamhet","item":"https:\/\/folkdansringen.se\/riks\/var-verksamhet\/"},{"@type":"ListItem","position":3,"name":"S\u00e5ng och musik"}]},{"@type":"WebSite","@id":"https:\/\/folkdansringen.se\/riks\/#website","url":"https:\/\/folkdansringen.se\/riks\/","name":"Folkdansringen","description":"","potentialAction":[{"@type":"SearchAction","target":{"@type":"EntryPoint","urlTemplate":"https:\/\/folkdansringen.se\/riks\/?s={search_term_string}"},"query-input":{"@type":"PropertyValueSpecification","valueRequired":true,"valueName":"search_term_string"}}],"inLanguage":"sv-SE"}]}},"_links":{"self":[{"href":"https:\/\/folkdansringen.se\/riks\/wp-json\/wp\/v2\/pages\/4506","targetHints":{"allow":["GET"]}}],"collection":[{"href":"https:\/\/folkdansringen.se\/riks\/wp-json\/wp\/v2\/pages"}],"about":[{"href":"https:\/\/folkdansringen.se\/riks\/wp-json\/wp\/v2\/types\/page"}],"author":[{"embeddable":true,"href":"https:\/\/folkdansringen.se\/riks\/wp-json\/wp\/v2\/users\/1"}],"replies":[{"embeddable":true,"href":"https:\/\/folkdansringen.se\/riks\/wp-json\/wp\/v2\/comments?post=4506"}],"version-history":[{"count":24,"href":"https:\/\/folkdansringen.se\/riks\/wp-json\/wp\/v2\/pages\/4506\/revisions"}],"predecessor-version":[{"id":13298,"href":"https:\/\/folkdansringen.se\/riks\/wp-json\/wp\/v2\/pages\/4506\/revisions\/13298"}],"up":[{"embeddable":true,"href":"https:\/\/folkdansringen.se\/riks\/wp-json\/wp\/v2\/pages\/2"}],"wp:attachment":[{"href":"https:\/\/folkdansringen.se\/riks\/wp-json\/wp\/v2\/media?parent=4506"}],"curies":[{"name":"wp","href":"https:\/\/api.w.org\/{rel}","templated":true}]}}