
{"id":4495,"date":"2018-11-01T14:08:29","date_gmt":"2018-11-01T13:08:29","guid":{"rendered":"https:\/\/ny.folkdansringen.se\/riksnya\/?page_id=4495"},"modified":"2026-01-21T10:26:57","modified_gmt":"2026-01-21T09:26:57","slug":"tidningen-hembygden","status":"publish","type":"page","link":"https:\/\/folkdansringen.se\/riks\/boka-bestall\/tidningen-hembygden\/","title":{"rendered":"Tidningen Hembygden"},"content":{"rendered":"<p>[et_pb_section fb_built=&#8221;1&#8243; module_id=&#8221;fdrSiteWrap&#8221; _builder_version=&#8221;4.16&#8243; global_colors_info=&#8221;{}&#8221;][et_pb_row module_id=&#8221;fdrSiteHeader&#8221; _builder_version=&#8221;4.16&#8243; background_size=&#8221;initial&#8221; background_position=&#8221;top_left&#8221; background_repeat=&#8221;repeat&#8221; custom_padding=&#8221;27px|0px|0|0px|false|false&#8221; global_colors_info=&#8221;{}&#8221;][et_pb_column type=&#8221;4_4&#8243; _builder_version=&#8221;4.16&#8243; custom_padding=&#8221;|||&#8221; global_colors_info=&#8221;{}&#8221; custom_padding__hover=&#8221;|||&#8221;][et_pb_image src=&#8221;https:\/\/folkdansringen.se\/riks\/wp-content\/uploads\/2022\/02\/forstasida_kollage_517x505-1.jpg&#8221; alt=&#8221;Flera nummer av tidningen Hembygden&#8221; title_text=&#8221;forstasida_kollage_517x505&#8243; force_fullwidth=&#8221;on&#8221; align_tablet=&#8221;center&#8221; align_phone=&#8221;&#8221; align_last_edited=&#8221;on|desktop&#8221; module_id=&#8221;frdHeaderImage&#8221; _builder_version=&#8221;4.16&#8243; global_colors_info=&#8221;{}&#8221;][\/et_pb_image][\/et_pb_column][\/et_pb_row][et_pb_row column_structure=&#8221;1_4,1_2,1_4&#8243; module_id=&#8221;fdrThreecolumns&#8221; _builder_version=&#8221;4.16&#8243; custom_padding=&#8221;42px|0px|27px|0px|false|false&#8221; global_colors_info=&#8221;{}&#8221;][et_pb_column type=&#8221;1_4&#8243; _builder_version=&#8221;4.16&#8243; custom_padding=&#8221;|||&#8221; global_colors_info=&#8221;{}&#8221; custom_padding__hover=&#8221;|||&#8221;][\/et_pb_column][et_pb_column type=&#8221;1_2&#8243; _builder_version=&#8221;4.16&#8243; custom_padding=&#8221;|||&#8221; global_colors_info=&#8221;{}&#8221; custom_padding__hover=&#8221;|||&#8221;][et_pb_text module_id=&#8221;fdrWhatWeDoMiddle&#8221; _builder_version=&#8221;4.27.4&#8243; custom_padding=&#8221;||1px|||&#8221; global_colors_info=&#8221;{}&#8221;]<\/p>\n<h1 class=\"contentheading\">Tidningen Hembygden<\/h1>\n<p><strong>En prenumeration p\u00e5 Svenska Folkdansringens tidskrift Hembygden ing\u00e5r i medlemskapet och tidningen \u00e4r \u00e4ven \u00f6ppen f\u00f6r prenumeration f\u00f6r andra intresserade.<\/strong><\/p>\n<h2>Prenumeration i medlemsskapet<\/h2>\n<p>En prenumeration p\u00e5 tidskriften Hembygden ing\u00e5r i medlemsskapet i Svenska Folkdansringen.<\/p>\n<p>Hembygden bevakar, <span>g\u00f6r reportage fr\u00e5n evenemang och tar in artiklar kring omr\u00e5dena f\u00f6r Svenska Folkdansringens verksamheter s\u00e5 som folkdans, -musik, dr\u00e4ktkultur, s\u00e5ng, lek, sl\u00f6jd, hantverk, matkultur, seder och bruk.\u00a0<\/span><\/p>\n<p><span>Tidningen inneh\u00e5ller \u00e4ven skildringar fr\u00e5n<\/span>\u00a0resor ut i v\u00e4rlden och information om festivaler n\u00e4ra och l\u00e5ngt bort.<\/p>\n<h2>Annonser<\/h2>\n<p>V\u00e4lkommen att annonsera i Hembygden &#8211; Sveriges st\u00f6rsta tidskrift om folkdans och folkmusik!<\/p>\n<p><a href=\"https:\/\/folkdansringen.se\/riks\/wp-content\/uploads\/2026\/01\/Annonspriser-Hembygden-2026.pdf\" target=\"_blank\" rel=\"noopener\">Annonsprislista f\u00f6r 2026 (pdf)<\/a><\/p>\n<p><span style=\"font-size: 16px;\">Totalupplagan p\u00e5 ca 8.500 exemplar g\u00e5r till medlemmar, prenumeranter och bibliotek.<\/span><\/p>\n<h2>Manus &amp; utgivning<\/h2>\n<p>Bidra med manus, artiklar och id\u00e9er genom att s\u00e4nda per epost till <a href=\"mailto:%20hembygden@folkdansringen.se\" target=\"_blank\" rel=\"noopener\" title=\"Epost till tidningen Hembygden\">hembygden@folkdansringen.se<\/a><\/p>\n<p>Skicka in material i god tid f\u00f6re stoppdatum! (F\u00f6r icke best\u00e4llt material ansvaras ej.) Redaktionen f\u00f6rbeh\u00e5ller sig r\u00e4tten att korta av och redigera artiklar. Artiklar och bilder ska vara f\u00f6rsedda med namn p\u00e5 upphovspersonen och denne m\u00e5ste ha l\u00e4mnat sitt medgivande till publicering.<\/p>\n<table style=\"width: 100%; border-collapse: collapse; height: 120px;\" border=\"0\">\n<tbody>\n<tr style=\"height: 24px;\">\n<td style=\"width: 33.3333%; height: 24px;\"><strong>Nummer<\/strong><\/td>\n<td style=\"width: 33.3333%; height: 24px;\"><strong>Manusstopp<\/strong><\/td>\n<td style=\"width: 33.3333%; height: 24px;\"><strong>Utgivning<\/strong><\/td>\n<\/tr>\n<tr style=\"height: 24px;\">\n<td style=\"width: 33.3333%; height: 24px;\"><strong>1<\/strong> \/ 2026<\/td>\n<td style=\"width: 33.3333%; height: 24px;\">9 februari<\/td>\n<td style=\"width: 33.3333%; height: 24px;\">12 mars<\/td>\n<\/tr>\n<tr style=\"height: 24px;\">\n<td style=\"width: 33.3333%; height: 24px;\"><strong>2<\/strong> \/ 2026<\/td>\n<td style=\"width: 33.3333%; height: 24px;\">30 april<\/td>\n<td style=\"width: 33.3333%; height: 24px;\">1 juni<\/td>\n<\/tr>\n<tr style=\"height: 24px;\">\n<td style=\"width: 33.3333%; height: 24px;\"><strong>3<\/strong>\u00a0\/ 2026<\/td>\n<td style=\"width: 33.3333%; height: 24px;\">10 augusti<\/td>\n<td style=\"width: 33.3333%; height: 24px;\">10 september<\/td>\n<\/tr>\n<tr style=\"height: 24px;\">\n<td style=\"width: 33.3333%; height: 24px;\"><strong> 4 <\/strong>\/ 2026<\/td>\n<td style=\"width: 33.3333%; height: 24px;\">9 november<\/td>\n<td style=\"width: 33.3333%; height: 24px;\">10 december<\/td>\n<\/tr>\n<\/tbody>\n<\/table>\n<h2>\u00a0Prenumeration<\/h2>\n<p>Du som \u00e4nnu inte \u00e4r medlem eller p\u00e5 annat s\u00e4tt \u00f6nskar tidningen kan prenumera p\u00e5 Hembygden. Pris 195 kr\/kalender\u00e5r (till utlandet 250 kr). F\u00f6r att starta en prenumeration <a href=\"https:\/\/folkdansringen.se\/riks\/kontakt\/\">kontakta Svenska Folkdansringens rikskansli.<\/a><\/p>\n<h2>Policy<\/h2>\n<p>L\u00e4s <a href=\"https:\/\/folkdansringen.se\/riks\/wp-content\/uploads\/2021\/04\/Policy-Hembygden.pdf\" target=\"_blank\" rel=\"noopener\">Svenska Folkdansringens Policy f\u00f6r tidningen Hembygden (pdf)<\/a><\/p>\n<p>[\/et_pb_text][\/et_pb_column][et_pb_column type=&#8221;1_4&#8243; _builder_version=&#8221;4.16&#8243; custom_padding=&#8221;|||&#8221; global_colors_info=&#8221;{}&#8221; custom_padding__hover=&#8221;|||&#8221;][et_pb_cta button_text=&#8221;Click Here&#8221; module_id=&#8221;fdrWhatWeDoRight&#8221; _builder_version=&#8221;4.18.0&#8243; use_background_color=&#8221;off&#8221; custom_margin=&#8221;3px|||||&#8221; global_module=&#8221;11220&#8243; saved_tabs=&#8221;all&#8221; global_colors_info=&#8221;{}&#8221;]<\/p>\n<h2>F\u00f6lj oss!<\/h2>\n<p>P\u00e5 sociala medier finns Svenska Folkdansringen\u00a0 och inspirerar med inl\u00e4gg, bilder och filmer.<\/p>\n<p><a href=\"https:\/\/www.instagram.com\/svenskafolkdansringen\/\" target=\"_blank\" rel=\"noopener\"><img loading=\"lazy\" decoding=\"async\" src=\"https:\/\/folkdansringen.se\/riks\/wp-content\/uploads\/2022\/06\/Instagram-logo-30x30-1.png\" width=\"30\" height=\"30\" alt=\"Instagram logotyp\" class=\"wp-image-13463 alignnone size-full\" \/><\/a>\u00a0 \u00a0<a href=\"https:\/\/sv-se.facebook.com\/folkdansringen\/\" target=\"_blank\" rel=\"noopener\"><img loading=\"lazy\" decoding=\"async\" src=\"https:\/\/folkdansringen.se\/riks\/wp-content\/uploads\/2018\/11\/if_facebook_986944-e1542192611888.png\" width=\"30\" height=\"30\" alt=\"Logotyp Facebook\" class=\"wp-image-4862 alignnone size-full\" \/><\/a>\u00a0 \u00a0<a href=\"https:\/\/www.youtube.com\/channel\/UC7RlAFaHAMXiB6duonH98-A\" target=\"_blank\" rel=\"noopener\"><img loading=\"lazy\" decoding=\"async\" src=\"https:\/\/folkdansringen.se\/riks\/wp-content\/uploads\/2022\/06\/youtube-logo-43x30-1.png\" width=\"43\" height=\"30\" alt=\"Youtube logotyp\" class=\"wp-image-13473 alignnone size-full\" \/><\/a><\/p>\n<p><a href=\"http:\/\/www.folkdansringen.se\/riks\/folj-oss\">L\u00e4s mer om hur du kan f\u00f6lja oss!<\/a><\/p>\n<p>[\/et_pb_cta][\/et_pb_column][\/et_pb_row][\/et_pb_section]<\/p>\n","protected":false},"excerpt":{"rendered":"<p>Tidningen Hembygden En prenumeration p\u00e5 Svenska Folkdansringens tidskrift Hembygden ing\u00e5r i medlemskapet och tidningen \u00e4r \u00e4ven \u00f6ppen f\u00f6r prenumeration f\u00f6r andra intresserade. Prenumeration i medlemsskapet En prenumeration p\u00e5 tidskriften Hembygden ing\u00e5r i medlemsskapet i Svenska Folkdansringen. Hembygden bevakar, g\u00f6r reportage fr\u00e5n evenemang och tar in artiklar kring omr\u00e5dena f\u00f6r Svenska Folkdansringens verksamheter s\u00e5 som folkdans, [&hellip;]<\/p>\n","protected":false},"author":1,"featured_media":0,"parent":7043,"menu_order":0,"comment_status":"closed","ping_status":"closed","template":"","meta":{"_et_pb_use_builder":"on","_et_pb_old_content":"","_et_gb_content_width":"","footnotes":""},"class_list":["post-4495","page","type-page","status-publish","hentry"],"yoast_head":"<!-- This site is optimized with the Yoast SEO plugin v27.5 - https:\/\/yoast.com\/product\/yoast-seo-wordpress\/ -->\n<title>Tidningen Hembygden &#187; Folkdansringen<\/title>\n<meta name=\"description\" content=\"Medlemstidningen Hembygden bevakar, g\u00f6r reportage fr\u00e5n evenemang och tar in artiklar kring omr\u00e5dena f\u00f6r Svenska Folkdansringens verksamheter s\u00e5 som folkdans, -musik, dr\u00e4ktkultur, s\u00e5ng, lek, sl\u00f6jd, hantverk, matkultur, seder och bruk.\" \/>\n<meta name=\"robots\" content=\"index, follow, max-snippet:-1, max-image-preview:large, max-video-preview:-1\" \/>\n<link rel=\"canonical\" href=\"https:\/\/folkdansringen.se\/riks\/boka-bestall\/tidningen-hembygden\/\" \/>\n<meta property=\"og:locale\" content=\"sv_SE\" \/>\n<meta property=\"og:type\" content=\"article\" \/>\n<meta property=\"og:title\" content=\"Tidningen Hembygden &#187; Folkdansringen\" \/>\n<meta property=\"og:description\" content=\"Medlemstidningen Hembygden bevakar, g\u00f6r reportage fr\u00e5n evenemang och tar in artiklar kring omr\u00e5dena f\u00f6r Svenska Folkdansringens verksamheter s\u00e5 som folkdans, -musik, dr\u00e4ktkultur, s\u00e5ng, lek, sl\u00f6jd, hantverk, matkultur, seder och bruk.\" \/>\n<meta property=\"og:url\" content=\"https:\/\/folkdansringen.se\/riks\/boka-bestall\/tidningen-hembygden\/\" \/>\n<meta property=\"og:site_name\" content=\"Folkdansringen\" \/>\n<meta property=\"article:modified_time\" content=\"2026-01-21T09:26:57+00:00\" \/>\n<meta property=\"og:image\" content=\"https:\/\/folkdansringen.se\/riks\/wp-content\/uploads\/2022\/06\/Instagram-logo-30x30-1.png\" \/>\n<meta name=\"twitter:card\" content=\"summary_large_image\" \/>\n<meta name=\"twitter:label1\" content=\"Ber\u00e4knad l\u00e4stid\" \/>\n\t<meta name=\"twitter:data1\" content=\"2 minuter\" \/>\n<script type=\"application\/ld+json\" class=\"yoast-schema-graph\">{\"@context\":\"https:\\\/\\\/schema.org\",\"@graph\":[{\"@type\":\"WebPage\",\"@id\":\"https:\\\/\\\/folkdansringen.se\\\/riks\\\/boka-bestall\\\/tidningen-hembygden\\\/\",\"url\":\"https:\\\/\\\/folkdansringen.se\\\/riks\\\/boka-bestall\\\/tidningen-hembygden\\\/\",\"name\":\"Tidningen Hembygden &#187; Folkdansringen\",\"isPartOf\":{\"@id\":\"https:\\\/\\\/folkdansringen.se\\\/riks\\\/#website\"},\"primaryImageOfPage\":{\"@id\":\"https:\\\/\\\/folkdansringen.se\\\/riks\\\/boka-bestall\\\/tidningen-hembygden\\\/#primaryimage\"},\"image\":{\"@id\":\"https:\\\/\\\/folkdansringen.se\\\/riks\\\/boka-bestall\\\/tidningen-hembygden\\\/#primaryimage\"},\"thumbnailUrl\":\"https:\\\/\\\/folkdansringen.se\\\/riks\\\/wp-content\\\/uploads\\\/2022\\\/06\\\/Instagram-logo-30x30-1.png\",\"datePublished\":\"2018-11-01T13:08:29+00:00\",\"dateModified\":\"2026-01-21T09:26:57+00:00\",\"description\":\"Medlemstidningen Hembygden bevakar, g\u00f6r reportage fr\u00e5n evenemang och tar in artiklar kring omr\u00e5dena f\u00f6r Svenska Folkdansringens verksamheter s\u00e5 som folkdans, -musik, dr\u00e4ktkultur, s\u00e5ng, lek, sl\u00f6jd, hantverk, matkultur, seder och bruk.\",\"breadcrumb\":{\"@id\":\"https:\\\/\\\/folkdansringen.se\\\/riks\\\/boka-bestall\\\/tidningen-hembygden\\\/#breadcrumb\"},\"inLanguage\":\"sv-SE\",\"potentialAction\":[{\"@type\":\"ReadAction\",\"target\":[\"https:\\\/\\\/folkdansringen.se\\\/riks\\\/boka-bestall\\\/tidningen-hembygden\\\/\"]}]},{\"@type\":\"ImageObject\",\"inLanguage\":\"sv-SE\",\"@id\":\"https:\\\/\\\/folkdansringen.se\\\/riks\\\/boka-bestall\\\/tidningen-hembygden\\\/#primaryimage\",\"url\":\"https:\\\/\\\/folkdansringen.se\\\/riks\\\/wp-content\\\/uploads\\\/2022\\\/06\\\/Instagram-logo-30x30-1.png\",\"contentUrl\":\"https:\\\/\\\/folkdansringen.se\\\/riks\\\/wp-content\\\/uploads\\\/2022\\\/06\\\/Instagram-logo-30x30-1.png\",\"width\":30,\"height\":30,\"caption\":\"Instagram logotyp\"},{\"@type\":\"BreadcrumbList\",\"@id\":\"https:\\\/\\\/folkdansringen.se\\\/riks\\\/boka-bestall\\\/tidningen-hembygden\\\/#breadcrumb\",\"itemListElement\":[{\"@type\":\"ListItem\",\"position\":1,\"name\":\"Hem\",\"item\":\"https:\\\/\\\/folkdansringen.se\\\/riks\\\/\"},{\"@type\":\"ListItem\",\"position\":2,\"name\":\"Boka\\\/best\u00e4ll\",\"item\":\"https:\\\/\\\/folkdansringen.se\\\/riks\\\/boka-bestall\\\/\"},{\"@type\":\"ListItem\",\"position\":3,\"name\":\"Tidningen Hembygden\"}]},{\"@type\":\"WebSite\",\"@id\":\"https:\\\/\\\/folkdansringen.se\\\/riks\\\/#website\",\"url\":\"https:\\\/\\\/folkdansringen.se\\\/riks\\\/\",\"name\":\"Folkdansringen\",\"description\":\"\",\"potentialAction\":[{\"@type\":\"SearchAction\",\"target\":{\"@type\":\"EntryPoint\",\"urlTemplate\":\"https:\\\/\\\/folkdansringen.se\\\/riks\\\/?s={search_term_string}\"},\"query-input\":{\"@type\":\"PropertyValueSpecification\",\"valueRequired\":true,\"valueName\":\"search_term_string\"}}],\"inLanguage\":\"sv-SE\"}]}<\/script>\n<!-- \/ Yoast SEO plugin. -->","yoast_head_json":{"title":"Tidningen Hembygden &#187; Folkdansringen","description":"Medlemstidningen Hembygden bevakar, g\u00f6r reportage fr\u00e5n evenemang och tar in artiklar kring omr\u00e5dena f\u00f6r Svenska Folkdansringens verksamheter s\u00e5 som folkdans, -musik, dr\u00e4ktkultur, s\u00e5ng, lek, sl\u00f6jd, hantverk, matkultur, seder och bruk.","robots":{"index":"index","follow":"follow","max-snippet":"max-snippet:-1","max-image-preview":"max-image-preview:large","max-video-preview":"max-video-preview:-1"},"canonical":"https:\/\/folkdansringen.se\/riks\/boka-bestall\/tidningen-hembygden\/","og_locale":"sv_SE","og_type":"article","og_title":"Tidningen Hembygden &#187; Folkdansringen","og_description":"Medlemstidningen Hembygden bevakar, g\u00f6r reportage fr\u00e5n evenemang och tar in artiklar kring omr\u00e5dena f\u00f6r Svenska Folkdansringens verksamheter s\u00e5 som folkdans, -musik, dr\u00e4ktkultur, s\u00e5ng, lek, sl\u00f6jd, hantverk, matkultur, seder och bruk.","og_url":"https:\/\/folkdansringen.se\/riks\/boka-bestall\/tidningen-hembygden\/","og_site_name":"Folkdansringen","article_modified_time":"2026-01-21T09:26:57+00:00","og_image":[{"url":"https:\/\/folkdansringen.se\/riks\/wp-content\/uploads\/2022\/06\/Instagram-logo-30x30-1.png","type":"","width":"","height":""}],"twitter_card":"summary_large_image","twitter_misc":{"Ber\u00e4knad l\u00e4stid":"2 minuter"},"schema":{"@context":"https:\/\/schema.org","@graph":[{"@type":"WebPage","@id":"https:\/\/folkdansringen.se\/riks\/boka-bestall\/tidningen-hembygden\/","url":"https:\/\/folkdansringen.se\/riks\/boka-bestall\/tidningen-hembygden\/","name":"Tidningen Hembygden &#187; Folkdansringen","isPartOf":{"@id":"https:\/\/folkdansringen.se\/riks\/#website"},"primaryImageOfPage":{"@id":"https:\/\/folkdansringen.se\/riks\/boka-bestall\/tidningen-hembygden\/#primaryimage"},"image":{"@id":"https:\/\/folkdansringen.se\/riks\/boka-bestall\/tidningen-hembygden\/#primaryimage"},"thumbnailUrl":"https:\/\/folkdansringen.se\/riks\/wp-content\/uploads\/2022\/06\/Instagram-logo-30x30-1.png","datePublished":"2018-11-01T13:08:29+00:00","dateModified":"2026-01-21T09:26:57+00:00","description":"Medlemstidningen Hembygden bevakar, g\u00f6r reportage fr\u00e5n evenemang och tar in artiklar kring omr\u00e5dena f\u00f6r Svenska Folkdansringens verksamheter s\u00e5 som folkdans, -musik, dr\u00e4ktkultur, s\u00e5ng, lek, sl\u00f6jd, hantverk, matkultur, seder och bruk.","breadcrumb":{"@id":"https:\/\/folkdansringen.se\/riks\/boka-bestall\/tidningen-hembygden\/#breadcrumb"},"inLanguage":"sv-SE","potentialAction":[{"@type":"ReadAction","target":["https:\/\/folkdansringen.se\/riks\/boka-bestall\/tidningen-hembygden\/"]}]},{"@type":"ImageObject","inLanguage":"sv-SE","@id":"https:\/\/folkdansringen.se\/riks\/boka-bestall\/tidningen-hembygden\/#primaryimage","url":"https:\/\/folkdansringen.se\/riks\/wp-content\/uploads\/2022\/06\/Instagram-logo-30x30-1.png","contentUrl":"https:\/\/folkdansringen.se\/riks\/wp-content\/uploads\/2022\/06\/Instagram-logo-30x30-1.png","width":30,"height":30,"caption":"Instagram logotyp"},{"@type":"BreadcrumbList","@id":"https:\/\/folkdansringen.se\/riks\/boka-bestall\/tidningen-hembygden\/#breadcrumb","itemListElement":[{"@type":"ListItem","position":1,"name":"Hem","item":"https:\/\/folkdansringen.se\/riks\/"},{"@type":"ListItem","position":2,"name":"Boka\/best\u00e4ll","item":"https:\/\/folkdansringen.se\/riks\/boka-bestall\/"},{"@type":"ListItem","position":3,"name":"Tidningen Hembygden"}]},{"@type":"WebSite","@id":"https:\/\/folkdansringen.se\/riks\/#website","url":"https:\/\/folkdansringen.se\/riks\/","name":"Folkdansringen","description":"","potentialAction":[{"@type":"SearchAction","target":{"@type":"EntryPoint","urlTemplate":"https:\/\/folkdansringen.se\/riks\/?s={search_term_string}"},"query-input":{"@type":"PropertyValueSpecification","valueRequired":true,"valueName":"search_term_string"}}],"inLanguage":"sv-SE"}]}},"_links":{"self":[{"href":"https:\/\/folkdansringen.se\/riks\/wp-json\/wp\/v2\/pages\/4495","targetHints":{"allow":["GET"]}}],"collection":[{"href":"https:\/\/folkdansringen.se\/riks\/wp-json\/wp\/v2\/pages"}],"about":[{"href":"https:\/\/folkdansringen.se\/riks\/wp-json\/wp\/v2\/types\/page"}],"author":[{"embeddable":true,"href":"https:\/\/folkdansringen.se\/riks\/wp-json\/wp\/v2\/users\/1"}],"replies":[{"embeddable":true,"href":"https:\/\/folkdansringen.se\/riks\/wp-json\/wp\/v2\/comments?post=4495"}],"version-history":[{"count":65,"href":"https:\/\/folkdansringen.se\/riks\/wp-json\/wp\/v2\/pages\/4495\/revisions"}],"predecessor-version":[{"id":15638,"href":"https:\/\/folkdansringen.se\/riks\/wp-json\/wp\/v2\/pages\/4495\/revisions\/15638"}],"up":[{"embeddable":true,"href":"https:\/\/folkdansringen.se\/riks\/wp-json\/wp\/v2\/pages\/7043"}],"wp:attachment":[{"href":"https:\/\/folkdansringen.se\/riks\/wp-json\/wp\/v2\/media?parent=4495"}],"curies":[{"name":"wp","href":"https:\/\/api.w.org\/{rel}","templated":true}]}}