
{"id":2,"date":"2018-05-18T10:47:43","date_gmt":"2018-05-18T08:47:43","guid":{"rendered":"https:\/\/ny.folkdansringen.se\/riksnya\/?page_id=2"},"modified":"2022-08-17T08:47:22","modified_gmt":"2022-08-17T06:47:22","slug":"var-verksamhet","status":"publish","type":"page","link":"https:\/\/folkdansringen.se\/riks\/var-verksamhet\/","title":{"rendered":"V\u00e5r verksamhet"},"content":{"rendered":"<p>[et_pb_section fb_built=&#8221;1&#8243; module_id=&#8221;fdrSiteWrap&#8221; _builder_version=&#8221;4.16&#8243; global_colors_info=&#8221;{}&#8221;][et_pb_row module_id=&#8221;fdrSiteHeader&#8221; _builder_version=&#8221;4.16&#8243; background_size=&#8221;initial&#8221; background_position=&#8221;top_left&#8221; background_repeat=&#8221;repeat&#8221; custom_padding=&#8221;27px|0px|0|0px|false|false&#8221; global_colors_info=&#8221;{}&#8221;][et_pb_column type=&#8221;4_4&#8243; _builder_version=&#8221;4.16&#8243; custom_padding=&#8221;|||&#8221; global_colors_info=&#8221;{}&#8221; custom_padding__hover=&#8221;|||&#8221;][et_pb_image src=&#8221;https:\/\/folkdansringen.se\/riks\/wp-content\/uploads\/2019\/12\/svenska-folkdansringen-verksamhet-r\u00e4tt.jpeg&#8221; force_fullwidth=&#8221;on&#8221; align_tablet=&#8221;center&#8221; align_phone=&#8221;&#8221; align_last_edited=&#8221;on|desktop&#8221; module_id=&#8221;frdHeaderImage&#8221; _builder_version=&#8221;4.16&#8243; global_colors_info=&#8221;{}&#8221;][\/et_pb_image][\/et_pb_column][\/et_pb_row][et_pb_row column_structure=&#8221;1_4,1_2,1_4&#8243; module_id=&#8221;fdrThreecolumns&#8221; _builder_version=&#8221;4.16&#8243; custom_padding=&#8221;42px|0px|27px|0px|false|false&#8221; global_colors_info=&#8221;{}&#8221;][et_pb_column type=&#8221;1_4&#8243; _builder_version=&#8221;4.16&#8243; custom_padding=&#8221;|||&#8221; global_colors_info=&#8221;{}&#8221; custom_padding__hover=&#8221;|||&#8221;][et_pb_text module_class=&#8221;fdrULinkBox&#8221; _builder_version=&#8221;4.16&#8243; global_colors_info=&#8221;{}&#8221;]<\/p>\n<ul>\n<li><a href=\"https:\/\/folkdansringen.se\/riks\/var-verksamhet\/\">V\u00e5r verksamhet<\/a><\/li>\n<li><a href=\"https:\/\/folkdansringen.se\/riks\/var-verksamhet\/om-oss\/\">Om oss<\/a><\/li>\n<li><a href=\"https:\/\/folkdansringen.se\/riks\/var-verksamhet\/barn--unga\/\">Barn &amp; unga<\/a><\/li>\n<li><a href=\"https:\/\/folkdansringen.se\/riks\/var-verksamhet\/lokal-verksamhet-dans\/\">Dans<\/a><\/li>\n<li><a href=\"https:\/\/folkdansringen.se\/riks\/var-verksamhet\/lokal-verksamhet-drakt-och-slojd\/\">Dr\u00e4kt &amp; sl\u00f6jd<\/a><\/li>\n<li><a href=\"https:\/\/folkdansringen.se\/riks\/var-verksamhet\/lokal-verksamhet-kultur-och-traditioner\/\">Kultur &amp; traditioner<\/a><\/li>\n<li><a href=\"https:\/\/folkdansringen.se\/riks\/var-verksamhet\/lokal-verksamhet-sang-och-musik\/\">S\u00e5ng &amp; musik<\/a><\/li>\n<li><a href=\"https:\/\/folkdansringen.se\/riks\/zornmarket\/\">Zornm\u00e4rket<\/a><\/li>\n<\/ul>\n<p>[\/et_pb_text][\/et_pb_column][et_pb_column type=&#8221;1_2&#8243; _builder_version=&#8221;4.16&#8243; custom_padding=&#8221;|||&#8221; global_colors_info=&#8221;{}&#8221; custom_padding__hover=&#8221;|||&#8221;][et_pb_text module_id=&#8221;fdrWhatWeDoMiddle&#8221; _builder_version=&#8221;4.16&#8243; custom_padding=&#8221;||0px|||&#8221; global_colors_info=&#8221;{}&#8221;]<\/p>\n<h1>V\u00e5r verksamhet<\/h1>\n<p>Svenska Folkdansringens huvuduppgift \u00e4r att st\u00f6dja de lokala f\u00f6reningarna och deras verksamhet. Det sker i f\u00f6rsta hand genom att erbjuda utbildningar till ledare inom organisationen, kontakt med olika myndigheter, besvara remisser som ber\u00f6r v\u00e5rt verksamhetsomr\u00e5de och samarbeten med likasinnade organisationer \u00e4r ocks\u00e5 en viktig del i Svenska Folkdansringens verksamhet.<\/p>\n<p>Verksamheten inom Svenska Folkdansringens f\u00f6reningar \u00e4r i huvudsak dans, musik, dr\u00e4kt och sl\u00f6jd.<\/p>\n<p>Verksamheten som riktar sig till alla \u00e5ldrar, barn- och ungdomsgrupper samt vuxna, skapar m\u00f6tesplatser f\u00f6r utbyte av kunskaper och nya kontakter.<\/p>\n<p>F\u00f6reningarna aktiverar inte bara egna medlemmar utan bedriver ocks\u00e5 en omfattande ut\u00e5triktad verksamhet med kurser, uppvisningar och festivaler.<\/p>\n<p>Dansen \u00e4r den grundl\u00e4ggande verksamheten i de flesta av Svenska Folkdansringens medlemsf\u00f6reningar; folkdans, gammaldans, traditionell dans och ibland historiska danser. Ofta dansar man parvis i en st\u00f6rre grupp med till exempel \u00e5tta par i en uppst\u00e4llning.<\/p>\n<p>I Svenska Folkdansringen har musiken och s\u00e5ngen en viktig funktion. I m\u00e5nga f\u00f6reningar finns det spelgrupper och en del har \u00e4ven k\u00f6rer. Spelm\u00e4nnen \u00e4r en b\u00e4rande del vid folkdansf\u00f6reningarnas tr\u00e4ningar, uppvisningar och f\u00f6rest\u00e4llningar.<\/p>\n<p>I v\u00e5ra f\u00f6reningar bedrivs ocks\u00e5 dr\u00e4ktverksamhet. D\u00e4r kan du f\u00e5 r\u00e5d och hj\u00e4lp kring din folkdr\u00e4kt eller bygdedr\u00e4kt och m\u00e5nga har tr\u00e4ffar d\u00e4r man ses och syr tillsammans.<\/p>\n<p>Svenska Folkdansringen ordnar \u00e4ven kurser inom sl\u00f6jd. Det kan vara silversmide, bandv\u00e4vning, tenntr\u00e5dsbroderi, stickning, luffarsl\u00f6jd eller att snida i tr\u00e4.<\/p>\n<p>[\/et_pb_text][\/et_pb_column][et_pb_column type=&#8221;1_4&#8243; _builder_version=&#8221;4.16&#8243; custom_padding=&#8221;|||&#8221; global_colors_info=&#8221;{}&#8221; custom_padding__hover=&#8221;|||&#8221;][et_pb_cta button_text=&#8221;Click Here&#8221; module_id=&#8221;fdrWhatWeDoRight&#8221; _builder_version=&#8221;4.17.1&#8243; use_background_color=&#8221;off&#8221; custom_margin=&#8221;3px|||||&#8221; hover_enabled=&#8221;0&#8243; global_module=&#8221;11220&#8243; saved_tabs=&#8221;all&#8221; global_colors_info=&#8221;{}&#8221; sticky_enabled=&#8221;0&#8243;]<\/p>\n<h2>F\u00f6lj oss!<\/h2>\n<p>P\u00e5 sociala medier finns Svenska Folkdans-ringen med och inspirerar med inl\u00e4gg, bilder och filmer.<\/p>\n<p><a href=\"https:\/\/www.instagram.com\/svenskafolkdansringen\/\" target=\"_blank\" rel=\"noopener\"><img loading=\"lazy\" decoding=\"async\" src=\"https:\/\/folkdansringen.se\/riks\/wp-content\/uploads\/2022\/06\/Instagram-logo-30x30-1.png\" width=\"30\" height=\"30\" alt=\"Instagram logotyp\" class=\"wp-image-13463 alignnone size-full\" \/><\/a>\u00a0 \u00a0<a href=\"https:\/\/sv-se.facebook.com\/folkdansringen\/\" target=\"_blank\" rel=\"noopener\"><img loading=\"lazy\" decoding=\"async\" src=\"https:\/\/folkdansringen.se\/riks\/wp-content\/uploads\/2018\/11\/if_facebook_986944-e1542192611888.png\" width=\"30\" height=\"30\" alt=\"Logotyp Facebook\" class=\"wp-image-4862 alignnone size-full\" \/><\/a>\u00a0 \u00a0<a href=\"https:\/\/www.youtube.com\/channel\/UC7RlAFaHAMXiB6duonH98-A\" target=\"_blank\" rel=\"noopener\"><img loading=\"lazy\" decoding=\"async\" src=\"https:\/\/folkdansringen.se\/riks\/wp-content\/uploads\/2022\/06\/youtube-logo-43x30-1.png\" width=\"43\" height=\"30\" alt=\"Youtube logotyp\" class=\"wp-image-13473 alignnone size-full\" \/><\/a><\/p>\n<p><a href=\"http:\/\/www.folkdansringen.se\/riks\/folj-oss\">L\u00e4s mer om hur du kan f\u00f6lja oss!<\/a><\/p>\n<p>[\/et_pb_cta][\/et_pb_column][\/et_pb_row][\/et_pb_section]<\/p>\n","protected":false},"excerpt":{"rendered":"<p>V\u00e5r verksamhet Om oss Barn &amp; unga Dans Dr\u00e4kt &amp; sl\u00f6jd Kultur &amp; traditioner S\u00e5ng &amp; musik Zornm\u00e4rket V\u00e5r verksamhet Svenska Folkdansringens huvuduppgift \u00e4r att st\u00f6dja de lokala f\u00f6reningarna och deras verksamhet. Det sker i f\u00f6rsta hand genom att erbjuda utbildningar till ledare inom organisationen, kontakt med olika myndigheter, besvara remisser som ber\u00f6r v\u00e5rt verksamhetsomr\u00e5de [&hellip;]<\/p>\n","protected":false},"author":1,"featured_media":0,"parent":0,"menu_order":0,"comment_status":"closed","ping_status":"open","template":"","meta":{"_et_pb_use_builder":"on","_et_pb_old_content":"<p>Lite om FDR<\/p>","_et_gb_content_width":"","footnotes":""},"class_list":["post-2","page","type-page","status-publish","hentry"],"yoast_head":"<!-- This site is optimized with the Yoast SEO plugin v27.4 - https:\/\/yoast.com\/product\/yoast-seo-wordpress\/ -->\n<title>V\u00e5r verksamhet &#187; Folkdansringen<\/title>\n<meta name=\"robots\" content=\"index, follow, max-snippet:-1, max-image-preview:large, max-video-preview:-1\" \/>\n<link rel=\"canonical\" href=\"https:\/\/folkdansringen.se\/riks\/var-verksamhet\/\" \/>\n<meta property=\"og:locale\" content=\"sv_SE\" \/>\n<meta property=\"og:type\" content=\"article\" \/>\n<meta property=\"og:title\" content=\"V\u00e5r verksamhet &#187; Folkdansringen\" \/>\n<meta property=\"og:description\" content=\"V\u00e5r verksamhet Om oss Barn &amp; unga Dans Dr\u00e4kt &amp; sl\u00f6jd Kultur &amp; traditioner S\u00e5ng &amp; musik Zornm\u00e4rket V\u00e5r verksamhet Svenska Folkdansringens huvuduppgift \u00e4r att st\u00f6dja de lokala f\u00f6reningarna och deras verksamhet. Det sker i f\u00f6rsta hand genom att erbjuda utbildningar till ledare inom organisationen, kontakt med olika myndigheter, besvara remisser som ber\u00f6r v\u00e5rt verksamhetsomr\u00e5de [&hellip;]\" \/>\n<meta property=\"og:url\" content=\"https:\/\/folkdansringen.se\/riks\/var-verksamhet\/\" \/>\n<meta property=\"og:site_name\" content=\"Folkdansringen\" \/>\n<meta property=\"article:modified_time\" content=\"2022-08-17T06:47:22+00:00\" \/>\n<meta property=\"og:image\" content=\"https:\/\/folkdansringen.se\/riks\/wp-content\/uploads\/2022\/06\/Instagram-logo-30x30-1.png\" \/>\n<meta name=\"twitter:card\" content=\"summary_large_image\" \/>\n<meta name=\"twitter:label1\" content=\"Ber\u00e4knad l\u00e4stid\" \/>\n\t<meta name=\"twitter:data1\" content=\"3 minuter\" \/>\n<script type=\"application\/ld+json\" class=\"yoast-schema-graph\">{\"@context\":\"https:\\\/\\\/schema.org\",\"@graph\":[{\"@type\":\"WebPage\",\"@id\":\"https:\\\/\\\/folkdansringen.se\\\/riks\\\/var-verksamhet\\\/\",\"url\":\"https:\\\/\\\/folkdansringen.se\\\/riks\\\/var-verksamhet\\\/\",\"name\":\"V\u00e5r verksamhet &#187; Folkdansringen\",\"isPartOf\":{\"@id\":\"https:\\\/\\\/folkdansringen.se\\\/riks\\\/#website\"},\"primaryImageOfPage\":{\"@id\":\"https:\\\/\\\/folkdansringen.se\\\/riks\\\/var-verksamhet\\\/#primaryimage\"},\"image\":{\"@id\":\"https:\\\/\\\/folkdansringen.se\\\/riks\\\/var-verksamhet\\\/#primaryimage\"},\"thumbnailUrl\":\"https:\\\/\\\/folkdansringen.se\\\/riks\\\/wp-content\\\/uploads\\\/2022\\\/06\\\/Instagram-logo-30x30-1.png\",\"datePublished\":\"2018-05-18T08:47:43+00:00\",\"dateModified\":\"2022-08-17T06:47:22+00:00\",\"breadcrumb\":{\"@id\":\"https:\\\/\\\/folkdansringen.se\\\/riks\\\/var-verksamhet\\\/#breadcrumb\"},\"inLanguage\":\"sv-SE\",\"potentialAction\":[{\"@type\":\"ReadAction\",\"target\":[\"https:\\\/\\\/folkdansringen.se\\\/riks\\\/var-verksamhet\\\/\"]}]},{\"@type\":\"ImageObject\",\"inLanguage\":\"sv-SE\",\"@id\":\"https:\\\/\\\/folkdansringen.se\\\/riks\\\/var-verksamhet\\\/#primaryimage\",\"url\":\"https:\\\/\\\/folkdansringen.se\\\/riks\\\/wp-content\\\/uploads\\\/2022\\\/06\\\/Instagram-logo-30x30-1.png\",\"contentUrl\":\"https:\\\/\\\/folkdansringen.se\\\/riks\\\/wp-content\\\/uploads\\\/2022\\\/06\\\/Instagram-logo-30x30-1.png\",\"width\":30,\"height\":30,\"caption\":\"Instagram logotyp\"},{\"@type\":\"BreadcrumbList\",\"@id\":\"https:\\\/\\\/folkdansringen.se\\\/riks\\\/var-verksamhet\\\/#breadcrumb\",\"itemListElement\":[{\"@type\":\"ListItem\",\"position\":1,\"name\":\"Hem\",\"item\":\"https:\\\/\\\/folkdansringen.se\\\/riks\\\/\"},{\"@type\":\"ListItem\",\"position\":2,\"name\":\"V\u00e5r verksamhet\"}]},{\"@type\":\"WebSite\",\"@id\":\"https:\\\/\\\/folkdansringen.se\\\/riks\\\/#website\",\"url\":\"https:\\\/\\\/folkdansringen.se\\\/riks\\\/\",\"name\":\"Folkdansringen\",\"description\":\"\",\"potentialAction\":[{\"@type\":\"SearchAction\",\"target\":{\"@type\":\"EntryPoint\",\"urlTemplate\":\"https:\\\/\\\/folkdansringen.se\\\/riks\\\/?s={search_term_string}\"},\"query-input\":{\"@type\":\"PropertyValueSpecification\",\"valueRequired\":true,\"valueName\":\"search_term_string\"}}],\"inLanguage\":\"sv-SE\"}]}<\/script>\n<!-- \/ Yoast SEO plugin. -->","yoast_head_json":{"title":"V\u00e5r verksamhet &#187; Folkdansringen","robots":{"index":"index","follow":"follow","max-snippet":"max-snippet:-1","max-image-preview":"max-image-preview:large","max-video-preview":"max-video-preview:-1"},"canonical":"https:\/\/folkdansringen.se\/riks\/var-verksamhet\/","og_locale":"sv_SE","og_type":"article","og_title":"V\u00e5r verksamhet &#187; Folkdansringen","og_description":"V\u00e5r verksamhet Om oss Barn &amp; unga Dans Dr\u00e4kt &amp; sl\u00f6jd Kultur &amp; traditioner S\u00e5ng &amp; musik Zornm\u00e4rket V\u00e5r verksamhet Svenska Folkdansringens huvuduppgift \u00e4r att st\u00f6dja de lokala f\u00f6reningarna och deras verksamhet. Det sker i f\u00f6rsta hand genom att erbjuda utbildningar till ledare inom organisationen, kontakt med olika myndigheter, besvara remisser som ber\u00f6r v\u00e5rt verksamhetsomr\u00e5de [&hellip;]","og_url":"https:\/\/folkdansringen.se\/riks\/var-verksamhet\/","og_site_name":"Folkdansringen","article_modified_time":"2022-08-17T06:47:22+00:00","og_image":[{"url":"https:\/\/folkdansringen.se\/riks\/wp-content\/uploads\/2022\/06\/Instagram-logo-30x30-1.png","type":"","width":"","height":""}],"twitter_card":"summary_large_image","twitter_misc":{"Ber\u00e4knad l\u00e4stid":"3 minuter"},"schema":{"@context":"https:\/\/schema.org","@graph":[{"@type":"WebPage","@id":"https:\/\/folkdansringen.se\/riks\/var-verksamhet\/","url":"https:\/\/folkdansringen.se\/riks\/var-verksamhet\/","name":"V\u00e5r verksamhet &#187; Folkdansringen","isPartOf":{"@id":"https:\/\/folkdansringen.se\/riks\/#website"},"primaryImageOfPage":{"@id":"https:\/\/folkdansringen.se\/riks\/var-verksamhet\/#primaryimage"},"image":{"@id":"https:\/\/folkdansringen.se\/riks\/var-verksamhet\/#primaryimage"},"thumbnailUrl":"https:\/\/folkdansringen.se\/riks\/wp-content\/uploads\/2022\/06\/Instagram-logo-30x30-1.png","datePublished":"2018-05-18T08:47:43+00:00","dateModified":"2022-08-17T06:47:22+00:00","breadcrumb":{"@id":"https:\/\/folkdansringen.se\/riks\/var-verksamhet\/#breadcrumb"},"inLanguage":"sv-SE","potentialAction":[{"@type":"ReadAction","target":["https:\/\/folkdansringen.se\/riks\/var-verksamhet\/"]}]},{"@type":"ImageObject","inLanguage":"sv-SE","@id":"https:\/\/folkdansringen.se\/riks\/var-verksamhet\/#primaryimage","url":"https:\/\/folkdansringen.se\/riks\/wp-content\/uploads\/2022\/06\/Instagram-logo-30x30-1.png","contentUrl":"https:\/\/folkdansringen.se\/riks\/wp-content\/uploads\/2022\/06\/Instagram-logo-30x30-1.png","width":30,"height":30,"caption":"Instagram logotyp"},{"@type":"BreadcrumbList","@id":"https:\/\/folkdansringen.se\/riks\/var-verksamhet\/#breadcrumb","itemListElement":[{"@type":"ListItem","position":1,"name":"Hem","item":"https:\/\/folkdansringen.se\/riks\/"},{"@type":"ListItem","position":2,"name":"V\u00e5r verksamhet"}]},{"@type":"WebSite","@id":"https:\/\/folkdansringen.se\/riks\/#website","url":"https:\/\/folkdansringen.se\/riks\/","name":"Folkdansringen","description":"","potentialAction":[{"@type":"SearchAction","target":{"@type":"EntryPoint","urlTemplate":"https:\/\/folkdansringen.se\/riks\/?s={search_term_string}"},"query-input":{"@type":"PropertyValueSpecification","valueRequired":true,"valueName":"search_term_string"}}],"inLanguage":"sv-SE"}]}},"_links":{"self":[{"href":"https:\/\/folkdansringen.se\/riks\/wp-json\/wp\/v2\/pages\/2","targetHints":{"allow":["GET"]}}],"collection":[{"href":"https:\/\/folkdansringen.se\/riks\/wp-json\/wp\/v2\/pages"}],"about":[{"href":"https:\/\/folkdansringen.se\/riks\/wp-json\/wp\/v2\/types\/page"}],"author":[{"embeddable":true,"href":"https:\/\/folkdansringen.se\/riks\/wp-json\/wp\/v2\/users\/1"}],"replies":[{"embeddable":true,"href":"https:\/\/folkdansringen.se\/riks\/wp-json\/wp\/v2\/comments?post=2"}],"version-history":[{"count":61,"href":"https:\/\/folkdansringen.se\/riks\/wp-json\/wp\/v2\/pages\/2\/revisions"}],"predecessor-version":[{"id":13588,"href":"https:\/\/folkdansringen.se\/riks\/wp-json\/wp\/v2\/pages\/2\/revisions\/13588"}],"wp:attachment":[{"href":"https:\/\/folkdansringen.se\/riks\/wp-json\/wp\/v2\/media?parent=2"}],"curies":[{"name":"wp","href":"https:\/\/api.w.org\/{rel}","templated":true}]}}