
{"id":15293,"date":"2025-08-15T22:30:30","date_gmt":"2025-08-15T20:30:30","guid":{"rendered":"https:\/\/folkdansringen.se\/riks\/?page_id=15293"},"modified":"2025-09-19T08:17:36","modified_gmt":"2025-09-19T06:17:36","slug":"riksstamma-2025","status":"publish","type":"page","link":"https:\/\/folkdansringen.se\/riks\/foreningochfunktionar\/rikstamma\/riksstamma-2025\/","title":{"rendered":"Riksst\u00e4mma 2025"},"content":{"rendered":"<p>[et_pb_section fb_built=&#8221;1&#8243; module_id=&#8221;fdrSiteWrap&#8221; _builder_version=&#8221;4.16&#8243; global_colors_info=&#8221;{}&#8221;][et_pb_row module_id=&#8221;fdrSiteHeader&#8221; _builder_version=&#8221;4.16&#8243; background_size=&#8221;initial&#8221; background_position=&#8221;top_left&#8221; background_repeat=&#8221;repeat&#8221; custom_padding=&#8221;27px|0px|0|0px|false|false&#8221; global_colors_info=&#8221;{}&#8221;][et_pb_column type=&#8221;4_4&#8243; _builder_version=&#8221;4.16&#8243; custom_padding=&#8221;|||&#8221; global_colors_info=&#8221;{}&#8221; custom_padding__hover=&#8221;|||&#8221;][et_pb_image src=&#8221;https:\/\/folkdansringen.se\/riks\/wp-content\/uploads\/2022\/04\/Rostning-pa-riksstamma-380&#215;525-1.jpg&#8221; alt=&#8221;Ombud som r\u00f6star p\u00e5 riksst\u00e4mman&#8221; title_text=&#8221;R\u00f6stning p\u00e5 riksst\u00e4mma 380&#215;525&#8243; _builder_version=&#8221;4.27.4&#8243; _module_preset=&#8221;default&#8221; global_colors_info=&#8221;{}&#8221;][\/et_pb_image][\/et_pb_column][\/et_pb_row][et_pb_row column_structure=&#8221;1_4,1_2,1_4&#8243; module_id=&#8221;fdrThreecolumns&#8221; _builder_version=&#8221;4.18.0&#8243; custom_padding=&#8221;42px|0px|42px|0px|true|false&#8221; global_colors_info=&#8221;{}&#8221;][et_pb_column type=&#8221;1_4&#8243; _builder_version=&#8221;4.16&#8243; custom_padding=&#8221;|||&#8221; global_colors_info=&#8221;{}&#8221; custom_padding__hover=&#8221;|||&#8221;][et_pb_text _builder_version=&#8221;4.27.4&#8243; text_font_size=&#8221;14px&#8221; link_font_size=&#8221;14px&#8221; global_module=&#8221;10394&#8243; saved_tabs=&#8221;all&#8221; global_colors_info=&#8221;{}&#8221;]<\/p>\n<ul class=\"fdrUlLinks\">\n<li><a href=\"https:\/\/folkdansringen.se\/riks\/foreningochfunktionar\/rikstamma\/\">Riksst\u00e4mma<\/a><\/li>\n<li><a href=\"https:\/\/folkdansringen.se\/riks\/foreningochfunktionar\/rikstamma\/riksstamma-2025\/\">Riksst\u00e4mma 2025<\/a><\/li>\n<li><a href=\"https:\/\/folkdansringen.se\/riks\/foreningochfunktionar\/rikstamma\/riksstamma-2024\/\">Riksst\u00e4mma 2024<\/a><\/li>\n<li><a href=\"https:\/\/folkdansringen.se\/riks\/riksstamman-2023\/\">Riksst\u00e4mma 2023<\/a><\/li>\n<\/ul>\n<p>[\/et_pb_text][\/et_pb_column][et_pb_column type=&#8221;1_2&#8243; _builder_version=&#8221;4.16&#8243; custom_padding=&#8221;|||&#8221; global_colors_info=&#8221;{}&#8221; custom_padding__hover=&#8221;|||&#8221;][et_pb_text module_id=&#8221;fdrWhatWeDoMiddle&#8221; _builder_version=&#8221;4.27.4&#8243; custom_margin=&#8221;|||-49px||&#8221; custom_padding=&#8221;|0px|1px|||&#8221; global_colors_info=&#8221;{}&#8221; content__hover_enabled=&#8221;off|desktop&#8221;]<\/p>\n<h1>Svenska Folkdansringens riksst\u00e4mma 2025<\/h1>\n<p><strong>Svenska Folkdansringen h\u00e4lsar alla v\u00e4lkomna till Folkdansringens digitala riksst\u00e4mma den 20-21 september.<\/strong><\/p>\n<h3>N\u00e4r?<\/h3>\n<p>20-21 september<\/p>\n<h3>St\u00e4mmohandlingar<\/h3>\n<p>Handlingar till riksst\u00e4mman finns nedan f\u00f6r nedladdning.<\/p>\n<p><strong><span style=\"text-decoration: underline;\">Handlingar till Svenska Folkdansringens riksst\u00e4mma 2025<\/span><\/strong><br \/><a href=\"https:\/\/folkdansringen.se\/riks\/wp-content\/uploads\/2025\/08\/4-Forslag-till-Foredragningslista-2025-version-2.pdf\" target=\"_blank\" rel=\"noopener\">F\u00f6rslag till f\u00f6redragningslista version 2<\/a><br \/><a href=\"https:\/\/folkdansringen.se\/riks\/wp-content\/uploads\/2025\/08\/4-Forslag-pa-Dag-och-arbetsordning-2025.pdf\" target=\"_blank\" rel=\"noopener\">Dag och arbetsordning<\/a><br \/><a href=\"https:\/\/folkdansringen.se\/riks\/wp-content\/uploads\/2025\/09\/Ombuds-och-deltagarlista-2025-uppdaterad-2025-09-16-1.pdf\">Ombuds- och deltagarlista uppdaterad 2025-09-16<\/a><br \/><a href=\"https:\/\/folkdansringen.se\/riks\/wp-content\/uploads\/2025\/08\/2-Riksstammans-behoriga-utlysande-2025.pdf\" target=\"_blank\" rel=\"noopener\">Riksst\u00e4mmans beh\u00f6riga utlysande<\/a><br \/><a href=\"https:\/\/folkdansringen.se\/riks\/wp-content\/uploads\/2025\/08\/7-Svenska-Folkdansringen-Verksamhetsberattelse-2024_signerad.pdf\" target=\"_blank\" rel=\"noopener\">Verksamhetsber\u00e4ttelse 2024 inklusive bilagor<\/a><br \/><a href=\"https:\/\/folkdansringen.se\/riks\/wp-content\/uploads\/2025\/09\/Bilaga-1-Verksamhetsberattelse-2024-ver-3.pdf\">Bilaga 1 Verksamhetsber\u00e4ttelse 2024 version 3 OBS nytt dokument 2025-09-19<\/a><br \/><a href=\"https:\/\/folkdansringen.se\/riks\/wp-content\/uploads\/2025\/08\/8-Svenska-Folkdansringen-Revisionsberattelse-2024.pdf\" target=\"_blank\" rel=\"noopener\">Revisionsber\u00e4ttelse 2024<\/a><br \/><a href=\"https:\/\/folkdansringen.se\/riks\/wp-content\/uploads\/2025\/08\/10.1-Motion-1-Stadgeandring.pdf\" target=\"_blank\" rel=\"noopener\">Motion 1: Stadge\u00e4ndring inklusive riksstyrelsens svar<\/a><br \/><a href=\"https:\/\/folkdansringen.se\/riks\/wp-content\/uploads\/2025\/08\/10.2-Motion-2-Stadgeandring-antal-ombud.pdf\" target=\"_blank\" rel=\"noopener\">Motion 2: Stadge\u00e4ndring antal ombud inklusive riksstyrelsens svar<\/a><br \/><a href=\"https:\/\/folkdansringen.se\/riks\/wp-content\/uploads\/2025\/08\/10.3-Motion-3-Medlemsrekryteringsprojekt.pdf\" target=\"_blank\" rel=\"noopener\">Motion 3: Medlemsrekryteringsprojekt inklusive riksstyrelsens svar<\/a><br \/><a href=\"https:\/\/folkdansringen.se\/riks\/wp-content\/uploads\/2025\/08\/10.4-Motion-4-Salj-Folkdansringens-hus.pdf\" target=\"_blank\" rel=\"noopener\">Motion 4: S\u00e4lj Folkdansringens hus inklusive riksstyrelsens svar<\/a><br \/><a href=\"https:\/\/folkdansringen.se\/riks\/wp-content\/uploads\/2025\/08\/10.5-Motion-5-Vad-far-vi-for-pengarna.pdf\" target=\"_blank\" rel=\"noopener\">Motion 5: Vad f\u00e5r vi f\u00f6r pengarna inklusive riksstyrelsens svar<\/a><br \/><a href=\"https:\/\/folkdansringen.se\/riks\/wp-content\/uploads\/2025\/08\/10.6-Motion-6-Forandra-Riksforum.pdf\">Motion 6: F\u00f6r\u00e4ndra Riksforum<\/a><br \/><a href=\"https:\/\/folkdansringen.se\/riks\/wp-content\/uploads\/2025\/08\/10.7-Proposition-1-Antal-sektioner-ledamoter-1.pdf\" target=\"_blank\" rel=\"noopener\">Proposition 1: Antal sektioner, ledam\u00f6ter<\/a><br \/><a href=\"https:\/\/folkdansringen.se\/riks\/wp-content\/uploads\/2025\/08\/10.8-Proposition-2-Medlemsavgifter-2027.pdf\" target=\"_blank\" rel=\"noopener\">Proposition 2: Medlemsavgifter 2027<\/a><br \/><a href=\"https:\/\/folkdansringen.se\/riks\/wp-content\/uploads\/2025\/08\/10.9-Proposition-3-Avgifter-vilande-forening-och-direktansluten-organisation-2027.pdf\" target=\"_blank\" rel=\"noopener\">Proposition 3: Avgifter vilande f\u00f6rening och direktansluten organisation 2027<\/a><br \/><a href=\"https:\/\/folkdansringen.se\/riks\/wp-content\/uploads\/2025\/08\/10.10-Proposition-4-Verksamhetsplan-2026-2029.pdf\" target=\"_blank\" rel=\"noopener\">Proposition 4: Verksamhetsplan 2026-2029<\/a><br \/><a href=\"https:\/\/folkdansringen.se\/riks\/wp-content\/uploads\/2025\/08\/10.11-Rapport-t-Proposition-7-2024.pdf\" target=\"_blank\" rel=\"noopener\">Rapport proposition 7 2024<\/a><br \/><a href=\"https:\/\/folkdansringen.se\/riks\/wp-content\/uploads\/2024\/08\/10.8-Proposition-5-Avgift-vilande-forening-och-direktansluten-organisation-2026.pdf\" target=\"_blank\" rel=\"noopener\"><\/a><a href=\"https:\/\/folkdansringen.se\/riks\/wp-content\/uploads\/2025\/08\/Nomineringunderlag-fran-vaberedningen-till-Riksstamman-2025_u1.pdf\" title=\"Valberedningens f\u00f6rslag\" target=\"_blank\" rel=\"noopener\">Valberedningens f\u00f6rslag, inklusive st\u00e4mmofunktion\u00e4rer<span style=\"font-size: 16px;\">\u00a0<\/span><\/a><br \/><a href=\"https:\/\/folkdansringen.se\/riks\/wp-content\/uploads\/2025\/08\/14-Valberedningens-valberedning-2025.pdf\" target=\"_blank\" rel=\"noopener\">Nominering Valberedning<\/a><br \/><a href=\"https:\/\/folkdansringen.se\/riks\/wp-content\/uploads\/2025\/08\/Nomineringsunderlag_Zornmarkesnamndens-jury-2025.pdf\">Nominering Zornm\u00e4rkesn\u00e4mndens jury<\/a><span style=\"font-size: 16px;\"><\/span><\/p>\n<blockquote><\/blockquote>\n<p><a href=\"https:\/\/folkdansringen.se\/riks\/wp-content\/uploads\/2023\/08\/Handledning-Ombud-2023.pdf\" target=\"_blank\" rel=\"noopener\">Handledning f\u00f6r ombud<\/a><\/p>\n<h3>Antal ombud per distrikt<strong><\/strong><\/h3>\n<table width=\"434\">\n<tbody>\n<tr>\n<td width=\"370\"><strong>Antal ombud till riksst\u00e4mman 2025<\/strong><\/td>\n<td width=\"64\"><\/td>\n<\/tr>\n<tr>\n<td><em>Distrikt<\/em><\/td>\n<td><em>Antal<\/em><\/td>\n<\/tr>\n<tr>\n<td>01 Folkdansringen Stockholm inkl Gotland<\/td>\n<td>3<\/td>\n<\/tr>\n<tr>\n<td>03 Folkdansringen i Uppland<\/td>\n<td>2<\/td>\n<\/tr>\n<tr>\n<td>04 S\u00f6rml\u00e4ndska Folkdansringen<\/td>\n<td>2<\/td>\n<\/tr>\n<tr>\n<td>05 \u00d6sterg\u00f6tland-Holavedens Folkdansring<\/td>\n<td>2<\/td>\n<\/tr>\n<tr>\n<td>06 Folkdansringen Sm\u00e5land-\u00d6land<\/td>\n<td>2<\/td>\n<\/tr>\n<tr>\n<td>13 Folkdansringen Sk\u00e5ne-Blekinge<\/td>\n<td>3<\/td>\n<\/tr>\n<tr>\n<td>14 Folkdansringen Halland<\/td>\n<td>2<\/td>\n<\/tr>\n<tr>\n<td>15 Folkdansringen G\u00f6teborg<\/td>\n<td>2<\/td>\n<\/tr>\n<tr>\n<td>16 Folkdansringen Bohusl\u00e4n Dal<\/td>\n<td>2<\/td>\n<\/tr>\n<tr>\n<td>18 Folkdansringen V\u00e4sterg\u00f6tland<\/td>\n<td>2<\/td>\n<\/tr>\n<tr>\n<td>19 V\u00e4rml\u00e4ndska Folkdansringen<\/td>\n<td>2<\/td>\n<\/tr>\n<tr>\n<td>20 Folkdansringen i \u00d6rebro l\u00e4n<\/td>\n<td>2<\/td>\n<\/tr>\n<tr>\n<td>21 Folkdansringen V\u00e4stmanland<\/td>\n<td>2<\/td>\n<\/tr>\n<tr>\n<td>22 Folkdansringen Dalarna<\/td>\n<td>2<\/td>\n<\/tr>\n<tr>\n<td>23 G\u00e4striklands Folkdansring<\/td>\n<td>2<\/td>\n<\/tr>\n<tr>\n<td>24 <span>Svenska Folkdansringen i Medelpad<\/span><\/td>\n<td>2<\/td>\n<\/tr>\n<tr>\n<td>25 Folkdansringen J\u00e4mtland-H\u00e4rjedalen<\/td>\n<td>2<\/td>\n<\/tr>\n<tr>\n<td>26 <span>Folkdansringen \u00c5ngermanland<\/span><\/td>\n<td>2<\/td>\n<\/tr>\n<tr>\n<td>27 Folkdansringen H\u00e4lsingland<\/td>\n<td>2<\/td>\n<\/tr>\n<tr>\n<td>28 Folkdansringen \u00d6vre Norrland<\/td>\n<td>2<\/td>\n<\/tr>\n<tr>\n<td><strong>Totalt antal ombud<\/strong><\/td>\n<td>42<\/td>\n<\/tr>\n<\/tbody>\n<\/table>\n<p><strong>Fr\u00e5gor<\/strong><span><\/span><\/p>\n<p>Har du n\u00e5gon fr\u00e5ga kring riksst\u00e4mman kontakta Svenska Folkdansringens kansli 08\u00a0\u2013\u00a0695\u00a000\u00a015 eller <span><a href=\"mailto:rikskansliet@folkdansringen.se\">rikskansliet@folkdansringen.se<\/a><\/span><\/p>\n<p>&nbsp;<\/p>\n<p>[\/et_pb_text][\/et_pb_column][et_pb_column type=&#8221;1_4&#8243; _builder_version=&#8221;4.16&#8243; custom_padding=&#8221;|||&#8221; global_colors_info=&#8221;{}&#8221; custom_padding__hover=&#8221;|||&#8221;][et_pb_cta title=&#8221;Riksst\u00e4mma 2025&#8243; button_text=&#8221;Click Here&#8221; module_id=&#8221;fdrWhatWeDoRight&#8221; _builder_version=&#8221;4.27.4&#8243; use_background_color=&#8221;off&#8221; min_height=&#8221;138px&#8221; global_module=&#8221;11274&#8243; saved_tabs=&#8221;all&#8221; global_colors_info=&#8221;{}&#8221;]<\/p>\n<p style=\"text-align: left;\">V\u00e4lkommen till digital riksst\u00e4mma den 20-21 september.<\/p>\n<p style=\"text-align: left;\">Riksst\u00e4mman 2026 kommer att h\u00e5llas i Uppsala.<\/p>\n<p>[\/et_pb_cta][\/et_pb_column][\/et_pb_row][\/et_pb_section]<\/p>\n","protected":false},"excerpt":{"rendered":"<p>Riksst\u00e4mma Riksst\u00e4mma 2025 Riksst\u00e4mma 2024 Riksst\u00e4mma 2023 Svenska Folkdansringens riksst\u00e4mma 2025 Svenska Folkdansringen h\u00e4lsar alla v\u00e4lkomna till Folkdansringens digitala riksst\u00e4mma den 20-21 september. N\u00e4r? 20-21 september St\u00e4mmohandlingar Handlingar till riksst\u00e4mman finns nedan f\u00f6r nedladdning. Handlingar till Svenska Folkdansringens riksst\u00e4mma 2025F\u00f6rslag till f\u00f6redragningslista version 2Dag och arbetsordningOmbuds- och deltagarlista uppdaterad 2025-09-16Riksst\u00e4mmans beh\u00f6riga utlysandeVerksamhetsber\u00e4ttelse 2024 inklusive bilagorBilaga [&hellip;]<\/p>\n","protected":false},"author":8,"featured_media":0,"parent":7994,"menu_order":0,"comment_status":"closed","ping_status":"closed","template":"","meta":{"_et_pb_use_builder":"on","_et_pb_old_content":"","_et_gb_content_width":"","footnotes":""},"class_list":["post-15293","page","type-page","status-publish","hentry"],"yoast_head":"<!-- This site is optimized with the Yoast SEO plugin v27.4 - https:\/\/yoast.com\/product\/yoast-seo-wordpress\/ -->\n<title>Riksst\u00e4mma 2025 &#187; Folkdansringen<\/title>\n<meta name=\"robots\" content=\"index, follow, max-snippet:-1, max-image-preview:large, max-video-preview:-1\" \/>\n<link rel=\"canonical\" href=\"https:\/\/folkdansringen.se\/riks\/foreningochfunktionar\/rikstamma\/riksstamma-2025\/\" \/>\n<meta property=\"og:locale\" content=\"sv_SE\" \/>\n<meta property=\"og:type\" content=\"article\" \/>\n<meta property=\"og:title\" content=\"Riksst\u00e4mma 2025 &#187; Folkdansringen\" \/>\n<meta property=\"og:description\" content=\"Riksst\u00e4mma Riksst\u00e4mma 2025 Riksst\u00e4mma 2024 Riksst\u00e4mma 2023 Svenska Folkdansringens riksst\u00e4mma 2025 Svenska Folkdansringen h\u00e4lsar alla v\u00e4lkomna till Folkdansringens digitala riksst\u00e4mma den 20-21 september. N\u00e4r? 20-21 september St\u00e4mmohandlingar Handlingar till riksst\u00e4mman finns nedan f\u00f6r nedladdning. Handlingar till Svenska Folkdansringens riksst\u00e4mma 2025F\u00f6rslag till f\u00f6redragningslista version 2Dag och arbetsordningOmbuds- och deltagarlista uppdaterad 2025-09-16Riksst\u00e4mmans beh\u00f6riga utlysandeVerksamhetsber\u00e4ttelse 2024 inklusive bilagorBilaga [&hellip;]\" \/>\n<meta property=\"og:url\" content=\"https:\/\/folkdansringen.se\/riks\/foreningochfunktionar\/rikstamma\/riksstamma-2025\/\" \/>\n<meta property=\"og:site_name\" content=\"Folkdansringen\" \/>\n<meta property=\"article:modified_time\" content=\"2025-09-19T06:17:36+00:00\" \/>\n<meta name=\"twitter:card\" content=\"summary_large_image\" \/>\n<script type=\"application\/ld+json\" class=\"yoast-schema-graph\">{\"@context\":\"https:\\\/\\\/schema.org\",\"@graph\":[{\"@type\":\"WebPage\",\"@id\":\"https:\\\/\\\/folkdansringen.se\\\/riks\\\/foreningochfunktionar\\\/rikstamma\\\/riksstamma-2025\\\/\",\"url\":\"https:\\\/\\\/folkdansringen.se\\\/riks\\\/foreningochfunktionar\\\/rikstamma\\\/riksstamma-2025\\\/\",\"name\":\"Riksst\u00e4mma 2025 &#187; Folkdansringen\",\"isPartOf\":{\"@id\":\"https:\\\/\\\/folkdansringen.se\\\/riks\\\/#website\"},\"datePublished\":\"2025-08-15T20:30:30+00:00\",\"dateModified\":\"2025-09-19T06:17:36+00:00\",\"breadcrumb\":{\"@id\":\"https:\\\/\\\/folkdansringen.se\\\/riks\\\/foreningochfunktionar\\\/rikstamma\\\/riksstamma-2025\\\/#breadcrumb\"},\"inLanguage\":\"sv-SE\",\"potentialAction\":[{\"@type\":\"ReadAction\",\"target\":[\"https:\\\/\\\/folkdansringen.se\\\/riks\\\/foreningochfunktionar\\\/rikstamma\\\/riksstamma-2025\\\/\"]}]},{\"@type\":\"BreadcrumbList\",\"@id\":\"https:\\\/\\\/folkdansringen.se\\\/riks\\\/foreningochfunktionar\\\/rikstamma\\\/riksstamma-2025\\\/#breadcrumb\",\"itemListElement\":[{\"@type\":\"ListItem\",\"position\":1,\"name\":\"Hem\",\"item\":\"https:\\\/\\\/folkdansringen.se\\\/riks\\\/\"},{\"@type\":\"ListItem\",\"position\":2,\"name\":\"F\u00f6rening och funktion\u00e4r\",\"item\":\"https:\\\/\\\/folkdansringen.se\\\/riks\\\/foreningochfunktionar\\\/\"},{\"@type\":\"ListItem\",\"position\":3,\"name\":\"Rikst\u00e4mma\",\"item\":\"https:\\\/\\\/folkdansringen.se\\\/riks\\\/foreningochfunktionar\\\/rikstamma\\\/\"},{\"@type\":\"ListItem\",\"position\":4,\"name\":\"Riksst\u00e4mma 2025\"}]},{\"@type\":\"WebSite\",\"@id\":\"https:\\\/\\\/folkdansringen.se\\\/riks\\\/#website\",\"url\":\"https:\\\/\\\/folkdansringen.se\\\/riks\\\/\",\"name\":\"Folkdansringen\",\"description\":\"\",\"potentialAction\":[{\"@type\":\"SearchAction\",\"target\":{\"@type\":\"EntryPoint\",\"urlTemplate\":\"https:\\\/\\\/folkdansringen.se\\\/riks\\\/?s={search_term_string}\"},\"query-input\":{\"@type\":\"PropertyValueSpecification\",\"valueRequired\":true,\"valueName\":\"search_term_string\"}}],\"inLanguage\":\"sv-SE\"}]}<\/script>\n<!-- \/ Yoast SEO plugin. -->","yoast_head_json":{"title":"Riksst\u00e4mma 2025 &#187; Folkdansringen","robots":{"index":"index","follow":"follow","max-snippet":"max-snippet:-1","max-image-preview":"max-image-preview:large","max-video-preview":"max-video-preview:-1"},"canonical":"https:\/\/folkdansringen.se\/riks\/foreningochfunktionar\/rikstamma\/riksstamma-2025\/","og_locale":"sv_SE","og_type":"article","og_title":"Riksst\u00e4mma 2025 &#187; Folkdansringen","og_description":"Riksst\u00e4mma Riksst\u00e4mma 2025 Riksst\u00e4mma 2024 Riksst\u00e4mma 2023 Svenska Folkdansringens riksst\u00e4mma 2025 Svenska Folkdansringen h\u00e4lsar alla v\u00e4lkomna till Folkdansringens digitala riksst\u00e4mma den 20-21 september. N\u00e4r? 20-21 september St\u00e4mmohandlingar Handlingar till riksst\u00e4mman finns nedan f\u00f6r nedladdning. Handlingar till Svenska Folkdansringens riksst\u00e4mma 2025F\u00f6rslag till f\u00f6redragningslista version 2Dag och arbetsordningOmbuds- och deltagarlista uppdaterad 2025-09-16Riksst\u00e4mmans beh\u00f6riga utlysandeVerksamhetsber\u00e4ttelse 2024 inklusive bilagorBilaga [&hellip;]","og_url":"https:\/\/folkdansringen.se\/riks\/foreningochfunktionar\/rikstamma\/riksstamma-2025\/","og_site_name":"Folkdansringen","article_modified_time":"2025-09-19T06:17:36+00:00","twitter_card":"summary_large_image","schema":{"@context":"https:\/\/schema.org","@graph":[{"@type":"WebPage","@id":"https:\/\/folkdansringen.se\/riks\/foreningochfunktionar\/rikstamma\/riksstamma-2025\/","url":"https:\/\/folkdansringen.se\/riks\/foreningochfunktionar\/rikstamma\/riksstamma-2025\/","name":"Riksst\u00e4mma 2025 &#187; Folkdansringen","isPartOf":{"@id":"https:\/\/folkdansringen.se\/riks\/#website"},"datePublished":"2025-08-15T20:30:30+00:00","dateModified":"2025-09-19T06:17:36+00:00","breadcrumb":{"@id":"https:\/\/folkdansringen.se\/riks\/foreningochfunktionar\/rikstamma\/riksstamma-2025\/#breadcrumb"},"inLanguage":"sv-SE","potentialAction":[{"@type":"ReadAction","target":["https:\/\/folkdansringen.se\/riks\/foreningochfunktionar\/rikstamma\/riksstamma-2025\/"]}]},{"@type":"BreadcrumbList","@id":"https:\/\/folkdansringen.se\/riks\/foreningochfunktionar\/rikstamma\/riksstamma-2025\/#breadcrumb","itemListElement":[{"@type":"ListItem","position":1,"name":"Hem","item":"https:\/\/folkdansringen.se\/riks\/"},{"@type":"ListItem","position":2,"name":"F\u00f6rening och funktion\u00e4r","item":"https:\/\/folkdansringen.se\/riks\/foreningochfunktionar\/"},{"@type":"ListItem","position":3,"name":"Rikst\u00e4mma","item":"https:\/\/folkdansringen.se\/riks\/foreningochfunktionar\/rikstamma\/"},{"@type":"ListItem","position":4,"name":"Riksst\u00e4mma 2025"}]},{"@type":"WebSite","@id":"https:\/\/folkdansringen.se\/riks\/#website","url":"https:\/\/folkdansringen.se\/riks\/","name":"Folkdansringen","description":"","potentialAction":[{"@type":"SearchAction","target":{"@type":"EntryPoint","urlTemplate":"https:\/\/folkdansringen.se\/riks\/?s={search_term_string}"},"query-input":{"@type":"PropertyValueSpecification","valueRequired":true,"valueName":"search_term_string"}}],"inLanguage":"sv-SE"}]}},"_links":{"self":[{"href":"https:\/\/folkdansringen.se\/riks\/wp-json\/wp\/v2\/pages\/15293","targetHints":{"allow":["GET"]}}],"collection":[{"href":"https:\/\/folkdansringen.se\/riks\/wp-json\/wp\/v2\/pages"}],"about":[{"href":"https:\/\/folkdansringen.se\/riks\/wp-json\/wp\/v2\/types\/page"}],"author":[{"embeddable":true,"href":"https:\/\/folkdansringen.se\/riks\/wp-json\/wp\/v2\/users\/8"}],"replies":[{"embeddable":true,"href":"https:\/\/folkdansringen.se\/riks\/wp-json\/wp\/v2\/comments?post=15293"}],"version-history":[{"count":33,"href":"https:\/\/folkdansringen.se\/riks\/wp-json\/wp\/v2\/pages\/15293\/revisions"}],"predecessor-version":[{"id":15450,"href":"https:\/\/folkdansringen.se\/riks\/wp-json\/wp\/v2\/pages\/15293\/revisions\/15450"}],"up":[{"embeddable":true,"href":"https:\/\/folkdansringen.se\/riks\/wp-json\/wp\/v2\/pages\/7994"}],"wp:attachment":[{"href":"https:\/\/folkdansringen.se\/riks\/wp-json\/wp\/v2\/media?parent=15293"}],"curies":[{"name":"wp","href":"https:\/\/api.w.org\/{rel}","templated":true}]}}