
{"id":14643,"date":"2024-04-08T13:57:13","date_gmt":"2024-04-08T11:57:13","guid":{"rendered":"https:\/\/folkdansringen.se\/riks\/?page_id=14643"},"modified":"2026-01-07T14:34:28","modified_gmt":"2026-01-07T13:34:28","slug":"14643-2","status":"publish","type":"page","link":"https:\/\/folkdansringen.se\/riks\/pa-gang\/14643-2\/","title":{"rendered":"ICH North"},"content":{"rendered":"<p>[et_pb_section fb_built=&#8221;1&#8243; admin_label=&#8221;section&#8221; _builder_version=&#8221;4.16&#8243; global_colors_info=&#8221;{}&#8221;][et_pb_row module_id=&#8221;fdrSiteHeader&#8221; _builder_version=&#8221;4.16&#8243; background_size=&#8221;initial&#8221; background_position=&#8221;top_left&#8221; background_repeat=&#8221;repeat&#8221; custom_padding=&#8221;27px|0px|0|0px|false|false&#8221; global_colors_info=&#8221;{}&#8221;][et_pb_column type=&#8221;4_4&#8243; _builder_version=&#8221;4.16&#8243; custom_padding=&#8221;|||&#8221; global_colors_info=&#8221;{}&#8221; custom_padding__hover=&#8221;|||&#8221;][et_pb_image src=&#8221;https:\/\/folkdansringen.se\/riks\/wp-content\/uploads\/2024\/05\/ICH-North-svenska-folkdansringen-1517&#215;505-1.jpg&#8221; title_text=&#8221;ICH-North-svenska-folkdansringen-1517&#215;505&#8243; force_fullwidth=&#8221;on&#8221; align_tablet=&#8221;center&#8221; align_phone=&#8221;&#8221; align_last_edited=&#8221;on|desktop&#8221; module_id=&#8221;frdHeaderImage&#8221; _builder_version=&#8221;4.18.0&#8243; global_colors_info=&#8221;{}&#8221;][\/et_pb_image][\/et_pb_column][\/et_pb_row][et_pb_row column_structure=&#8221;1_4,1_2,1_4&#8243; _builder_version=&#8221;4.16&#8243; global_colors_info=&#8221;{}&#8221;][et_pb_column type=&#8221;1_4&#8243; _builder_version=&#8221;4.16&#8243; custom_padding=&#8221;|||&#8221; global_colors_info=&#8221;{}&#8221; custom_padding__hover=&#8221;|||&#8221;][et_pb_text _builder_version=&#8221;4.18.0&#8243; custom_margin=&#8221;0px||||false|false&#8221; custom_padding=&#8221;0px||||false|false&#8221; global_module=&#8221;7472&#8243; saved_tabs=&#8221;all&#8221; global_colors_info=&#8221;{}&#8221;]<\/p>\n<ul class=\"fdrUlLinks\">\n<ul class=\"fdrUlLinks\">\n<li><a href=\"https:\/\/folkdansringen.se\/riks\/pa-gang\/\">P\u00e5 g\u00e5ng<\/a><\/li>\n<li><a href=\"https:\/\/folkdansringen.se\/riks\/aktuellt\/anmalan-aktiviteter-moten\/\">Anm\u00e4lan aktiviteter\/m\u00f6ten<\/a><\/li>\n<li><a href=\"https:\/\/folkdansringen.se\/riks\/folj-oss\/\">F\u00f6lj oss!<\/a><\/li>\n<li><a href=\"https:\/\/folkdansringen.se\/riks\/var-verksamhet\/zornmarket\/\">Zornm\u00e4rket<\/a><\/li>\n<li><a href=\"https:\/\/folkdansringen.se\/riks\/aktuellt\/dans-och-spelmansstamma\/\">Dans- och spelmansst\u00e4mma<\/a><\/li>\n<li><a href=\"https:\/\/folkdansringen.se\/riks\/14643-2\/?et_fb=1&amp;PageSpeed=off\">ICH North<\/a><\/li>\n<li><a href=\"https:\/\/folkdansringen.se\/riks\/aktuellt\/midsommarfirande\">Midsommarfirande<\/a><\/li>\n<li><a href=\"https:\/\/folkdansringen.se\/riks\/pa-gang\/nordlek\/\">Nordlek<\/a><\/li>\n<\/ul>\n<\/ul>\n<p>[\/et_pb_text][\/et_pb_column][et_pb_column type=&#8221;1_2&#8243; _builder_version=&#8221;4.16&#8243; custom_padding=&#8221;|||&#8221; global_colors_info=&#8221;{}&#8221; custom_padding__hover=&#8221;|||&#8221;][et_pb_text _builder_version=&#8221;4.27.4&#8243; custom_padding=&#8221;2px|||||&#8221; hover_enabled=&#8221;0&#8243; global_colors_info=&#8221;{}&#8221; sticky_enabled=&#8221;0&#8243;]<\/p>\n<h1><\/h1>\n<h1>ICH North &#8211; passing on our musical heritage<\/h1>\n<p><strong>ICH North \u2013 passing on our musical heritage syftar till att st\u00e4rka och \u00f6ka synligheten av det immateriella musikaliska kulturarvets roll (ICH = Intangible Cultural Heritage) i norra Sverige, Finland och Norge, det som kallas f\u00f6r Auroraomr\u00e5det enligt v\u00e5r st\u00f6rsta finansi\u00e4r Interreg Aurora. <\/strong><\/p>\n<h3>De fem arbetspaketen<\/h3>\n<p>Vi samarbetar tillsammans \u00f6ver nations- och organisationsgr\u00e4nser i fem olika arbetspaket som p\u00e5 olika s\u00e4tt bidrar till syftet.<\/p>\n<ol>\n<li>\u00a0En onlinekurs i form av en <strong>Massive Open Online Course (MOOC)<\/strong> ska tas fram och lanseras. Kursen ska fokusera p\u00e5 f\u00f6rvaltande och \u00f6verf\u00f6rande av musikaliskt immateriellt kulturarv i norra Norden och erbjudas f\u00f6r en global m\u00e5lgrupp.<\/li>\n<li>\u00a0Vi ska producera och lansera en <strong>onlinekarta<\/strong> f\u00f6r att lyfta de olika sammanslutningar och grupper som jobbar med musikaliskt kulturarv i omr\u00e5det.<\/li>\n<li>\u00a0Vi ska utveckla och sprida <strong>pedagogiska material<\/strong> om musikaliskt immateriellt kulturarv riktat till icke-formella utbildningar, inom exempelvis folkbildning, musik-\/kulturskola och ideell sektor, ska utvecklas. M\u00e5lgruppen f\u00f6r utbildningsmaterialet \u00e4r vuxna personer som \u00e4r, eller \u00e4r intresserade av, att bli ledare inom det musikaliska kulturarvet.<\/li>\n<li>\u00a0 Ett av arbetspaketen kommer fokusera p\u00e5 <strong>entrepren\u00f6rskap och turism<\/strong> kopplat till immateriellt musikaliskt kulturarv. Vi ska bygga en transnationell plattform f\u00f6r musiker och entrepren\u00f6rer d\u00e4r syftet \u00e4r att unders\u00f6ka hur ICH med musik i fokus kan anv\u00e4ndas f\u00f6r att marknadsf\u00f6ra och varum\u00e4rkesst\u00e4rka omr\u00e5det exempelvis genom att utveckla nya produkter och innovationer inom kulturell turism.<\/li>\n<li>\u00a0 Dessutom har vi ett arbetspaket d\u00e4r vi verkar f\u00f6r att ta fram en <strong>gemensam strategi f\u00f6r arkiv<\/strong> som f\u00f6rvaltar musikaliskt kulturarv fr\u00e5n regionen, samt en plan f\u00f6r hur samarbetet ska forts\u00e4tta och utvecklas efter projektet avslutats.<\/li>\n<\/ol>\n<h3>ICH North \u2013 ett projekt som bygger broar<\/h3>\n<p>Grunden i ICH North projektet \u00e4r behovsstyrt och h\u00e5llbarhet \u00e4r ett nyckelord. Projektet kommer att ge det musikaliska immateriella kulturarvet st\u00f6rre synlighet genom att anv\u00e4nda sociala innovationer f\u00f6r att \u00f6verf\u00f6ra kunskap och vitalisera ICH inom musik, och d\u00e4rmed fr\u00e4mja f\u00f6rvaltandet och skyddet av densamma.<\/p>\n<p>ICH North kommer jobba \u00f6ver landsgr\u00e4nserna i norra Norden kring \u00e4mnet ICH och musik. Projektet kommer genom att bygga broar mellan institutioner, utbildningsinstanser och kulturarvssammanslutningar st\u00e4rka omr\u00e5dets musikaliska grupper och sammanslutningar och deras roll inom ICH.<\/p>\n<p>Projektet ska utveckla nya gemensamma tj\u00e4nster och produkter inom kulturella och kreativa n\u00e4ringar, s\u00e5v\u00e4l digitala som fysiska. Projektet kommer utg\u00e5 fr\u00e5n gr\u00e4srotsniv\u00e5n och dess behov i enlighet med UNESCO Convention for the Safeguarding of the Intangible Cultural Heritage (2003).<\/p>\n<h3>Projektets finansi\u00e4rer<\/h3>\n<p>Projektet finanserias av Interreg Aurora, med medfinansering fr\u00e5n Region V\u00e4sternorrland, Troms og Finnmarks fylkeskommune, Nordisk Kulturfond och Lapin Liitto, samt alla projektpartners: Centria University of Applied Sciences, Kulturens Bildningsverksamhet, Kultur\u00d6sterbotten, Novia University of Applied Sciences, The Arctic University of Norway UiT, the Finnish Folk Music Institute, Svenska Folkdansringen och V\u00e4sternorrlands Museum.<\/p>\n<h3>L\u00e4s mer p\u00e5 projektets officiella hemsida:<\/h3>\n<p><a href=\"https:\/\/net.centria.fi\/en\/project\/ich-north\/\">https:\/\/net.centria.fi\/en\/project\/ich-north\/<\/a><\/p>\n<h2>Projektansvarig p\u00e5 Svenska Folkdansringen<\/h2>\n<p>Har du fr\u00e5gor eller vill veta mer om projektet? Kontakta Svenska Folkdansringen, rikskansliet@folkdansringen.se.<\/p>\n<p>&nbsp;<\/p>\n<p>[\/et_pb_text][et_pb_image src=&#8221;https:\/\/folkdansringen.se\/riks\/wp-content\/uploads\/2024\/05\/ICH-North-loggor-samarbetsorganisationer.jpg&#8221; title_text=&#8221;ICH-North-loggor-samarbetsorganisationer&#8221; _builder_version=&#8221;4.18.0&#8243; _module_preset=&#8221;default&#8221; global_colors_info=&#8221;{}&#8221;][\/et_pb_image][\/et_pb_column][et_pb_column type=&#8221;1_4&#8243; _builder_version=&#8221;4.16&#8243; custom_padding=&#8221;|||&#8221; global_colors_info=&#8221;{}&#8221; custom_padding__hover=&#8221;|||&#8221;][et_pb_cta button_text=&#8221;Click Here&#8221; module_id=&#8221;fdrWhatWeDoRight&#8221; _builder_version=&#8221;4.18.0&#8243; use_background_color=&#8221;off&#8221; custom_margin=&#8221;3px|||||&#8221; global_module=&#8221;11220&#8243; saved_tabs=&#8221;all&#8221; global_colors_info=&#8221;{}&#8221;]<\/p>\n<h2>F\u00f6lj oss!<\/h2>\n<p>P\u00e5 sociala medier finns Svenska Folkdansringen\u00a0 och inspirerar med inl\u00e4gg, bilder och filmer.<\/p>\n<p><a href=\"https:\/\/www.instagram.com\/svenskafolkdansringen\/\" target=\"_blank\" rel=\"noopener\"><img loading=\"lazy\" decoding=\"async\" src=\"https:\/\/folkdansringen.se\/riks\/wp-content\/uploads\/2022\/06\/Instagram-logo-30x30-1.png\" width=\"30\" height=\"30\" alt=\"Instagram logotyp\" class=\"wp-image-13463 alignnone size-full\" \/><\/a>\u00a0 \u00a0<a href=\"https:\/\/sv-se.facebook.com\/folkdansringen\/\" target=\"_blank\" rel=\"noopener\"><img loading=\"lazy\" decoding=\"async\" src=\"https:\/\/folkdansringen.se\/riks\/wp-content\/uploads\/2018\/11\/if_facebook_986944-e1542192611888.png\" width=\"30\" height=\"30\" alt=\"Logotyp Facebook\" class=\"wp-image-4862 alignnone size-full\" \/><\/a>\u00a0 \u00a0<a href=\"https:\/\/www.youtube.com\/channel\/UC7RlAFaHAMXiB6duonH98-A\" target=\"_blank\" rel=\"noopener\"><img loading=\"lazy\" decoding=\"async\" src=\"https:\/\/folkdansringen.se\/riks\/wp-content\/uploads\/2022\/06\/youtube-logo-43x30-1.png\" width=\"43\" height=\"30\" alt=\"Youtube logotyp\" class=\"wp-image-13473 alignnone size-full\" \/><\/a><\/p>\n<p><a href=\"http:\/\/www.folkdansringen.se\/riks\/folj-oss\">L\u00e4s mer om hur du kan f\u00f6lja oss!<\/a><\/p>\n<p>[\/et_pb_cta][\/et_pb_column][\/et_pb_row][\/et_pb_section]<\/p>\n","protected":false},"excerpt":{"rendered":"<p>P\u00e5 g\u00e5ng Anm\u00e4lan aktiviteter\/m\u00f6ten F\u00f6lj oss! Zornm\u00e4rket Dans- och spelmansst\u00e4mma ICH North Midsommarfirande Nordlek ICH North &#8211; passing on our musical heritage ICH North \u2013 passing on our musical heritage syftar till att st\u00e4rka och \u00f6ka synligheten av det immateriella musikaliska kulturarvets roll (ICH = Intangible Cultural Heritage) i norra Sverige, Finland och Norge, det [&hellip;]<\/p>\n","protected":false},"author":3,"featured_media":14654,"parent":305,"menu_order":0,"comment_status":"closed","ping_status":"closed","template":"","meta":{"_et_pb_use_builder":"on","_et_pb_old_content":"","_et_gb_content_width":"","footnotes":""},"class_list":["post-14643","page","type-page","status-publish","has-post-thumbnail","hentry"],"yoast_head":"<!-- This site is optimized with the Yoast SEO plugin v27.4 - https:\/\/yoast.com\/product\/yoast-seo-wordpress\/ -->\n<title>ICH North &#187; Folkdansringen<\/title>\n<meta name=\"robots\" content=\"index, follow, max-snippet:-1, max-image-preview:large, max-video-preview:-1\" \/>\n<link rel=\"canonical\" href=\"https:\/\/folkdansringen.se\/riks\/pa-gang\/14643-2\/\" \/>\n<meta property=\"og:locale\" content=\"sv_SE\" \/>\n<meta property=\"og:type\" content=\"article\" \/>\n<meta property=\"og:title\" content=\"ICH North &#187; Folkdansringen\" \/>\n<meta property=\"og:description\" content=\"P\u00e5 g\u00e5ng Anm\u00e4lan aktiviteter\/m\u00f6ten F\u00f6lj oss! Zornm\u00e4rket Dans- och spelmansst\u00e4mma ICH North Midsommarfirande Nordlek ICH North - passing on our musical heritage ICH North \u2013 passing on our musical heritage syftar till att st\u00e4rka och \u00f6ka synligheten av det immateriella musikaliska kulturarvets roll (ICH = Intangible Cultural Heritage) i norra Sverige, Finland och Norge, det [&hellip;]\" \/>\n<meta property=\"og:url\" content=\"https:\/\/folkdansringen.se\/riks\/pa-gang\/14643-2\/\" \/>\n<meta property=\"og:site_name\" content=\"Folkdansringen\" \/>\n<meta property=\"article:modified_time\" content=\"2026-01-07T13:34:28+00:00\" \/>\n<meta property=\"og:image\" content=\"https:\/\/folkdansringen.se\/riks\/wp-content\/uploads\/2024\/04\/ICH-North-toppbild-webb-1517x505-1.jpg\" \/>\n\t<meta property=\"og:image:width\" content=\"1517\" \/>\n\t<meta property=\"og:image:height\" content=\"505\" \/>\n\t<meta property=\"og:image:type\" content=\"image\/jpeg\" \/>\n<meta name=\"twitter:card\" content=\"summary_large_image\" \/>\n<meta name=\"twitter:label1\" content=\"Ber\u00e4knad l\u00e4stid\" \/>\n\t<meta name=\"twitter:data1\" content=\"4 minuter\" \/>\n<script type=\"application\/ld+json\" class=\"yoast-schema-graph\">{\"@context\":\"https:\\\/\\\/schema.org\",\"@graph\":[{\"@type\":\"WebPage\",\"@id\":\"https:\\\/\\\/folkdansringen.se\\\/riks\\\/pa-gang\\\/14643-2\\\/\",\"url\":\"https:\\\/\\\/folkdansringen.se\\\/riks\\\/pa-gang\\\/14643-2\\\/\",\"name\":\"ICH North &#187; Folkdansringen\",\"isPartOf\":{\"@id\":\"https:\\\/\\\/folkdansringen.se\\\/riks\\\/#website\"},\"primaryImageOfPage\":{\"@id\":\"https:\\\/\\\/folkdansringen.se\\\/riks\\\/pa-gang\\\/14643-2\\\/#primaryimage\"},\"image\":{\"@id\":\"https:\\\/\\\/folkdansringen.se\\\/riks\\\/pa-gang\\\/14643-2\\\/#primaryimage\"},\"thumbnailUrl\":\"https:\\\/\\\/folkdansringen.se\\\/riks\\\/wp-content\\\/uploads\\\/2024\\\/04\\\/ICH-North-toppbild-webb-1517x505-1.jpg\",\"datePublished\":\"2024-04-08T11:57:13+00:00\",\"dateModified\":\"2026-01-07T13:34:28+00:00\",\"breadcrumb\":{\"@id\":\"https:\\\/\\\/folkdansringen.se\\\/riks\\\/pa-gang\\\/14643-2\\\/#breadcrumb\"},\"inLanguage\":\"sv-SE\",\"potentialAction\":[{\"@type\":\"ReadAction\",\"target\":[\"https:\\\/\\\/folkdansringen.se\\\/riks\\\/pa-gang\\\/14643-2\\\/\"]}]},{\"@type\":\"ImageObject\",\"inLanguage\":\"sv-SE\",\"@id\":\"https:\\\/\\\/folkdansringen.se\\\/riks\\\/pa-gang\\\/14643-2\\\/#primaryimage\",\"url\":\"https:\\\/\\\/folkdansringen.se\\\/riks\\\/wp-content\\\/uploads\\\/2024\\\/04\\\/ICH-North-toppbild-webb-1517x505-1.jpg\",\"contentUrl\":\"https:\\\/\\\/folkdansringen.se\\\/riks\\\/wp-content\\\/uploads\\\/2024\\\/04\\\/ICH-North-toppbild-webb-1517x505-1.jpg\",\"width\":1517,\"height\":505},{\"@type\":\"BreadcrumbList\",\"@id\":\"https:\\\/\\\/folkdansringen.se\\\/riks\\\/pa-gang\\\/14643-2\\\/#breadcrumb\",\"itemListElement\":[{\"@type\":\"ListItem\",\"position\":1,\"name\":\"Hem\",\"item\":\"https:\\\/\\\/folkdansringen.se\\\/riks\\\/\"},{\"@type\":\"ListItem\",\"position\":2,\"name\":\"P\u00e5 g\u00e5ng\",\"item\":\"https:\\\/\\\/folkdansringen.se\\\/riks\\\/pa-gang\\\/\"},{\"@type\":\"ListItem\",\"position\":3,\"name\":\"ICH North\"}]},{\"@type\":\"WebSite\",\"@id\":\"https:\\\/\\\/folkdansringen.se\\\/riks\\\/#website\",\"url\":\"https:\\\/\\\/folkdansringen.se\\\/riks\\\/\",\"name\":\"Folkdansringen\",\"description\":\"\",\"potentialAction\":[{\"@type\":\"SearchAction\",\"target\":{\"@type\":\"EntryPoint\",\"urlTemplate\":\"https:\\\/\\\/folkdansringen.se\\\/riks\\\/?s={search_term_string}\"},\"query-input\":{\"@type\":\"PropertyValueSpecification\",\"valueRequired\":true,\"valueName\":\"search_term_string\"}}],\"inLanguage\":\"sv-SE\"}]}<\/script>\n<!-- \/ Yoast SEO plugin. -->","yoast_head_json":{"title":"ICH North &#187; Folkdansringen","robots":{"index":"index","follow":"follow","max-snippet":"max-snippet:-1","max-image-preview":"max-image-preview:large","max-video-preview":"max-video-preview:-1"},"canonical":"https:\/\/folkdansringen.se\/riks\/pa-gang\/14643-2\/","og_locale":"sv_SE","og_type":"article","og_title":"ICH North &#187; Folkdansringen","og_description":"P\u00e5 g\u00e5ng Anm\u00e4lan aktiviteter\/m\u00f6ten F\u00f6lj oss! Zornm\u00e4rket Dans- och spelmansst\u00e4mma ICH North Midsommarfirande Nordlek ICH North - passing on our musical heritage ICH North \u2013 passing on our musical heritage syftar till att st\u00e4rka och \u00f6ka synligheten av det immateriella musikaliska kulturarvets roll (ICH = Intangible Cultural Heritage) i norra Sverige, Finland och Norge, det [&hellip;]","og_url":"https:\/\/folkdansringen.se\/riks\/pa-gang\/14643-2\/","og_site_name":"Folkdansringen","article_modified_time":"2026-01-07T13:34:28+00:00","og_image":[{"width":1517,"height":505,"url":"https:\/\/folkdansringen.se\/riks\/wp-content\/uploads\/2024\/04\/ICH-North-toppbild-webb-1517x505-1.jpg","type":"image\/jpeg"}],"twitter_card":"summary_large_image","twitter_misc":{"Ber\u00e4knad l\u00e4stid":"4 minuter"},"schema":{"@context":"https:\/\/schema.org","@graph":[{"@type":"WebPage","@id":"https:\/\/folkdansringen.se\/riks\/pa-gang\/14643-2\/","url":"https:\/\/folkdansringen.se\/riks\/pa-gang\/14643-2\/","name":"ICH North &#187; Folkdansringen","isPartOf":{"@id":"https:\/\/folkdansringen.se\/riks\/#website"},"primaryImageOfPage":{"@id":"https:\/\/folkdansringen.se\/riks\/pa-gang\/14643-2\/#primaryimage"},"image":{"@id":"https:\/\/folkdansringen.se\/riks\/pa-gang\/14643-2\/#primaryimage"},"thumbnailUrl":"https:\/\/folkdansringen.se\/riks\/wp-content\/uploads\/2024\/04\/ICH-North-toppbild-webb-1517x505-1.jpg","datePublished":"2024-04-08T11:57:13+00:00","dateModified":"2026-01-07T13:34:28+00:00","breadcrumb":{"@id":"https:\/\/folkdansringen.se\/riks\/pa-gang\/14643-2\/#breadcrumb"},"inLanguage":"sv-SE","potentialAction":[{"@type":"ReadAction","target":["https:\/\/folkdansringen.se\/riks\/pa-gang\/14643-2\/"]}]},{"@type":"ImageObject","inLanguage":"sv-SE","@id":"https:\/\/folkdansringen.se\/riks\/pa-gang\/14643-2\/#primaryimage","url":"https:\/\/folkdansringen.se\/riks\/wp-content\/uploads\/2024\/04\/ICH-North-toppbild-webb-1517x505-1.jpg","contentUrl":"https:\/\/folkdansringen.se\/riks\/wp-content\/uploads\/2024\/04\/ICH-North-toppbild-webb-1517x505-1.jpg","width":1517,"height":505},{"@type":"BreadcrumbList","@id":"https:\/\/folkdansringen.se\/riks\/pa-gang\/14643-2\/#breadcrumb","itemListElement":[{"@type":"ListItem","position":1,"name":"Hem","item":"https:\/\/folkdansringen.se\/riks\/"},{"@type":"ListItem","position":2,"name":"P\u00e5 g\u00e5ng","item":"https:\/\/folkdansringen.se\/riks\/pa-gang\/"},{"@type":"ListItem","position":3,"name":"ICH North"}]},{"@type":"WebSite","@id":"https:\/\/folkdansringen.se\/riks\/#website","url":"https:\/\/folkdansringen.se\/riks\/","name":"Folkdansringen","description":"","potentialAction":[{"@type":"SearchAction","target":{"@type":"EntryPoint","urlTemplate":"https:\/\/folkdansringen.se\/riks\/?s={search_term_string}"},"query-input":{"@type":"PropertyValueSpecification","valueRequired":true,"valueName":"search_term_string"}}],"inLanguage":"sv-SE"}]}},"_links":{"self":[{"href":"https:\/\/folkdansringen.se\/riks\/wp-json\/wp\/v2\/pages\/14643","targetHints":{"allow":["GET"]}}],"collection":[{"href":"https:\/\/folkdansringen.se\/riks\/wp-json\/wp\/v2\/pages"}],"about":[{"href":"https:\/\/folkdansringen.se\/riks\/wp-json\/wp\/v2\/types\/page"}],"author":[{"embeddable":true,"href":"https:\/\/folkdansringen.se\/riks\/wp-json\/wp\/v2\/users\/3"}],"replies":[{"embeddable":true,"href":"https:\/\/folkdansringen.se\/riks\/wp-json\/wp\/v2\/comments?post=14643"}],"version-history":[{"count":12,"href":"https:\/\/folkdansringen.se\/riks\/wp-json\/wp\/v2\/pages\/14643\/revisions"}],"predecessor-version":[{"id":15594,"href":"https:\/\/folkdansringen.se\/riks\/wp-json\/wp\/v2\/pages\/14643\/revisions\/15594"}],"up":[{"embeddable":true,"href":"https:\/\/folkdansringen.se\/riks\/wp-json\/wp\/v2\/pages\/305"}],"wp:featuredmedia":[{"embeddable":true,"href":"https:\/\/folkdansringen.se\/riks\/wp-json\/wp\/v2\/media\/14654"}],"wp:attachment":[{"href":"https:\/\/folkdansringen.se\/riks\/wp-json\/wp\/v2\/media?parent=14643"}],"curies":[{"name":"wp","href":"https:\/\/api.w.org\/{rel}","templated":true}]}}