
{"id":14170,"date":"2023-09-14T17:38:12","date_gmt":"2023-09-14T15:38:12","guid":{"rendered":"https:\/\/folkdansringen.se\/riks\/?page_id=14170"},"modified":"2024-08-22T12:54:14","modified_gmt":"2024-08-22T10:54:14","slug":"nordlek-2024","status":"publish","type":"page","link":"https:\/\/folkdansringen.se\/riks\/nordlek-2024\/","title":{"rendered":"NORDLEK 2024"},"content":{"rendered":"<p>[et_pb_section fb_built=&#8221;1&#8243; _builder_version=&#8221;4.16&#8243; global_colors_info=&#8221;{}&#8221;][et_pb_row module_id=&#8221;fdrSiteHeader&#8221; _builder_version=&#8221;4.16&#8243; background_size=&#8221;initial&#8221; background_position=&#8221;top_left&#8221; background_repeat=&#8221;repeat&#8221; custom_padding=&#8221;27px|0px|0|0px|false|false&#8221; global_colors_info=&#8221;{}&#8221;][et_pb_column type=&#8221;4_4&#8243; _builder_version=&#8221;4.16&#8243; custom_padding=&#8221;|||&#8221; global_colors_info=&#8221;{}&#8221; custom_padding__hover=&#8221;|||&#8221;][et_pb_image src=&#8221;https:\/\/folkdansringen.se\/riks\/wp-content\/uploads\/2023\/10\/NORDLEK-2024-start-svenska-folkdansringen-1517&#215;505-1.jpg&#8221; alt=&#8221;Nordlekst\u00e4mma Havlek 2022&#8243; title_text=&#8221;NORDLEK-2024-start-svenska-folkdansringen-1517&#215;505&#8243; force_fullwidth=&#8221;on&#8221; align_tablet=&#8221;center&#8221; align_phone=&#8221;&#8221; align_last_edited=&#8221;on|desktop&#8221; module_id=&#8221;frdHeaderImage&#8221; _builder_version=&#8221;4.18.0&#8243; global_colors_info=&#8221;{}&#8221;][\/et_pb_image][\/et_pb_column][\/et_pb_row][et_pb_row column_structure=&#8221;1_4,1_2,1_4&#8243; _builder_version=&#8221;4.16&#8243; global_colors_info=&#8221;{}&#8221;][et_pb_column type=&#8221;1_4&#8243; _builder_version=&#8221;4.16&#8243; custom_padding=&#8221;|||&#8221; global_colors_info=&#8221;{}&#8221; custom_padding__hover=&#8221;|||&#8221;][et_pb_text _builder_version=&#8221;4.18.0&#8243; custom_margin=&#8221;0px||||false|false&#8221; custom_padding=&#8221;0px||||false|false&#8221; global_module=&#8221;7472&#8243; saved_tabs=&#8221;all&#8221; global_colors_info=&#8221;{}&#8221;]<\/p>\n<ul class=\"fdrUlLinks\">\n<ul class=\"fdrUlLinks\">\n<li><a href=\"https:\/\/folkdansringen.se\/riks\/pa-gang\/\">P\u00e5 g\u00e5ng<\/a><\/li>\n<li><a href=\"https:\/\/folkdansringen.se\/riks\/aktuellt\/anmalan-aktiviteter-moten\/\">Anm\u00e4lan aktiviteter\/m\u00f6ten<\/a><\/li>\n<li><a href=\"https:\/\/folkdansringen.se\/riks\/folj-oss\/\">F\u00f6lj oss!<\/a><\/li>\n<li><a href=\"https:\/\/folkdansringen.se\/riks\/var-verksamhet\/zornmarket\/\">Zornm\u00e4rket<\/a><\/li>\n<li><a href=\"https:\/\/folkdansringen.se\/riks\/aktuellt\/dans-och-spelmansstamma\/\">Dans- och spelmansst\u00e4mma<\/a><\/li>\n<li><a href=\"https:\/\/folkdansringen.se\/riks\/14643-2\/?et_fb=1&amp;PageSpeed=off\">ICH North<\/a><\/li>\n<li><a href=\"https:\/\/folkdansringen.se\/riks\/aktuellt\/midsommarfirande\">Midsommarfirande<\/a><\/li>\n<li><a href=\"https:\/\/folkdansringen.se\/riks\/pa-gang\/nordlek\/\">Nordlek<\/a><\/li>\n<\/ul>\n<\/ul>\n<p>[\/et_pb_text][\/et_pb_column][et_pb_column type=&#8221;1_2&#8243; _builder_version=&#8221;4.16&#8243; custom_padding=&#8221;|||&#8221; global_colors_info=&#8221;{}&#8221; custom_padding__hover=&#8221;|||&#8221;][et_pb_text _builder_version=&#8221;4.18.0&#8243; custom_padding=&#8221;2px|||||&#8221; global_colors_info=&#8221;{}&#8221;]<\/p>\n<h1>NORDLEK 2024<\/h1>\n<p>Arendal Norge, den 16- 21 juli.<br \/>All information om NORDLEK 2024 finns p\u00e5 <a href=\"https:\/\/en.nordlek2024.no\/\" target=\"_blank\" rel=\"noopener\">nordlek2024.no<\/a> men en del finns \u00e4ven h\u00e4r nedan.<\/p>\n<p><strong>Segrarna av NORDLEK:s kompositionst\u00e4vling<\/strong><\/p>\n<p>Under en intensiv vecka i mitten av juli gick Nordlekst\u00e4mman i Arendal, Norge, av stapeln.<\/p>\n<p>Nordleks Folkmusikutskott har till varje st\u00e4mma utlyst en kompositionst\u00e4vling och till \u00e5rets st\u00e4mma var l\u00e5t-temat vals.<\/p>\n<p>Folkmusikutskottet fick 17 anonyma bidrag att lyssna och r\u00f6sta p\u00e5 efter dessa kriterier:<\/p>\n<p>&#8211; Spelv\u00e4nlighet<br \/>&#8211; Dansbarhet<br \/>&#8211; Melodiuppbyggnad<\/p>\n<p>Det var m\u00e5nga fina valser och i topp 3 var det mycket j\u00e4mnt med po\u00e4ngen.<\/p>\n<p>Under Nordleksveckan spelades valserna av ett 40-tal spelm\u00e4n fr\u00e5n de skandinaviska l\u00e4nderna och p\u00e5 Nordleks avslutningsceremoni spelade Folkmusikutskottet segrarmelodin. D\u00e5 avsl\u00f6jades \u00e4ven namnen p\u00e5 komposit\u00f6rerna.<\/p>\n<p><strong>Segrare:<\/strong> Anders Wedlund, \u00d6stersund, med valsen Trandansen.<br \/>2:a plats: Bo Karlsson, V\u00e4rmd\u00f6, med valsen Lilla G-durvalsen.<br \/>3:e plats: Elias Samuelsson, Mj\u00f6lby\/G\u00f6teborg, med valsen Frostvalsen.<\/p>\n<p>Valserna \u00e4r underbara! <strong>H\u00e4r \u00e4r noter!<\/strong>\u00a0<\/p>\n<p><a href=\"https:\/\/folkdansringen.se\/riks\/wp-content\/uploads\/2024\/08\/1-Trandansen.pdf\">Trandansen<\/a><br \/><a href=\"https:\/\/folkdansringen.se\/riks\/wp-content\/uploads\/2024\/08\/2.-Lilla-G-durvalsen.pdf\">Lilla G-durvalsen<\/a><br \/><a href=\"https:\/\/folkdansringen.se\/riks\/wp-content\/uploads\/2024\/08\/3.-Frostvalsen.pdf\">Frostvalsen<\/a><\/p>\n<p>\u00a0Spela! Sprid musiken i ditt spelmanslag eller i din folkdansgrupp!<\/p>\n<p>\/<em>Helen Eriksson och Cecilia Lindqvist<\/em><br \/><em>Nordleks Folkmusikutskott<\/em><\/p>\n<p>\u00a0&#8212;&#8212;&#8212;&#8212;&#8212;&#8212;&#8212;&#8212;&#8212;&#8212;&#8212;&#8212;&#8212;&#8212;&#8212;-\u00a0<\/p>\n<p><strong>Dansbeskrivning och noter<\/strong> till samdanser och det svenska programmet hittar du om <a href=\"https:\/\/folkdansringen.se\/riks\/2024\/01\/nordlek-2024\/#more-14381\">du f\u00f6ljer den h\u00e4r l\u00e4nken<\/a><\/p>\n<p><a href=\"https:\/\/folkdansringen.se\/riks\/wp-content\/uploads\/2023\/09\/A5-flygeblad-generell-NORDLEK2024.pdf\" target=\"_blank\" rel=\"noopener\">Generell inbjudan i pdf<\/a><\/p>\n<p><a href=\"https:\/\/folkdansringen.se\/riks\/wp-content\/uploads\/2023\/09\/2023-spelamannsinvitasjon.pdf\" target=\"_blank\" rel=\"noopener\">Inbjudan f\u00f6r dig som spelman i pdf<\/a><\/p>\n<p><a href=\"https:\/\/folkdansringen.se\/riks\/wp-content\/uploads\/2023\/09\/Komposisjonstevling-Nordlek-2024.pdf\" target=\"_blank\" rel=\"noopener\">Information om Kompositionst\u00e4vlingen<\/a><\/p>\n<p>&nbsp;<\/p>\n<p>[\/et_pb_text][\/et_pb_column][et_pb_column type=&#8221;1_4&#8243; _builder_version=&#8221;4.16&#8243; custom_padding=&#8221;|||&#8221; global_colors_info=&#8221;{}&#8221; custom_padding__hover=&#8221;|||&#8221;][et_pb_cta title=&#8221;St\u00e4mmor&#8221; button_text=&#8221;Click Here&#8221; module_id=&#8221;fdrWhatWeDoRight&#8221; _builder_version=&#8221;4.18.0&#8243; use_background_color=&#8221;off&#8221; global_colors_info=&#8221;{}&#8221;]<\/p>\n<p style=\"text-align: left;\">NORDLEK 2024<br \/>16-21 juli i Arendal, Norge<br \/><a href=\"http:\/\/www.nordlek2024.no\" target=\"_blank\" rel=\"noopener\">nordlek2024.no<\/a><\/p>\n<p style=\"text-align: left;\">NORDLEK 2026<br \/>2021-\u00e5rs st\u00e4mma i Tammerfors flyttas fram<br \/><a href=\"https:\/\/nordlek2021.fi\/\" target=\"_blank\" rel=\"noopener noreferrer\">nordlek2021.fi<\/a><\/p>\n<p>&nbsp;<\/p>\n<p>[\/et_pb_cta][\/et_pb_column][\/et_pb_row][\/et_pb_section]<\/p>\n","protected":false},"excerpt":{"rendered":"<p>P\u00e5 g\u00e5ng Anm\u00e4lan aktiviteter\/m\u00f6ten F\u00f6lj oss! Zornm\u00e4rket Dans- och spelmansst\u00e4mma ICH North Midsommarfirande Nordlek NORDLEK 2024 Arendal Norge, den 16- 21 juli.All information om NORDLEK 2024 finns p\u00e5 nordlek2024.no men en del finns \u00e4ven h\u00e4r nedan. Segrarna av NORDLEK:s kompositionst\u00e4vling Under en intensiv vecka i mitten av juli gick Nordlekst\u00e4mman i Arendal, Norge, av stapeln. [&hellip;]<\/p>\n","protected":false},"author":1,"featured_media":0,"parent":0,"menu_order":0,"comment_status":"closed","ping_status":"closed","template":"","meta":{"_et_pb_use_builder":"on","_et_pb_old_content":"","_et_gb_content_width":"","footnotes":""},"class_list":["post-14170","page","type-page","status-publish","hentry"],"yoast_head":"<!-- This site is optimized with the Yoast SEO plugin v27.4 - https:\/\/yoast.com\/product\/yoast-seo-wordpress\/ -->\n<title>NORDLEK 2024 &#187; Folkdansringen<\/title>\n<meta name=\"robots\" content=\"index, follow, max-snippet:-1, max-image-preview:large, max-video-preview:-1\" \/>\n<link rel=\"canonical\" href=\"https:\/\/folkdansringen.se\/riks\/nordlek-2024\/\" \/>\n<meta property=\"og:locale\" content=\"sv_SE\" \/>\n<meta property=\"og:type\" content=\"article\" \/>\n<meta property=\"og:title\" content=\"NORDLEK 2024 &#187; Folkdansringen\" \/>\n<meta property=\"og:description\" content=\"P\u00e5 g\u00e5ng Anm\u00e4lan aktiviteter\/m\u00f6ten F\u00f6lj oss! Zornm\u00e4rket Dans- och spelmansst\u00e4mma ICH North Midsommarfirande Nordlek NORDLEK 2024 Arendal Norge, den 16- 21 juli.All information om NORDLEK 2024 finns p\u00e5 nordlek2024.no men en del finns \u00e4ven h\u00e4r nedan. Segrarna av NORDLEK:s kompositionst\u00e4vling Under en intensiv vecka i mitten av juli gick Nordlekst\u00e4mman i Arendal, Norge, av stapeln. [&hellip;]\" \/>\n<meta property=\"og:url\" content=\"https:\/\/folkdansringen.se\/riks\/nordlek-2024\/\" \/>\n<meta property=\"og:site_name\" content=\"Folkdansringen\" \/>\n<meta property=\"article:modified_time\" content=\"2024-08-22T10:54:14+00:00\" \/>\n<meta name=\"twitter:card\" content=\"summary_large_image\" \/>\n<meta name=\"twitter:label1\" content=\"Ber\u00e4knad l\u00e4stid\" \/>\n\t<meta name=\"twitter:data1\" content=\"1 minut\" \/>\n<script type=\"application\/ld+json\" class=\"yoast-schema-graph\">{\"@context\":\"https:\\\/\\\/schema.org\",\"@graph\":[{\"@type\":\"WebPage\",\"@id\":\"https:\\\/\\\/folkdansringen.se\\\/riks\\\/nordlek-2024\\\/\",\"url\":\"https:\\\/\\\/folkdansringen.se\\\/riks\\\/nordlek-2024\\\/\",\"name\":\"NORDLEK 2024 &#187; Folkdansringen\",\"isPartOf\":{\"@id\":\"https:\\\/\\\/folkdansringen.se\\\/riks\\\/#website\"},\"datePublished\":\"2023-09-14T15:38:12+00:00\",\"dateModified\":\"2024-08-22T10:54:14+00:00\",\"breadcrumb\":{\"@id\":\"https:\\\/\\\/folkdansringen.se\\\/riks\\\/nordlek-2024\\\/#breadcrumb\"},\"inLanguage\":\"sv-SE\",\"potentialAction\":[{\"@type\":\"ReadAction\",\"target\":[\"https:\\\/\\\/folkdansringen.se\\\/riks\\\/nordlek-2024\\\/\"]}]},{\"@type\":\"BreadcrumbList\",\"@id\":\"https:\\\/\\\/folkdansringen.se\\\/riks\\\/nordlek-2024\\\/#breadcrumb\",\"itemListElement\":[{\"@type\":\"ListItem\",\"position\":1,\"name\":\"Hem\",\"item\":\"https:\\\/\\\/folkdansringen.se\\\/riks\\\/\"},{\"@type\":\"ListItem\",\"position\":2,\"name\":\"NORDLEK 2024\"}]},{\"@type\":\"WebSite\",\"@id\":\"https:\\\/\\\/folkdansringen.se\\\/riks\\\/#website\",\"url\":\"https:\\\/\\\/folkdansringen.se\\\/riks\\\/\",\"name\":\"Folkdansringen\",\"description\":\"\",\"potentialAction\":[{\"@type\":\"SearchAction\",\"target\":{\"@type\":\"EntryPoint\",\"urlTemplate\":\"https:\\\/\\\/folkdansringen.se\\\/riks\\\/?s={search_term_string}\"},\"query-input\":{\"@type\":\"PropertyValueSpecification\",\"valueRequired\":true,\"valueName\":\"search_term_string\"}}],\"inLanguage\":\"sv-SE\"}]}<\/script>\n<!-- \/ Yoast SEO plugin. -->","yoast_head_json":{"title":"NORDLEK 2024 &#187; Folkdansringen","robots":{"index":"index","follow":"follow","max-snippet":"max-snippet:-1","max-image-preview":"max-image-preview:large","max-video-preview":"max-video-preview:-1"},"canonical":"https:\/\/folkdansringen.se\/riks\/nordlek-2024\/","og_locale":"sv_SE","og_type":"article","og_title":"NORDLEK 2024 &#187; Folkdansringen","og_description":"P\u00e5 g\u00e5ng Anm\u00e4lan aktiviteter\/m\u00f6ten F\u00f6lj oss! Zornm\u00e4rket Dans- och spelmansst\u00e4mma ICH North Midsommarfirande Nordlek NORDLEK 2024 Arendal Norge, den 16- 21 juli.All information om NORDLEK 2024 finns p\u00e5 nordlek2024.no men en del finns \u00e4ven h\u00e4r nedan. Segrarna av NORDLEK:s kompositionst\u00e4vling Under en intensiv vecka i mitten av juli gick Nordlekst\u00e4mman i Arendal, Norge, av stapeln. [&hellip;]","og_url":"https:\/\/folkdansringen.se\/riks\/nordlek-2024\/","og_site_name":"Folkdansringen","article_modified_time":"2024-08-22T10:54:14+00:00","twitter_card":"summary_large_image","twitter_misc":{"Ber\u00e4knad l\u00e4stid":"1 minut"},"schema":{"@context":"https:\/\/schema.org","@graph":[{"@type":"WebPage","@id":"https:\/\/folkdansringen.se\/riks\/nordlek-2024\/","url":"https:\/\/folkdansringen.se\/riks\/nordlek-2024\/","name":"NORDLEK 2024 &#187; Folkdansringen","isPartOf":{"@id":"https:\/\/folkdansringen.se\/riks\/#website"},"datePublished":"2023-09-14T15:38:12+00:00","dateModified":"2024-08-22T10:54:14+00:00","breadcrumb":{"@id":"https:\/\/folkdansringen.se\/riks\/nordlek-2024\/#breadcrumb"},"inLanguage":"sv-SE","potentialAction":[{"@type":"ReadAction","target":["https:\/\/folkdansringen.se\/riks\/nordlek-2024\/"]}]},{"@type":"BreadcrumbList","@id":"https:\/\/folkdansringen.se\/riks\/nordlek-2024\/#breadcrumb","itemListElement":[{"@type":"ListItem","position":1,"name":"Hem","item":"https:\/\/folkdansringen.se\/riks\/"},{"@type":"ListItem","position":2,"name":"NORDLEK 2024"}]},{"@type":"WebSite","@id":"https:\/\/folkdansringen.se\/riks\/#website","url":"https:\/\/folkdansringen.se\/riks\/","name":"Folkdansringen","description":"","potentialAction":[{"@type":"SearchAction","target":{"@type":"EntryPoint","urlTemplate":"https:\/\/folkdansringen.se\/riks\/?s={search_term_string}"},"query-input":{"@type":"PropertyValueSpecification","valueRequired":true,"valueName":"search_term_string"}}],"inLanguage":"sv-SE"}]}},"_links":{"self":[{"href":"https:\/\/folkdansringen.se\/riks\/wp-json\/wp\/v2\/pages\/14170","targetHints":{"allow":["GET"]}}],"collection":[{"href":"https:\/\/folkdansringen.se\/riks\/wp-json\/wp\/v2\/pages"}],"about":[{"href":"https:\/\/folkdansringen.se\/riks\/wp-json\/wp\/v2\/types\/page"}],"author":[{"embeddable":true,"href":"https:\/\/folkdansringen.se\/riks\/wp-json\/wp\/v2\/users\/1"}],"replies":[{"embeddable":true,"href":"https:\/\/folkdansringen.se\/riks\/wp-json\/wp\/v2\/comments?post=14170"}],"version-history":[{"count":14,"href":"https:\/\/folkdansringen.se\/riks\/wp-json\/wp\/v2\/pages\/14170\/revisions"}],"predecessor-version":[{"id":14870,"href":"https:\/\/folkdansringen.se\/riks\/wp-json\/wp\/v2\/pages\/14170\/revisions\/14870"}],"wp:attachment":[{"href":"https:\/\/folkdansringen.se\/riks\/wp-json\/wp\/v2\/media?parent=14170"}],"curies":[{"name":"wp","href":"https:\/\/api.w.org\/{rel}","templated":true}]}}