
{"id":13510,"date":"2022-08-10T11:41:26","date_gmt":"2022-08-10T09:41:26","guid":{"rendered":"https:\/\/folkdansringen.se\/riks\/?page_id=13510"},"modified":"2022-08-11T16:09:46","modified_gmt":"2022-08-11T14:09:46","slug":"folj-oss","status":"publish","type":"page","link":"https:\/\/folkdansringen.se\/riks\/folj-oss\/","title":{"rendered":"F\u00f6lj oss!"},"content":{"rendered":"<p>[et_pb_section fb_built=&#8221;1&#8243; module_id=&#8221;fdrSiteWrap&#8221; _builder_version=&#8221;4.16&#8243; global_colors_info=&#8221;{}&#8221;][et_pb_row module_id=&#8221;fdrSiteHeader&#8221; _builder_version=&#8221;4.16&#8243; background_size=&#8221;initial&#8221; background_position=&#8221;top_left&#8221; background_repeat=&#8221;repeat&#8221; custom_padding=&#8221;27px|0px|0|0px|false|false&#8221; global_colors_info=&#8221;{}&#8221;][et_pb_column type=&#8221;4_4&#8243; _builder_version=&#8221;4.16&#8243; custom_padding=&#8221;|||&#8221; global_colors_info=&#8221;{}&#8221; custom_padding__hover=&#8221;|||&#8221;][et_pb_image src=&#8221;https:\/\/folkdansringen.se\/riks\/wp-content\/uploads\/2022\/08\/Folj-oss-toppbild-1517&#215;505-b.jpg&#8221; alt=&#8221;Startsidor fr\u00e5n sociala medier&#8221; title_text=&#8221;F\u00f6lj oss toppbild 1517&#215;505 b&#8221; force_fullwidth=&#8221;on&#8221; align_tablet=&#8221;center&#8221; align_phone=&#8221;&#8221; align_last_edited=&#8221;on|desktop&#8221; module_id=&#8221;frdHeaderImage&#8221; _builder_version=&#8221;4.17.1&#8243; global_colors_info=&#8221;{}&#8221;][\/et_pb_image][\/et_pb_column][\/et_pb_row][et_pb_row column_structure=&#8221;1_4,1_2,1_4&#8243; module_id=&#8221;fdrThreecolumns&#8221; _builder_version=&#8221;4.16&#8243; custom_padding=&#8221;42px|0px|27px|0px|false|false&#8221; global_colors_info=&#8221;{}&#8221;][et_pb_column type=&#8221;1_4&#8243; _builder_version=&#8221;4.16&#8243; custom_padding=&#8221;|||&#8221; global_colors_info=&#8221;{}&#8221; custom_padding__hover=&#8221;|||&#8221;][et_pb_text _builder_version=&#8221;4.17.1&#8243; _module_preset=&#8221;default&#8221; global_colors_info=&#8221;{}&#8221;]<\/p>\n<ul class=\"fdrUlLinks\">\n<ul class=\"fdrUlLinks\">\n<li><a href=\"https:\/\/folkdansringen.se\/riks\/pa-gang\/\">P\u00e5 g\u00e5ng<\/a><\/li>\n<li><a href=\"https:\/\/folkdansringen.se\/riks\/aktuellt\/anmalan-aktiviteter-moten\/\">Anm\u00e4lan aktiviteter\/m\u00f6ten<\/a><\/li>\n<li><a href=\"https:\/\/folkdansringen.se\/riks\/folj-oss\/\">F\u00f6lj oss<\/a><\/li>\n<li><a href=\"https:\/\/folkdansringen.se\/riks\/var-verksamhet\/zornmarket\/\">Zornm\u00e4rket<\/a><\/li>\n<li><a href=\"https:\/\/folkdansringen.se\/riks\/aktuellt\/dans-och-spelmansstamma\/\">Dans- och spelmansst\u00e4mma<\/a><\/li>\n<li><a href=\"https:\/\/folkdansringen.se\/riks\/aktuellt\/midsommarfirande\">Midsommarfirande<\/a><\/li>\n<li><a href=\"https:\/\/folkdansringen.se\/riks\/pa-gang\/nordlek\/\">Nordlek<\/a><\/li>\n<\/ul>\n<\/ul>\n<p>[\/et_pb_text][\/et_pb_column][et_pb_column type=&#8221;1_2&#8243; _builder_version=&#8221;4.16&#8243; custom_padding=&#8221;|||&#8221; global_colors_info=&#8221;{}&#8221; custom_padding__hover=&#8221;|||&#8221;][et_pb_text module_id=&#8221;fdrWhatWeDoMiddle&#8221; _builder_version=&#8221;4.17.1&#8243; custom_padding=&#8221;||1px|||&#8221; hover_enabled=&#8221;0&#8243; global_colors_info=&#8221;{}&#8221; sticky_enabled=&#8221;0&#8243;]<\/p>\n<h1 class=\"contentheading\">F\u00f6lj oss i sociala medier<\/h1>\n<p><strong>P\u00e5 Facebook och Instagram kan du f\u00e5 uppdateringar och f\u00f6lja v\u00e5ra verksamheter inom Svenska Folkdansringen.<\/strong><\/p>\n<h2>Facebook<\/h2>\n<p>P\u00e5 Facebook finns Svenska Folkdansringen med veckovisa nya tips om vad som \u00e4r p\u00e5 g\u00e5ng i verksamheten eller information om n\u00e5got att komma ih\u00e5g i f\u00f6reningsarbetet.<\/p>\n<p><img loading=\"lazy\" decoding=\"async\" src=\"https:\/\/folkdansringen.se\/riks\/wp-content\/uploads\/2018\/11\/if_facebook_986944-e1542192611888.png\" width=\"30\" height=\"30\" alt=\"Logotyp Facebook\" class=\"wp-image-4862 alignnone size-full\" \/>\u00a0<a href=\"https:\/\/www.facebook.com\/folkdansringen\" target=\"_blank\" rel=\"noopener\">www.facebook.com\/folkdansringen<\/a><\/p>\n<h2>Instagram<\/h2>\n<p>P\u00e5 Instagram finns Svenska Folkdansringen med i f\u00f6rsta hand bilder, filmer och inl\u00e4gg fr\u00e5n v\u00e5ra olika\u00a0 verksamhetsomr\u00e5den.<\/p>\n<p><img loading=\"lazy\" decoding=\"async\" src=\"https:\/\/folkdansringen.se\/riks\/wp-content\/uploads\/2022\/06\/Instagram-logo-30x30-1.png\" width=\"30\" height=\"30\" alt=\"Instagram logotyp\" class=\"wp-image-13463 alignnone size-full\" \/>\u00a0<a href=\"https:\/\/www.instagram.com\/svenskafolkdansringen\/\" target=\"_blank\" rel=\"noopener\">www.instagram.com\/svenskafolkdansringen\/<\/a><\/p>\n<h2>Youtube<\/h2>\n<p>P\u00e5 Youtube finns Svenska Folkdansringen med filmer kring v\u00e5ra verksamhetsomr\u00e5den. Danser, lekar, evenemang och annat.<\/p>\n<p><img loading=\"lazy\" decoding=\"async\" src=\"https:\/\/folkdansringen.se\/riks\/wp-content\/uploads\/2022\/06\/youtube-logo-43x30-1.png\" width=\"43\" height=\"30\" alt=\"Youtube logotyp\" class=\"wp-image-13473 alignnone size-full\" \/>\u00a0<a href=\"https:\/\/www.youtube.com\/channel\/UC7RlAFaHAMXiB6duonH98-A\" target=\"_blank\" rel=\"noopener\">www.youtube.com\/channel\/&#8230;<\/a><\/p>\n<p>&nbsp;<\/p>\n<p>[\/et_pb_text][\/et_pb_column][et_pb_column type=&#8221;1_4&#8243; _builder_version=&#8221;4.16&#8243; custom_padding=&#8221;|||&#8221; global_colors_info=&#8221;{}&#8221; custom_padding__hover=&#8221;|||&#8221;][\/et_pb_column][\/et_pb_row][\/et_pb_section]<\/p>\n","protected":false},"excerpt":{"rendered":"<p>P\u00e5 g\u00e5ng Anm\u00e4lan aktiviteter\/m\u00f6ten F\u00f6lj oss Zornm\u00e4rket Dans- och spelmansst\u00e4mma Midsommarfirande Nordlek F\u00f6lj oss i sociala medier P\u00e5 Facebook och Instagram kan du f\u00e5 uppdateringar och f\u00f6lja v\u00e5ra verksamheter inom Svenska Folkdansringen. Facebook P\u00e5 Facebook finns Svenska Folkdansringen med veckovisa nya tips om vad som \u00e4r p\u00e5 g\u00e5ng i verksamheten eller information om n\u00e5got att [&hellip;]<\/p>\n","protected":false},"author":1,"featured_media":0,"parent":0,"menu_order":0,"comment_status":"closed","ping_status":"closed","template":"","meta":{"_et_pb_use_builder":"on","_et_pb_old_content":"","_et_gb_content_width":"","footnotes":""},"class_list":["post-13510","page","type-page","status-publish","hentry"],"yoast_head":"<!-- This site is optimized with the Yoast SEO plugin v27.4 - https:\/\/yoast.com\/product\/yoast-seo-wordpress\/ -->\n<title>F\u00f6lj oss! &#187; Folkdansringen<\/title>\n<meta name=\"robots\" content=\"index, follow, max-snippet:-1, max-image-preview:large, max-video-preview:-1\" \/>\n<link rel=\"canonical\" href=\"https:\/\/folkdansringen.se\/riks\/folj-oss\/\" \/>\n<meta property=\"og:locale\" content=\"sv_SE\" \/>\n<meta property=\"og:type\" content=\"article\" \/>\n<meta property=\"og:title\" content=\"F\u00f6lj oss! &#187; Folkdansringen\" \/>\n<meta property=\"og:description\" content=\"P\u00e5 g\u00e5ng Anm\u00e4lan aktiviteter\/m\u00f6ten F\u00f6lj oss Zornm\u00e4rket Dans- och spelmansst\u00e4mma Midsommarfirande Nordlek F\u00f6lj oss i sociala medier P\u00e5 Facebook och Instagram kan du f\u00e5 uppdateringar och f\u00f6lja v\u00e5ra verksamheter inom Svenska Folkdansringen. Facebook P\u00e5 Facebook finns Svenska Folkdansringen med veckovisa nya tips om vad som \u00e4r p\u00e5 g\u00e5ng i verksamheten eller information om n\u00e5got att [&hellip;]\" \/>\n<meta property=\"og:url\" content=\"https:\/\/folkdansringen.se\/riks\/folj-oss\/\" \/>\n<meta property=\"og:site_name\" content=\"Folkdansringen\" \/>\n<meta property=\"article:modified_time\" content=\"2022-08-11T14:09:46+00:00\" \/>\n<meta property=\"og:image\" content=\"https:\/\/folkdansringen.se\/riks\/wp-content\/uploads\/2018\/11\/if_facebook_986944-e1542192611888.png\" \/>\n<meta name=\"twitter:card\" content=\"summary_large_image\" \/>\n<script type=\"application\/ld+json\" class=\"yoast-schema-graph\">{\"@context\":\"https:\\\/\\\/schema.org\",\"@graph\":[{\"@type\":\"WebPage\",\"@id\":\"https:\\\/\\\/folkdansringen.se\\\/riks\\\/folj-oss\\\/\",\"url\":\"https:\\\/\\\/folkdansringen.se\\\/riks\\\/folj-oss\\\/\",\"name\":\"F\u00f6lj oss! &#187; Folkdansringen\",\"isPartOf\":{\"@id\":\"https:\\\/\\\/folkdansringen.se\\\/riks\\\/#website\"},\"primaryImageOfPage\":{\"@id\":\"https:\\\/\\\/folkdansringen.se\\\/riks\\\/folj-oss\\\/#primaryimage\"},\"image\":{\"@id\":\"https:\\\/\\\/folkdansringen.se\\\/riks\\\/folj-oss\\\/#primaryimage\"},\"thumbnailUrl\":\"https:\\\/\\\/folkdansringen.se\\\/riks\\\/wp-content\\\/uploads\\\/2018\\\/11\\\/if_facebook_986944-e1542192611888.png\",\"datePublished\":\"2022-08-10T09:41:26+00:00\",\"dateModified\":\"2022-08-11T14:09:46+00:00\",\"breadcrumb\":{\"@id\":\"https:\\\/\\\/folkdansringen.se\\\/riks\\\/folj-oss\\\/#breadcrumb\"},\"inLanguage\":\"sv-SE\",\"potentialAction\":[{\"@type\":\"ReadAction\",\"target\":[\"https:\\\/\\\/folkdansringen.se\\\/riks\\\/folj-oss\\\/\"]}]},{\"@type\":\"ImageObject\",\"inLanguage\":\"sv-SE\",\"@id\":\"https:\\\/\\\/folkdansringen.se\\\/riks\\\/folj-oss\\\/#primaryimage\",\"url\":\"https:\\\/\\\/folkdansringen.se\\\/riks\\\/wp-content\\\/uploads\\\/2018\\\/11\\\/if_facebook_986944-e1542192611888.png\",\"contentUrl\":\"https:\\\/\\\/folkdansringen.se\\\/riks\\\/wp-content\\\/uploads\\\/2018\\\/11\\\/if_facebook_986944-e1542192611888.png\",\"width\":30,\"height\":30,\"caption\":\"Logotyp Facebook\"},{\"@type\":\"BreadcrumbList\",\"@id\":\"https:\\\/\\\/folkdansringen.se\\\/riks\\\/folj-oss\\\/#breadcrumb\",\"itemListElement\":[{\"@type\":\"ListItem\",\"position\":1,\"name\":\"Hem\",\"item\":\"https:\\\/\\\/folkdansringen.se\\\/riks\\\/\"},{\"@type\":\"ListItem\",\"position\":2,\"name\":\"F\u00f6lj oss!\"}]},{\"@type\":\"WebSite\",\"@id\":\"https:\\\/\\\/folkdansringen.se\\\/riks\\\/#website\",\"url\":\"https:\\\/\\\/folkdansringen.se\\\/riks\\\/\",\"name\":\"Folkdansringen\",\"description\":\"\",\"potentialAction\":[{\"@type\":\"SearchAction\",\"target\":{\"@type\":\"EntryPoint\",\"urlTemplate\":\"https:\\\/\\\/folkdansringen.se\\\/riks\\\/?s={search_term_string}\"},\"query-input\":{\"@type\":\"PropertyValueSpecification\",\"valueRequired\":true,\"valueName\":\"search_term_string\"}}],\"inLanguage\":\"sv-SE\"}]}<\/script>\n<!-- \/ Yoast SEO plugin. -->","yoast_head_json":{"title":"F\u00f6lj oss! &#187; Folkdansringen","robots":{"index":"index","follow":"follow","max-snippet":"max-snippet:-1","max-image-preview":"max-image-preview:large","max-video-preview":"max-video-preview:-1"},"canonical":"https:\/\/folkdansringen.se\/riks\/folj-oss\/","og_locale":"sv_SE","og_type":"article","og_title":"F\u00f6lj oss! &#187; Folkdansringen","og_description":"P\u00e5 g\u00e5ng Anm\u00e4lan aktiviteter\/m\u00f6ten F\u00f6lj oss Zornm\u00e4rket Dans- och spelmansst\u00e4mma Midsommarfirande Nordlek F\u00f6lj oss i sociala medier P\u00e5 Facebook och Instagram kan du f\u00e5 uppdateringar och f\u00f6lja v\u00e5ra verksamheter inom Svenska Folkdansringen. Facebook P\u00e5 Facebook finns Svenska Folkdansringen med veckovisa nya tips om vad som \u00e4r p\u00e5 g\u00e5ng i verksamheten eller information om n\u00e5got att [&hellip;]","og_url":"https:\/\/folkdansringen.se\/riks\/folj-oss\/","og_site_name":"Folkdansringen","article_modified_time":"2022-08-11T14:09:46+00:00","og_image":[{"url":"https:\/\/folkdansringen.se\/riks\/wp-content\/uploads\/2018\/11\/if_facebook_986944-e1542192611888.png","type":"","width":"","height":""}],"twitter_card":"summary_large_image","schema":{"@context":"https:\/\/schema.org","@graph":[{"@type":"WebPage","@id":"https:\/\/folkdansringen.se\/riks\/folj-oss\/","url":"https:\/\/folkdansringen.se\/riks\/folj-oss\/","name":"F\u00f6lj oss! &#187; Folkdansringen","isPartOf":{"@id":"https:\/\/folkdansringen.se\/riks\/#website"},"primaryImageOfPage":{"@id":"https:\/\/folkdansringen.se\/riks\/folj-oss\/#primaryimage"},"image":{"@id":"https:\/\/folkdansringen.se\/riks\/folj-oss\/#primaryimage"},"thumbnailUrl":"https:\/\/folkdansringen.se\/riks\/wp-content\/uploads\/2018\/11\/if_facebook_986944-e1542192611888.png","datePublished":"2022-08-10T09:41:26+00:00","dateModified":"2022-08-11T14:09:46+00:00","breadcrumb":{"@id":"https:\/\/folkdansringen.se\/riks\/folj-oss\/#breadcrumb"},"inLanguage":"sv-SE","potentialAction":[{"@type":"ReadAction","target":["https:\/\/folkdansringen.se\/riks\/folj-oss\/"]}]},{"@type":"ImageObject","inLanguage":"sv-SE","@id":"https:\/\/folkdansringen.se\/riks\/folj-oss\/#primaryimage","url":"https:\/\/folkdansringen.se\/riks\/wp-content\/uploads\/2018\/11\/if_facebook_986944-e1542192611888.png","contentUrl":"https:\/\/folkdansringen.se\/riks\/wp-content\/uploads\/2018\/11\/if_facebook_986944-e1542192611888.png","width":30,"height":30,"caption":"Logotyp Facebook"},{"@type":"BreadcrumbList","@id":"https:\/\/folkdansringen.se\/riks\/folj-oss\/#breadcrumb","itemListElement":[{"@type":"ListItem","position":1,"name":"Hem","item":"https:\/\/folkdansringen.se\/riks\/"},{"@type":"ListItem","position":2,"name":"F\u00f6lj oss!"}]},{"@type":"WebSite","@id":"https:\/\/folkdansringen.se\/riks\/#website","url":"https:\/\/folkdansringen.se\/riks\/","name":"Folkdansringen","description":"","potentialAction":[{"@type":"SearchAction","target":{"@type":"EntryPoint","urlTemplate":"https:\/\/folkdansringen.se\/riks\/?s={search_term_string}"},"query-input":{"@type":"PropertyValueSpecification","valueRequired":true,"valueName":"search_term_string"}}],"inLanguage":"sv-SE"}]}},"_links":{"self":[{"href":"https:\/\/folkdansringen.se\/riks\/wp-json\/wp\/v2\/pages\/13510","targetHints":{"allow":["GET"]}}],"collection":[{"href":"https:\/\/folkdansringen.se\/riks\/wp-json\/wp\/v2\/pages"}],"about":[{"href":"https:\/\/folkdansringen.se\/riks\/wp-json\/wp\/v2\/types\/page"}],"author":[{"embeddable":true,"href":"https:\/\/folkdansringen.se\/riks\/wp-json\/wp\/v2\/users\/1"}],"replies":[{"embeddable":true,"href":"https:\/\/folkdansringen.se\/riks\/wp-json\/wp\/v2\/comments?post=13510"}],"version-history":[{"count":7,"href":"https:\/\/folkdansringen.se\/riks\/wp-json\/wp\/v2\/pages\/13510\/revisions"}],"predecessor-version":[{"id":13543,"href":"https:\/\/folkdansringen.se\/riks\/wp-json\/wp\/v2\/pages\/13510\/revisions\/13543"}],"wp:attachment":[{"href":"https:\/\/folkdansringen.se\/riks\/wp-json\/wp\/v2\/media?parent=13510"}],"curies":[{"name":"wp","href":"https:\/\/api.w.org\/{rel}","templated":true}]}}