
{"id":11788,"date":"2020-03-23T15:52:55","date_gmt":"2020-03-23T14:52:55","guid":{"rendered":"https:\/\/folkdansringen.se\/riks\/?page_id=11788"},"modified":"2025-05-19T13:57:26","modified_gmt":"2025-05-19T11:57:26","slug":"valberedningen","status":"publish","type":"page","link":"https:\/\/folkdansringen.se\/riks\/var-verksamhet\/organisation\/valberedningen\/","title":{"rendered":"Valberedningen"},"content":{"rendered":"<p>[et_pb_section fb_built=&#8221;1&#8243; admin_label=&#8221;section&#8221; _builder_version=&#8221;4.16&#8243; global_colors_info=&#8221;{}&#8221;][et_pb_row module_id=&#8221;fdrSiteHeader&#8221; _builder_version=&#8221;4.16&#8243; background_size=&#8221;initial&#8221; background_position=&#8221;top_left&#8221; background_repeat=&#8221;repeat&#8221; custom_padding=&#8221;27px|0px|0|0px|false|false&#8221; global_colors_info=&#8221;{}&#8221;][et_pb_column type=&#8221;4_4&#8243; _builder_version=&#8221;4.16&#8243; custom_padding=&#8221;|||&#8221; global_colors_info=&#8221;{}&#8221; custom_padding__hover=&#8221;|||&#8221;][et_pb_image src=&#8221;https:\/\/folkdansringen.se\/riks\/wp-content\/uploads\/2019\/12\/svenska-folkdansringen-v\u00e5r-v\u00e4rdegrund.jpeg&#8221; force_fullwidth=&#8221;on&#8221; align_tablet=&#8221;center&#8221; align_phone=&#8221;&#8221; align_last_edited=&#8221;on|desktop&#8221; module_id=&#8221;frdHeaderImage&#8221; _builder_version=&#8221;4.16&#8243; global_colors_info=&#8221;{}&#8221;][\/et_pb_image][\/et_pb_column][\/et_pb_row][et_pb_row column_structure=&#8221;1_4,1_2,1_4&#8243; _builder_version=&#8221;4.16&#8243; global_colors_info=&#8221;{}&#8221;][et_pb_column type=&#8221;1_4&#8243; _builder_version=&#8221;4.16&#8243; global_colors_info=&#8221;{}&#8221;][et_pb_text _builder_version=&#8221;4.17.1&#8243; global_module=&#8221;9068&#8243; saved_tabs=&#8221;all&#8221; global_colors_info=&#8221;{}&#8221;]<\/p>\n<ul class=\"fdrUlLinks\">\n<li><a href=\"https:\/\/folkdansringen.se\/riks\/var-verksamhet\/om-oss\/\">Om oss<\/a><\/li>\n<li><a href=\"https:\/\/folkdansringen.se\/riks\/var-verksamhet\/vardegrund\/\">V\u00e4rdegrund<\/a><\/li>\n<li><a href=\"https:\/\/folkdansringen.se\/riks\/var-verksamhet\/historik\/\">Historik<\/a><\/li>\n<li><a href=\"https:\/\/folkdansringen.se\/riks\/var-verksamhet\/om-folkdansringen\/organisation\/\">Organisation<\/a><\/li>\n<li><a href=\"https:\/\/folkdansringen.se\/riks\/var-verksamhet\/om-folkdansringen\/stadgar\/\">Stadgar<\/a><\/li>\n<li><a href=\"foreningochfunktionar\/verksamhetshandlingar\/\">Verksamhetshandlingar<\/a><\/li>\n<li><a href=\"https:\/\/folkdansringen.se\/riks\/var-verksamhet\/samarbeten\/\">Samarbeten<\/a><\/li>\n<\/ul>\n<p>[\/et_pb_text][\/et_pb_column][et_pb_column type=&#8221;1_2&#8243; _builder_version=&#8221;4.16&#8243; global_colors_info=&#8221;{}&#8221;][et_pb_text _builder_version=&#8221;4.16&#8243; global_colors_info=&#8221;{}&#8221;]<\/p>\n<h1 id=\"V\u00e5rverksamhet\">Valberedningen<\/h1>\n<p><strong><span style=\"color: #333333;\">Valberedningen i Svenska Folkdansringen arbetar inf\u00f6r riksst\u00e4mman med nomineringar till personvalen.<\/span><\/strong><\/p>\n<h2>Dags att nominera f\u00f6r 2025!<\/h2>\n<p>Det \u00e4r dags att nominera kandidater inf\u00f6r 2025 \u00e5rs Riksst\u00e4mma. Ni kan nominera:<\/p>\n<ul>\n<li>Riksordf\u00f6rande<\/li>\n<li>Rikskass\u00f6r<\/li>\n<li>1:e vice ordf\u00f6rande<\/li>\n<li>Ledamot i Riksstyrelsen<\/li>\n<li>Ledamot i barn och ungdomssektionen<\/li>\n<li>Ledamot i dans och musiksektionen<\/li>\n<li>Ledamot i dr\u00e4ktsektionen<\/li>\n<li>Revisor, ordinarie<\/li>\n<li>Revisor, suppleant<\/li>\n<li>Sekreterare och ledamot i Zornsekretariatet<\/li>\n<\/ul>\n<h3>Hur g\u00f6r jag?<\/h3>\n<p>F\u00f6r att nominera en kandidat skicka namn, kontaktuppgifter, vilken funktion nomineringen g\u00e4ller samt g\u00e4rna ett foto p\u00e5 kandidaten till valberedningen, <span><a href=\"mailto:valberedning@folkdansringen.se\">valberedning@folkdansringen.se<\/a><\/span> g\u00e4rna f\u00f6re den 31 maj. Alla nominerade skall vara tillfr\u00e5gade och tackat ja till nomineringen.<\/p>\n<h2><span style=\"color: #333333;\">Ledam\u00f6ter<\/span><\/h2>\n<p><span style=\"color: #333333;\">Ledam\u00f6terna i Svenska Folkdansringens valberedning \u00e4r:<\/span><\/p>\n<ul>\n<li><span style=\"color: #333333;\"><span color=\"#000120\">Jonas Kedenius<\/span><\/span><span style=\"color: #333333;\"><span color=\"#000120\">\u00a0(sammankallande)<\/span><\/span><\/li>\n<li><span style=\"color: #333333;\"><span color=\"#000120\">Anja Lassila<\/span><\/span><\/li>\n<li>Christer Wallin<\/li>\n<li>Martin Lundborg<\/li>\n<\/ul>\n<p><span style=\"color: #333333;\">F\u00f6r kontaktuppgifter till enskilda ledam\u00f6ter i valberedningen, kontakta<\/span> <a href=\"https:\/\/folkdansringen.se\/riks\/kontakt\/\">Svenska Folkdansringens rikskansli<\/a><\/p>\n<p>&nbsp;<\/p>\n<p>[\/et_pb_text][\/et_pb_column][et_pb_column type=&#8221;1_4&#8243; _builder_version=&#8221;4.16&#8243; global_colors_info=&#8221;{}&#8221;][et_pb_cta button_text=&#8221;Click Here&#8221; module_id=&#8221;fdrWhatWeDoRight&#8221; _builder_version=&#8221;4.18.0&#8243; use_background_color=&#8221;off&#8221; custom_margin=&#8221;3px|||||&#8221; global_module=&#8221;11220&#8243; saved_tabs=&#8221;all&#8221; global_colors_info=&#8221;{}&#8221;]<\/p>\n<h2>F\u00f6lj oss!<\/h2>\n<p>P\u00e5 sociala medier finns Svenska Folkdansringen\u00a0 och inspirerar med inl\u00e4gg, bilder och filmer.<\/p>\n<p><a href=\"https:\/\/www.instagram.com\/svenskafolkdansringen\/\" target=\"_blank\" rel=\"noopener\"><img loading=\"lazy\" decoding=\"async\" src=\"https:\/\/folkdansringen.se\/riks\/wp-content\/uploads\/2022\/06\/Instagram-logo-30x30-1.png\" width=\"30\" height=\"30\" alt=\"Instagram logotyp\" class=\"wp-image-13463 alignnone size-full\" \/><\/a>\u00a0 \u00a0<a href=\"https:\/\/sv-se.facebook.com\/folkdansringen\/\" target=\"_blank\" rel=\"noopener\"><img loading=\"lazy\" decoding=\"async\" src=\"https:\/\/folkdansringen.se\/riks\/wp-content\/uploads\/2018\/11\/if_facebook_986944-e1542192611888.png\" width=\"30\" height=\"30\" alt=\"Logotyp Facebook\" class=\"wp-image-4862 alignnone size-full\" \/><\/a>\u00a0 \u00a0<a href=\"https:\/\/www.youtube.com\/channel\/UC7RlAFaHAMXiB6duonH98-A\" target=\"_blank\" rel=\"noopener\"><img loading=\"lazy\" decoding=\"async\" src=\"https:\/\/folkdansringen.se\/riks\/wp-content\/uploads\/2022\/06\/youtube-logo-43x30-1.png\" width=\"43\" height=\"30\" alt=\"Youtube logotyp\" class=\"wp-image-13473 alignnone size-full\" \/><\/a><\/p>\n<p><a href=\"http:\/\/www.folkdansringen.se\/riks\/folj-oss\">L\u00e4s mer om hur du kan f\u00f6lja oss!<\/a><\/p>\n<p>[\/et_pb_cta][\/et_pb_column][\/et_pb_row][\/et_pb_section]<\/p>\n","protected":false},"excerpt":{"rendered":"<p>Om oss V\u00e4rdegrund Historik Organisation Stadgar Verksamhetshandlingar Samarbeten Valberedningen Valberedningen i Svenska Folkdansringen arbetar inf\u00f6r riksst\u00e4mman med nomineringar till personvalen. Dags att nominera f\u00f6r 2025! Det \u00e4r dags att nominera kandidater inf\u00f6r 2025 \u00e5rs Riksst\u00e4mma. Ni kan nominera: Riksordf\u00f6rande Rikskass\u00f6r 1:e vice ordf\u00f6rande Ledamot i Riksstyrelsen Ledamot i barn och ungdomssektionen Ledamot i dans och [&hellip;]<\/p>\n","protected":false},"author":6,"featured_media":0,"parent":8084,"menu_order":0,"comment_status":"closed","ping_status":"closed","template":"","meta":{"_et_pb_use_builder":"on","_et_pb_old_content":"<!-- wp:divi\/placeholder \/-->","_et_gb_content_width":"","footnotes":""},"class_list":["post-11788","page","type-page","status-publish","hentry"],"yoast_head":"<!-- This site is optimized with the Yoast SEO plugin v27.4 - https:\/\/yoast.com\/product\/yoast-seo-wordpress\/ -->\n<title>Valberedningen &#187; Folkdansringen<\/title>\n<meta name=\"robots\" content=\"index, follow, max-snippet:-1, max-image-preview:large, max-video-preview:-1\" \/>\n<link rel=\"canonical\" href=\"https:\/\/folkdansringen.se\/riks\/var-verksamhet\/organisation\/valberedningen\/\" \/>\n<meta property=\"og:locale\" content=\"sv_SE\" \/>\n<meta property=\"og:type\" content=\"article\" \/>\n<meta property=\"og:title\" content=\"Valberedningen &#187; Folkdansringen\" \/>\n<meta property=\"og:description\" content=\"Om oss V\u00e4rdegrund Historik Organisation Stadgar Verksamhetshandlingar Samarbeten Valberedningen Valberedningen i Svenska Folkdansringen arbetar inf\u00f6r riksst\u00e4mman med nomineringar till personvalen. Dags att nominera f\u00f6r 2025! Det \u00e4r dags att nominera kandidater inf\u00f6r 2025 \u00e5rs Riksst\u00e4mma. Ni kan nominera: Riksordf\u00f6rande Rikskass\u00f6r 1:e vice ordf\u00f6rande Ledamot i Riksstyrelsen Ledamot i barn och ungdomssektionen Ledamot i dans och [&hellip;]\" \/>\n<meta property=\"og:url\" content=\"https:\/\/folkdansringen.se\/riks\/var-verksamhet\/organisation\/valberedningen\/\" \/>\n<meta property=\"og:site_name\" content=\"Folkdansringen\" \/>\n<meta property=\"article:modified_time\" content=\"2025-05-19T11:57:26+00:00\" \/>\n<meta property=\"og:image\" content=\"https:\/\/folkdansringen.se\/riks\/wp-content\/uploads\/2022\/06\/Instagram-logo-30x30-1.png\" \/>\n<meta name=\"twitter:card\" content=\"summary_large_image\" \/>\n<meta name=\"twitter:label1\" content=\"Ber\u00e4knad l\u00e4stid\" \/>\n\t<meta name=\"twitter:data1\" content=\"2 minuter\" \/>\n<script type=\"application\/ld+json\" class=\"yoast-schema-graph\">{\"@context\":\"https:\\\/\\\/schema.org\",\"@graph\":[{\"@type\":\"WebPage\",\"@id\":\"https:\\\/\\\/folkdansringen.se\\\/riks\\\/var-verksamhet\\\/organisation\\\/valberedningen\\\/\",\"url\":\"https:\\\/\\\/folkdansringen.se\\\/riks\\\/var-verksamhet\\\/organisation\\\/valberedningen\\\/\",\"name\":\"Valberedningen &#187; Folkdansringen\",\"isPartOf\":{\"@id\":\"https:\\\/\\\/folkdansringen.se\\\/riks\\\/#website\"},\"primaryImageOfPage\":{\"@id\":\"https:\\\/\\\/folkdansringen.se\\\/riks\\\/var-verksamhet\\\/organisation\\\/valberedningen\\\/#primaryimage\"},\"image\":{\"@id\":\"https:\\\/\\\/folkdansringen.se\\\/riks\\\/var-verksamhet\\\/organisation\\\/valberedningen\\\/#primaryimage\"},\"thumbnailUrl\":\"https:\\\/\\\/folkdansringen.se\\\/riks\\\/wp-content\\\/uploads\\\/2022\\\/06\\\/Instagram-logo-30x30-1.png\",\"datePublished\":\"2020-03-23T14:52:55+00:00\",\"dateModified\":\"2025-05-19T11:57:26+00:00\",\"breadcrumb\":{\"@id\":\"https:\\\/\\\/folkdansringen.se\\\/riks\\\/var-verksamhet\\\/organisation\\\/valberedningen\\\/#breadcrumb\"},\"inLanguage\":\"sv-SE\",\"potentialAction\":[{\"@type\":\"ReadAction\",\"target\":[\"https:\\\/\\\/folkdansringen.se\\\/riks\\\/var-verksamhet\\\/organisation\\\/valberedningen\\\/\"]}]},{\"@type\":\"ImageObject\",\"inLanguage\":\"sv-SE\",\"@id\":\"https:\\\/\\\/folkdansringen.se\\\/riks\\\/var-verksamhet\\\/organisation\\\/valberedningen\\\/#primaryimage\",\"url\":\"https:\\\/\\\/folkdansringen.se\\\/riks\\\/wp-content\\\/uploads\\\/2022\\\/06\\\/Instagram-logo-30x30-1.png\",\"contentUrl\":\"https:\\\/\\\/folkdansringen.se\\\/riks\\\/wp-content\\\/uploads\\\/2022\\\/06\\\/Instagram-logo-30x30-1.png\",\"width\":30,\"height\":30,\"caption\":\"Instagram logotyp\"},{\"@type\":\"BreadcrumbList\",\"@id\":\"https:\\\/\\\/folkdansringen.se\\\/riks\\\/var-verksamhet\\\/organisation\\\/valberedningen\\\/#breadcrumb\",\"itemListElement\":[{\"@type\":\"ListItem\",\"position\":1,\"name\":\"Hem\",\"item\":\"https:\\\/\\\/folkdansringen.se\\\/riks\\\/\"},{\"@type\":\"ListItem\",\"position\":2,\"name\":\"V\u00e5r verksamhet\",\"item\":\"https:\\\/\\\/folkdansringen.se\\\/riks\\\/var-verksamhet\\\/\"},{\"@type\":\"ListItem\",\"position\":3,\"name\":\"Organisation\",\"item\":\"https:\\\/\\\/folkdansringen.se\\\/riks\\\/var-verksamhet\\\/organisation\\\/\"},{\"@type\":\"ListItem\",\"position\":4,\"name\":\"Valberedningen\"}]},{\"@type\":\"WebSite\",\"@id\":\"https:\\\/\\\/folkdansringen.se\\\/riks\\\/#website\",\"url\":\"https:\\\/\\\/folkdansringen.se\\\/riks\\\/\",\"name\":\"Folkdansringen\",\"description\":\"\",\"potentialAction\":[{\"@type\":\"SearchAction\",\"target\":{\"@type\":\"EntryPoint\",\"urlTemplate\":\"https:\\\/\\\/folkdansringen.se\\\/riks\\\/?s={search_term_string}\"},\"query-input\":{\"@type\":\"PropertyValueSpecification\",\"valueRequired\":true,\"valueName\":\"search_term_string\"}}],\"inLanguage\":\"sv-SE\"}]}<\/script>\n<!-- \/ Yoast SEO plugin. -->","yoast_head_json":{"title":"Valberedningen &#187; Folkdansringen","robots":{"index":"index","follow":"follow","max-snippet":"max-snippet:-1","max-image-preview":"max-image-preview:large","max-video-preview":"max-video-preview:-1"},"canonical":"https:\/\/folkdansringen.se\/riks\/var-verksamhet\/organisation\/valberedningen\/","og_locale":"sv_SE","og_type":"article","og_title":"Valberedningen &#187; Folkdansringen","og_description":"Om oss V\u00e4rdegrund Historik Organisation Stadgar Verksamhetshandlingar Samarbeten Valberedningen Valberedningen i Svenska Folkdansringen arbetar inf\u00f6r riksst\u00e4mman med nomineringar till personvalen. Dags att nominera f\u00f6r 2025! Det \u00e4r dags att nominera kandidater inf\u00f6r 2025 \u00e5rs Riksst\u00e4mma. Ni kan nominera: Riksordf\u00f6rande Rikskass\u00f6r 1:e vice ordf\u00f6rande Ledamot i Riksstyrelsen Ledamot i barn och ungdomssektionen Ledamot i dans och [&hellip;]","og_url":"https:\/\/folkdansringen.se\/riks\/var-verksamhet\/organisation\/valberedningen\/","og_site_name":"Folkdansringen","article_modified_time":"2025-05-19T11:57:26+00:00","og_image":[{"url":"https:\/\/folkdansringen.se\/riks\/wp-content\/uploads\/2022\/06\/Instagram-logo-30x30-1.png","type":"","width":"","height":""}],"twitter_card":"summary_large_image","twitter_misc":{"Ber\u00e4knad l\u00e4stid":"2 minuter"},"schema":{"@context":"https:\/\/schema.org","@graph":[{"@type":"WebPage","@id":"https:\/\/folkdansringen.se\/riks\/var-verksamhet\/organisation\/valberedningen\/","url":"https:\/\/folkdansringen.se\/riks\/var-verksamhet\/organisation\/valberedningen\/","name":"Valberedningen &#187; Folkdansringen","isPartOf":{"@id":"https:\/\/folkdansringen.se\/riks\/#website"},"primaryImageOfPage":{"@id":"https:\/\/folkdansringen.se\/riks\/var-verksamhet\/organisation\/valberedningen\/#primaryimage"},"image":{"@id":"https:\/\/folkdansringen.se\/riks\/var-verksamhet\/organisation\/valberedningen\/#primaryimage"},"thumbnailUrl":"https:\/\/folkdansringen.se\/riks\/wp-content\/uploads\/2022\/06\/Instagram-logo-30x30-1.png","datePublished":"2020-03-23T14:52:55+00:00","dateModified":"2025-05-19T11:57:26+00:00","breadcrumb":{"@id":"https:\/\/folkdansringen.se\/riks\/var-verksamhet\/organisation\/valberedningen\/#breadcrumb"},"inLanguage":"sv-SE","potentialAction":[{"@type":"ReadAction","target":["https:\/\/folkdansringen.se\/riks\/var-verksamhet\/organisation\/valberedningen\/"]}]},{"@type":"ImageObject","inLanguage":"sv-SE","@id":"https:\/\/folkdansringen.se\/riks\/var-verksamhet\/organisation\/valberedningen\/#primaryimage","url":"https:\/\/folkdansringen.se\/riks\/wp-content\/uploads\/2022\/06\/Instagram-logo-30x30-1.png","contentUrl":"https:\/\/folkdansringen.se\/riks\/wp-content\/uploads\/2022\/06\/Instagram-logo-30x30-1.png","width":30,"height":30,"caption":"Instagram logotyp"},{"@type":"BreadcrumbList","@id":"https:\/\/folkdansringen.se\/riks\/var-verksamhet\/organisation\/valberedningen\/#breadcrumb","itemListElement":[{"@type":"ListItem","position":1,"name":"Hem","item":"https:\/\/folkdansringen.se\/riks\/"},{"@type":"ListItem","position":2,"name":"V\u00e5r verksamhet","item":"https:\/\/folkdansringen.se\/riks\/var-verksamhet\/"},{"@type":"ListItem","position":3,"name":"Organisation","item":"https:\/\/folkdansringen.se\/riks\/var-verksamhet\/organisation\/"},{"@type":"ListItem","position":4,"name":"Valberedningen"}]},{"@type":"WebSite","@id":"https:\/\/folkdansringen.se\/riks\/#website","url":"https:\/\/folkdansringen.se\/riks\/","name":"Folkdansringen","description":"","potentialAction":[{"@type":"SearchAction","target":{"@type":"EntryPoint","urlTemplate":"https:\/\/folkdansringen.se\/riks\/?s={search_term_string}"},"query-input":{"@type":"PropertyValueSpecification","valueRequired":true,"valueName":"search_term_string"}}],"inLanguage":"sv-SE"}]}},"_links":{"self":[{"href":"https:\/\/folkdansringen.se\/riks\/wp-json\/wp\/v2\/pages\/11788","targetHints":{"allow":["GET"]}}],"collection":[{"href":"https:\/\/folkdansringen.se\/riks\/wp-json\/wp\/v2\/pages"}],"about":[{"href":"https:\/\/folkdansringen.se\/riks\/wp-json\/wp\/v2\/types\/page"}],"author":[{"embeddable":true,"href":"https:\/\/folkdansringen.se\/riks\/wp-json\/wp\/v2\/users\/6"}],"replies":[{"embeddable":true,"href":"https:\/\/folkdansringen.se\/riks\/wp-json\/wp\/v2\/comments?post=11788"}],"version-history":[{"count":20,"href":"https:\/\/folkdansringen.se\/riks\/wp-json\/wp\/v2\/pages\/11788\/revisions"}],"predecessor-version":[{"id":15141,"href":"https:\/\/folkdansringen.se\/riks\/wp-json\/wp\/v2\/pages\/11788\/revisions\/15141"}],"up":[{"embeddable":true,"href":"https:\/\/folkdansringen.se\/riks\/wp-json\/wp\/v2\/pages\/8084"}],"wp:attachment":[{"href":"https:\/\/folkdansringen.se\/riks\/wp-json\/wp\/v2\/media?parent=11788"}],"curies":[{"name":"wp","href":"https:\/\/api.w.org\/{rel}","templated":true}]}}