
{"id":10758,"date":"2019-12-09T10:26:36","date_gmt":"2019-12-09T09:26:36","guid":{"rendered":"https:\/\/ny.folkdansringen.se\/riksnya\/?page_id=10758"},"modified":"2019-12-19T11:16:56","modified_gmt":"2019-12-19T10:16:56","slug":"behorighet","status":"publish","type":"page","link":"https:\/\/folkdansringen.se\/riks\/foreningochfunktionar\/hemsidor-e-post\/behorighet\/","title":{"rendered":"Beh\u00f6righet"},"content":{"rendered":"<p>[et_pb_section fb_built=&#8221;1&#8243; admin_label=&#8221;section&#8221; _builder_version=&#8221;3.22.3&#8243;][et_pb_row module_id=&#8221;fdrSiteHeader&#8221; _builder_version=&#8221;3.25&#8243; background_size=&#8221;initial&#8221; background_position=&#8221;top_left&#8221; background_repeat=&#8221;repeat&#8221; custom_padding=&#8221;27px|0px|0|0px|false|false&#8221;][et_pb_column type=&#8221;4_4&#8243; _builder_version=&#8221;3.25&#8243; custom_padding=&#8221;|||&#8221; custom_padding__hover=&#8221;|||&#8221;][et_pb_image src=&#8221;https:\/\/folkdansringen.se\/riks\/wp-content\/uploads\/2019\/12\/hemsidor_epost-px-1920.jpg&#8221; force_fullwidth=&#8221;on&#8221; align_tablet=&#8221;center&#8221; align_phone=&#8221;&#8221; align_last_edited=&#8221;on|desktop&#8221; module_id=&#8221;frdHeaderImage&#8221; _builder_version=&#8221;4.0.6&#8243;][\/et_pb_image][\/et_pb_column][\/et_pb_row][et_pb_row column_structure=&#8221;1_4,1_2,1_4&#8243; _builder_version=&#8221;4.0.6&#8243;][et_pb_column type=&#8221;1_4&#8243; _builder_version=&#8221;4.0.6&#8243;][et_pb_text _builder_version=&#8221;4.0.6&#8243; global_module=&#8221;10761&#8243; saved_tabs=&#8221;all&#8221;]<\/p>\n<ul class=\"fdrUlLinks\">\n<li><a href=\"https:\/\/folkdansringen.se\/riks\/foreningochfunktionar\/hemsidor-e-post\/\">Hemsidor\/e-post<\/a><\/li>\n<li><a href=\"https:\/\/folkdansringen.se\/riks\/foreningochfunktionar\/hemsidor-e-post\/behorighet\/\">Beh\u00f6righet<\/a><\/li>\n<li><a href=\"https:\/\/folkdansringen.se\/riks\/foreningochfunktionar\/hemsidor-e-post\/e-post\/\">E-post<\/a><\/li>\n<li><a href=\"https:\/\/folkdansringen.se\/riks\/foreningochfunktionar\/hemsidor-e-post\/webbplats\/\">Webbplats<\/a><\/li>\n<li><a href=\"https:\/\/folkdansringen.se\/riks\/foreningochfunktionar\/hemsidor-e-post\/support\/\">Support<\/a><\/li>\n<\/ul>\n<p>[\/et_pb_text][\/et_pb_column][et_pb_column type=&#8221;1_2&#8243; _builder_version=&#8221;4.0.6&#8243;][et_pb_text _builder_version=&#8221;4.0.6&#8243; min_height=&#8221;309px&#8221;]<\/p>\n<h1>Beh\u00f6righet<\/h1>\n<p><em><\/em><\/p>\n<p><strong>Rutin f\u00f6r beh\u00f6righetstilldelning<\/strong><\/p>\n<p>F\u00f6r att s\u00e4kerst\u00e4lla att inte obeh\u00f6riga skaffar sig tillg\u00e5ng till enskilt distrikts eller f\u00f6renings webbplats och e-post hanterar Svenska Folkdansringens rikskansli beh\u00f6righet (konto och l\u00f6senord) enligt f\u00f6ljande:<\/p>\n<ul>\n<li>Ange den person som ska vara beh\u00f6rig att uppdatera webbplatsen. Kansliet har en lista med beh\u00f6rig person f\u00f6r respektive distrikt\/f\u00f6rening. Uppgift om konto och l\u00f6senord skickas bara till denna person.<\/li>\n<li>Den beh\u00f6riga personen kan sedan, efter distrikts\/f\u00f6renings interna beslut, dela ut uppgifterna till fler personer inom f\u00f6reningen.<\/li>\n<li>Vill distrikt\/f\u00f6rening \u00e4ndra beh\u00f6rig person, ska detta beslutas p\u00e5 ett m\u00f6te inom f\u00f6reningen.<\/li>\n<li>Rikskansliet uppdaterar listan \u00f6ver beh\u00f6riga personer endast efter att distrikt\/f\u00f6rening skickat in ett justerat protokoll.<\/li>\n<\/ul>\n<p>[\/et_pb_text][\/et_pb_column][et_pb_column type=&#8221;1_4&#8243; _builder_version=&#8221;4.0.6&#8243;][et_pb_cta button_text=&#8221;Click Here&#8221; module_id=&#8221;fdrWhatWeDoRight&#8221; _builder_version=&#8221;4.0.6&#8243; use_background_color=&#8221;off&#8221; custom_margin=&#8221;3px|||||&#8221; saved_tabs=&#8221;all&#8221; global_module=&#8221;11220&#8243;]<\/p>\n<p><img loading=\"lazy\" decoding=\"async\" src=\"https:\/\/folkdansringen.se\/riks\/wp-content\/uploads\/2019\/11\/100-\u00e5r-logga-mindre.jpg\" width=\"250\" height=\"237\" alt=\"\" class=\"wp-image-9362 alignnone size-full\" \/><\/p>\n<p><strong>Svenska Folkdansringen<\/strong><\/p>\n<p>100 \u00e5r\u00a0 1920-2020<\/p>\n<p><a href=\"https:\/\/folkdansringen.se\/riks\/pa-gang\/folkdansringen-hundra-ar\/\">Mer information klicka h\u00e4r<\/a><\/p>\n<p>[\/et_pb_cta][\/et_pb_column][\/et_pb_row][\/et_pb_section]<\/p>\n","protected":false},"excerpt":{"rendered":"<p>Hemsidor\/e-post Beh\u00f6righet E-post Webbplats Support Beh\u00f6righet Rutin f\u00f6r beh\u00f6righetstilldelning F\u00f6r att s\u00e4kerst\u00e4lla att inte obeh\u00f6riga skaffar sig tillg\u00e5ng till enskilt distrikts eller f\u00f6renings webbplats och e-post hanterar Svenska Folkdansringens rikskansli beh\u00f6righet (konto och l\u00f6senord) enligt f\u00f6ljande: Ange den person som ska vara beh\u00f6rig att uppdatera webbplatsen. Kansliet har en lista med beh\u00f6rig person f\u00f6r respektive [&hellip;]<\/p>\n","protected":false},"author":1,"featured_media":0,"parent":7986,"menu_order":0,"comment_status":"closed","ping_status":"closed","template":"","meta":{"_et_pb_use_builder":"on","_et_pb_old_content":"","_et_gb_content_width":"","footnotes":""},"class_list":["post-10758","page","type-page","status-publish","hentry"],"yoast_head":"<!-- This site is optimized with the Yoast SEO plugin v27.4 - https:\/\/yoast.com\/product\/yoast-seo-wordpress\/ -->\n<title>Beh\u00f6righet &#187; Folkdansringen<\/title>\n<meta name=\"robots\" content=\"index, follow, max-snippet:-1, max-image-preview:large, max-video-preview:-1\" \/>\n<link rel=\"canonical\" href=\"https:\/\/folkdansringen.se\/riks\/foreningochfunktionar\/hemsidor-e-post\/behorighet\/\" \/>\n<meta property=\"og:locale\" content=\"sv_SE\" \/>\n<meta property=\"og:type\" content=\"article\" \/>\n<meta property=\"og:title\" content=\"Beh\u00f6righet &#187; Folkdansringen\" \/>\n<meta property=\"og:description\" content=\"Hemsidor\/e-post Beh\u00f6righet E-post Webbplats Support Beh\u00f6righet Rutin f\u00f6r beh\u00f6righetstilldelning F\u00f6r att s\u00e4kerst\u00e4lla att inte obeh\u00f6riga skaffar sig tillg\u00e5ng till enskilt distrikts eller f\u00f6renings webbplats och e-post hanterar Svenska Folkdansringens rikskansli beh\u00f6righet (konto och l\u00f6senord) enligt f\u00f6ljande: Ange den person som ska vara beh\u00f6rig att uppdatera webbplatsen. Kansliet har en lista med beh\u00f6rig person f\u00f6r respektive [&hellip;]\" \/>\n<meta property=\"og:url\" content=\"https:\/\/folkdansringen.se\/riks\/foreningochfunktionar\/hemsidor-e-post\/behorighet\/\" \/>\n<meta property=\"og:site_name\" content=\"Folkdansringen\" \/>\n<meta property=\"article:modified_time\" content=\"2019-12-19T10:16:56+00:00\" \/>\n<meta property=\"og:image\" content=\"https:\/\/folkdansringen.se\/riks\/wp-content\/uploads\/2019\/11\/100-\u00e5r-logga-mindre.jpg\" \/>\n<meta name=\"twitter:card\" content=\"summary_large_image\" \/>\n<meta name=\"twitter:label1\" content=\"Ber\u00e4knad l\u00e4stid\" \/>\n\t<meta name=\"twitter:data1\" content=\"2 minuter\" \/>\n<script type=\"application\/ld+json\" class=\"yoast-schema-graph\">{\"@context\":\"https:\\\/\\\/schema.org\",\"@graph\":[{\"@type\":\"WebPage\",\"@id\":\"https:\\\/\\\/folkdansringen.se\\\/riks\\\/foreningochfunktionar\\\/hemsidor-e-post\\\/behorighet\\\/\",\"url\":\"https:\\\/\\\/folkdansringen.se\\\/riks\\\/foreningochfunktionar\\\/hemsidor-e-post\\\/behorighet\\\/\",\"name\":\"Beh\u00f6righet &#187; Folkdansringen\",\"isPartOf\":{\"@id\":\"https:\\\/\\\/folkdansringen.se\\\/riks\\\/#website\"},\"datePublished\":\"2019-12-09T09:26:36+00:00\",\"dateModified\":\"2019-12-19T10:16:56+00:00\",\"breadcrumb\":{\"@id\":\"https:\\\/\\\/folkdansringen.se\\\/riks\\\/foreningochfunktionar\\\/hemsidor-e-post\\\/behorighet\\\/#breadcrumb\"},\"inLanguage\":\"sv-SE\",\"potentialAction\":[{\"@type\":\"ReadAction\",\"target\":[\"https:\\\/\\\/folkdansringen.se\\\/riks\\\/foreningochfunktionar\\\/hemsidor-e-post\\\/behorighet\\\/\"]}]},{\"@type\":\"BreadcrumbList\",\"@id\":\"https:\\\/\\\/folkdansringen.se\\\/riks\\\/foreningochfunktionar\\\/hemsidor-e-post\\\/behorighet\\\/#breadcrumb\",\"itemListElement\":[{\"@type\":\"ListItem\",\"position\":1,\"name\":\"Hem\",\"item\":\"https:\\\/\\\/folkdansringen.se\\\/riks\\\/\"},{\"@type\":\"ListItem\",\"position\":2,\"name\":\"F\u00f6rening och funktion\u00e4r\",\"item\":\"https:\\\/\\\/folkdansringen.se\\\/riks\\\/foreningochfunktionar\\\/\"},{\"@type\":\"ListItem\",\"position\":3,\"name\":\"Hemsidor &#038; e-post\",\"item\":\"https:\\\/\\\/folkdansringen.se\\\/riks\\\/foreningochfunktionar\\\/hemsidor-e-post\\\/\"},{\"@type\":\"ListItem\",\"position\":4,\"name\":\"Beh\u00f6righet\"}]},{\"@type\":\"WebSite\",\"@id\":\"https:\\\/\\\/folkdansringen.se\\\/riks\\\/#website\",\"url\":\"https:\\\/\\\/folkdansringen.se\\\/riks\\\/\",\"name\":\"Folkdansringen\",\"description\":\"\",\"potentialAction\":[{\"@type\":\"SearchAction\",\"target\":{\"@type\":\"EntryPoint\",\"urlTemplate\":\"https:\\\/\\\/folkdansringen.se\\\/riks\\\/?s={search_term_string}\"},\"query-input\":{\"@type\":\"PropertyValueSpecification\",\"valueRequired\":true,\"valueName\":\"search_term_string\"}}],\"inLanguage\":\"sv-SE\"}]}<\/script>\n<!-- \/ Yoast SEO plugin. -->","yoast_head_json":{"title":"Beh\u00f6righet &#187; Folkdansringen","robots":{"index":"index","follow":"follow","max-snippet":"max-snippet:-1","max-image-preview":"max-image-preview:large","max-video-preview":"max-video-preview:-1"},"canonical":"https:\/\/folkdansringen.se\/riks\/foreningochfunktionar\/hemsidor-e-post\/behorighet\/","og_locale":"sv_SE","og_type":"article","og_title":"Beh\u00f6righet &#187; Folkdansringen","og_description":"Hemsidor\/e-post Beh\u00f6righet E-post Webbplats Support Beh\u00f6righet Rutin f\u00f6r beh\u00f6righetstilldelning F\u00f6r att s\u00e4kerst\u00e4lla att inte obeh\u00f6riga skaffar sig tillg\u00e5ng till enskilt distrikts eller f\u00f6renings webbplats och e-post hanterar Svenska Folkdansringens rikskansli beh\u00f6righet (konto och l\u00f6senord) enligt f\u00f6ljande: Ange den person som ska vara beh\u00f6rig att uppdatera webbplatsen. Kansliet har en lista med beh\u00f6rig person f\u00f6r respektive [&hellip;]","og_url":"https:\/\/folkdansringen.se\/riks\/foreningochfunktionar\/hemsidor-e-post\/behorighet\/","og_site_name":"Folkdansringen","article_modified_time":"2019-12-19T10:16:56+00:00","og_image":[{"url":"https:\/\/folkdansringen.se\/riks\/wp-content\/uploads\/2019\/11\/100-\u00e5r-logga-mindre.jpg","type":"","width":"","height":""}],"twitter_card":"summary_large_image","twitter_misc":{"Ber\u00e4knad l\u00e4stid":"2 minuter"},"schema":{"@context":"https:\/\/schema.org","@graph":[{"@type":"WebPage","@id":"https:\/\/folkdansringen.se\/riks\/foreningochfunktionar\/hemsidor-e-post\/behorighet\/","url":"https:\/\/folkdansringen.se\/riks\/foreningochfunktionar\/hemsidor-e-post\/behorighet\/","name":"Beh\u00f6righet &#187; Folkdansringen","isPartOf":{"@id":"https:\/\/folkdansringen.se\/riks\/#website"},"datePublished":"2019-12-09T09:26:36+00:00","dateModified":"2019-12-19T10:16:56+00:00","breadcrumb":{"@id":"https:\/\/folkdansringen.se\/riks\/foreningochfunktionar\/hemsidor-e-post\/behorighet\/#breadcrumb"},"inLanguage":"sv-SE","potentialAction":[{"@type":"ReadAction","target":["https:\/\/folkdansringen.se\/riks\/foreningochfunktionar\/hemsidor-e-post\/behorighet\/"]}]},{"@type":"BreadcrumbList","@id":"https:\/\/folkdansringen.se\/riks\/foreningochfunktionar\/hemsidor-e-post\/behorighet\/#breadcrumb","itemListElement":[{"@type":"ListItem","position":1,"name":"Hem","item":"https:\/\/folkdansringen.se\/riks\/"},{"@type":"ListItem","position":2,"name":"F\u00f6rening och funktion\u00e4r","item":"https:\/\/folkdansringen.se\/riks\/foreningochfunktionar\/"},{"@type":"ListItem","position":3,"name":"Hemsidor &#038; e-post","item":"https:\/\/folkdansringen.se\/riks\/foreningochfunktionar\/hemsidor-e-post\/"},{"@type":"ListItem","position":4,"name":"Beh\u00f6righet"}]},{"@type":"WebSite","@id":"https:\/\/folkdansringen.se\/riks\/#website","url":"https:\/\/folkdansringen.se\/riks\/","name":"Folkdansringen","description":"","potentialAction":[{"@type":"SearchAction","target":{"@type":"EntryPoint","urlTemplate":"https:\/\/folkdansringen.se\/riks\/?s={search_term_string}"},"query-input":{"@type":"PropertyValueSpecification","valueRequired":true,"valueName":"search_term_string"}}],"inLanguage":"sv-SE"}]}},"_links":{"self":[{"href":"https:\/\/folkdansringen.se\/riks\/wp-json\/wp\/v2\/pages\/10758","targetHints":{"allow":["GET"]}}],"collection":[{"href":"https:\/\/folkdansringen.se\/riks\/wp-json\/wp\/v2\/pages"}],"about":[{"href":"https:\/\/folkdansringen.se\/riks\/wp-json\/wp\/v2\/types\/page"}],"author":[{"embeddable":true,"href":"https:\/\/folkdansringen.se\/riks\/wp-json\/wp\/v2\/users\/1"}],"replies":[{"embeddable":true,"href":"https:\/\/folkdansringen.se\/riks\/wp-json\/wp\/v2\/comments?post=10758"}],"version-history":[{"count":7,"href":"https:\/\/folkdansringen.se\/riks\/wp-json\/wp\/v2\/pages\/10758\/revisions"}],"predecessor-version":[{"id":11261,"href":"https:\/\/folkdansringen.se\/riks\/wp-json\/wp\/v2\/pages\/10758\/revisions\/11261"}],"up":[{"embeddable":true,"href":"https:\/\/folkdansringen.se\/riks\/wp-json\/wp\/v2\/pages\/7986"}],"wp:attachment":[{"href":"https:\/\/folkdansringen.se\/riks\/wp-json\/wp\/v2\/media?parent=10758"}],"curies":[{"name":"wp","href":"https:\/\/api.w.org\/{rel}","templated":true}]}}