
{"id":10557,"date":"2019-12-04T13:28:09","date_gmt":"2019-12-04T12:28:09","guid":{"rendered":"https:\/\/ny.folkdansringen.se\/riksnya\/?page_id=10557"},"modified":"2025-05-19T14:12:22","modified_gmt":"2025-05-19T12:12:22","slug":"samarbeten","status":"publish","type":"page","link":"https:\/\/folkdansringen.se\/riks\/var-verksamhet\/samarbeten\/","title":{"rendered":"Samarbeten"},"content":{"rendered":"<p>[et_pb_section fb_built=&#8221;1&#8243; admin_label=&#8221;section&#8221; _builder_version=&#8221;4.16&#8243; global_colors_info=&#8221;{}&#8221;][et_pb_row module_id=&#8221;fdrSiteHeader&#8221; _builder_version=&#8221;4.16&#8243; background_size=&#8221;initial&#8221; background_position=&#8221;top_left&#8221; background_repeat=&#8221;repeat&#8221; custom_padding=&#8221;27px|0px|0|0px|false|false&#8221; global_colors_info=&#8221;{}&#8221;][et_pb_column type=&#8221;4_4&#8243; _builder_version=&#8221;4.16&#8243; custom_padding=&#8221;|||&#8221; global_colors_info=&#8221;{}&#8221; custom_padding__hover=&#8221;|||&#8221;][et_pb_image src=&#8221;https:\/\/folkdansringen.se\/riks\/wp-content\/uploads\/2022\/05\/Samarbeten-logotyper-1517&#215;505-2.jpg&#8221; alt=&#8221;Svenska Folkdansringens logotyp tillsammans med samarbetspartner&#8221; title_text=&#8221;Samarbeten logotyper 1517&#215;505&#8243; force_fullwidth=&#8221;on&#8221; align_tablet=&#8221;center&#8221; align_phone=&#8221;&#8221; align_last_edited=&#8221;on|desktop&#8221; module_id=&#8221;frdHeaderImage&#8221; _builder_version=&#8221;4.17.1&#8243; global_colors_info=&#8221;{}&#8221;][\/et_pb_image][\/et_pb_column][\/et_pb_row][et_pb_row column_structure=&#8221;1_4,1_2,1_4&#8243; _builder_version=&#8221;4.16&#8243; global_colors_info=&#8221;{}&#8221;][et_pb_column type=&#8221;1_4&#8243; _builder_version=&#8221;4.16&#8243; global_colors_info=&#8221;{}&#8221;][et_pb_text _builder_version=&#8221;4.17.1&#8243; global_module=&#8221;9068&#8243; saved_tabs=&#8221;all&#8221; global_colors_info=&#8221;{}&#8221;]<\/p>\n<ul class=\"fdrUlLinks\">\n<li><a href=\"https:\/\/folkdansringen.se\/riks\/var-verksamhet\/om-oss\/\">Om oss<\/a><\/li>\n<li><a href=\"https:\/\/folkdansringen.se\/riks\/var-verksamhet\/vardegrund\/\">V\u00e4rdegrund<\/a><\/li>\n<li><a href=\"https:\/\/folkdansringen.se\/riks\/var-verksamhet\/historik\/\">Historik<\/a><\/li>\n<li><a href=\"https:\/\/folkdansringen.se\/riks\/var-verksamhet\/om-folkdansringen\/organisation\/\">Organisation<\/a><\/li>\n<li><a href=\"https:\/\/folkdansringen.se\/riks\/var-verksamhet\/om-folkdansringen\/stadgar\/\">Stadgar<\/a><\/li>\n<li><a href=\"foreningochfunktionar\/verksamhetshandlingar\/\">Verksamhetshandlingar<\/a><\/li>\n<li><a href=\"https:\/\/folkdansringen.se\/riks\/var-verksamhet\/samarbeten\/\">Samarbeten<\/a><\/li>\n<\/ul>\n<p>[\/et_pb_text][\/et_pb_column][et_pb_column type=&#8221;1_2&#8243; _builder_version=&#8221;4.16&#8243; global_colors_info=&#8221;{}&#8221;][et_pb_text _builder_version=&#8221;4.16&#8243; global_colors_info=&#8221;{}&#8221;]<\/p>\n<h1 id=\"V\u00e5rverksamhet\">Samarbeten<\/h1>\n<p>Svenska Folkdansringen samarbetar med f\u00f6ljande organisationer:<\/p>\n<ul>\n<li><span style=\"font-size: 16px;\">Ax \u2013 Kulturorganisationer i samverkan (genom medlemskap i Ax \u00e4r vi ocks\u00e5 anslutna till Ideell Kulturallians, IKA)<\/span><\/li>\n<li>Nordlek<\/li>\n<li>Samverkansr\u00e5det f\u00f6r traditionell musik och dans, som bl. a. arbetar\u00a0 med:\n<ul>\n<li>Dans- och spelmansst\u00e4mman i Kungstr\u00e4dg\u00e5rden<\/li>\n<li>Lilla Spelmansst\u00e4mman<\/li>\n<li>Folk- och V\u00e4rldsmusikgalan<\/li>\n<li>V\u00e4rldens Musik och Dans<\/li>\n<\/ul>\n<\/li>\n<li>Eric Sahlstr\u00f6m Institutet (ESI)<\/li>\n<li>Folkspel<\/li>\n<li>F\u00f6reningen Norden<\/li>\n<li>Nordiska dr\u00e4ktfr\u00e5gor<\/li>\n<li>Samarbetsn\u00e4mnden f\u00f6r folklig dans<\/li>\n<li>Svenskt Visarkiv<\/li>\n<li>Sveriges Hemsl\u00f6jdsf\u00f6reningars riksf\u00f6rbund<\/li>\n<li>Sveriges Hembygdsf\u00f6rbund<\/li>\n<\/ul>\n<p>&nbsp;<\/p>\n<p>&nbsp;<\/p>\n<p>[\/et_pb_text][\/et_pb_column][et_pb_column type=&#8221;1_4&#8243; _builder_version=&#8221;4.16&#8243; global_colors_info=&#8221;{}&#8221;][et_pb_cta button_text=&#8221;Click Here&#8221; module_id=&#8221;fdrWhatWeDoRight&#8221; _builder_version=&#8221;4.18.0&#8243; use_background_color=&#8221;off&#8221; custom_margin=&#8221;3px|||||&#8221; global_module=&#8221;11220&#8243; saved_tabs=&#8221;all&#8221; global_colors_info=&#8221;{}&#8221;]<\/p>\n<h2>F\u00f6lj oss!<\/h2>\n<p>P\u00e5 sociala medier finns Svenska Folkdansringen\u00a0 och inspirerar med inl\u00e4gg, bilder och filmer.<\/p>\n<p><a href=\"https:\/\/www.instagram.com\/svenskafolkdansringen\/\" target=\"_blank\" rel=\"noopener\"><img loading=\"lazy\" decoding=\"async\" src=\"https:\/\/folkdansringen.se\/riks\/wp-content\/uploads\/2022\/06\/Instagram-logo-30x30-1.png\" width=\"30\" height=\"30\" alt=\"Instagram logotyp\" class=\"wp-image-13463 alignnone size-full\" \/><\/a>\u00a0 \u00a0<a href=\"https:\/\/sv-se.facebook.com\/folkdansringen\/\" target=\"_blank\" rel=\"noopener\"><img loading=\"lazy\" decoding=\"async\" src=\"https:\/\/folkdansringen.se\/riks\/wp-content\/uploads\/2018\/11\/if_facebook_986944-e1542192611888.png\" width=\"30\" height=\"30\" alt=\"Logotyp Facebook\" class=\"wp-image-4862 alignnone size-full\" \/><\/a>\u00a0 \u00a0<a href=\"https:\/\/www.youtube.com\/channel\/UC7RlAFaHAMXiB6duonH98-A\" target=\"_blank\" rel=\"noopener\"><img loading=\"lazy\" decoding=\"async\" src=\"https:\/\/folkdansringen.se\/riks\/wp-content\/uploads\/2022\/06\/youtube-logo-43x30-1.png\" width=\"43\" height=\"30\" alt=\"Youtube logotyp\" class=\"wp-image-13473 alignnone size-full\" \/><\/a><\/p>\n<p><a href=\"http:\/\/www.folkdansringen.se\/riks\/folj-oss\">L\u00e4s mer om hur du kan f\u00f6lja oss!<\/a><\/p>\n<p>[\/et_pb_cta][\/et_pb_column][\/et_pb_row][\/et_pb_section]<\/p>\n","protected":false},"excerpt":{"rendered":"<p>Om oss V\u00e4rdegrund Historik Organisation Stadgar Verksamhetshandlingar Samarbeten Samarbeten Svenska Folkdansringen samarbetar med f\u00f6ljande organisationer: Ax \u2013 Kulturorganisationer i samverkan (genom medlemskap i Ax \u00e4r vi ocks\u00e5 anslutna till Ideell Kulturallians, IKA) Nordlek Samverkansr\u00e5det f\u00f6r traditionell musik och dans, som bl. a. arbetar\u00a0 med: Dans- och spelmansst\u00e4mman i Kungstr\u00e4dg\u00e5rden Lilla Spelmansst\u00e4mman Folk- och V\u00e4rldsmusikgalan V\u00e4rldens [&hellip;]<\/p>\n","protected":false},"author":1,"featured_media":0,"parent":2,"menu_order":0,"comment_status":"closed","ping_status":"closed","template":"","meta":{"_et_pb_use_builder":"on","_et_pb_old_content":"","_et_gb_content_width":"","footnotes":""},"class_list":["post-10557","page","type-page","status-publish","hentry"],"yoast_head":"<!-- This site is optimized with the Yoast SEO plugin v27.4 - https:\/\/yoast.com\/product\/yoast-seo-wordpress\/ -->\n<title>Samarbeten &#187; Folkdansringen<\/title>\n<meta name=\"robots\" content=\"index, follow, max-snippet:-1, max-image-preview:large, max-video-preview:-1\" \/>\n<link rel=\"canonical\" href=\"https:\/\/folkdansringen.se\/riks\/var-verksamhet\/samarbeten\/\" \/>\n<meta property=\"og:locale\" content=\"sv_SE\" \/>\n<meta property=\"og:type\" content=\"article\" \/>\n<meta property=\"og:title\" content=\"Samarbeten &#187; Folkdansringen\" \/>\n<meta property=\"og:description\" content=\"Om oss V\u00e4rdegrund Historik Organisation Stadgar Verksamhetshandlingar Samarbeten Samarbeten Svenska Folkdansringen samarbetar med f\u00f6ljande organisationer: Ax \u2013 Kulturorganisationer i samverkan (genom medlemskap i Ax \u00e4r vi ocks\u00e5 anslutna till Ideell Kulturallians, IKA) Nordlek Samverkansr\u00e5det f\u00f6r traditionell musik och dans, som bl. a. arbetar\u00a0 med: Dans- och spelmansst\u00e4mman i Kungstr\u00e4dg\u00e5rden Lilla Spelmansst\u00e4mman Folk- och V\u00e4rldsmusikgalan V\u00e4rldens [&hellip;]\" \/>\n<meta property=\"og:url\" content=\"https:\/\/folkdansringen.se\/riks\/var-verksamhet\/samarbeten\/\" \/>\n<meta property=\"og:site_name\" content=\"Folkdansringen\" \/>\n<meta property=\"article:modified_time\" content=\"2025-05-19T12:12:22+00:00\" \/>\n<meta property=\"og:image\" content=\"https:\/\/folkdansringen.se\/riks\/wp-content\/uploads\/2022\/06\/Instagram-logo-30x30-1.png\" \/>\n<meta name=\"twitter:card\" content=\"summary_large_image\" \/>\n<meta name=\"twitter:label1\" content=\"Ber\u00e4knad l\u00e4stid\" \/>\n\t<meta name=\"twitter:data1\" content=\"2 minuter\" \/>\n<script type=\"application\/ld+json\" class=\"yoast-schema-graph\">{\"@context\":\"https:\\\/\\\/schema.org\",\"@graph\":[{\"@type\":\"WebPage\",\"@id\":\"https:\\\/\\\/folkdansringen.se\\\/riks\\\/var-verksamhet\\\/samarbeten\\\/\",\"url\":\"https:\\\/\\\/folkdansringen.se\\\/riks\\\/var-verksamhet\\\/samarbeten\\\/\",\"name\":\"Samarbeten &#187; Folkdansringen\",\"isPartOf\":{\"@id\":\"https:\\\/\\\/folkdansringen.se\\\/riks\\\/#website\"},\"primaryImageOfPage\":{\"@id\":\"https:\\\/\\\/folkdansringen.se\\\/riks\\\/var-verksamhet\\\/samarbeten\\\/#primaryimage\"},\"image\":{\"@id\":\"https:\\\/\\\/folkdansringen.se\\\/riks\\\/var-verksamhet\\\/samarbeten\\\/#primaryimage\"},\"thumbnailUrl\":\"https:\\\/\\\/folkdansringen.se\\\/riks\\\/wp-content\\\/uploads\\\/2022\\\/06\\\/Instagram-logo-30x30-1.png\",\"datePublished\":\"2019-12-04T12:28:09+00:00\",\"dateModified\":\"2025-05-19T12:12:22+00:00\",\"breadcrumb\":{\"@id\":\"https:\\\/\\\/folkdansringen.se\\\/riks\\\/var-verksamhet\\\/samarbeten\\\/#breadcrumb\"},\"inLanguage\":\"sv-SE\",\"potentialAction\":[{\"@type\":\"ReadAction\",\"target\":[\"https:\\\/\\\/folkdansringen.se\\\/riks\\\/var-verksamhet\\\/samarbeten\\\/\"]}]},{\"@type\":\"ImageObject\",\"inLanguage\":\"sv-SE\",\"@id\":\"https:\\\/\\\/folkdansringen.se\\\/riks\\\/var-verksamhet\\\/samarbeten\\\/#primaryimage\",\"url\":\"https:\\\/\\\/folkdansringen.se\\\/riks\\\/wp-content\\\/uploads\\\/2022\\\/06\\\/Instagram-logo-30x30-1.png\",\"contentUrl\":\"https:\\\/\\\/folkdansringen.se\\\/riks\\\/wp-content\\\/uploads\\\/2022\\\/06\\\/Instagram-logo-30x30-1.png\",\"width\":30,\"height\":30,\"caption\":\"Instagram logotyp\"},{\"@type\":\"BreadcrumbList\",\"@id\":\"https:\\\/\\\/folkdansringen.se\\\/riks\\\/var-verksamhet\\\/samarbeten\\\/#breadcrumb\",\"itemListElement\":[{\"@type\":\"ListItem\",\"position\":1,\"name\":\"Hem\",\"item\":\"https:\\\/\\\/folkdansringen.se\\\/riks\\\/\"},{\"@type\":\"ListItem\",\"position\":2,\"name\":\"V\u00e5r verksamhet\",\"item\":\"https:\\\/\\\/folkdansringen.se\\\/riks\\\/var-verksamhet\\\/\"},{\"@type\":\"ListItem\",\"position\":3,\"name\":\"Samarbeten\"}]},{\"@type\":\"WebSite\",\"@id\":\"https:\\\/\\\/folkdansringen.se\\\/riks\\\/#website\",\"url\":\"https:\\\/\\\/folkdansringen.se\\\/riks\\\/\",\"name\":\"Folkdansringen\",\"description\":\"\",\"potentialAction\":[{\"@type\":\"SearchAction\",\"target\":{\"@type\":\"EntryPoint\",\"urlTemplate\":\"https:\\\/\\\/folkdansringen.se\\\/riks\\\/?s={search_term_string}\"},\"query-input\":{\"@type\":\"PropertyValueSpecification\",\"valueRequired\":true,\"valueName\":\"search_term_string\"}}],\"inLanguage\":\"sv-SE\"}]}<\/script>\n<!-- \/ Yoast SEO plugin. -->","yoast_head_json":{"title":"Samarbeten &#187; Folkdansringen","robots":{"index":"index","follow":"follow","max-snippet":"max-snippet:-1","max-image-preview":"max-image-preview:large","max-video-preview":"max-video-preview:-1"},"canonical":"https:\/\/folkdansringen.se\/riks\/var-verksamhet\/samarbeten\/","og_locale":"sv_SE","og_type":"article","og_title":"Samarbeten &#187; Folkdansringen","og_description":"Om oss V\u00e4rdegrund Historik Organisation Stadgar Verksamhetshandlingar Samarbeten Samarbeten Svenska Folkdansringen samarbetar med f\u00f6ljande organisationer: Ax \u2013 Kulturorganisationer i samverkan (genom medlemskap i Ax \u00e4r vi ocks\u00e5 anslutna till Ideell Kulturallians, IKA) Nordlek Samverkansr\u00e5det f\u00f6r traditionell musik och dans, som bl. a. arbetar\u00a0 med: Dans- och spelmansst\u00e4mman i Kungstr\u00e4dg\u00e5rden Lilla Spelmansst\u00e4mman Folk- och V\u00e4rldsmusikgalan V\u00e4rldens [&hellip;]","og_url":"https:\/\/folkdansringen.se\/riks\/var-verksamhet\/samarbeten\/","og_site_name":"Folkdansringen","article_modified_time":"2025-05-19T12:12:22+00:00","og_image":[{"url":"https:\/\/folkdansringen.se\/riks\/wp-content\/uploads\/2022\/06\/Instagram-logo-30x30-1.png","type":"","width":"","height":""}],"twitter_card":"summary_large_image","twitter_misc":{"Ber\u00e4knad l\u00e4stid":"2 minuter"},"schema":{"@context":"https:\/\/schema.org","@graph":[{"@type":"WebPage","@id":"https:\/\/folkdansringen.se\/riks\/var-verksamhet\/samarbeten\/","url":"https:\/\/folkdansringen.se\/riks\/var-verksamhet\/samarbeten\/","name":"Samarbeten &#187; Folkdansringen","isPartOf":{"@id":"https:\/\/folkdansringen.se\/riks\/#website"},"primaryImageOfPage":{"@id":"https:\/\/folkdansringen.se\/riks\/var-verksamhet\/samarbeten\/#primaryimage"},"image":{"@id":"https:\/\/folkdansringen.se\/riks\/var-verksamhet\/samarbeten\/#primaryimage"},"thumbnailUrl":"https:\/\/folkdansringen.se\/riks\/wp-content\/uploads\/2022\/06\/Instagram-logo-30x30-1.png","datePublished":"2019-12-04T12:28:09+00:00","dateModified":"2025-05-19T12:12:22+00:00","breadcrumb":{"@id":"https:\/\/folkdansringen.se\/riks\/var-verksamhet\/samarbeten\/#breadcrumb"},"inLanguage":"sv-SE","potentialAction":[{"@type":"ReadAction","target":["https:\/\/folkdansringen.se\/riks\/var-verksamhet\/samarbeten\/"]}]},{"@type":"ImageObject","inLanguage":"sv-SE","@id":"https:\/\/folkdansringen.se\/riks\/var-verksamhet\/samarbeten\/#primaryimage","url":"https:\/\/folkdansringen.se\/riks\/wp-content\/uploads\/2022\/06\/Instagram-logo-30x30-1.png","contentUrl":"https:\/\/folkdansringen.se\/riks\/wp-content\/uploads\/2022\/06\/Instagram-logo-30x30-1.png","width":30,"height":30,"caption":"Instagram logotyp"},{"@type":"BreadcrumbList","@id":"https:\/\/folkdansringen.se\/riks\/var-verksamhet\/samarbeten\/#breadcrumb","itemListElement":[{"@type":"ListItem","position":1,"name":"Hem","item":"https:\/\/folkdansringen.se\/riks\/"},{"@type":"ListItem","position":2,"name":"V\u00e5r verksamhet","item":"https:\/\/folkdansringen.se\/riks\/var-verksamhet\/"},{"@type":"ListItem","position":3,"name":"Samarbeten"}]},{"@type":"WebSite","@id":"https:\/\/folkdansringen.se\/riks\/#website","url":"https:\/\/folkdansringen.se\/riks\/","name":"Folkdansringen","description":"","potentialAction":[{"@type":"SearchAction","target":{"@type":"EntryPoint","urlTemplate":"https:\/\/folkdansringen.se\/riks\/?s={search_term_string}"},"query-input":{"@type":"PropertyValueSpecification","valueRequired":true,"valueName":"search_term_string"}}],"inLanguage":"sv-SE"}]}},"_links":{"self":[{"href":"https:\/\/folkdansringen.se\/riks\/wp-json\/wp\/v2\/pages\/10557","targetHints":{"allow":["GET"]}}],"collection":[{"href":"https:\/\/folkdansringen.se\/riks\/wp-json\/wp\/v2\/pages"}],"about":[{"href":"https:\/\/folkdansringen.se\/riks\/wp-json\/wp\/v2\/types\/page"}],"author":[{"embeddable":true,"href":"https:\/\/folkdansringen.se\/riks\/wp-json\/wp\/v2\/users\/1"}],"replies":[{"embeddable":true,"href":"https:\/\/folkdansringen.se\/riks\/wp-json\/wp\/v2\/comments?post=10557"}],"version-history":[{"count":10,"href":"https:\/\/folkdansringen.se\/riks\/wp-json\/wp\/v2\/pages\/10557\/revisions"}],"predecessor-version":[{"id":15147,"href":"https:\/\/folkdansringen.se\/riks\/wp-json\/wp\/v2\/pages\/10557\/revisions\/15147"}],"up":[{"embeddable":true,"href":"https:\/\/folkdansringen.se\/riks\/wp-json\/wp\/v2\/pages\/2"}],"wp:attachment":[{"href":"https:\/\/folkdansringen.se\/riks\/wp-json\/wp\/v2\/media?parent=10557"}],"curies":[{"name":"wp","href":"https:\/\/api.w.org\/{rel}","templated":true}]}}