
{"id":10502,"date":"2019-12-02T16:58:15","date_gmt":"2019-12-02T15:58:15","guid":{"rendered":"https:\/\/ny.folkdansringen.se\/riksnya\/?page_id=10502"},"modified":"2025-11-07T13:51:52","modified_gmt":"2025-11-07T12:51:52","slug":"medlemsavgifter","status":"publish","type":"page","link":"https:\/\/folkdansringen.se\/riks\/foreningochfunktionar\/medlemskap\/medlemsavgifter\/","title":{"rendered":"Medlemsavgifter"},"content":{"rendered":"<p>[et_pb_section fb_built=&#8221;1&#8243; module_id=&#8221;fdrSiteWrap&#8221; _builder_version=&#8221;4.16&#8243; global_colors_info=&#8221;{}&#8221;][et_pb_row module_id=&#8221;fdrSiteHeader&#8221; _builder_version=&#8221;4.16&#8243; background_size=&#8221;initial&#8221; background_position=&#8221;top_left&#8221; background_repeat=&#8221;repeat&#8221; custom_padding=&#8221;27px|0px|0|0px|false|false&#8221; global_colors_info=&#8221;{}&#8221;][et_pb_column type=&#8221;4_4&#8243; _builder_version=&#8221;4.16&#8243; custom_padding=&#8221;|||&#8221; global_colors_info=&#8221;{}&#8221; custom_padding__hover=&#8221;|||&#8221;][et_pb_image src=&#8221;https:\/\/folkdansringen.se\/riks\/wp-content\/uploads\/2019\/12\/svenska-folkdansringen-medlemsskap_.jpeg&#8221; force_fullwidth=&#8221;on&#8221; align_tablet=&#8221;center&#8221; align_phone=&#8221;&#8221; align_last_edited=&#8221;on|desktop&#8221; module_id=&#8221;frdHeaderImage&#8221; _builder_version=&#8221;4.16&#8243; global_colors_info=&#8221;{}&#8221;][\/et_pb_image][\/et_pb_column][\/et_pb_row][et_pb_row column_structure=&#8221;1_4,1_2,1_4&#8243; module_id=&#8221;fdrThreecolumns&#8221; _builder_version=&#8221;4.16&#8243; custom_padding=&#8221;42px|0px|27px|0px|false|false&#8221; global_colors_info=&#8221;{}&#8221;][et_pb_column type=&#8221;1_4&#8243; _builder_version=&#8221;4.16&#8243; custom_padding=&#8221;|||&#8221; global_colors_info=&#8221;{}&#8221; custom_padding__hover=&#8221;|||&#8221;][et_pb_text _builder_version=&#8221;4.0.6&#8243; global_module=&#8221;10505&#8243; saved_tabs=&#8221;all&#8221; global_colors_info=&#8221;{}&#8221;]<\/p>\n<ul class=\"fdrUlLinks\">\n<li><a href=\"https:\/\/folkdansringen.se\/riks\/foreningochfunktionar\/medlemskap\/\">Medlemskap<\/a><\/li>\n<li><a href=\"https:\/\/folkdansringen.se\/riks\/foreningochfunktionar\/medlemskap\/medlemsavgifter\/\">Medlemsavgifter<\/a><\/li>\n<li><a href=\"https:\/\/folkdansringen.se\/riks\/foreningochfunktionar\/medlemskap\/medlemsforsakring\/\">Medlemsf\u00f6rs\u00e4kring<\/a><\/li>\n<li><a href=\"https:\/\/folkdansringen.se\/riks\/foreningochfunktionar\/medlemskap\/medlemsregister\/\">Medlemsregister<\/a><\/li>\n<\/ul>\n<p>[\/et_pb_text][\/et_pb_column][et_pb_column type=&#8221;1_2&#8243; _builder_version=&#8221;4.16&#8243; custom_padding=&#8221;|||&#8221; global_colors_info=&#8221;{}&#8221; custom_padding__hover=&#8221;|||&#8221;][et_pb_text module_id=&#8221;fdrWhatWeDoMiddle&#8221; _builder_version=&#8221;4.27.4&#8243; custom_padding=&#8221;||0px|||&#8221; hover_enabled=&#8221;0&#8243; global_colors_info=&#8221;{}&#8221; sticky_enabled=&#8221;0&#8243;]<\/p>\n<h1>Medlemsavgifter<\/h1>\n<p><strong>I medlemsavgiften till din f\u00f6rening inom Svenska Folkdansringen ing\u00e5r \u00e4ven avgifterna till distriktet och riksorganisationen.<\/strong><\/p>\n<h2>F\u00f6rening, distrikt och riks<\/h2>\n<p>Svenska Folkdansringen f\u00f6reningars medlemsavgifter best\u00e5r av tre delar, f\u00f6rening-, distrikts- och riksavgift. Riksavgiften beslutas om vid Svenska Folkdansringens riksst\u00e4mma medan distrikt och f\u00f6rening beslutar om sina enskilda avgifter.<\/p>\n<h2>Vuxen eller barn &amp; ungdom<\/h2>\n<p>Riksavgiften \u00e4r olika beroende p\u00e5 vuxen eller barn och ungdom (upp till och med \u00e5ret d\u00e5 man fyller 25). Distrikt och f\u00f6reningar beslutar om sina egna avgifter och de kan d\u00e4rf\u00f6r skilja sig \u00e5t.<\/p>\n<h2>2026<\/h2>\n<p>2026 \u00e5rs riksavgift i Svenska Folkdansringen:<\/p>\n<ul>\n<li>Vuxen 250 kr\/kalender\u00e5r<\/li>\n<li>Barn och ungdom 175 kr\/kalender\u00e5r, till och med det \u00e5r man fyller 25 \u00e5r<\/li>\n<li>St\u00f6djande medlem\/direktansluten till Svenska Folkdansringen 500 kr\/kalender\u00e5r<\/li>\n<\/ul>\n<h2>2025<\/h2>\n<p>2025 \u00e5rs riksavgift i Svenska Folkdansringen:<\/p>\n<ul>\n<li>Vuxen 200 kr\/kalender\u00e5r<\/li>\n<li>Barn och ungdom 165 kr\/kalender\u00e5r, till och med det \u00e5r man fyller 25 \u00e5r<\/li>\n<li>St\u00f6djande medlem\/direktansluten till Svenska Folkdansringen 400 kr\/kalender\u00e5r<\/li>\n<\/ul>\n<p>&nbsp;<\/p>\n<p>&nbsp;<\/p>\n<p>[\/et_pb_text][\/et_pb_column][et_pb_column type=&#8221;1_4&#8243; _builder_version=&#8221;4.16&#8243; custom_padding=&#8221;|||&#8221; global_colors_info=&#8221;{}&#8221; custom_padding__hover=&#8221;|||&#8221;][et_pb_cta button_text=&#8221;Click Here&#8221; module_id=&#8221;fdrWhatWeDoRight&#8221; _builder_version=&#8221;4.18.0&#8243; use_background_color=&#8221;off&#8221; custom_margin=&#8221;3px|||||&#8221; global_module=&#8221;11220&#8243; saved_tabs=&#8221;all&#8221; global_colors_info=&#8221;{}&#8221;]<\/p>\n<h2>F\u00f6lj oss!<\/h2>\n<p>P\u00e5 sociala medier finns Svenska Folkdansringen\u00a0 och inspirerar med inl\u00e4gg, bilder och filmer.<\/p>\n<p><a href=\"https:\/\/www.instagram.com\/svenskafolkdansringen\/\" target=\"_blank\" rel=\"noopener\"><img loading=\"lazy\" decoding=\"async\" src=\"https:\/\/folkdansringen.se\/riks\/wp-content\/uploads\/2022\/06\/Instagram-logo-30x30-1.png\" width=\"30\" height=\"30\" alt=\"Instagram logotyp\" class=\"wp-image-13463 alignnone size-full\" \/><\/a>\u00a0 \u00a0<a href=\"https:\/\/sv-se.facebook.com\/folkdansringen\/\" target=\"_blank\" rel=\"noopener\"><img loading=\"lazy\" decoding=\"async\" src=\"https:\/\/folkdansringen.se\/riks\/wp-content\/uploads\/2018\/11\/if_facebook_986944-e1542192611888.png\" width=\"30\" height=\"30\" alt=\"Logotyp Facebook\" class=\"wp-image-4862 alignnone size-full\" \/><\/a>\u00a0 \u00a0<a href=\"https:\/\/www.youtube.com\/channel\/UC7RlAFaHAMXiB6duonH98-A\" target=\"_blank\" rel=\"noopener\"><img loading=\"lazy\" decoding=\"async\" src=\"https:\/\/folkdansringen.se\/riks\/wp-content\/uploads\/2022\/06\/youtube-logo-43x30-1.png\" width=\"43\" height=\"30\" alt=\"Youtube logotyp\" class=\"wp-image-13473 alignnone size-full\" \/><\/a><\/p>\n<p><a href=\"http:\/\/www.folkdansringen.se\/riks\/folj-oss\">L\u00e4s mer om hur du kan f\u00f6lja oss!<\/a><\/p>\n<p>[\/et_pb_cta][\/et_pb_column][\/et_pb_row][\/et_pb_section]<\/p>\n","protected":false},"excerpt":{"rendered":"<p>Medlemskap Medlemsavgifter Medlemsf\u00f6rs\u00e4kring Medlemsregister Medlemsavgifter I medlemsavgiften till din f\u00f6rening inom Svenska Folkdansringen ing\u00e5r \u00e4ven avgifterna till distriktet och riksorganisationen. F\u00f6rening, distrikt och riks Svenska Folkdansringen f\u00f6reningars medlemsavgifter best\u00e5r av tre delar, f\u00f6rening-, distrikts- och riksavgift. Riksavgiften beslutas om vid Svenska Folkdansringens riksst\u00e4mma medan distrikt och f\u00f6rening beslutar om sina enskilda avgifter. Vuxen eller barn [&hellip;]<\/p>\n","protected":false},"author":1,"featured_media":0,"parent":7979,"menu_order":0,"comment_status":"closed","ping_status":"closed","template":"","meta":{"_et_pb_use_builder":"on","_et_pb_old_content":"","_et_gb_content_width":"","footnotes":""},"class_list":["post-10502","page","type-page","status-publish","hentry"],"yoast_head":"<!-- This site is optimized with the Yoast SEO plugin v27.4 - https:\/\/yoast.com\/product\/yoast-seo-wordpress\/ -->\n<title>Medlemsavgifter &#187; Folkdansringen<\/title>\n<meta name=\"robots\" content=\"index, follow, max-snippet:-1, max-image-preview:large, max-video-preview:-1\" \/>\n<link rel=\"canonical\" href=\"https:\/\/folkdansringen.se\/riks\/foreningochfunktionar\/medlemskap\/medlemsavgifter\/\" \/>\n<meta property=\"og:locale\" content=\"sv_SE\" \/>\n<meta property=\"og:type\" content=\"article\" \/>\n<meta property=\"og:title\" content=\"Medlemsavgifter &#187; Folkdansringen\" \/>\n<meta property=\"og:description\" content=\"Medlemskap Medlemsavgifter Medlemsf\u00f6rs\u00e4kring Medlemsregister Medlemsavgifter I medlemsavgiften till din f\u00f6rening inom Svenska Folkdansringen ing\u00e5r \u00e4ven avgifterna till distriktet och riksorganisationen. F\u00f6rening, distrikt och riks Svenska Folkdansringen f\u00f6reningars medlemsavgifter best\u00e5r av tre delar, f\u00f6rening-, distrikts- och riksavgift. Riksavgiften beslutas om vid Svenska Folkdansringens riksst\u00e4mma medan distrikt och f\u00f6rening beslutar om sina enskilda avgifter. Vuxen eller barn [&hellip;]\" \/>\n<meta property=\"og:url\" content=\"https:\/\/folkdansringen.se\/riks\/foreningochfunktionar\/medlemskap\/medlemsavgifter\/\" \/>\n<meta property=\"og:site_name\" content=\"Folkdansringen\" \/>\n<meta property=\"article:modified_time\" content=\"2025-11-07T12:51:52+00:00\" \/>\n<meta property=\"og:image\" content=\"https:\/\/folkdansringen.se\/riks\/wp-content\/uploads\/2022\/06\/Instagram-logo-30x30-1.png\" \/>\n<meta name=\"twitter:card\" content=\"summary_large_image\" \/>\n<meta name=\"twitter:label1\" content=\"Ber\u00e4knad l\u00e4stid\" \/>\n\t<meta name=\"twitter:data1\" content=\"2 minuter\" \/>\n<script type=\"application\/ld+json\" class=\"yoast-schema-graph\">{\"@context\":\"https:\\\/\\\/schema.org\",\"@graph\":[{\"@type\":\"WebPage\",\"@id\":\"https:\\\/\\\/folkdansringen.se\\\/riks\\\/foreningochfunktionar\\\/medlemskap\\\/medlemsavgifter\\\/\",\"url\":\"https:\\\/\\\/folkdansringen.se\\\/riks\\\/foreningochfunktionar\\\/medlemskap\\\/medlemsavgifter\\\/\",\"name\":\"Medlemsavgifter &#187; Folkdansringen\",\"isPartOf\":{\"@id\":\"https:\\\/\\\/folkdansringen.se\\\/riks\\\/#website\"},\"primaryImageOfPage\":{\"@id\":\"https:\\\/\\\/folkdansringen.se\\\/riks\\\/foreningochfunktionar\\\/medlemskap\\\/medlemsavgifter\\\/#primaryimage\"},\"image\":{\"@id\":\"https:\\\/\\\/folkdansringen.se\\\/riks\\\/foreningochfunktionar\\\/medlemskap\\\/medlemsavgifter\\\/#primaryimage\"},\"thumbnailUrl\":\"https:\\\/\\\/folkdansringen.se\\\/riks\\\/wp-content\\\/uploads\\\/2022\\\/06\\\/Instagram-logo-30x30-1.png\",\"datePublished\":\"2019-12-02T15:58:15+00:00\",\"dateModified\":\"2025-11-07T12:51:52+00:00\",\"breadcrumb\":{\"@id\":\"https:\\\/\\\/folkdansringen.se\\\/riks\\\/foreningochfunktionar\\\/medlemskap\\\/medlemsavgifter\\\/#breadcrumb\"},\"inLanguage\":\"sv-SE\",\"potentialAction\":[{\"@type\":\"ReadAction\",\"target\":[\"https:\\\/\\\/folkdansringen.se\\\/riks\\\/foreningochfunktionar\\\/medlemskap\\\/medlemsavgifter\\\/\"]}]},{\"@type\":\"ImageObject\",\"inLanguage\":\"sv-SE\",\"@id\":\"https:\\\/\\\/folkdansringen.se\\\/riks\\\/foreningochfunktionar\\\/medlemskap\\\/medlemsavgifter\\\/#primaryimage\",\"url\":\"https:\\\/\\\/folkdansringen.se\\\/riks\\\/wp-content\\\/uploads\\\/2022\\\/06\\\/Instagram-logo-30x30-1.png\",\"contentUrl\":\"https:\\\/\\\/folkdansringen.se\\\/riks\\\/wp-content\\\/uploads\\\/2022\\\/06\\\/Instagram-logo-30x30-1.png\",\"width\":30,\"height\":30,\"caption\":\"Instagram logotyp\"},{\"@type\":\"BreadcrumbList\",\"@id\":\"https:\\\/\\\/folkdansringen.se\\\/riks\\\/foreningochfunktionar\\\/medlemskap\\\/medlemsavgifter\\\/#breadcrumb\",\"itemListElement\":[{\"@type\":\"ListItem\",\"position\":1,\"name\":\"Hem\",\"item\":\"https:\\\/\\\/folkdansringen.se\\\/riks\\\/\"},{\"@type\":\"ListItem\",\"position\":2,\"name\":\"F\u00f6rening och funktion\u00e4r\",\"item\":\"https:\\\/\\\/folkdansringen.se\\\/riks\\\/foreningochfunktionar\\\/\"},{\"@type\":\"ListItem\",\"position\":3,\"name\":\"Medlemskap\",\"item\":\"https:\\\/\\\/folkdansringen.se\\\/riks\\\/foreningochfunktionar\\\/medlemskap\\\/\"},{\"@type\":\"ListItem\",\"position\":4,\"name\":\"Medlemsavgifter\"}]},{\"@type\":\"WebSite\",\"@id\":\"https:\\\/\\\/folkdansringen.se\\\/riks\\\/#website\",\"url\":\"https:\\\/\\\/folkdansringen.se\\\/riks\\\/\",\"name\":\"Folkdansringen\",\"description\":\"\",\"potentialAction\":[{\"@type\":\"SearchAction\",\"target\":{\"@type\":\"EntryPoint\",\"urlTemplate\":\"https:\\\/\\\/folkdansringen.se\\\/riks\\\/?s={search_term_string}\"},\"query-input\":{\"@type\":\"PropertyValueSpecification\",\"valueRequired\":true,\"valueName\":\"search_term_string\"}}],\"inLanguage\":\"sv-SE\"}]}<\/script>\n<!-- \/ Yoast SEO plugin. -->","yoast_head_json":{"title":"Medlemsavgifter &#187; Folkdansringen","robots":{"index":"index","follow":"follow","max-snippet":"max-snippet:-1","max-image-preview":"max-image-preview:large","max-video-preview":"max-video-preview:-1"},"canonical":"https:\/\/folkdansringen.se\/riks\/foreningochfunktionar\/medlemskap\/medlemsavgifter\/","og_locale":"sv_SE","og_type":"article","og_title":"Medlemsavgifter &#187; Folkdansringen","og_description":"Medlemskap Medlemsavgifter Medlemsf\u00f6rs\u00e4kring Medlemsregister Medlemsavgifter I medlemsavgiften till din f\u00f6rening inom Svenska Folkdansringen ing\u00e5r \u00e4ven avgifterna till distriktet och riksorganisationen. F\u00f6rening, distrikt och riks Svenska Folkdansringen f\u00f6reningars medlemsavgifter best\u00e5r av tre delar, f\u00f6rening-, distrikts- och riksavgift. Riksavgiften beslutas om vid Svenska Folkdansringens riksst\u00e4mma medan distrikt och f\u00f6rening beslutar om sina enskilda avgifter. Vuxen eller barn [&hellip;]","og_url":"https:\/\/folkdansringen.se\/riks\/foreningochfunktionar\/medlemskap\/medlemsavgifter\/","og_site_name":"Folkdansringen","article_modified_time":"2025-11-07T12:51:52+00:00","og_image":[{"url":"https:\/\/folkdansringen.se\/riks\/wp-content\/uploads\/2022\/06\/Instagram-logo-30x30-1.png","type":"","width":"","height":""}],"twitter_card":"summary_large_image","twitter_misc":{"Ber\u00e4knad l\u00e4stid":"2 minuter"},"schema":{"@context":"https:\/\/schema.org","@graph":[{"@type":"WebPage","@id":"https:\/\/folkdansringen.se\/riks\/foreningochfunktionar\/medlemskap\/medlemsavgifter\/","url":"https:\/\/folkdansringen.se\/riks\/foreningochfunktionar\/medlemskap\/medlemsavgifter\/","name":"Medlemsavgifter &#187; Folkdansringen","isPartOf":{"@id":"https:\/\/folkdansringen.se\/riks\/#website"},"primaryImageOfPage":{"@id":"https:\/\/folkdansringen.se\/riks\/foreningochfunktionar\/medlemskap\/medlemsavgifter\/#primaryimage"},"image":{"@id":"https:\/\/folkdansringen.se\/riks\/foreningochfunktionar\/medlemskap\/medlemsavgifter\/#primaryimage"},"thumbnailUrl":"https:\/\/folkdansringen.se\/riks\/wp-content\/uploads\/2022\/06\/Instagram-logo-30x30-1.png","datePublished":"2019-12-02T15:58:15+00:00","dateModified":"2025-11-07T12:51:52+00:00","breadcrumb":{"@id":"https:\/\/folkdansringen.se\/riks\/foreningochfunktionar\/medlemskap\/medlemsavgifter\/#breadcrumb"},"inLanguage":"sv-SE","potentialAction":[{"@type":"ReadAction","target":["https:\/\/folkdansringen.se\/riks\/foreningochfunktionar\/medlemskap\/medlemsavgifter\/"]}]},{"@type":"ImageObject","inLanguage":"sv-SE","@id":"https:\/\/folkdansringen.se\/riks\/foreningochfunktionar\/medlemskap\/medlemsavgifter\/#primaryimage","url":"https:\/\/folkdansringen.se\/riks\/wp-content\/uploads\/2022\/06\/Instagram-logo-30x30-1.png","contentUrl":"https:\/\/folkdansringen.se\/riks\/wp-content\/uploads\/2022\/06\/Instagram-logo-30x30-1.png","width":30,"height":30,"caption":"Instagram logotyp"},{"@type":"BreadcrumbList","@id":"https:\/\/folkdansringen.se\/riks\/foreningochfunktionar\/medlemskap\/medlemsavgifter\/#breadcrumb","itemListElement":[{"@type":"ListItem","position":1,"name":"Hem","item":"https:\/\/folkdansringen.se\/riks\/"},{"@type":"ListItem","position":2,"name":"F\u00f6rening och funktion\u00e4r","item":"https:\/\/folkdansringen.se\/riks\/foreningochfunktionar\/"},{"@type":"ListItem","position":3,"name":"Medlemskap","item":"https:\/\/folkdansringen.se\/riks\/foreningochfunktionar\/medlemskap\/"},{"@type":"ListItem","position":4,"name":"Medlemsavgifter"}]},{"@type":"WebSite","@id":"https:\/\/folkdansringen.se\/riks\/#website","url":"https:\/\/folkdansringen.se\/riks\/","name":"Folkdansringen","description":"","potentialAction":[{"@type":"SearchAction","target":{"@type":"EntryPoint","urlTemplate":"https:\/\/folkdansringen.se\/riks\/?s={search_term_string}"},"query-input":{"@type":"PropertyValueSpecification","valueRequired":true,"valueName":"search_term_string"}}],"inLanguage":"sv-SE"}]}},"_links":{"self":[{"href":"https:\/\/folkdansringen.se\/riks\/wp-json\/wp\/v2\/pages\/10502","targetHints":{"allow":["GET"]}}],"collection":[{"href":"https:\/\/folkdansringen.se\/riks\/wp-json\/wp\/v2\/pages"}],"about":[{"href":"https:\/\/folkdansringen.se\/riks\/wp-json\/wp\/v2\/types\/page"}],"author":[{"embeddable":true,"href":"https:\/\/folkdansringen.se\/riks\/wp-json\/wp\/v2\/users\/1"}],"replies":[{"embeddable":true,"href":"https:\/\/folkdansringen.se\/riks\/wp-json\/wp\/v2\/comments?post=10502"}],"version-history":[{"count":27,"href":"https:\/\/folkdansringen.se\/riks\/wp-json\/wp\/v2\/pages\/10502\/revisions"}],"predecessor-version":[{"id":15490,"href":"https:\/\/folkdansringen.se\/riks\/wp-json\/wp\/v2\/pages\/10502\/revisions\/15490"}],"up":[{"embeddable":true,"href":"https:\/\/folkdansringen.se\/riks\/wp-json\/wp\/v2\/pages\/7979"}],"wp:attachment":[{"href":"https:\/\/folkdansringen.se\/riks\/wp-json\/wp\/v2\/media?parent=10502"}],"curies":[{"name":"wp","href":"https:\/\/api.w.org\/{rel}","templated":true}]}}