
{"id":10188,"date":"2019-11-26T16:16:30","date_gmt":"2019-11-26T15:16:30","guid":{"rendered":"https:\/\/ny.folkdansringen.se\/riksnya\/?page_id=10188"},"modified":"2022-02-17T17:23:13","modified_gmt":"2022-02-17T16:23:13","slug":"fonden-for-folkdansringens-hus","status":"publish","type":"page","link":"https:\/\/folkdansringen.se\/riks\/foreningochfunktionar\/fonder-och-gavor\/fonden-for-folkdansringens-hus\/","title":{"rendered":"Fonden f\u00f6r Folkdansringens Hus"},"content":{"rendered":"<p>[et_pb_section fb_built=&#8221;1&#8243; module_id=&#8221;fdrSiteWrap&#8221; _builder_version=&#8221;3.22.3&#8243; global_colors_info=&#8221;{}&#8221;][et_pb_row module_id=&#8221;fdrSiteHeader&#8221; _builder_version=&#8221;3.25&#8243; background_size=&#8221;initial&#8221; background_position=&#8221;top_left&#8221; background_repeat=&#8221;repeat&#8221; custom_padding=&#8221;27px|0px|0|0px|false|false&#8221; global_colors_info=&#8221;{}&#8221;][et_pb_column type=&#8221;4_4&#8243; _builder_version=&#8221;3.25&#8243; custom_padding=&#8221;|||&#8221; global_colors_info=&#8221;{}&#8221; custom_padding__hover=&#8221;|||&#8221;][et_pb_image src=&#8221;https:\/\/folkdansringen.se\/riks\/wp-content\/uploads\/2019\/12\/svenska-folkdansringen-foder-och-g\u00e5vor_.jpeg&#8221; force_fullwidth=&#8221;on&#8221; align_tablet=&#8221;center&#8221; align_phone=&#8221;&#8221; align_last_edited=&#8221;on|desktop&#8221; module_id=&#8221;frdHeaderImage&#8221; _builder_version=&#8221;4.0.9&#8243; global_colors_info=&#8221;{}&#8221;][\/et_pb_image][\/et_pb_column][\/et_pb_row][et_pb_row column_structure=&#8221;1_4,1_2,1_4&#8243; module_id=&#8221;fdrThreecolumns&#8221; _builder_version=&#8221;3.25&#8243; custom_padding=&#8221;47px|0px|27px|0px|false|false&#8221; global_colors_info=&#8221;{}&#8221;][et_pb_column type=&#8221;1_4&#8243; _builder_version=&#8221;3.25&#8243; custom_padding=&#8221;|||&#8221; global_colors_info=&#8221;{}&#8221; custom_padding__hover=&#8221;|||&#8221;][et_pb_text _builder_version=&#8221;4.0.6&#8243; custom_padding=&#8221;||1px|||&#8221; global_module=&#8221;10134&#8243; saved_tabs=&#8221;all&#8221; global_colors_info=&#8221;{}&#8221;]<\/p>\n<ul class=\"fdrUlLinks\">\n<li><a href=\"https:\/\/folkdansringen.se\/riks\/foreningochfunktionar\/fonder-och-gavor\/\">Fonder och g\u00e5vor<\/a><\/li>\n<li><a href=\"https:\/\/folkdansringen.se\/riks\/foreningochfunktionar\/fonder-och-gavor\/gustav-karlssons-minnesfond\/\" rel=\"attachment wp-att-8452\">Gustav Karlssons minnesfond<\/a><\/li>\n<li><a href=\"https:\/\/folkdansringen.se\/riks\/foreningochfunktionar\/fonder-och-gavor\/stadgar-erik-stroms-hedersgava\/\" rel=\"attachment wp-att-8455\">Eric Str\u00f6ms Hedersg\u00e5va<\/a><\/li>\n<li><a href=\"https:\/\/folkdansringen.se\/riks\/foreningochfunktionar\/fonder-och-gavor\/moppes-fond\/\" rel=\"attachment wp-att-8454\">Moppes fond<\/a><\/li>\n<li><a href=\"https:\/\/folkdansringen.se\/riks\/foreningochfunktionar\/fonder-och-gavor\/fonden-for-folkdansringens-hus\/\" rel=\"attachment wp-att-8453\">Fonden f\u00f6r Folkdansringens Hus\u00a0<\/a><\/li>\n<\/ul>\n<p>[\/et_pb_text][\/et_pb_column][et_pb_column type=&#8221;1_2&#8243; _builder_version=&#8221;3.25&#8243; custom_padding=&#8221;|||&#8221; global_colors_info=&#8221;{}&#8221; custom_padding__hover=&#8221;|||&#8221;][et_pb_text module_id=&#8221;fdrWhatWeDoMiddle&#8221; _builder_version=&#8221;4.14.7&#8243; custom_padding=&#8221;||0px|||&#8221; hover_enabled=&#8221;0&#8243; global_colors_info=&#8221;{}&#8221; sticky_enabled=&#8221;0&#8243;]<\/p>\n<h1>Fonden f\u00f6r Folkdansringens Hus<\/h1>\n<p><strong>Fonden f\u00f6r Folkdansringens hus\u00a0har till \u00e4ndam\u00e5l att fr\u00e4mja Svenska Folkdansringens arbete enligt det program, som finns angivet i riksorganisationens stadgar att genom utl\u00e5ning av medel st\u00f6dja anskaffning av f\u00f6r verksamheten l\u00e4mpliga lokaler och inventarier.<\/strong><\/p>\n<h2>Stadgar f\u00f6r fonden<\/h2>\n<p><a href=\"https:\/\/folkdansringen.se\/riks\/wp-content\/uploads\/2019\/09\/Normer-f\u00f6r-Fonden-f\u00f6r-Folkdansringens-Hus.pdf\" target=\"_blank\" rel=\"noopener noreferrer\">Svenska Folkdansringens Normer f\u00f6r Fonden f\u00f6r Folkdansringens Hus (pdf)<\/a><\/p>\n<p><em>Fastst\u00e4llda vid riksst\u00e4mman i Link\u00f6ping 1986<\/em><\/p>\n<p>\u00a7 1 \u00a0\u00a0 Fonden har till \u00e4ndam\u00e5l att fr\u00e4mja Svenska Folkdansringens arbete enligt det program, som finns angivet i riksorganisationens stadgar att genom utl\u00e5ning av medel st\u00f6dja anskaffning av f\u00f6r verksamheten l\u00e4mpliga lokaler och inventarier.<\/p>\n<p>\u00a7 2 \u00a0\u00a0 Fondmedlen f\u00f6rvaltas, skilda fr\u00e5n Svenska Folkdansringens \u00f6vriga medel, av riksstyrelsen f\u00f6r Svenska Folkdansringen, som beslutar om fondmedlens placering och utnyttjande.<\/p>\n<p>\u00a7 3 \u00a0\u00a0 Utl\u00e5ning av fondens medel kan ske mot betryggande s\u00e4kerhet och efter beslut i riksstyrelsen. Beslutet skall samla 2\/3 majoritet. (Utl\u00e5ning skall ske mot marknadsm\u00e4ssig r\u00e4nta, i regel disconto + 2 %).<\/p>\n<p>\u00a7 4 \u00a0\u00a0 \u00c4ndring och till\u00e4gg till dessa normer kan endast ske p\u00e5 samma s\u00e4tt som g\u00e4ller f\u00f6r Svenska Folkdansringens stadgar. (Upplysning: Vid tv\u00e5 p\u00e5 varandra f\u00f6ljande riksst\u00e4mmor).<\/p>\n<p>[\/et_pb_text][\/et_pb_column][et_pb_column type=&#8221;1_4&#8243; _builder_version=&#8221;3.25&#8243; custom_padding=&#8221;|||&#8221; global_colors_info=&#8221;{}&#8221; custom_padding__hover=&#8221;|||&#8221;][et_pb_cta title=&#8221;Ge en g\u00e5va till Folkdansringen&#8221; button_text=&#8221;Click Here&#8221; module_id=&#8221;fdrWhatWeDoRight&#8221; _builder_version=&#8221;4.0.6&#8243; header_text_align=&#8221;left&#8221; use_background_color=&#8221;off&#8221; custom_padding=&#8221;425px|||2px||&#8221; global_module=&#8221;10283&#8243; global_colors_info=&#8221;{}&#8221;]<\/p>\n<p style=\"text-align: left;\">Minnesg\u00e5va: Vill du hedra en bortg\u00e5ngen person genom en minnesg\u00e5va till Svenska Folkdansringen?<\/p>\n<p style=\"text-align: left;\">H\u00f6gtidsg\u00e5va: Vill du hylla en person genom en g\u00e5va till Svenska Folkdansringen? Kanske s\u00e4ga tack eller ge n\u00e5got fint ist\u00e4llet f\u00f6r blommor?<\/p>\n<p style=\"text-align: left;\">M\u00f6jligheten finns att l\u00e4mna en g\u00e5va till Folkdansringens verksamhet.<br \/> Swish 123 288 23 48<\/p>\n<p style=\"text-align: left;\">F\u00f6r inbetalning till bankkonto eller g\u00e5vokort<br \/> kontakta rikskansliet, rikskansliet@folkdansringen.se, tel. 08-695 00 15.<\/p>\n<p>&nbsp;<\/p>\n<p>[\/et_pb_cta][\/et_pb_column][\/et_pb_row][\/et_pb_section]<\/p>\n","protected":false},"excerpt":{"rendered":"<p>Fonder och g\u00e5vor Gustav Karlssons minnesfond Eric Str\u00f6ms Hedersg\u00e5va Moppes fond Fonden f\u00f6r Folkdansringens Hus\u00a0 Fonden f\u00f6r Folkdansringens Hus Fonden f\u00f6r Folkdansringens hus\u00a0har till \u00e4ndam\u00e5l att fr\u00e4mja Svenska Folkdansringens arbete enligt det program, som finns angivet i riksorganisationens stadgar att genom utl\u00e5ning av medel st\u00f6dja anskaffning av f\u00f6r verksamheten l\u00e4mpliga lokaler och inventarier. Stadgar f\u00f6r [&hellip;]<\/p>\n","protected":false},"author":1,"featured_media":0,"parent":7988,"menu_order":0,"comment_status":"closed","ping_status":"closed","template":"","meta":{"_et_pb_use_builder":"on","_et_pb_old_content":"","_et_gb_content_width":"","footnotes":""},"class_list":["post-10188","page","type-page","status-publish","hentry"],"yoast_head":"<!-- This site is optimized with the Yoast SEO plugin v27.4 - https:\/\/yoast.com\/product\/yoast-seo-wordpress\/ -->\n<title>Fonden f\u00f6r Folkdansringens Hus &#187; Folkdansringen<\/title>\n<meta name=\"robots\" content=\"index, follow, max-snippet:-1, max-image-preview:large, max-video-preview:-1\" \/>\n<link rel=\"canonical\" href=\"https:\/\/folkdansringen.se\/riks\/foreningochfunktionar\/fonder-och-gavor\/fonden-for-folkdansringens-hus\/\" \/>\n<meta property=\"og:locale\" content=\"sv_SE\" \/>\n<meta property=\"og:type\" content=\"article\" \/>\n<meta property=\"og:title\" content=\"Fonden f\u00f6r Folkdansringens Hus &#187; Folkdansringen\" \/>\n<meta property=\"og:description\" content=\"Fonder och g\u00e5vor Gustav Karlssons minnesfond Eric Str\u00f6ms Hedersg\u00e5va Moppes fond Fonden f\u00f6r Folkdansringens Hus\u00a0 Fonden f\u00f6r Folkdansringens Hus Fonden f\u00f6r Folkdansringens hus\u00a0har till \u00e4ndam\u00e5l att fr\u00e4mja Svenska Folkdansringens arbete enligt det program, som finns angivet i riksorganisationens stadgar att genom utl\u00e5ning av medel st\u00f6dja anskaffning av f\u00f6r verksamheten l\u00e4mpliga lokaler och inventarier. Stadgar f\u00f6r [&hellip;]\" \/>\n<meta property=\"og:url\" content=\"https:\/\/folkdansringen.se\/riks\/foreningochfunktionar\/fonder-och-gavor\/fonden-for-folkdansringens-hus\/\" \/>\n<meta property=\"og:site_name\" content=\"Folkdansringen\" \/>\n<meta property=\"article:modified_time\" content=\"2022-02-17T16:23:13+00:00\" \/>\n<meta name=\"twitter:card\" content=\"summary_large_image\" \/>\n<meta name=\"twitter:label1\" content=\"Ber\u00e4knad l\u00e4stid\" \/>\n\t<meta name=\"twitter:data1\" content=\"3 minuter\" \/>\n<script type=\"application\/ld+json\" class=\"yoast-schema-graph\">{\"@context\":\"https:\\\/\\\/schema.org\",\"@graph\":[{\"@type\":\"WebPage\",\"@id\":\"https:\\\/\\\/folkdansringen.se\\\/riks\\\/foreningochfunktionar\\\/fonder-och-gavor\\\/fonden-for-folkdansringens-hus\\\/\",\"url\":\"https:\\\/\\\/folkdansringen.se\\\/riks\\\/foreningochfunktionar\\\/fonder-och-gavor\\\/fonden-for-folkdansringens-hus\\\/\",\"name\":\"Fonden f\u00f6r Folkdansringens Hus &#187; Folkdansringen\",\"isPartOf\":{\"@id\":\"https:\\\/\\\/folkdansringen.se\\\/riks\\\/#website\"},\"datePublished\":\"2019-11-26T15:16:30+00:00\",\"dateModified\":\"2022-02-17T16:23:13+00:00\",\"breadcrumb\":{\"@id\":\"https:\\\/\\\/folkdansringen.se\\\/riks\\\/foreningochfunktionar\\\/fonder-och-gavor\\\/fonden-for-folkdansringens-hus\\\/#breadcrumb\"},\"inLanguage\":\"sv-SE\",\"potentialAction\":[{\"@type\":\"ReadAction\",\"target\":[\"https:\\\/\\\/folkdansringen.se\\\/riks\\\/foreningochfunktionar\\\/fonder-och-gavor\\\/fonden-for-folkdansringens-hus\\\/\"]}]},{\"@type\":\"BreadcrumbList\",\"@id\":\"https:\\\/\\\/folkdansringen.se\\\/riks\\\/foreningochfunktionar\\\/fonder-och-gavor\\\/fonden-for-folkdansringens-hus\\\/#breadcrumb\",\"itemListElement\":[{\"@type\":\"ListItem\",\"position\":1,\"name\":\"Hem\",\"item\":\"https:\\\/\\\/folkdansringen.se\\\/riks\\\/\"},{\"@type\":\"ListItem\",\"position\":2,\"name\":\"F\u00f6rening och funktion\u00e4r\",\"item\":\"https:\\\/\\\/folkdansringen.se\\\/riks\\\/foreningochfunktionar\\\/\"},{\"@type\":\"ListItem\",\"position\":3,\"name\":\"Fonder och g\u00e5vor\",\"item\":\"https:\\\/\\\/folkdansringen.se\\\/riks\\\/foreningochfunktionar\\\/fonder-och-gavor\\\/\"},{\"@type\":\"ListItem\",\"position\":4,\"name\":\"Fonden f\u00f6r Folkdansringens Hus\"}]},{\"@type\":\"WebSite\",\"@id\":\"https:\\\/\\\/folkdansringen.se\\\/riks\\\/#website\",\"url\":\"https:\\\/\\\/folkdansringen.se\\\/riks\\\/\",\"name\":\"Folkdansringen\",\"description\":\"\",\"potentialAction\":[{\"@type\":\"SearchAction\",\"target\":{\"@type\":\"EntryPoint\",\"urlTemplate\":\"https:\\\/\\\/folkdansringen.se\\\/riks\\\/?s={search_term_string}\"},\"query-input\":{\"@type\":\"PropertyValueSpecification\",\"valueRequired\":true,\"valueName\":\"search_term_string\"}}],\"inLanguage\":\"sv-SE\"}]}<\/script>\n<!-- \/ Yoast SEO plugin. -->","yoast_head_json":{"title":"Fonden f\u00f6r Folkdansringens Hus &#187; Folkdansringen","robots":{"index":"index","follow":"follow","max-snippet":"max-snippet:-1","max-image-preview":"max-image-preview:large","max-video-preview":"max-video-preview:-1"},"canonical":"https:\/\/folkdansringen.se\/riks\/foreningochfunktionar\/fonder-och-gavor\/fonden-for-folkdansringens-hus\/","og_locale":"sv_SE","og_type":"article","og_title":"Fonden f\u00f6r Folkdansringens Hus &#187; Folkdansringen","og_description":"Fonder och g\u00e5vor Gustav Karlssons minnesfond Eric Str\u00f6ms Hedersg\u00e5va Moppes fond Fonden f\u00f6r Folkdansringens Hus\u00a0 Fonden f\u00f6r Folkdansringens Hus Fonden f\u00f6r Folkdansringens hus\u00a0har till \u00e4ndam\u00e5l att fr\u00e4mja Svenska Folkdansringens arbete enligt det program, som finns angivet i riksorganisationens stadgar att genom utl\u00e5ning av medel st\u00f6dja anskaffning av f\u00f6r verksamheten l\u00e4mpliga lokaler och inventarier. Stadgar f\u00f6r [&hellip;]","og_url":"https:\/\/folkdansringen.se\/riks\/foreningochfunktionar\/fonder-och-gavor\/fonden-for-folkdansringens-hus\/","og_site_name":"Folkdansringen","article_modified_time":"2022-02-17T16:23:13+00:00","twitter_card":"summary_large_image","twitter_misc":{"Ber\u00e4knad l\u00e4stid":"3 minuter"},"schema":{"@context":"https:\/\/schema.org","@graph":[{"@type":"WebPage","@id":"https:\/\/folkdansringen.se\/riks\/foreningochfunktionar\/fonder-och-gavor\/fonden-for-folkdansringens-hus\/","url":"https:\/\/folkdansringen.se\/riks\/foreningochfunktionar\/fonder-och-gavor\/fonden-for-folkdansringens-hus\/","name":"Fonden f\u00f6r Folkdansringens Hus &#187; Folkdansringen","isPartOf":{"@id":"https:\/\/folkdansringen.se\/riks\/#website"},"datePublished":"2019-11-26T15:16:30+00:00","dateModified":"2022-02-17T16:23:13+00:00","breadcrumb":{"@id":"https:\/\/folkdansringen.se\/riks\/foreningochfunktionar\/fonder-och-gavor\/fonden-for-folkdansringens-hus\/#breadcrumb"},"inLanguage":"sv-SE","potentialAction":[{"@type":"ReadAction","target":["https:\/\/folkdansringen.se\/riks\/foreningochfunktionar\/fonder-och-gavor\/fonden-for-folkdansringens-hus\/"]}]},{"@type":"BreadcrumbList","@id":"https:\/\/folkdansringen.se\/riks\/foreningochfunktionar\/fonder-och-gavor\/fonden-for-folkdansringens-hus\/#breadcrumb","itemListElement":[{"@type":"ListItem","position":1,"name":"Hem","item":"https:\/\/folkdansringen.se\/riks\/"},{"@type":"ListItem","position":2,"name":"F\u00f6rening och funktion\u00e4r","item":"https:\/\/folkdansringen.se\/riks\/foreningochfunktionar\/"},{"@type":"ListItem","position":3,"name":"Fonder och g\u00e5vor","item":"https:\/\/folkdansringen.se\/riks\/foreningochfunktionar\/fonder-och-gavor\/"},{"@type":"ListItem","position":4,"name":"Fonden f\u00f6r Folkdansringens Hus"}]},{"@type":"WebSite","@id":"https:\/\/folkdansringen.se\/riks\/#website","url":"https:\/\/folkdansringen.se\/riks\/","name":"Folkdansringen","description":"","potentialAction":[{"@type":"SearchAction","target":{"@type":"EntryPoint","urlTemplate":"https:\/\/folkdansringen.se\/riks\/?s={search_term_string}"},"query-input":{"@type":"PropertyValueSpecification","valueRequired":true,"valueName":"search_term_string"}}],"inLanguage":"sv-SE"}]}},"_links":{"self":[{"href":"https:\/\/folkdansringen.se\/riks\/wp-json\/wp\/v2\/pages\/10188","targetHints":{"allow":["GET"]}}],"collection":[{"href":"https:\/\/folkdansringen.se\/riks\/wp-json\/wp\/v2\/pages"}],"about":[{"href":"https:\/\/folkdansringen.se\/riks\/wp-json\/wp\/v2\/types\/page"}],"author":[{"embeddable":true,"href":"https:\/\/folkdansringen.se\/riks\/wp-json\/wp\/v2\/users\/1"}],"replies":[{"embeddable":true,"href":"https:\/\/folkdansringen.se\/riks\/wp-json\/wp\/v2\/comments?post=10188"}],"version-history":[{"count":9,"href":"https:\/\/folkdansringen.se\/riks\/wp-json\/wp\/v2\/pages\/10188\/revisions"}],"predecessor-version":[{"id":13031,"href":"https:\/\/folkdansringen.se\/riks\/wp-json\/wp\/v2\/pages\/10188\/revisions\/13031"}],"up":[{"embeddable":true,"href":"https:\/\/folkdansringen.se\/riks\/wp-json\/wp\/v2\/pages\/7988"}],"wp:attachment":[{"href":"https:\/\/folkdansringen.se\/riks\/wp-json\/wp\/v2\/media?parent=10188"}],"curies":[{"name":"wp","href":"https:\/\/api.w.org\/{rel}","templated":true}]}}