{"id":42,"date":"2020-01-14T14:53:01","date_gmt":"2020-01-14T13:53:01","guid":{"rendered":"https:\/\/folkdansringen.se\/orebro-ny\/?page_id=42"},"modified":"2022-11-15T19:10:26","modified_gmt":"2022-11-15T18:10:26","slug":"kontakt","status":"publish","type":"page","link":"https:\/\/folkdansringen.se\/orebro\/kontakt\/","title":{"rendered":"Kontakt"},"content":{"rendered":"\n<h1 class=\"wp-block-heading\">Kontakt<\/h1>\n\n\n\n<p>Om du ska anv\u00e4nda e-postadressen m\u00e5ste du kopiera den och ers\u00e4tt &lt;&gt; med @ Sedan ska det fungera.<br>\nJag hoppas p\u00e5 detta s\u00e4tt undvika att e-postadresserna blir avl\u00e4sta av automatiska avs\u00f6kare och inlagda i register f\u00f6r utskick av massreklam.<\/p>\n\n\n\n<h3 class=\"wp-block-heading\">Distriktets kontaktuppgifter<\/h3>\n\n\n\n<p> Folkdansringen i \u00d6rebro l\u00e4n<br> \u200bc\/o Anders \u00c5str\u00f6m<br> Huginv\u00e4gen 6<br>715 31  Odensbacken<br> 070-580 27 29 <br> anders.s.astrom&lt;at>folkdansringen.se<br> bankgironr. 5080-3030 <\/p>\n\n\n\n<p>)<\/p>\n\n\n\n<p><\/p>\n\n\n\n<p><\/p>\n","protected":false},"excerpt":{"rendered":"<p>Kontakt Om du ska anv\u00e4nda e-postadressen m\u00e5ste du kopiera den och ers\u00e4tt &lt;&gt; med @ Sedan ska det fungera. Jag hoppas p\u00e5 detta s\u00e4tt undvika att e-postadresserna blir avl\u00e4sta av automatiska avs\u00f6kare och inlagda i register f\u00f6r utskick av massreklam. Distriktets kontaktuppgifter Folkdansringen i \u00d6rebro l\u00e4n \u200bc\/o Anders \u00c5str\u00f6m Huginv\u00e4gen 6715 31 Odensbacken 070-580 27 &hellip; <\/p>\n<p class=\"link-more\"><a href=\"https:\/\/folkdansringen.se\/orebro\/kontakt\/\" class=\"more-link\">Forts\u00e4tt l\u00e4sa<span class=\"screen-reader-text\"> \u201dKontakt\u201d<\/span><\/a><\/p>\n","protected":false},"author":1,"featured_media":0,"parent":0,"menu_order":0,"comment_status":"closed","ping_status":"closed","template":"","meta":{"footnotes":""},"class_list":["post-42","page","type-page","status-publish","hentry"],"yoast_head":"<!-- This site is optimized with the Yoast SEO plugin v26.8 - https:\/\/yoast.com\/product\/yoast-seo-wordpress\/ -->\n<title>Kontakt - Folkdansringen \u00d6rebro<\/title>\n<meta name=\"robots\" content=\"noindex, follow, max-snippet:-1, max-image-preview:large, max-video-preview:-1\" \/>\n<meta property=\"og:locale\" content=\"sv_SE\" \/>\n<meta property=\"og:type\" content=\"article\" \/>\n<meta property=\"og:title\" content=\"Kontakt - Folkdansringen \u00d6rebro\" \/>\n<meta property=\"og:description\" content=\"Kontakt Om du ska anv\u00e4nda e-postadressen m\u00e5ste du kopiera den och ers\u00e4tt &lt;&gt; med @ Sedan ska det fungera. Jag hoppas p\u00e5 detta s\u00e4tt undvika att e-postadresserna blir avl\u00e4sta av automatiska avs\u00f6kare och inlagda i register f\u00f6r utskick av massreklam. Distriktets kontaktuppgifter Folkdansringen i \u00d6rebro l\u00e4n \u200bc\/o Anders \u00c5str\u00f6m Huginv\u00e4gen 6715 31 Odensbacken 070-580 27 &hellip; Forts\u00e4tt l\u00e4sa \u201dKontakt\u201d\" \/>\n<meta property=\"og:url\" content=\"https:\/\/folkdansringen.se\/orebro\/kontakt\/\" \/>\n<meta property=\"og:site_name\" content=\"Folkdansringen \u00d6rebro\" \/>\n<meta property=\"article:modified_time\" content=\"2022-11-15T18:10:26+00:00\" \/>\n<meta name=\"twitter:card\" content=\"summary_large_image\" \/>\n<meta name=\"twitter:label1\" content=\"Ber\u00e4knad l\u00e4stid\" \/>\n\t<meta name=\"twitter:data1\" content=\"1 minut\" \/>\n<script type=\"application\/ld+json\" class=\"yoast-schema-graph\">{\"@context\":\"https:\/\/schema.org\",\"@graph\":[{\"@type\":\"WebPage\",\"@id\":\"https:\/\/folkdansringen.se\/orebro\/kontakt\/\",\"url\":\"https:\/\/folkdansringen.se\/orebro\/kontakt\/\",\"name\":\"Kontakt - Folkdansringen \u00d6rebro\",\"isPartOf\":{\"@id\":\"https:\/\/folkdansringen.se\/orebro\/#website\"},\"datePublished\":\"2020-01-14T13:53:01+00:00\",\"dateModified\":\"2022-11-15T18:10:26+00:00\",\"breadcrumb\":{\"@id\":\"https:\/\/folkdansringen.se\/orebro\/kontakt\/#breadcrumb\"},\"inLanguage\":\"sv-SE\",\"potentialAction\":[{\"@type\":\"ReadAction\",\"target\":[\"https:\/\/folkdansringen.se\/orebro\/kontakt\/\"]}]},{\"@type\":\"BreadcrumbList\",\"@id\":\"https:\/\/folkdansringen.se\/orebro\/kontakt\/#breadcrumb\",\"itemListElement\":[{\"@type\":\"ListItem\",\"position\":1,\"name\":\"Hem\",\"item\":\"https:\/\/folkdansringen.se\/orebro\/\"},{\"@type\":\"ListItem\",\"position\":2,\"name\":\"Kontakt\"}]},{\"@type\":\"WebSite\",\"@id\":\"https:\/\/folkdansringen.se\/orebro\/#website\",\"url\":\"https:\/\/folkdansringen.se\/orebro\/\",\"name\":\"Folkdansringen \u00d6rebro\",\"description\":\"\",\"publisher\":{\"@id\":\"https:\/\/folkdansringen.se\/orebro\/#organization\"},\"potentialAction\":[{\"@type\":\"SearchAction\",\"target\":{\"@type\":\"EntryPoint\",\"urlTemplate\":\"https:\/\/folkdansringen.se\/orebro\/?s={search_term_string}\"},\"query-input\":{\"@type\":\"PropertyValueSpecification\",\"valueRequired\":true,\"valueName\":\"search_term_string\"}}],\"inLanguage\":\"sv-SE\"},{\"@type\":\"Organization\",\"@id\":\"https:\/\/folkdansringen.se\/orebro\/#organization\",\"name\":\"Folkdansringen \u00d6rebro\",\"url\":\"https:\/\/folkdansringen.se\/orebro\/\",\"logo\":{\"@type\":\"ImageObject\",\"inLanguage\":\"sv-SE\",\"@id\":\"https:\/\/folkdansringen.se\/orebro\/#\/schema\/logo\/image\/\",\"url\":\"https:\/\/folkdansringen.se\/orebro\/wp-content\/uploads\/2020\/01\/cropped-genomskinliglogga.png\",\"contentUrl\":\"https:\/\/folkdansringen.se\/orebro\/wp-content\/uploads\/2020\/01\/cropped-genomskinliglogga.png\",\"width\":600,\"height\":250,\"caption\":\"Folkdansringen \u00d6rebro\"},\"image\":{\"@id\":\"https:\/\/folkdansringen.se\/orebro\/#\/schema\/logo\/image\/\"}}]}<\/script>\n<!-- \/ Yoast SEO plugin. -->","yoast_head_json":{"title":"Kontakt - Folkdansringen \u00d6rebro","robots":{"index":"noindex","follow":"follow","max-snippet":"max-snippet:-1","max-image-preview":"max-image-preview:large","max-video-preview":"max-video-preview:-1"},"og_locale":"sv_SE","og_type":"article","og_title":"Kontakt - Folkdansringen \u00d6rebro","og_description":"Kontakt Om du ska anv\u00e4nda e-postadressen m\u00e5ste du kopiera den och ers\u00e4tt &lt;&gt; med @ Sedan ska det fungera. Jag hoppas p\u00e5 detta s\u00e4tt undvika att e-postadresserna blir avl\u00e4sta av automatiska avs\u00f6kare och inlagda i register f\u00f6r utskick av massreklam. Distriktets kontaktuppgifter Folkdansringen i \u00d6rebro l\u00e4n \u200bc\/o Anders \u00c5str\u00f6m Huginv\u00e4gen 6715 31 Odensbacken 070-580 27 &hellip; Forts\u00e4tt l\u00e4sa \u201dKontakt\u201d","og_url":"https:\/\/folkdansringen.se\/orebro\/kontakt\/","og_site_name":"Folkdansringen \u00d6rebro","article_modified_time":"2022-11-15T18:10:26+00:00","twitter_card":"summary_large_image","twitter_misc":{"Ber\u00e4knad l\u00e4stid":"1 minut"},"schema":{"@context":"https:\/\/schema.org","@graph":[{"@type":"WebPage","@id":"https:\/\/folkdansringen.se\/orebro\/kontakt\/","url":"https:\/\/folkdansringen.se\/orebro\/kontakt\/","name":"Kontakt - Folkdansringen \u00d6rebro","isPartOf":{"@id":"https:\/\/folkdansringen.se\/orebro\/#website"},"datePublished":"2020-01-14T13:53:01+00:00","dateModified":"2022-11-15T18:10:26+00:00","breadcrumb":{"@id":"https:\/\/folkdansringen.se\/orebro\/kontakt\/#breadcrumb"},"inLanguage":"sv-SE","potentialAction":[{"@type":"ReadAction","target":["https:\/\/folkdansringen.se\/orebro\/kontakt\/"]}]},{"@type":"BreadcrumbList","@id":"https:\/\/folkdansringen.se\/orebro\/kontakt\/#breadcrumb","itemListElement":[{"@type":"ListItem","position":1,"name":"Hem","item":"https:\/\/folkdansringen.se\/orebro\/"},{"@type":"ListItem","position":2,"name":"Kontakt"}]},{"@type":"WebSite","@id":"https:\/\/folkdansringen.se\/orebro\/#website","url":"https:\/\/folkdansringen.se\/orebro\/","name":"Folkdansringen \u00d6rebro","description":"","publisher":{"@id":"https:\/\/folkdansringen.se\/orebro\/#organization"},"potentialAction":[{"@type":"SearchAction","target":{"@type":"EntryPoint","urlTemplate":"https:\/\/folkdansringen.se\/orebro\/?s={search_term_string}"},"query-input":{"@type":"PropertyValueSpecification","valueRequired":true,"valueName":"search_term_string"}}],"inLanguage":"sv-SE"},{"@type":"Organization","@id":"https:\/\/folkdansringen.se\/orebro\/#organization","name":"Folkdansringen \u00d6rebro","url":"https:\/\/folkdansringen.se\/orebro\/","logo":{"@type":"ImageObject","inLanguage":"sv-SE","@id":"https:\/\/folkdansringen.se\/orebro\/#\/schema\/logo\/image\/","url":"https:\/\/folkdansringen.se\/orebro\/wp-content\/uploads\/2020\/01\/cropped-genomskinliglogga.png","contentUrl":"https:\/\/folkdansringen.se\/orebro\/wp-content\/uploads\/2020\/01\/cropped-genomskinliglogga.png","width":600,"height":250,"caption":"Folkdansringen \u00d6rebro"},"image":{"@id":"https:\/\/folkdansringen.se\/orebro\/#\/schema\/logo\/image\/"}}]}},"_links":{"self":[{"href":"https:\/\/folkdansringen.se\/orebro\/wp-json\/wp\/v2\/pages\/42","targetHints":{"allow":["GET"]}}],"collection":[{"href":"https:\/\/folkdansringen.se\/orebro\/wp-json\/wp\/v2\/pages"}],"about":[{"href":"https:\/\/folkdansringen.se\/orebro\/wp-json\/wp\/v2\/types\/page"}],"author":[{"embeddable":true,"href":"https:\/\/folkdansringen.se\/orebro\/wp-json\/wp\/v2\/users\/1"}],"replies":[{"embeddable":true,"href":"https:\/\/folkdansringen.se\/orebro\/wp-json\/wp\/v2\/comments?post=42"}],"version-history":[{"count":8,"href":"https:\/\/folkdansringen.se\/orebro\/wp-json\/wp\/v2\/pages\/42\/revisions"}],"predecessor-version":[{"id":432,"href":"https:\/\/folkdansringen.se\/orebro\/wp-json\/wp\/v2\/pages\/42\/revisions\/432"}],"wp:attachment":[{"href":"https:\/\/folkdansringen.se\/orebro\/wp-json\/wp\/v2\/media?parent=42"}],"curies":[{"name":"wp","href":"https:\/\/api.w.org\/{rel}","templated":true}]}}