{"id":113,"date":"2020-01-29T16:58:26","date_gmt":"2020-01-29T15:58:26","guid":{"rendered":"https:\/\/folkdansringen.se\/orebro\/?page_id=113"},"modified":"2023-02-16T13:02:24","modified_gmt":"2023-02-16T12:02:24","slug":"medlemssida","status":"publish","type":"page","link":"https:\/\/folkdansringen.se\/orebro\/medlemssida\/","title":{"rendered":"Medlemssida"},"content":{"rendered":"","protected":true},"excerpt":{"rendered":"","protected":true},"author":1,"featured_media":0,"parent":0,"menu_order":0,"comment_status":"closed","ping_status":"closed","template":"","meta":{"footnotes":""},"class_list":["post-113","page","type-page","status-publish","post-password-required","hentry"],"yoast_head":"<!-- This site is optimized with the Yoast SEO plugin v26.8 - https:\/\/yoast.com\/product\/yoast-seo-wordpress\/ -->\n<title>Medlemssida - Folkdansringen \u00d6rebro<\/title>\n<meta name=\"robots\" content=\"noindex, follow, max-snippet:-1, max-image-preview:large, max-video-preview:-1\" \/>\n<meta property=\"og:locale\" content=\"sv_SE\" \/>\n<meta property=\"og:type\" content=\"article\" \/>\n<meta property=\"og:title\" content=\"Medlemssida - Folkdansringen \u00d6rebro\" \/>\n<meta property=\"og:description\" content=\"Det finns inget utdrag eftersom detta \u00e4r ett skyddat inl\u00e4gg.\" \/>\n<meta property=\"og:url\" content=\"https:\/\/folkdansringen.se\/orebro\/medlemssida\/\" \/>\n<meta property=\"og:site_name\" content=\"Folkdansringen \u00d6rebro\" \/>\n<meta property=\"article:modified_time\" content=\"2023-02-16T12:02:24+00:00\" \/>\n<meta name=\"twitter:card\" content=\"summary_large_image\" \/>\n<meta name=\"twitter:label1\" content=\"Ber\u00e4knad l\u00e4stid\" \/>\n\t<meta name=\"twitter:data1\" content=\"4 minuter\" \/>\n<script type=\"application\/ld+json\" class=\"yoast-schema-graph\">{\"@context\":\"https:\/\/schema.org\",\"@graph\":[{\"@type\":\"WebPage\",\"@id\":\"https:\/\/folkdansringen.se\/orebro\/medlemssida\/\",\"url\":\"https:\/\/folkdansringen.se\/orebro\/medlemssida\/\",\"name\":\"Medlemssida - Folkdansringen \u00d6rebro\",\"isPartOf\":{\"@id\":\"https:\/\/folkdansringen.se\/orebro\/#website\"},\"datePublished\":\"2020-01-29T15:58:26+00:00\",\"dateModified\":\"2023-02-16T12:02:24+00:00\",\"breadcrumb\":{\"@id\":\"https:\/\/folkdansringen.se\/orebro\/medlemssida\/#breadcrumb\"},\"inLanguage\":\"sv-SE\"},{\"@type\":\"WebSite\",\"@id\":\"https:\/\/folkdansringen.se\/orebro\/#website\",\"url\":\"https:\/\/folkdansringen.se\/orebro\/\",\"name\":\"Folkdansringen \u00d6rebro\",\"description\":\"\",\"publisher\":{\"@id\":\"https:\/\/folkdansringen.se\/orebro\/#organization\"},\"potentialAction\":[{\"@type\":\"SearchAction\",\"target\":{\"@type\":\"EntryPoint\",\"urlTemplate\":\"https:\/\/folkdansringen.se\/orebro\/?s={search_term_string}\"},\"query-input\":{\"@type\":\"PropertyValueSpecification\",\"valueRequired\":true,\"valueName\":\"search_term_string\"}}],\"inLanguage\":\"sv-SE\"},{\"@type\":\"Organization\",\"@id\":\"https:\/\/folkdansringen.se\/orebro\/#organization\",\"name\":\"Folkdansringen \u00d6rebro\",\"url\":\"https:\/\/folkdansringen.se\/orebro\/\",\"logo\":{\"@type\":\"ImageObject\",\"inLanguage\":\"sv-SE\",\"@id\":\"https:\/\/folkdansringen.se\/orebro\/#\/schema\/logo\/image\/\",\"url\":\"https:\/\/folkdansringen.se\/orebro\/wp-content\/uploads\/2020\/01\/cropped-genomskinliglogga.png\",\"contentUrl\":\"https:\/\/folkdansringen.se\/orebro\/wp-content\/uploads\/2020\/01\/cropped-genomskinliglogga.png\",\"width\":600,\"height\":250,\"caption\":\"Folkdansringen \u00d6rebro\"},\"image\":{\"@id\":\"https:\/\/folkdansringen.se\/orebro\/#\/schema\/logo\/image\/\"}}]}<\/script>\n<!-- \/ Yoast SEO plugin. -->","yoast_head_json":{"title":"Medlemssida - Folkdansringen \u00d6rebro","robots":{"index":"noindex","follow":"follow","max-snippet":"max-snippet:-1","max-image-preview":"max-image-preview:large","max-video-preview":"max-video-preview:-1"},"og_locale":"sv_SE","og_type":"article","og_title":"Medlemssida - Folkdansringen \u00d6rebro","og_description":"Det finns inget utdrag eftersom detta \u00e4r ett skyddat inl\u00e4gg.","og_url":"https:\/\/folkdansringen.se\/orebro\/medlemssida\/","og_site_name":"Folkdansringen \u00d6rebro","article_modified_time":"2023-02-16T12:02:24+00:00","twitter_card":"summary_large_image","twitter_misc":{"Ber\u00e4knad l\u00e4stid":"4 minuter"},"schema":{"@context":"https:\/\/schema.org","@graph":[{"@type":"WebPage","@id":"https:\/\/folkdansringen.se\/orebro\/medlemssida\/","url":"https:\/\/folkdansringen.se\/orebro\/medlemssida\/","name":"Medlemssida - Folkdansringen \u00d6rebro","isPartOf":{"@id":"https:\/\/folkdansringen.se\/orebro\/#website"},"datePublished":"2020-01-29T15:58:26+00:00","dateModified":"2023-02-16T12:02:24+00:00","breadcrumb":{"@id":"https:\/\/folkdansringen.se\/orebro\/medlemssida\/#breadcrumb"},"inLanguage":"sv-SE"},{"@type":"WebSite","@id":"https:\/\/folkdansringen.se\/orebro\/#website","url":"https:\/\/folkdansringen.se\/orebro\/","name":"Folkdansringen \u00d6rebro","description":"","publisher":{"@id":"https:\/\/folkdansringen.se\/orebro\/#organization"},"potentialAction":[{"@type":"SearchAction","target":{"@type":"EntryPoint","urlTemplate":"https:\/\/folkdansringen.se\/orebro\/?s={search_term_string}"},"query-input":{"@type":"PropertyValueSpecification","valueRequired":true,"valueName":"search_term_string"}}],"inLanguage":"sv-SE"},{"@type":"Organization","@id":"https:\/\/folkdansringen.se\/orebro\/#organization","name":"Folkdansringen \u00d6rebro","url":"https:\/\/folkdansringen.se\/orebro\/","logo":{"@type":"ImageObject","inLanguage":"sv-SE","@id":"https:\/\/folkdansringen.se\/orebro\/#\/schema\/logo\/image\/","url":"https:\/\/folkdansringen.se\/orebro\/wp-content\/uploads\/2020\/01\/cropped-genomskinliglogga.png","contentUrl":"https:\/\/folkdansringen.se\/orebro\/wp-content\/uploads\/2020\/01\/cropped-genomskinliglogga.png","width":600,"height":250,"caption":"Folkdansringen \u00d6rebro"},"image":{"@id":"https:\/\/folkdansringen.se\/orebro\/#\/schema\/logo\/image\/"}}]}},"_links":{"self":[{"href":"https:\/\/folkdansringen.se\/orebro\/wp-json\/wp\/v2\/pages\/113","targetHints":{"allow":["GET"]}}],"collection":[{"href":"https:\/\/folkdansringen.se\/orebro\/wp-json\/wp\/v2\/pages"}],"about":[{"href":"https:\/\/folkdansringen.se\/orebro\/wp-json\/wp\/v2\/types\/page"}],"author":[{"embeddable":true,"href":"https:\/\/folkdansringen.se\/orebro\/wp-json\/wp\/v2\/users\/1"}],"replies":[{"embeddable":true,"href":"https:\/\/folkdansringen.se\/orebro\/wp-json\/wp\/v2\/comments?post=113"}],"version-history":[{"count":18,"href":"https:\/\/folkdansringen.se\/orebro\/wp-json\/wp\/v2\/pages\/113\/revisions"}],"predecessor-version":[{"id":475,"href":"https:\/\/folkdansringen.se\/orebro\/wp-json\/wp\/v2\/pages\/113\/revisions\/475"}],"wp:attachment":[{"href":"https:\/\/folkdansringen.se\/orebro\/wp-json\/wp\/v2\/media?parent=113"}],"curies":[{"name":"wp","href":"https:\/\/api.w.org\/{rel}","templated":true}]}}