{"id":10,"date":"2020-01-14T14:23:24","date_gmt":"2020-01-14T13:23:24","guid":{"rendered":"https:\/\/folkdansringen.se\/orebro-ny\/?page_id=10"},"modified":"2025-02-08T20:11:43","modified_gmt":"2025-02-08T19:11:43","slug":"hem","status":"publish","type":"page","link":"https:\/\/folkdansringen.se\/orebro\/","title":{"rendered":"Hem"},"content":{"rendered":"<div class=\"wp-block-image\">\n<figure class=\"aligncenter size-full\"><img loading=\"lazy\" decoding=\"async\" width=\"1918\" height=\"795\" src=\"https:\/\/folkdansringen.se\/orebro\/wp-content\/uploads\/2020\/01\/\u00f6rebro.png\" alt=\"\" class=\"wp-image-99\" srcset=\"https:\/\/folkdansringen.se\/orebro\/wp-content\/uploads\/2020\/01\/\u00f6rebro.png 1918w, https:\/\/folkdansringen.se\/orebro\/wp-content\/uploads\/2020\/01\/\u00f6rebro-300x124.png 300w, https:\/\/folkdansringen.se\/orebro\/wp-content\/uploads\/2020\/01\/\u00f6rebro-1024x424.png 1024w, https:\/\/folkdansringen.se\/orebro\/wp-content\/uploads\/2020\/01\/\u00f6rebro-768x318.png 768w, https:\/\/folkdansringen.se\/orebro\/wp-content\/uploads\/2020\/01\/\u00f6rebro-1536x637.png 1536w\" sizes=\"auto, (max-width: 706px) 89vw, (max-width: 767px) 82vw, 740px\" \/><\/figure><\/div>\n\n\n<h1 class=\"wp-block-heading has-text-align-center has-large-font-size\"><strong>FOLKDANSRINGEN I \u00d6REBRO<\/strong> <strong>L\u00c4N<\/strong><\/h1>\n\n\n\n<p class=\"has-normal-font-size\"><\/p>\n\n\n\n<p><\/p>\n","protected":false},"excerpt":{"rendered":"<p>FOLKDANSRINGEN I \u00d6REBRO L\u00c4N<\/p>\n","protected":false},"author":1,"featured_media":0,"parent":0,"menu_order":0,"comment_status":"closed","ping_status":"closed","template":"","meta":{"footnotes":""},"class_list":["post-10","page","type-page","status-publish","hentry"],"yoast_head":"<!-- This site is optimized with the Yoast SEO plugin v26.8 - https:\/\/yoast.com\/product\/yoast-seo-wordpress\/ -->\n<title>Hem - Folkdansringen \u00d6rebro<\/title>\n<meta name=\"robots\" content=\"noindex, follow, max-snippet:-1, max-image-preview:large, max-video-preview:-1\" \/>\n<meta property=\"og:locale\" content=\"sv_SE\" \/>\n<meta property=\"og:type\" content=\"article\" \/>\n<meta property=\"og:title\" content=\"Hem - Folkdansringen \u00d6rebro\" \/>\n<meta property=\"og:description\" content=\"FOLKDANSRINGEN I \u00d6REBRO L\u00c4N\" \/>\n<meta property=\"og:url\" content=\"https:\/\/folkdansringen.se\/orebro\/\" \/>\n<meta property=\"og:site_name\" content=\"Folkdansringen \u00d6rebro\" \/>\n<meta property=\"article:modified_time\" content=\"2025-02-08T19:11:43+00:00\" \/>\n<meta name=\"twitter:card\" content=\"summary_large_image\" \/>\n<meta name=\"twitter:label1\" content=\"Ber\u00e4knad l\u00e4stid\" \/>\n\t<meta name=\"twitter:data1\" content=\"1 minut\" \/>\n<script type=\"application\/ld+json\" class=\"yoast-schema-graph\">{\"@context\":\"https:\/\/schema.org\",\"@graph\":[{\"@type\":\"WebPage\",\"@id\":\"https:\/\/folkdansringen.se\/orebro\/\",\"url\":\"https:\/\/folkdansringen.se\/orebro\/\",\"name\":\"Hem - Folkdansringen \u00d6rebro\",\"isPartOf\":{\"@id\":\"https:\/\/folkdansringen.se\/orebro\/#website\"},\"datePublished\":\"2020-01-14T13:23:24+00:00\",\"dateModified\":\"2025-02-08T19:11:43+00:00\",\"breadcrumb\":{\"@id\":\"https:\/\/folkdansringen.se\/orebro\/#breadcrumb\"},\"inLanguage\":\"sv-SE\",\"potentialAction\":[{\"@type\":\"ReadAction\",\"target\":[\"https:\/\/folkdansringen.se\/orebro\/\"]}]},{\"@type\":\"BreadcrumbList\",\"@id\":\"https:\/\/folkdansringen.se\/orebro\/#breadcrumb\",\"itemListElement\":[{\"@type\":\"ListItem\",\"position\":1,\"name\":\"Hem\",\"item\":\"https:\/\/folkdansringen.se\/orebro\/\"},{\"@type\":\"ListItem\",\"position\":2,\"name\":\"Hem\"}]},{\"@type\":\"WebSite\",\"@id\":\"https:\/\/folkdansringen.se\/orebro\/#website\",\"url\":\"https:\/\/folkdansringen.se\/orebro\/\",\"name\":\"Folkdansringen \u00d6rebro\",\"description\":\"\",\"publisher\":{\"@id\":\"https:\/\/folkdansringen.se\/orebro\/#organization\"},\"potentialAction\":[{\"@type\":\"SearchAction\",\"target\":{\"@type\":\"EntryPoint\",\"urlTemplate\":\"https:\/\/folkdansringen.se\/orebro\/?s={search_term_string}\"},\"query-input\":{\"@type\":\"PropertyValueSpecification\",\"valueRequired\":true,\"valueName\":\"search_term_string\"}}],\"inLanguage\":\"sv-SE\"},{\"@type\":\"Organization\",\"@id\":\"https:\/\/folkdansringen.se\/orebro\/#organization\",\"name\":\"Folkdansringen \u00d6rebro\",\"url\":\"https:\/\/folkdansringen.se\/orebro\/\",\"logo\":{\"@type\":\"ImageObject\",\"inLanguage\":\"sv-SE\",\"@id\":\"https:\/\/folkdansringen.se\/orebro\/#\/schema\/logo\/image\/\",\"url\":\"https:\/\/folkdansringen.se\/orebro\/wp-content\/uploads\/2020\/01\/cropped-genomskinliglogga.png\",\"contentUrl\":\"https:\/\/folkdansringen.se\/orebro\/wp-content\/uploads\/2020\/01\/cropped-genomskinliglogga.png\",\"width\":600,\"height\":250,\"caption\":\"Folkdansringen \u00d6rebro\"},\"image\":{\"@id\":\"https:\/\/folkdansringen.se\/orebro\/#\/schema\/logo\/image\/\"}}]}<\/script>\n<!-- \/ Yoast SEO plugin. -->","yoast_head_json":{"title":"Hem - Folkdansringen \u00d6rebro","robots":{"index":"noindex","follow":"follow","max-snippet":"max-snippet:-1","max-image-preview":"max-image-preview:large","max-video-preview":"max-video-preview:-1"},"og_locale":"sv_SE","og_type":"article","og_title":"Hem - Folkdansringen \u00d6rebro","og_description":"FOLKDANSRINGEN I \u00d6REBRO L\u00c4N","og_url":"https:\/\/folkdansringen.se\/orebro\/","og_site_name":"Folkdansringen \u00d6rebro","article_modified_time":"2025-02-08T19:11:43+00:00","twitter_card":"summary_large_image","twitter_misc":{"Ber\u00e4knad l\u00e4stid":"1 minut"},"schema":{"@context":"https:\/\/schema.org","@graph":[{"@type":"WebPage","@id":"https:\/\/folkdansringen.se\/orebro\/","url":"https:\/\/folkdansringen.se\/orebro\/","name":"Hem - Folkdansringen \u00d6rebro","isPartOf":{"@id":"https:\/\/folkdansringen.se\/orebro\/#website"},"datePublished":"2020-01-14T13:23:24+00:00","dateModified":"2025-02-08T19:11:43+00:00","breadcrumb":{"@id":"https:\/\/folkdansringen.se\/orebro\/#breadcrumb"},"inLanguage":"sv-SE","potentialAction":[{"@type":"ReadAction","target":["https:\/\/folkdansringen.se\/orebro\/"]}]},{"@type":"BreadcrumbList","@id":"https:\/\/folkdansringen.se\/orebro\/#breadcrumb","itemListElement":[{"@type":"ListItem","position":1,"name":"Hem","item":"https:\/\/folkdansringen.se\/orebro\/"},{"@type":"ListItem","position":2,"name":"Hem"}]},{"@type":"WebSite","@id":"https:\/\/folkdansringen.se\/orebro\/#website","url":"https:\/\/folkdansringen.se\/orebro\/","name":"Folkdansringen \u00d6rebro","description":"","publisher":{"@id":"https:\/\/folkdansringen.se\/orebro\/#organization"},"potentialAction":[{"@type":"SearchAction","target":{"@type":"EntryPoint","urlTemplate":"https:\/\/folkdansringen.se\/orebro\/?s={search_term_string}"},"query-input":{"@type":"PropertyValueSpecification","valueRequired":true,"valueName":"search_term_string"}}],"inLanguage":"sv-SE"},{"@type":"Organization","@id":"https:\/\/folkdansringen.se\/orebro\/#organization","name":"Folkdansringen \u00d6rebro","url":"https:\/\/folkdansringen.se\/orebro\/","logo":{"@type":"ImageObject","inLanguage":"sv-SE","@id":"https:\/\/folkdansringen.se\/orebro\/#\/schema\/logo\/image\/","url":"https:\/\/folkdansringen.se\/orebro\/wp-content\/uploads\/2020\/01\/cropped-genomskinliglogga.png","contentUrl":"https:\/\/folkdansringen.se\/orebro\/wp-content\/uploads\/2020\/01\/cropped-genomskinliglogga.png","width":600,"height":250,"caption":"Folkdansringen \u00d6rebro"},"image":{"@id":"https:\/\/folkdansringen.se\/orebro\/#\/schema\/logo\/image\/"}}]}},"_links":{"self":[{"href":"https:\/\/folkdansringen.se\/orebro\/wp-json\/wp\/v2\/pages\/10","targetHints":{"allow":["GET"]}}],"collection":[{"href":"https:\/\/folkdansringen.se\/orebro\/wp-json\/wp\/v2\/pages"}],"about":[{"href":"https:\/\/folkdansringen.se\/orebro\/wp-json\/wp\/v2\/types\/page"}],"author":[{"embeddable":true,"href":"https:\/\/folkdansringen.se\/orebro\/wp-json\/wp\/v2\/users\/1"}],"replies":[{"embeddable":true,"href":"https:\/\/folkdansringen.se\/orebro\/wp-json\/wp\/v2\/comments?post=10"}],"version-history":[{"count":59,"href":"https:\/\/folkdansringen.se\/orebro\/wp-json\/wp\/v2\/pages\/10\/revisions"}],"predecessor-version":[{"id":500,"href":"https:\/\/folkdansringen.se\/orebro\/wp-json\/wp\/v2\/pages\/10\/revisions\/500"}],"wp:attachment":[{"href":"https:\/\/folkdansringen.se\/orebro\/wp-json\/wp\/v2\/media?parent=10"}],"curies":[{"name":"wp","href":"https:\/\/api.w.org\/{rel}","templated":true}]}}