{"id":861,"date":"2022-07-10T14:36:56","date_gmt":"2022-07-10T12:36:56","guid":{"rendered":"https:\/\/folkdansringen.se\/ny-hallstahammar\/?page_id=861"},"modified":"2022-07-13T18:15:39","modified_gmt":"2022-07-13T16:15:39","slug":"videor-2","status":"publish","type":"page","link":"https:\/\/folkdansringen.se\/ny-hallstahammar\/index.php\/videor-2\/","title":{"rendered":"Videor"},"content":{"rendered":"\n<p>Filmerna \u00e4r upplagda p\u00e5 Youtube. Klicka p\u00e5 pilen i mitten f\u00f6r att starta filmen.<\/p>\n\n\n\n<figure class=\"wp-block-embed is-type-video is-provider-youtube wp-block-embed-youtube wp-embed-aspect-16-9 wp-has-aspect-ratio\"><div class=\"wp-block-embed__wrapper\">\n<iframe loading=\"lazy\" title=\"HFG Tr\u00e5ngfors 2019-08-18\" width=\"750\" height=\"422\" src=\"https:\/\/www.youtube.com\/embed\/GnUHfUuuDRo?feature=oembed\" frameborder=\"0\" allow=\"accelerometer; autoplay; clipboard-write; encrypted-media; gyroscope; picture-in-picture\" allowfullscreen><\/iframe>\n<\/div><\/figure>\n\n\n\n<figure class=\"wp-block-embed is-type-video is-provider-youtube wp-block-embed-youtube wp-embed-aspect-4-3 wp-has-aspect-ratio\"><div class=\"wp-block-embed__wrapper\">\n<iframe loading=\"lazy\" title=\"HFG \u00c4ppelparken 2019-06-15\" width=\"750\" height=\"563\" src=\"https:\/\/www.youtube.com\/embed\/v7Gj-9wp3Ms?feature=oembed\" frameborder=\"0\" allow=\"accelerometer; autoplay; clipboard-write; encrypted-media; gyroscope; picture-in-picture\" allowfullscreen><\/iframe>\n<\/div><\/figure>\n\n\n\n<figure class=\"wp-block-embed is-type-video is-provider-youtube wp-block-embed-youtube wp-embed-aspect-4-3 wp-has-aspect-ratio\"><div class=\"wp-block-embed__wrapper\">\n<iframe loading=\"lazy\" title=\"HFG Tr\u00e5ngfors 2018-08-19\" width=\"750\" height=\"563\" src=\"https:\/\/www.youtube.com\/embed\/IjDAKfIIBJ8?feature=oembed\" frameborder=\"0\" allow=\"accelerometer; autoplay; clipboard-write; encrypted-media; gyroscope; picture-in-picture\" allowfullscreen><\/iframe>\n<\/div><\/figure>\n\n\n\n<figure class=\"wp-block-embed is-type-video is-provider-youtube wp-block-embed-youtube wp-embed-aspect-4-3 wp-has-aspect-ratio\"><div class=\"wp-block-embed__wrapper\">\n<iframe loading=\"lazy\" title=\"HFG Carmenladan 2017-12-10\" width=\"750\" height=\"563\" src=\"https:\/\/www.youtube.com\/embed\/cB3CL9Wls_M?feature=oembed\" frameborder=\"0\" allow=\"accelerometer; autoplay; clipboard-write; encrypted-media; gyroscope; picture-in-picture\" allowfullscreen><\/iframe>\n<\/div><\/figure>\n\n\n\n<figure class=\"wp-block-embed is-type-video is-provider-youtube wp-block-embed-youtube wp-embed-aspect-4-3 wp-has-aspect-ratio\"><div class=\"wp-block-embed__wrapper\">\n<iframe loading=\"lazy\" title=\"HFG Carmenladan 2016-12-04\" width=\"750\" height=\"563\" src=\"https:\/\/www.youtube.com\/embed\/n2otzKLqUzM?feature=oembed\" frameborder=\"0\" allow=\"accelerometer; autoplay; clipboard-write; encrypted-media; gyroscope; picture-in-picture\" allowfullscreen><\/iframe>\n<\/div><\/figure>\n","protected":false},"excerpt":{"rendered":"<p>Filmerna \u00e4r upplagda p\u00e5 Youtube. Klicka p\u00e5 pilen i mitten f\u00f6r att starta filmen.<\/p>\n","protected":false},"author":1,"featured_media":0,"parent":0,"menu_order":0,"comment_status":"closed","ping_status":"closed","template":"","meta":{"footnotes":""},"class_list":["post-861","page","type-page","status-publish","hentry","entry"],"_links":{"self":[{"href":"https:\/\/folkdansringen.se\/ny-hallstahammar\/index.php\/wp-json\/wp\/v2\/pages\/861","targetHints":{"allow":["GET"]}}],"collection":[{"href":"https:\/\/folkdansringen.se\/ny-hallstahammar\/index.php\/wp-json\/wp\/v2\/pages"}],"about":[{"href":"https:\/\/folkdansringen.se\/ny-hallstahammar\/index.php\/wp-json\/wp\/v2\/types\/page"}],"author":[{"embeddable":true,"href":"https:\/\/folkdansringen.se\/ny-hallstahammar\/index.php\/wp-json\/wp\/v2\/users\/1"}],"replies":[{"embeddable":true,"href":"https:\/\/folkdansringen.se\/ny-hallstahammar\/index.php\/wp-json\/wp\/v2\/comments?post=861"}],"version-history":[{"count":16,"href":"https:\/\/folkdansringen.se\/ny-hallstahammar\/index.php\/wp-json\/wp\/v2\/pages\/861\/revisions"}],"predecessor-version":[{"id":906,"href":"https:\/\/folkdansringen.se\/ny-hallstahammar\/index.php\/wp-json\/wp\/v2\/pages\/861\/revisions\/906"}],"wp:attachment":[{"href":"https:\/\/folkdansringen.se\/ny-hallstahammar\/index.php\/wp-json\/wp\/v2\/media?parent=861"}],"curies":[{"name":"wp","href":"https:\/\/api.w.org\/{rel}","templated":true}]}}