{"id":8,"date":"2021-12-04T13:34:32","date_gmt":"2021-12-04T12:34:32","guid":{"rendered":"https:\/\/folkdansringen.se\/ny-hallstahammar\/?page_id=8"},"modified":"2021-12-05T11:51:14","modified_gmt":"2021-12-05T10:51:14","slug":"om","status":"publish","type":"page","link":"https:\/\/folkdansringen.se\/ny-hallstahammar\/index.php\/om\/","title":{"rendered":"Om oss"},"content":{"rendered":"\n<p><\/p>\n\n\n\n<p>Du kanske \u00e4r konstn\u00e4r och vill presentera dig sj\u00e4lv och dina arbeten h\u00e4r, eller s\u00e5 kanske du \u00e4r ett f\u00f6retag som vill ber\u00e4tta om din vision.<\/p>\n","protected":false},"excerpt":{"rendered":"<p>Du kanske \u00e4r konstn\u00e4r och vill presentera dig sj\u00e4lv och dina arbeten h\u00e4r, eller s\u00e5 kanske du \u00e4r ett f\u00f6retag som vill ber\u00e4tta om din vision.<\/p>\n","protected":false},"author":1,"featured_media":0,"parent":0,"menu_order":0,"comment_status":"closed","ping_status":"closed","template":"","meta":{"footnotes":""},"class_list":["post-8","page","type-page","status-publish","hentry","entry"],"_links":{"self":[{"href":"https:\/\/folkdansringen.se\/ny-hallstahammar\/index.php\/wp-json\/wp\/v2\/pages\/8","targetHints":{"allow":["GET"]}}],"collection":[{"href":"https:\/\/folkdansringen.se\/ny-hallstahammar\/index.php\/wp-json\/wp\/v2\/pages"}],"about":[{"href":"https:\/\/folkdansringen.se\/ny-hallstahammar\/index.php\/wp-json\/wp\/v2\/types\/page"}],"author":[{"embeddable":true,"href":"https:\/\/folkdansringen.se\/ny-hallstahammar\/index.php\/wp-json\/wp\/v2\/users\/1"}],"replies":[{"embeddable":true,"href":"https:\/\/folkdansringen.se\/ny-hallstahammar\/index.php\/wp-json\/wp\/v2\/comments?post=8"}],"version-history":[{"count":2,"href":"https:\/\/folkdansringen.se\/ny-hallstahammar\/index.php\/wp-json\/wp\/v2\/pages\/8\/revisions"}],"predecessor-version":[{"id":34,"href":"https:\/\/folkdansringen.se\/ny-hallstahammar\/index.php\/wp-json\/wp\/v2\/pages\/8\/revisions\/34"}],"wp:attachment":[{"href":"https:\/\/folkdansringen.se\/ny-hallstahammar\/index.php\/wp-json\/wp\/v2\/media?parent=8"}],"curies":[{"name":"wp","href":"https:\/\/api.w.org\/{rel}","templated":true}]}}