{"id":714,"date":"2022-01-09T14:44:45","date_gmt":"2022-01-09T13:44:45","guid":{"rendered":"https:\/\/folkdansringen.se\/ny-hallstahammar\/?page_id=714"},"modified":"2022-01-10T18:04:44","modified_gmt":"2022-01-10T17:04:44","slug":"ar-2016-och-aldre","status":"publish","type":"page","link":"https:\/\/folkdansringen.se\/ny-hallstahammar\/index.php\/ar-2016-och-aldre\/","title":{"rendered":"\u00c5r 2016 och \u00e4ldre"},"content":{"rendered":"\n<p class=\"has-text-align-center\">Julfest&nbsp; i&nbsp; IOGT-lokalen<strong> <\/strong>2016-12-06<\/p>\n\n\n\n<figure class=\"wp-block-gallery alignfull columns-3 is-cropped wp-block-gallery-1 is-layout-flex wp-block-gallery-is-layout-flex\"><ul class=\"blocks-gallery-grid\"><li class=\"blocks-gallery-item\"><figure><img loading=\"lazy\" decoding=\"async\" width=\"709\" height=\"472\" src=\"https:\/\/folkdansringen.se\/ny-hallstahammar\/wp-content\/uploads\/2021\/12\/DSC_0270G.jpg\" alt=\"\" data-id=\"176\" data-full-url=\"https:\/\/folkdansringen.se\/ny-hallstahammar\/wp-content\/uploads\/2021\/12\/DSC_0270G.jpg\" data-link=\"https:\/\/folkdansringen.se\/ny-hallstahammar\/dsc_0270g\/\" class=\"wp-image-176\" srcset=\"https:\/\/folkdansringen.se\/ny-hallstahammar\/wp-content\/uploads\/2021\/12\/DSC_0270G.jpg 709w, https:\/\/folkdansringen.se\/ny-hallstahammar\/wp-content\/uploads\/2021\/12\/DSC_0270G-300x200.jpg 300w\" sizes=\"auto, (max-width: 709px) 100vw, 709px\" \/><\/figure><\/li><li class=\"blocks-gallery-item\"><figure><img loading=\"lazy\" decoding=\"async\" width=\"591\" height=\"394\" src=\"https:\/\/folkdansringen.se\/ny-hallstahammar\/wp-content\/uploads\/2021\/12\/JDSC_0265.jpg\" alt=\"\" data-id=\"184\" data-full-url=\"https:\/\/folkdansringen.se\/ny-hallstahammar\/wp-content\/uploads\/2021\/12\/JDSC_0265.jpg\" data-link=\"https:\/\/folkdansringen.se\/ny-hallstahammar\/jdsc_0265\/\" class=\"wp-image-184\" srcset=\"https:\/\/folkdansringen.se\/ny-hallstahammar\/wp-content\/uploads\/2021\/12\/JDSC_0265.jpg 591w, https:\/\/folkdansringen.se\/ny-hallstahammar\/wp-content\/uploads\/2021\/12\/JDSC_0265-300x200.jpg 300w\" sizes=\"auto, (max-width: 591px) 100vw, 591px\" \/><\/figure><\/li><li class=\"blocks-gallery-item\"><figure><img loading=\"lazy\" decoding=\"async\" width=\"591\" height=\"394\" src=\"https:\/\/folkdansringen.se\/ny-hallstahammar\/wp-content\/uploads\/2021\/12\/JDSC_0267.jpg\" alt=\"\" data-id=\"185\" data-full-url=\"https:\/\/folkdansringen.se\/ny-hallstahammar\/wp-content\/uploads\/2021\/12\/JDSC_0267.jpg\" data-link=\"https:\/\/folkdansringen.se\/ny-hallstahammar\/jdsc_0267\/\" class=\"wp-image-185\" srcset=\"https:\/\/folkdansringen.se\/ny-hallstahammar\/wp-content\/uploads\/2021\/12\/JDSC_0267.jpg 591w, https:\/\/folkdansringen.se\/ny-hallstahammar\/wp-content\/uploads\/2021\/12\/JDSC_0267-300x200.jpg 300w\" sizes=\"auto, (max-width: 591px) 100vw, 591px\" \/><\/figure><\/li><li class=\"blocks-gallery-item\"><figure><img loading=\"lazy\" decoding=\"async\" width=\"591\" height=\"394\" src=\"https:\/\/folkdansringen.se\/ny-hallstahammar\/wp-content\/uploads\/2021\/12\/JDSC_0272.jpg\" alt=\"\" data-id=\"186\" data-full-url=\"https:\/\/folkdansringen.se\/ny-hallstahammar\/wp-content\/uploads\/2021\/12\/JDSC_0272.jpg\" data-link=\"https:\/\/folkdansringen.se\/ny-hallstahammar\/jdsc_0272\/\" class=\"wp-image-186\" srcset=\"https:\/\/folkdansringen.se\/ny-hallstahammar\/wp-content\/uploads\/2021\/12\/JDSC_0272.jpg 591w, https:\/\/folkdansringen.se\/ny-hallstahammar\/wp-content\/uploads\/2021\/12\/JDSC_0272-300x200.jpg 300w\" sizes=\"auto, (max-width: 591px) 100vw, 591px\" \/><\/figure><\/li><li class=\"blocks-gallery-item\"><figure><img loading=\"lazy\" decoding=\"async\" width=\"591\" height=\"394\" src=\"https:\/\/folkdansringen.se\/ny-hallstahammar\/wp-content\/uploads\/2021\/12\/JDSC_0280.jpg\" alt=\"\" data-id=\"187\" data-full-url=\"https:\/\/folkdansringen.se\/ny-hallstahammar\/wp-content\/uploads\/2021\/12\/JDSC_0280.jpg\" data-link=\"https:\/\/folkdansringen.se\/ny-hallstahammar\/jdsc_0280\/\" class=\"wp-image-187\" srcset=\"https:\/\/folkdansringen.se\/ny-hallstahammar\/wp-content\/uploads\/2021\/12\/JDSC_0280.jpg 591w, https:\/\/folkdansringen.se\/ny-hallstahammar\/wp-content\/uploads\/2021\/12\/JDSC_0280-300x200.jpg 300w\" sizes=\"auto, (max-width: 591px) 100vw, 591px\" \/><\/figure><\/li><\/ul><\/figure>\n\n\n\n<p class=\"has-text-align-center\">Tr\u00e5ngfors 2016-08-21<\/p>\n\n\n\n<figure class=\"wp-block-gallery alignwide columns-1 is-cropped wp-block-gallery-2 is-layout-flex wp-block-gallery-is-layout-flex\"><ul class=\"blocks-gallery-grid\"><li class=\"blocks-gallery-item\"><figure><img loading=\"lazy\" decoding=\"async\" width=\"1024\" height=\"476\" src=\"https:\/\/folkdansringen.se\/ny-hallstahammar\/wp-content\/uploads\/2021\/12\/IMG_9935-scaled-e1639225174331-1024x476.jpg\" alt=\"\" data-id=\"312\" data-full-url=\"https:\/\/folkdansringen.se\/ny-hallstahammar\/wp-content\/uploads\/2021\/12\/IMG_9935-scaled-e1639225174331.jpg\" data-link=\"https:\/\/folkdansringen.se\/ny-hallstahammar\/index.php\/bilder-och-videor\/img_9935\/\" class=\"wp-image-312\" srcset=\"https:\/\/folkdansringen.se\/ny-hallstahammar\/wp-content\/uploads\/2021\/12\/IMG_9935-scaled-e1639225174331-1024x476.jpg 1024w, https:\/\/folkdansringen.se\/ny-hallstahammar\/wp-content\/uploads\/2021\/12\/IMG_9935-scaled-e1639225174331-300x140.jpg 300w, https:\/\/folkdansringen.se\/ny-hallstahammar\/wp-content\/uploads\/2021\/12\/IMG_9935-scaled-e1639225174331-768x357.jpg 768w, https:\/\/folkdansringen.se\/ny-hallstahammar\/wp-content\/uploads\/2021\/12\/IMG_9935-scaled-e1639225174331-1536x715.jpg 1536w, https:\/\/folkdansringen.se\/ny-hallstahammar\/wp-content\/uploads\/2021\/12\/IMG_9935-scaled-e1639225174331-2048x953.jpg 2048w, https:\/\/folkdansringen.se\/ny-hallstahammar\/wp-content\/uploads\/2021\/12\/IMG_9935-scaled-e1639225174331-1568x730.jpg 1568w\" sizes=\"auto, (max-width: 1024px) 100vw, 1024px\" \/><\/figure><\/li><\/ul><\/figure>\n\n\n\n<p class=\"has-text-align-center\">Bilder fr\u00e5n tr\u00e4ning i IOGT-lokalen 2014-10-28<\/p>\n\n\n\n<figure class=\"wp-block-gallery alignwide columns-3 is-cropped wp-block-gallery-3 is-layout-flex wp-block-gallery-is-layout-flex\"><ul class=\"blocks-gallery-grid\"><li class=\"blocks-gallery-item\"><figure><img loading=\"lazy\" decoding=\"async\" width=\"400\" height=\"254\" src=\"https:\/\/folkdansringen.se\/ny-hallstahammar\/wp-content\/uploads\/2021\/12\/DSC_0298c-1.jpg\" alt=\"\" data-id=\"179\" data-full-url=\"https:\/\/folkdansringen.se\/ny-hallstahammar\/wp-content\/uploads\/2021\/12\/DSC_0298c-1.jpg\" data-link=\"https:\/\/folkdansringen.se\/ny-hallstahammar\/dsc_0298c-2\/\" class=\"wp-image-179\" srcset=\"https:\/\/folkdansringen.se\/ny-hallstahammar\/wp-content\/uploads\/2021\/12\/DSC_0298c-1.jpg 400w, https:\/\/folkdansringen.se\/ny-hallstahammar\/wp-content\/uploads\/2021\/12\/DSC_0298c-1-300x191.jpg 300w\" sizes=\"auto, (max-width: 400px) 100vw, 400px\" \/><\/figure><\/li><li class=\"blocks-gallery-item\"><figure><img loading=\"lazy\" decoding=\"async\" width=\"400\" height=\"239\" src=\"https:\/\/folkdansringen.se\/ny-hallstahammar\/wp-content\/uploads\/2021\/12\/DSC_0298b.jpg\" alt=\"\" data-id=\"178\" data-full-url=\"https:\/\/folkdansringen.se\/ny-hallstahammar\/wp-content\/uploads\/2021\/12\/DSC_0298b.jpg\" data-link=\"https:\/\/folkdansringen.se\/ny-hallstahammar\/dsc_0298b\/\" class=\"wp-image-178\" srcset=\"https:\/\/folkdansringen.se\/ny-hallstahammar\/wp-content\/uploads\/2021\/12\/DSC_0298b.jpg 400w, https:\/\/folkdansringen.se\/ny-hallstahammar\/wp-content\/uploads\/2021\/12\/DSC_0298b-300x179.jpg 300w\" sizes=\"auto, (max-width: 400px) 100vw, 400px\" \/><\/figure><\/li><li class=\"blocks-gallery-item\"><figure><img loading=\"lazy\" decoding=\"async\" width=\"400\" height=\"285\" src=\"https:\/\/folkdansringen.se\/ny-hallstahammar\/wp-content\/uploads\/2021\/12\/DSC_0298a.jpg\" alt=\"\" data-id=\"177\" data-full-url=\"https:\/\/folkdansringen.se\/ny-hallstahammar\/wp-content\/uploads\/2021\/12\/DSC_0298a.jpg\" data-link=\"https:\/\/folkdansringen.se\/ny-hallstahammar\/dsc_0298a\/\" class=\"wp-image-177\" srcset=\"https:\/\/folkdansringen.se\/ny-hallstahammar\/wp-content\/uploads\/2021\/12\/DSC_0298a.jpg 400w, https:\/\/folkdansringen.se\/ny-hallstahammar\/wp-content\/uploads\/2021\/12\/DSC_0298a-300x214.jpg 300w\" sizes=\"auto, (max-width: 400px) 100vw, 400px\" \/><\/figure><\/li><\/ul><\/figure>\n\n\n\n<p class=\"has-text-align-center\">HFG styrelsen 2014-02-11<\/p>\n\n\n\n<figure class=\"wp-block-gallery alignwide columns-1 is-cropped wp-block-gallery-4 is-layout-flex wp-block-gallery-is-layout-flex\"><ul class=\"blocks-gallery-grid\"><li class=\"blocks-gallery-item\"><figure><img loading=\"lazy\" decoding=\"async\" width=\"1024\" height=\"573\" src=\"https:\/\/folkdansringen.se\/ny-hallstahammar\/wp-content\/uploads\/2021\/12\/Styrelen-scaled-e1639058198771-1024x573.jpg\" alt=\"\" data-id=\"191\" data-full-url=\"https:\/\/folkdansringen.se\/ny-hallstahammar\/wp-content\/uploads\/2021\/12\/Styrelen-scaled-e1639058198771.jpg\" data-link=\"https:\/\/folkdansringen.se\/ny-hallstahammar\/styrelen\/\" class=\"wp-image-191\" srcset=\"https:\/\/folkdansringen.se\/ny-hallstahammar\/wp-content\/uploads\/2021\/12\/Styrelen-scaled-e1639058198771-1024x573.jpg 1024w, https:\/\/folkdansringen.se\/ny-hallstahammar\/wp-content\/uploads\/2021\/12\/Styrelen-scaled-e1639058198771-300x168.jpg 300w, https:\/\/folkdansringen.se\/ny-hallstahammar\/wp-content\/uploads\/2021\/12\/Styrelen-scaled-e1639058198771-768x430.jpg 768w, https:\/\/folkdansringen.se\/ny-hallstahammar\/wp-content\/uploads\/2021\/12\/Styrelen-scaled-e1639058198771-1536x860.jpg 1536w, https:\/\/folkdansringen.se\/ny-hallstahammar\/wp-content\/uploads\/2021\/12\/Styrelen-scaled-e1639058198771-2048x1146.jpg 2048w, https:\/\/folkdansringen.se\/ny-hallstahammar\/wp-content\/uploads\/2021\/12\/Styrelen-scaled-e1639058198771-1200x672.jpg 1200w, https:\/\/folkdansringen.se\/ny-hallstahammar\/wp-content\/uploads\/2021\/12\/Styrelen-scaled-e1639058198771-1980x1108.jpg 1980w\" sizes=\"auto, (max-width: 1024px) 100vw, 1024px\" \/><\/figure><\/li><\/ul><\/figure>\n\n\n\n<p class=\"has-text-align-center\">Upptr\u00e4dande i Tr\u00e5ngfors 2012-08-19<\/p>\n\n\n\n<figure class=\"wp-block-gallery alignwide columns-3 is-cropped wp-block-gallery-5 is-layout-flex wp-block-gallery-is-layout-flex\"><ul class=\"blocks-gallery-grid\"><li class=\"blocks-gallery-item\"><figure><img loading=\"lazy\" decoding=\"async\" width=\"800\" height=\"641\" src=\"https:\/\/folkdansringen.se\/ny-hallstahammar\/wp-content\/uploads\/2022\/01\/1.jpg\" alt=\"\" data-id=\"737\" data-full-url=\"https:\/\/folkdansringen.se\/ny-hallstahammar\/wp-content\/uploads\/2022\/01\/1.jpg\" data-link=\"https:\/\/folkdansringen.se\/ny-hallstahammar\/1\/\" class=\"wp-image-737\" srcset=\"https:\/\/folkdansringen.se\/ny-hallstahammar\/wp-content\/uploads\/2022\/01\/1.jpg 800w, https:\/\/folkdansringen.se\/ny-hallstahammar\/wp-content\/uploads\/2022\/01\/1-300x240.jpg 300w, https:\/\/folkdansringen.se\/ny-hallstahammar\/wp-content\/uploads\/2022\/01\/1-768x615.jpg 768w\" sizes=\"auto, (max-width: 800px) 100vw, 800px\" \/><\/figure><\/li><li class=\"blocks-gallery-item\"><figure><img loading=\"lazy\" decoding=\"async\" width=\"800\" height=\"488\" src=\"https:\/\/folkdansringen.se\/ny-hallstahammar\/wp-content\/uploads\/2022\/01\/6.jpg\" alt=\"\" data-id=\"738\" data-full-url=\"https:\/\/folkdansringen.se\/ny-hallstahammar\/wp-content\/uploads\/2022\/01\/6.jpg\" data-link=\"https:\/\/folkdansringen.se\/ny-hallstahammar\/6\/\" class=\"wp-image-738\" srcset=\"https:\/\/folkdansringen.se\/ny-hallstahammar\/wp-content\/uploads\/2022\/01\/6.jpg 800w, https:\/\/folkdansringen.se\/ny-hallstahammar\/wp-content\/uploads\/2022\/01\/6-300x183.jpg 300w, https:\/\/folkdansringen.se\/ny-hallstahammar\/wp-content\/uploads\/2022\/01\/6-768x468.jpg 768w\" sizes=\"auto, (max-width: 800px) 100vw, 800px\" \/><\/figure><\/li><li class=\"blocks-gallery-item\"><figure><img loading=\"lazy\" decoding=\"async\" width=\"600\" height=\"400\" src=\"https:\/\/folkdansringen.se\/ny-hallstahammar\/wp-content\/uploads\/2021\/12\/ASC_0274-1.jpg\" alt=\"\" data-id=\"173\" data-full-url=\"https:\/\/folkdansringen.se\/ny-hallstahammar\/wp-content\/uploads\/2021\/12\/ASC_0274-1.jpg\" data-link=\"https:\/\/folkdansringen.se\/ny-hallstahammar\/asc_0274-2\/\" class=\"wp-image-173\" srcset=\"https:\/\/folkdansringen.se\/ny-hallstahammar\/wp-content\/uploads\/2021\/12\/ASC_0274-1.jpg 600w, https:\/\/folkdansringen.se\/ny-hallstahammar\/wp-content\/uploads\/2021\/12\/ASC_0274-1-300x200.jpg 300w\" sizes=\"auto, (max-width: 600px) 100vw, 600px\" \/><\/figure><\/li><li class=\"blocks-gallery-item\"><figure><img loading=\"lazy\" decoding=\"async\" width=\"600\" height=\"400\" src=\"https:\/\/folkdansringen.se\/ny-hallstahammar\/wp-content\/uploads\/2021\/12\/ASC_0273.jpg\" alt=\"\" data-id=\"172\" data-full-url=\"https:\/\/folkdansringen.se\/ny-hallstahammar\/wp-content\/uploads\/2021\/12\/ASC_0273.jpg\" data-link=\"https:\/\/folkdansringen.se\/ny-hallstahammar\/asc_0273\/\" class=\"wp-image-172\" srcset=\"https:\/\/folkdansringen.se\/ny-hallstahammar\/wp-content\/uploads\/2021\/12\/ASC_0273.jpg 600w, https:\/\/folkdansringen.se\/ny-hallstahammar\/wp-content\/uploads\/2021\/12\/ASC_0273-300x200.jpg 300w\" sizes=\"auto, (max-width: 600px) 100vw, 600px\" \/><\/figure><\/li><li class=\"blocks-gallery-item\"><figure><img loading=\"lazy\" decoding=\"async\" width=\"600\" height=\"400\" src=\"https:\/\/folkdansringen.se\/ny-hallstahammar\/wp-content\/uploads\/2021\/12\/ASC_0271.jpg\" alt=\"\" data-id=\"171\" data-full-url=\"https:\/\/folkdansringen.se\/ny-hallstahammar\/wp-content\/uploads\/2021\/12\/ASC_0271.jpg\" data-link=\"https:\/\/folkdansringen.se\/ny-hallstahammar\/asc_0271\/\" class=\"wp-image-171\" srcset=\"https:\/\/folkdansringen.se\/ny-hallstahammar\/wp-content\/uploads\/2021\/12\/ASC_0271.jpg 600w, https:\/\/folkdansringen.se\/ny-hallstahammar\/wp-content\/uploads\/2021\/12\/ASC_0271-300x200.jpg 300w\" sizes=\"auto, (max-width: 600px) 100vw, 600px\" \/><\/figure><\/li><li class=\"blocks-gallery-item\"><figure><img loading=\"lazy\" decoding=\"async\" width=\"600\" height=\"400\" src=\"https:\/\/folkdansringen.se\/ny-hallstahammar\/wp-content\/uploads\/2021\/12\/ASC_0270.jpg\" alt=\"\" data-id=\"170\" data-full-url=\"https:\/\/folkdansringen.se\/ny-hallstahammar\/wp-content\/uploads\/2021\/12\/ASC_0270.jpg\" data-link=\"https:\/\/folkdansringen.se\/ny-hallstahammar\/asc_0270\/\" class=\"wp-image-170\" srcset=\"https:\/\/folkdansringen.se\/ny-hallstahammar\/wp-content\/uploads\/2021\/12\/ASC_0270.jpg 600w, https:\/\/folkdansringen.se\/ny-hallstahammar\/wp-content\/uploads\/2021\/12\/ASC_0270-300x200.jpg 300w\" sizes=\"auto, (max-width: 600px) 100vw, 600px\" \/><\/figure><\/li><\/ul><\/figure>\n\n\n\n<p class=\"has-text-align-center\">HFG styrelsen 2006-02-14<\/p>\n\n\n\n<figure class=\"wp-block-gallery alignwide columns-1 is-cropped wp-block-gallery-6 is-layout-flex wp-block-gallery-is-layout-flex\"><ul class=\"blocks-gallery-grid\"><li class=\"blocks-gallery-item\"><figure><img loading=\"lazy\" decoding=\"async\" width=\"1024\" height=\"612\" src=\"https:\/\/folkdansringen.se\/ny-hallstahammar\/wp-content\/uploads\/2021\/12\/HFG-styrelse-scaled-e1639058368587-1024x612.jpg\" alt=\"\" data-id=\"203\" data-full-url=\"https:\/\/folkdansringen.se\/ny-hallstahammar\/wp-content\/uploads\/2021\/12\/HFG-styrelse-scaled-e1639058368587.jpg\" data-link=\"https:\/\/folkdansringen.se\/ny-hallstahammar\/hfg-styrelse\/\" class=\"wp-image-203\" srcset=\"https:\/\/folkdansringen.se\/ny-hallstahammar\/wp-content\/uploads\/2021\/12\/HFG-styrelse-scaled-e1639058368587-1024x612.jpg 1024w, https:\/\/folkdansringen.se\/ny-hallstahammar\/wp-content\/uploads\/2021\/12\/HFG-styrelse-scaled-e1639058368587-300x179.jpg 300w, https:\/\/folkdansringen.se\/ny-hallstahammar\/wp-content\/uploads\/2021\/12\/HFG-styrelse-scaled-e1639058368587-768x459.jpg 768w, https:\/\/folkdansringen.se\/ny-hallstahammar\/wp-content\/uploads\/2021\/12\/HFG-styrelse-scaled-e1639058368587-1536x917.jpg 1536w, https:\/\/folkdansringen.se\/ny-hallstahammar\/wp-content\/uploads\/2021\/12\/HFG-styrelse-scaled-e1639058368587-2048x1223.jpg 2048w, https:\/\/folkdansringen.se\/ny-hallstahammar\/wp-content\/uploads\/2021\/12\/HFG-styrelse-scaled-e1639058368587-1200x717.jpg 1200w, https:\/\/folkdansringen.se\/ny-hallstahammar\/wp-content\/uploads\/2021\/12\/HFG-styrelse-scaled-e1639058368587-1980x1183.jpg 1980w\" sizes=\"auto, (max-width: 1024px) 100vw, 1024px\" \/><\/figure><\/li><\/ul><\/figure>\n","protected":false},"excerpt":{"rendered":"<p>Julfest&nbsp; i&nbsp; IOGT-lokalen 2016-12-06 Tr\u00e5ngfors 2016-08-21 Bilder fr\u00e5n tr\u00e4ning i IOGT-lokalen 2014-10-28 HFG styrelsen 2014-02-11 Upptr\u00e4dande i Tr\u00e5ngfors 2012-08-19 HFG styrelsen 2006-02-14<\/p>\n","protected":false},"author":1,"featured_media":0,"parent":0,"menu_order":0,"comment_status":"closed","ping_status":"closed","template":"","meta":{"footnotes":""},"class_list":["post-714","page","type-page","status-publish","hentry","entry"],"_links":{"self":[{"href":"https:\/\/folkdansringen.se\/ny-hallstahammar\/index.php\/wp-json\/wp\/v2\/pages\/714","targetHints":{"allow":["GET"]}}],"collection":[{"href":"https:\/\/folkdansringen.se\/ny-hallstahammar\/index.php\/wp-json\/wp\/v2\/pages"}],"about":[{"href":"https:\/\/folkdansringen.se\/ny-hallstahammar\/index.php\/wp-json\/wp\/v2\/types\/page"}],"author":[{"embeddable":true,"href":"https:\/\/folkdansringen.se\/ny-hallstahammar\/index.php\/wp-json\/wp\/v2\/users\/1"}],"replies":[{"embeddable":true,"href":"https:\/\/folkdansringen.se\/ny-hallstahammar\/index.php\/wp-json\/wp\/v2\/comments?post=714"}],"version-history":[{"count":4,"href":"https:\/\/folkdansringen.se\/ny-hallstahammar\/index.php\/wp-json\/wp\/v2\/pages\/714\/revisions"}],"predecessor-version":[{"id":740,"href":"https:\/\/folkdansringen.se\/ny-hallstahammar\/index.php\/wp-json\/wp\/v2\/pages\/714\/revisions\/740"}],"wp:attachment":[{"href":"https:\/\/folkdansringen.se\/ny-hallstahammar\/index.php\/wp-json\/wp\/v2\/media?parent=714"}],"curies":[{"name":"wp","href":"https:\/\/api.w.org\/{rel}","templated":true}]}}