{"id":52,"date":"2021-12-05T12:15:56","date_gmt":"2021-12-05T11:15:56","guid":{"rendered":"https:\/\/folkdansringen.se\/ny-hallstahammar\/?page_id=52"},"modified":"2021-12-07T12:31:40","modified_gmt":"2021-12-07T11:31:40","slug":"lankar","status":"publish","type":"page","link":"https:\/\/folkdansringen.se\/ny-hallstahammar\/index.php\/lankar\/","title":{"rendered":"L\u00e4nkar"},"content":{"rendered":"\n<h3 class=\"wp-block-heading\">Riks- och distriktsorganisation<\/h3>\n\n\n\n<p><a href=\"http:\/\/www.folkdansringen.se\/riks\">Svenska Folkdansringens hemsida<\/a><br><a href=\"http:\/\/www.folkdansringen.se\/vastmanland\/\">V\u00e4stmanlands distrikt av Svenska Folkdansringen<\/a><br><a href=\"http:\/\/www.vsf.u.se\/\">V\u00e4stmanlands spelmansf\u00f6rbund<\/a><br><br><\/p>\n\n\n\n<h3 class=\"wp-block-heading\">Mer om svensk folkdans<\/h3>\n\n\n\n<p>\n<a href=\"http:\/\/www.acla.se\/\">Aclaporten, dansbeskrivningar med musik och video<\/a><br>\n<a href=\"http:\/\/dansglad.se\/\">Dansgl\u00e4dje, med beskrivningar och kalender f\u00f6r Stockholmstrakten<\/a><br>\n<a href=\"https:\/\/wiki.volksmusik.cc\/wiki\/index.php\/Full_dance_list\">Full dance list &#8211; Dancilla<\/a><br><\/p>\n\n\n\n<h3 class=\"wp-block-heading\">V\u00e4ster\u00e5sf\u00f6reningar med anknytning till dans och folkmusik<\/h3>\n\n\n\n<p><a href=\"http:\/\/www.ddteam.se\/\">Dansklubben DreamTeam<\/a><br><a href=\"http:\/\/folketsdansare.webnode.se\/\">Folkets  Dansare<\/a><br><a href=\"http:\/\/folkligtv\u00e4rre.se\/\">Folkligt V\u00e4rre<\/a><br><a href=\"http:\/\/www.ngdf.se\">NyGammal DansF\u00f6rening<\/a><br><a href=\"http:\/\/www.buenosaros.org\/\">Tango Buenos Aros<\/a><br><a href=\"http:\/\/www.folkdansringen.se\/vasteras\/\">V\u00e4ster\u00e5s Folkdansgille<\/a><br><a href=\"http:\/\/www.vsg.se\/\">V\u00e4ster\u00e5s Spelmansgille<\/a><\/p>\n","protected":false},"excerpt":{"rendered":"<p>Riks- och distriktsorganisation Svenska Folkdansringens hemsidaV\u00e4stmanlands distrikt av Svenska FolkdansringenV\u00e4stmanlands spelmansf\u00f6rbund Mer om svensk folkdans Aclaporten, dansbeskrivningar med musik och video Dansgl\u00e4dje, med beskrivningar och kalender f\u00f6r Stockholmstrakten Full dance list &#8211; Dancilla V\u00e4ster\u00e5sf\u00f6reningar med anknytning till dans och folkmusik Dansklubben DreamTeamFolkets DansareFolkligt V\u00e4rreNyGammal DansF\u00f6reningTango Buenos ArosV\u00e4ster\u00e5s FolkdansgilleV\u00e4ster\u00e5s Spelmansgille<\/p>\n","protected":false},"author":1,"featured_media":0,"parent":0,"menu_order":0,"comment_status":"closed","ping_status":"closed","template":"","meta":{"footnotes":""},"class_list":["post-52","page","type-page","status-publish","hentry","entry"],"_links":{"self":[{"href":"https:\/\/folkdansringen.se\/ny-hallstahammar\/index.php\/wp-json\/wp\/v2\/pages\/52","targetHints":{"allow":["GET"]}}],"collection":[{"href":"https:\/\/folkdansringen.se\/ny-hallstahammar\/index.php\/wp-json\/wp\/v2\/pages"}],"about":[{"href":"https:\/\/folkdansringen.se\/ny-hallstahammar\/index.php\/wp-json\/wp\/v2\/types\/page"}],"author":[{"embeddable":true,"href":"https:\/\/folkdansringen.se\/ny-hallstahammar\/index.php\/wp-json\/wp\/v2\/users\/1"}],"replies":[{"embeddable":true,"href":"https:\/\/folkdansringen.se\/ny-hallstahammar\/index.php\/wp-json\/wp\/v2\/comments?post=52"}],"version-history":[{"count":13,"href":"https:\/\/folkdansringen.se\/ny-hallstahammar\/index.php\/wp-json\/wp\/v2\/pages\/52\/revisions"}],"predecessor-version":[{"id":135,"href":"https:\/\/folkdansringen.se\/ny-hallstahammar\/index.php\/wp-json\/wp\/v2\/pages\/52\/revisions\/135"}],"wp:attachment":[{"href":"https:\/\/folkdansringen.se\/ny-hallstahammar\/index.php\/wp-json\/wp\/v2\/media?parent=52"}],"curies":[{"name":"wp","href":"https:\/\/api.w.org\/{rel}","templated":true}]}}