{"id":35,"date":"2021-12-05T11:51:56","date_gmt":"2021-12-05T10:51:56","guid":{"rendered":"https:\/\/folkdansringen.se\/ny-hallstahammar\/?page_id=35"},"modified":"2021-12-15T22:33:38","modified_gmt":"2021-12-15T21:33:38","slug":"om-klubben","status":"publish","type":"page","link":"https:\/\/folkdansringen.se\/ny-hallstahammar\/index.php\/om-klubben\/","title":{"rendered":"HFG:s historia"},"content":{"rendered":"\n<h3 class=\"has-text-align-center wp-block-heading\">Hallstahammars Folkdansgilles Historia<\/h3>\n\n\n\n<p>F\u00f6reningen bildades fredagen den 13 oktober 1950 vid ett m\u00f6te p\u00e5 Brukshotellet d\u00e4r 13 intresserade hade m\u00f6tt upp. Man b\u00f6rjade dans\u00f6vningen redan samma kv\u00e4ll. Vid \u00e5rsskiftet hade man 18 medlemmar. Det f\u00f6rsta \u00e5rsm\u00f6tet h\u00f6lls p\u00e5 Brukshotellet 1951 under ledning av gillets f\u00f6rsta  ordf\u00f6rande Lennart Bergstr\u00f6m som \u00e4ven var dansledare. Ans\u00f6kan om medlemskap i Svenska Ungdomsringen skickades in den 10 feb. 1951 och 14 mars blev HFG medlemmar i riksorganisationen. Efter n\u00e5gra m\u00e5naders danstr\u00e4ning  gjorde man sin f\u00f6rsta dansuppvisning i l\u00e5nade dr\u00e4kter. Man hade tr\u00e4nat in bl.a. schottis, Gotlandskadrilj och Daldansen. Tyv\u00e4rr blev f\u00f6reningen vilande fr\u00e5n \u00e5r 1953 p\u00e5 grund av f\u00f6r f\u00e5 medlemmaroch att dandsledaren flyttat fr\u00e5n orten.  1957 \u00e5terupptogs verksamheten igen genom initiativ av Lars Lundevall fr\u00e5n distriktstyrelsen. Bultlokalen var l\u00e4nge \u00f6vningslokalen f\u00f6r gillets dansare tills man flyttade verksamheten till Bergs Folkets Hus d\u00e4r de h\u00e5ller till idag. Erik Henriksson var dansledare i b\u00f6rjan innan Gunnar Wahlstr\u00f6m tog \u00f6ver i m\u00e5nga \u00e5r f\u00f6r att \u00f6verl\u00e4mna dansledarskapet  till dagens ledare Gudrun Rask. Gillet hade f\u00f6rm\u00e5nen i m\u00e5nga \u00e5r att ha duktiga spelm\u00e4n i Torsten Linder och Herbert Andersson m.fl. Gillet hade som mest medlemmar p\u00e5 60-70 talet n\u00e4r Bosse Larssons \u201cNygammalt\u201d drog folk till m\u00e5nga folkdansf\u00f6reningar. P\u00e5 70-talet hade gillet en stor ungdomsverksamhet med \u00f6ver hundra ungdomar (mest flickor) i sina led. 1974 anordnade gillet ett ungdomsting i Folkets Park som lockade 540 ungdomar i olika \u00e5ldrar fr\u00e5n V\u00e4stmanland och Dalarna. Under denna epok ordnades ocks\u00e5 m\u00e5nga gammeldanskurser f\u00f6r allm\u00e4nheten liksom danskv\u00e4llar i Berga. Logdanser anordnades i Lisj\u00f6 men fick lov att l\u00e4ggas ner p\u00e5 grund av f\u00f6r stort intresse. \u00c4garen av logen var orolig d\u00e5 han s\u00e5g hur logens golv svajade n\u00e4r 250 personer dansade hambo. N\u00e5gra av gillets medlemmar var med p\u00e5 en resa till Tunisien 1963, som anordnades av distriktsorganisationen. I samband med ett ungdomsting i Skinnskatteberg 1978 kom gillet i kontakt med folkdansare fr\u00e5n Tyskland. Detta resulterade i ett utbyte med Lauterbacher Trachtengilde, som bes\u00f6kte oss f\u00f6rsta g\u00e5ngen 1979 och de \u00e5terkom tv\u00e5 g\u00e5nger. Vi \u00e5terg\u00e4ldade bes\u00f6ken 1980 och 1986.  Gillet har \u00e4ven bes\u00f6kt kommunens v\u00e4norter  Verdal, Norge och  J\u00e4ms\u00e4nkoski och  M\u00e4ntt\u00e4 i Finland. Gillet fick sin f\u00f6rsta f\u00f6reningslokal i Stj\u00e4rnhuset som sedan byttes mot \u201c53:an\u201d p\u00e5 Snevringev\u00e4gen. Senare blev det m\u00f6jligt att hyra gamla Smevind ovanp\u00e5 smedjan p\u00e5 Skantzen. Efter en hel del arbete av gillets medlemmar kunde man flytta in d\u00e4r 1988. D\u00e4r har gillet sina m\u00f6ten och mindre fester idag. M\u00e5nga av dagens medlemmar har varit med i m\u00e5nga \u00e5r och d\u00e4rf\u00f6r \u00e4r medel\u00e5ldern tyv\u00e4rr ganska h\u00f6g och det \u00e4r sv\u00e5rt att rekrytera yngre medlemmar. <\/p>\n\n\n\n<p>Hoppar vi fram n\u00e5gra \u00e5r s\u00e5 blev HFG uppsagda 2014 fr\u00e5n Smevinden. Kommunen skulle skapa ett Tore Skogman museum i v\u00e5r lokal. Tyv\u00e4rr var det hela inte s\u00e5 v\u00e4l genomt\u00e4nkt och lokalen har st\u00e5tt tom l\u00e4nge. Idag ordnar Hembygdsf\u00f6reningen loppis i lokalen.<\/p>\n\n\n\n<p>Efter en tids provisoriska l\u00f6sningar har vi nu hamnat hos IOGT och dansar i deras fina lokaler p\u00e5 Storgatan. Vi dansar var fjortonde dag . Gillet har idag \u00e5r 2021 drygt tjugo medlemmar.<\/p>\n\n\n\n<p><\/p>\n\n\n\n<p><\/p>\n","protected":false},"excerpt":{"rendered":"<p>Hallstahammars Folkdansgilles Historia F\u00f6reningen bildades fredagen den 13 oktober 1950 vid ett m\u00f6te p\u00e5 Brukshotellet d\u00e4r 13 intresserade hade m\u00f6tt upp. Man b\u00f6rjade dans\u00f6vningen redan samma kv\u00e4ll. Vid \u00e5rsskiftet hade man 18 medlemmar. Det f\u00f6rsta \u00e5rsm\u00f6tet h\u00f6lls p\u00e5 Brukshotellet 1951 under ledning av gillets f\u00f6rsta ordf\u00f6rande Lennart Bergstr\u00f6m som \u00e4ven var dansledare. Ans\u00f6kan om medlemskap&hellip; <a class=\"more-link\" href=\"https:\/\/folkdansringen.se\/ny-hallstahammar\/index.php\/om-klubben\/\">Forts\u00e4tt l\u00e4sa <span class=\"screen-reader-text\">HFG:s historia<\/span><\/a><\/p>\n","protected":false},"author":1,"featured_media":0,"parent":0,"menu_order":0,"comment_status":"closed","ping_status":"closed","template":"","meta":{"footnotes":""},"class_list":["post-35","page","type-page","status-publish","hentry","entry"],"_links":{"self":[{"href":"https:\/\/folkdansringen.se\/ny-hallstahammar\/index.php\/wp-json\/wp\/v2\/pages\/35","targetHints":{"allow":["GET"]}}],"collection":[{"href":"https:\/\/folkdansringen.se\/ny-hallstahammar\/index.php\/wp-json\/wp\/v2\/pages"}],"about":[{"href":"https:\/\/folkdansringen.se\/ny-hallstahammar\/index.php\/wp-json\/wp\/v2\/types\/page"}],"author":[{"embeddable":true,"href":"https:\/\/folkdansringen.se\/ny-hallstahammar\/index.php\/wp-json\/wp\/v2\/users\/1"}],"replies":[{"embeddable":true,"href":"https:\/\/folkdansringen.se\/ny-hallstahammar\/index.php\/wp-json\/wp\/v2\/comments?post=35"}],"version-history":[{"count":9,"href":"https:\/\/folkdansringen.se\/ny-hallstahammar\/index.php\/wp-json\/wp\/v2\/pages\/35\/revisions"}],"predecessor-version":[{"id":472,"href":"https:\/\/folkdansringen.se\/ny-hallstahammar\/index.php\/wp-json\/wp\/v2\/pages\/35\/revisions\/472"}],"wp:attachment":[{"href":"https:\/\/folkdansringen.se\/ny-hallstahammar\/index.php\/wp-json\/wp\/v2\/media?parent=35"}],"curies":[{"name":"wp","href":"https:\/\/api.w.org\/{rel}","templated":true}]}}