{"id":143,"date":"2021-12-07T13:01:48","date_gmt":"2021-12-07T12:01:48","guid":{"rendered":"https:\/\/folkdansringen.se\/ny-hallstahammar\/?page_id=143"},"modified":"2026-01-14T16:09:06","modified_gmt":"2026-01-14T15:09:06","slug":"valkommen-till-hallstahammars-folkdansgille","status":"publish","type":"page","link":"https:\/\/folkdansringen.se\/ny-hallstahammar\/","title":{"rendered":"V\u00e4lkommen till Hallstahammars Folkdansgille"},"content":{"rendered":"\n<h4 class=\"wp-block-heading has-text-align-center\">V\u00e4lkommen till Hallstahammars Folkdansgille!<\/h4>\n\n\n\n<p class=\"has-text-align-left\">Hallstahammars Folkdansgille \u00e4r en f\u00f6rening som vill \u00f6ka intresset och kunskap om svensk folklig kultur fr\u00e4mst under omr\u00e5den dans, musik, dr\u00e4kt och sl\u00f6jd. F\u00f6reningen ing\u00e5r i Svenska Folkdansringen.<\/p>\n\n\n\n<p class=\"has-text-align-left\">I Hallstahammars Folkdansgille \u00e4r vi ca 20 medlemmar som tr\u00e4ffas varannan vecka i IOGT lokalen och har det trevligt tillsammans.<\/p>\n\n\n\n<p class=\"has-text-align-left\">Bild fr\u00e5n midsommaruppvisningen p\u00e5 Strandg\u00e5rden Kolb\u00e4ck 2025-06-19.<\/p>\n\n\n\n<figure class=\"wp-block-image alignwide size-large\"><img loading=\"lazy\" decoding=\"async\" width=\"1024\" height=\"768\" src=\"https:\/\/folkdansringen.se\/ny-hallstahammar\/wp-content\/uploads\/2025\/06\/20250618_145610-1024x768.jpg\" alt=\"\" class=\"wp-image-1405\" srcset=\"https:\/\/folkdansringen.se\/ny-hallstahammar\/wp-content\/uploads\/2025\/06\/20250618_145610-1024x768.jpg 1024w, https:\/\/folkdansringen.se\/ny-hallstahammar\/wp-content\/uploads\/2025\/06\/20250618_145610-300x225.jpg 300w, https:\/\/folkdansringen.se\/ny-hallstahammar\/wp-content\/uploads\/2025\/06\/20250618_145610-768x576.jpg 768w, https:\/\/folkdansringen.se\/ny-hallstahammar\/wp-content\/uploads\/2025\/06\/20250618_145610-1536x1152.jpg 1536w, https:\/\/folkdansringen.se\/ny-hallstahammar\/wp-content\/uploads\/2025\/06\/20250618_145610-2048x1536.jpg 2048w, https:\/\/folkdansringen.se\/ny-hallstahammar\/wp-content\/uploads\/2025\/06\/20250618_145610-1568x1176.jpg 1568w\" sizes=\"auto, (max-width: 1024px) 100vw, 1024px\" \/><\/figure>\n\n\n\n<p><\/p>\n\n\n\n<p class=\"has-text-align-left has-text-align-center\">Senaste uppdateringar:<\/p>\n\n\n\n<p><strong>2026-01-14:<\/strong> Uppdatering av sidan <a href=\"https:\/\/folkdansringen.se\/ny-hallstahammar\/index.php\/kalender\/\"><span style=\"color: blue;\">Kalender<\/span><\/a> med bland annat datum f\u00f6r distriktsst\u00e4mman.<\/p>\n\n\n\n<p><\/p>\n\n\n\n<p class=\"has-text-align-left has-text-align-center\">F\u00f6r mer information, klicka <a href=\"https:\/\/folkdansringen.se\/ny-hallstahammar\/index.php\/uppdateringar\/\"><span style=\"color: blue;\">Uppdateringar<\/span><\/a><\/p>\n","protected":false},"excerpt":{"rendered":"<p>V\u00e4lkommen till Hallstahammars Folkdansgille! Hallstahammars Folkdansgille \u00e4r en f\u00f6rening som vill \u00f6ka intresset och kunskap om svensk folklig kultur fr\u00e4mst under omr\u00e5den dans, musik, dr\u00e4kt och sl\u00f6jd. F\u00f6reningen ing\u00e5r i Svenska Folkdansringen. I Hallstahammars Folkdansgille \u00e4r vi ca 20 medlemmar som tr\u00e4ffas varannan vecka i IOGT lokalen och har det trevligt tillsammans. Bild fr\u00e5n midsommaruppvisningen&hellip; <a class=\"more-link\" href=\"https:\/\/folkdansringen.se\/ny-hallstahammar\/\">Forts\u00e4tt l\u00e4sa <span class=\"screen-reader-text\">V\u00e4lkommen till Hallstahammars Folkdansgille<\/span><\/a><\/p>\n","protected":false},"author":1,"featured_media":0,"parent":0,"menu_order":0,"comment_status":"closed","ping_status":"closed","template":"","meta":{"footnotes":""},"class_list":["post-143","page","type-page","status-publish","hentry","entry"],"_links":{"self":[{"href":"https:\/\/folkdansringen.se\/ny-hallstahammar\/index.php\/wp-json\/wp\/v2\/pages\/143","targetHints":{"allow":["GET"]}}],"collection":[{"href":"https:\/\/folkdansringen.se\/ny-hallstahammar\/index.php\/wp-json\/wp\/v2\/pages"}],"about":[{"href":"https:\/\/folkdansringen.se\/ny-hallstahammar\/index.php\/wp-json\/wp\/v2\/types\/page"}],"author":[{"embeddable":true,"href":"https:\/\/folkdansringen.se\/ny-hallstahammar\/index.php\/wp-json\/wp\/v2\/users\/1"}],"replies":[{"embeddable":true,"href":"https:\/\/folkdansringen.se\/ny-hallstahammar\/index.php\/wp-json\/wp\/v2\/comments?post=143"}],"version-history":[{"count":100,"href":"https:\/\/folkdansringen.se\/ny-hallstahammar\/index.php\/wp-json\/wp\/v2\/pages\/143\/revisions"}],"predecessor-version":[{"id":1457,"href":"https:\/\/folkdansringen.se\/ny-hallstahammar\/index.php\/wp-json\/wp\/v2\/pages\/143\/revisions\/1457"}],"wp:attachment":[{"href":"https:\/\/folkdansringen.se\/ny-hallstahammar\/index.php\/wp-json\/wp\/v2\/media?parent=143"}],"curies":[{"name":"wp","href":"https:\/\/api.w.org\/{rel}","templated":true}]}}