{"id":380,"date":"2020-08-05T15:04:12","date_gmt":"2020-08-05T13:04:12","guid":{"rendered":"https:\/\/folkdansringen.se\/luggudegilletny\/?page_id=380"},"modified":"2021-02-28T17:27:32","modified_gmt":"2021-02-28T16:27:32","slug":"elementor-380","status":"publish","type":"page","link":"https:\/\/folkdansringen.se\/luggudegillet\/elementor-380\/","title":{"rendered":"Arkiv"},"content":{"rendered":"\t\t<div data-elementor-type=\"wp-post\" data-elementor-id=\"380\" class=\"elementor elementor-380\" data-elementor-settings=\"[]\">\n\t\t\t\t\t\t<div class=\"elementor-inner\">\n\t\t\t\t\t\t\t<div class=\"elementor-section-wrap\">\n\t\t\t\t\t\t\t<section class=\"elementor-section elementor-top-section elementor-element elementor-element-90ae8e2 elementor-section-boxed elementor-section-height-default elementor-section-height-default\" data-id=\"90ae8e2\" data-element_type=\"section\">\n\t\t\t\t\t\t<div class=\"elementor-container elementor-column-gap-default\">\n\t\t\t\t\t\t\t<div class=\"elementor-row\">\n\t\t\t\t\t<div class=\"elementor-column elementor-col-100 elementor-top-column elementor-element elementor-element-576ed32\" data-id=\"576ed32\" data-element_type=\"column\">\n\t\t\t<div class=\"elementor-column-wrap elementor-element-populated\">\n\t\t\t\t\t\t\t<div class=\"elementor-widget-wrap\">\n\t\t\t\t\t\t<div class=\"elementor-element elementor-element-c758700 elementor-widget elementor-widget-heading\" data-id=\"c758700\" data-element_type=\"widget\" data-widget_type=\"heading.default\">\n\t\t\t\t<div class=\"elementor-widget-container\">\n\t\t\t<h2 class=\"elementor-heading-title elementor-size-default\">Arkivsida: Luggudegillets resp danslokalernas historia<\/h2>\t\t<\/div>\n\t\t\t\t<\/div>\n\t\t\t\t<div class=\"elementor-element elementor-element-4a1bd91 elementor-widget elementor-widget-text-editor\" data-id=\"4a1bd91\" data-element_type=\"widget\" data-widget_type=\"text-editor.default\">\n\t\t\t\t<div class=\"elementor-widget-container\">\n\t\t\t\t\t<div class=\"elementor-text-editor elementor-clearfix\"><p>P\u00e5 denna sida planeras info om Luggudegillets historia samt Danslokalerna historiskt (Byggnadstomt utan byggnad, Tillflykten och Brunnsberga)<\/p><\/div>\n\t\t\t\t<\/div>\n\t\t\t\t<\/div>\n\t\t\t\t<section class=\"elementor-section elementor-inner-section elementor-element elementor-element-49a5a1b elementor-section-boxed elementor-section-height-default elementor-section-height-default\" data-id=\"49a5a1b\" data-element_type=\"section\">\n\t\t\t\t\t\t<div class=\"elementor-container elementor-column-gap-default\">\n\t\t\t\t\t\t\t<div class=\"elementor-row\">\n\t\t\t\t\t<div class=\"elementor-column elementor-col-50 elementor-inner-column elementor-element elementor-element-0a4c110\" data-id=\"0a4c110\" data-element_type=\"column\">\n\t\t\t<div class=\"elementor-column-wrap elementor-element-populated\">\n\t\t\t\t\t\t\t<div class=\"elementor-widget-wrap\">\n\t\t\t\t\t\t<div class=\"elementor-element elementor-element-8d8d740 elementor-widget elementor-widget-heading\" data-id=\"8d8d740\" data-element_type=\"widget\" data-widget_type=\"heading.default\">\n\t\t\t\t<div class=\"elementor-widget-container\">\n\t\t\t<h2 class=\"elementor-heading-title elementor-size-default\">Luggudegillets historia<\/h2>\t\t<\/div>\n\t\t\t\t<\/div>\n\t\t\t\t<div class=\"elementor-element elementor-element-0b530f8 elementor-widget elementor-widget-button\" data-id=\"0b530f8\" data-element_type=\"widget\" data-widget_type=\"button.default\">\n\t\t\t\t<div class=\"elementor-widget-container\">\n\t\t\t\t\t<div class=\"elementor-button-wrapper\">\n\t\t\t<a href=\"\" class=\"elementor-button-link elementor-button elementor-size-sm\" role=\"button\">\n\t\t\t\t\t\t<span class=\"elementor-button-content-wrapper\">\n\t\t\t\t\t\t<span class=\"elementor-button-text\">Test (ej i funktion)<\/span>\n\t\t<\/span>\n\t\t\t\t\t<\/a>\n\t\t<\/div>\n\t\t\t\t<\/div>\n\t\t\t\t<\/div>\n\t\t\t\t<div class=\"elementor-element elementor-element-f548587 elementor-widget elementor-widget-text-editor\" data-id=\"f548587\" data-element_type=\"widget\" data-widget_type=\"text-editor.default\">\n\t\t\t\t<div class=\"elementor-widget-container\">\n\t\t\t\t\t<div class=\"elementor-text-editor elementor-clearfix\"><p>H\u00e4r kommer\u00a0 mer arkivmaterial att publiceras.\u00a0<\/p><p>\u00a0<\/p><\/div>\n\t\t\t\t<\/div>\n\t\t\t\t<\/div>\n\t\t\t\t<div class=\"elementor-element elementor-element-fa3d23d elementor-widget elementor-widget-image\" data-id=\"fa3d23d\" data-element_type=\"widget\" data-widget_type=\"image.default\">\n\t\t\t\t<div class=\"elementor-widget-container\">\n\t\t\t\t\t<div class=\"elementor-image\">\n\t\t\t\t\t\t\t\t\t\t<img src=\"https:\/\/folkdansringen.se\/luggudegillet\/wp-content\/uploads\/2021\/02\/LUGGUDEGILLET-historia-verE.pdf\" title=\"\" alt=\"\" \/>\t\t\t\t\t\t\t\t\t\t\t<\/div>\n\t\t\t\t<\/div>\n\t\t\t\t<\/div>\n\t\t\t\t<div class=\"elementor-element elementor-element-47413cb elementor-widget elementor-widget-text-editor\" data-id=\"47413cb\" data-element_type=\"widget\" data-widget_type=\"text-editor.default\">\n\t\t\t\t<div class=\"elementor-widget-container\">\n\t\t\t\t\t<div class=\"elementor-text-editor elementor-clearfix\"><\/div>\n\t\t\t\t<\/div>\n\t\t\t\t<\/div>\n\t\t\t\t<div class=\"elementor-element elementor-element-f967266 elementor-widget elementor-widget-text-editor\" data-id=\"f967266\" data-element_type=\"widget\" data-widget_type=\"text-editor.default\">\n\t\t\t\t<div class=\"elementor-widget-container\">\n\t\t\t\t\t<div class=\"elementor-text-editor elementor-clearfix\"><p><a name=\"_Toc64991377\"><\/a>1.1\u00a0\u00a0\u00a0\u00a0\u00a0 N\u00e5gra h\u00e4ndelser i LG historia (urval)<\/p><p>\u00a0<\/p><table><tbody><tr><td width=\"102\">1928<\/td><td width=\"378\">Luggudegillet bildas<\/td><td width=\"95\">\u00a0<\/td><\/tr><tr><td width=\"102\">\u00a0<\/td><td width=\"378\">\u00a0<\/td><td width=\"95\">\u00a0<\/td><\/tr><tr><td width=\"102\">1936<\/td><td width=\"378\">\u201dByggnadsf\u00f6reningen Luggudegillet u. p. a.\u201d f\u00f6rv\u00e4rvar Stads\u00e4ga 1238 i Filborna.<\/td><td width=\"95\">\u00a0<\/td><\/tr><tr><td width=\"102\">\u00a0<\/td><td width=\"378\">\u00a0<\/td><td width=\"95\">\u00a0<\/td><\/tr><tr><td width=\"102\">1942<\/td><td width=\"378\">Inflyttning i \u201dTillflykten\u201d i mellandagarna. LG arrenderar.<\/td><td width=\"95\">\u00a0<\/td><\/tr><tr><td width=\"102\">1943<\/td><td width=\"378\">Eskilsminne Byar\u00e5d bildas. \u00d6vertar ansvaret f\u00f6r midsommarfesterna p\u00e5 Gr\u00f6ningen<\/td><td width=\"95\">\u00a0<\/td><\/tr><tr><td width=\"102\">\u00a0<\/td><td width=\"378\">\u00a0<\/td><td width=\"95\">\u00a0<\/td><\/tr><tr><td width=\"102\">1963<\/td><td width=\"378\">LG k\u00f6per \u201dTillflykten\u201d av Sigfrid Svenssons d\u00f6dsbo<\/td><td width=\"95\">\u00a0<\/td><\/tr><tr><td width=\"102\">1968<\/td><td width=\"378\">40-\u00e5rsfest p\u00e5 R\u00e5\u00e5 V\u00e4rdshus.<\/td><td width=\"95\">40 \u00e5r<\/td><\/tr><tr><td width=\"102\">\u00a0<\/td><td width=\"378\">\u00a0<\/td><td width=\"95\">\u00a0<\/td><\/tr><tr><td width=\"102\">1970-talet<\/td><td width=\"378\">Byar\u00e5det upph\u00f6r.<\/td><td width=\"95\">\u00a0<\/td><\/tr><tr><td width=\"102\">1972<\/td><td width=\"378\">\u201dTillflykten\u201d exproprieras. \u00a0av Helsingborgs stad.<\/td><td width=\"95\">\u00a0<\/td><\/tr><tr><td width=\"102\">1972<\/td><td width=\"378\">LG flyttar verksamheten till Brunnsberga i oktober<\/td><td width=\"95\">\u00a0<\/td><\/tr><tr><td width=\"102\">1978<\/td><td width=\"378\">50-\u00e5rsjubileum p\u00e5 Raml\u00f6sa Brunnshotell<\/td><td width=\"95\">50 \u00e5r<\/td><\/tr><tr><td width=\"102\">\u00a0<\/td><td width=\"378\">\u00a0<\/td><td width=\"95\">\u00a0<\/td><\/tr><tr><td width=\"102\">1981<\/td><td width=\"378\">LG medverkar i TV: Lasse Holmqvists underh\u00e5llningsprogram som spelas in p\u00e5 Fredriksdal.<\/td><td width=\"95\">\u00a0<\/td><\/tr><tr><td width=\"102\">1985<\/td><td width=\"378\">F\u00f6rsta loppisen p\u00e5 Brunnsberga. Utvecklas till stadens st\u00f6rsta. Arrangeras i 10 \u00e5r<\/td><td width=\"95\">\u00a0<\/td><\/tr><tr><td width=\"102\">1988<\/td><td width=\"378\">60-\u00e5rsjubileum Folkets Hus Helsingborg. Engelsm\u00e4nnen fr\u00e5n Canterbury deltar.<\/td><td width=\"95\">60 \u00e5r<\/td><\/tr><tr><td width=\"102\">\u00a0<\/td><td width=\"378\">\u00a0<\/td><td width=\"95\">\u00a0<\/td><\/tr><tr><td width=\"102\">1997<\/td><td width=\"378\">LG k\u00f6per Brunnsberga av Helsingborgs stad.<\/td><td width=\"95\">\u00a0<\/td><\/tr><tr><td width=\"102\">1998<\/td><td width=\"378\">70-\u00e5rsjubileum Vall\u00e5kra Bygdeg\u00e5rd.<\/td><td width=\"95\">70 \u00e5r<\/td><\/tr><tr><td width=\"102\">\u00a0<\/td><td width=\"378\">\u00a0<\/td><td width=\"95\">\u00a0<\/td><\/tr><tr><td width=\"102\">2001<\/td><td width=\"378\">Sista \u00e5ret med midsommarfestligheter p\u00e5 Gr\u00f6ningen.<\/td><td width=\"95\">\u00a0<\/td><\/tr><tr><td width=\"102\">2002<\/td><td width=\"378\">Luggudegillet startar eget midsommarfirande p\u00e5 Brunnsberga.<\/td><td width=\"95\">\u00a0<\/td><\/tr><tr><td width=\"102\">2008<\/td><td width=\"378\">80-\u00e5rsjubileum p\u00e5 Brunnsberga<\/td><td width=\"95\">80 \u00e5r<\/td><\/tr><tr><td width=\"102\">2018<\/td><td width=\"378\">90-\u00e5rsjubileum Raus F\u00f6rsamlingsg\u00e5rd<\/td><td width=\"95\"><h6>90 \u00e5r<\/h6><\/td><\/tr><\/tbody><\/table><\/div>\n\t\t\t\t<\/div>\n\t\t\t\t<\/div>\n\t\t\t\t<div class=\"elementor-element elementor-element-0058596 elementor-widget elementor-widget-text-editor\" data-id=\"0058596\" data-element_type=\"widget\" data-widget_type=\"text-editor.default\">\n\t\t\t\t<div class=\"elementor-widget-container\">\n\t\t\t\t\t<div class=\"elementor-text-editor elementor-clearfix\"><\/div>\n\t\t\t\t<\/div>\n\t\t\t\t<\/div>\n\t\t\t\t\t\t<\/div>\n\t\t\t\t\t<\/div>\n\t\t<\/div>\n\t\t\t\t<div class=\"elementor-column elementor-col-50 elementor-inner-column elementor-element elementor-element-c3ea0d0\" data-id=\"c3ea0d0\" data-element_type=\"column\">\n\t\t\t<div class=\"elementor-column-wrap elementor-element-populated\">\n\t\t\t\t\t\t\t<div class=\"elementor-widget-wrap\">\n\t\t\t\t\t\t<div class=\"elementor-element elementor-element-d97ca83 elementor-widget elementor-widget-heading\" data-id=\"d97ca83\" data-element_type=\"widget\" data-widget_type=\"heading.default\">\n\t\t\t\t<div class=\"elementor-widget-container\">\n\t\t\t<h2 class=\"elementor-heading-title elementor-size-default\">Brunnsbergas historia<\/h2>\t\t<\/div>\n\t\t\t\t<\/div>\n\t\t\t\t<div class=\"elementor-element elementor-element-efea61c elementor-widget elementor-widget-text-editor\" data-id=\"efea61c\" data-element_type=\"widget\" data-widget_type=\"text-editor.default\">\n\t\t\t\t<div class=\"elementor-widget-container\">\n\t\t\t\t\t<div class=\"elementor-text-editor elementor-clearfix\"><p>H\u00e4r planeras komplettering m historik om\u00a0 <\/p><ul><li>LG danslokal historia (finns en hel del tidigare publ)<\/li><li>Brunnsberga g\u00e5rd<\/li><\/ul><\/div>\n\t\t\t\t<\/div>\n\t\t\t\t<\/div>\n\t\t\t\t\t\t<\/div>\n\t\t\t\t\t<\/div>\n\t\t<\/div>\n\t\t\t\t\t\t\t\t<\/div>\n\t\t\t\t\t<\/div>\n\t\t<\/section>\n\t\t\t\t\t\t<\/div>\n\t\t\t\t\t<\/div>\n\t\t<\/div>\n\t\t\t\t\t\t\t\t<\/div>\n\t\t\t\t\t<\/div>\n\t\t<\/section>\n\t\t\t\t\t\t<\/div>\n\t\t\t\t\t\t<\/div>\n\t\t\t\t\t<\/div>\n\t\t","protected":false},"excerpt":{"rendered":"<p>Arkivsida: Luggudegillets resp danslokalernas historia P\u00e5 denna sida planeras info om Luggudegillets historia samt Danslokalerna historiskt (Byggnadstomt utan byggnad, Tillflykten och Brunnsberga) Luggudegillets historia Test (ej i funktion) H\u00e4r kommer\u00a0 mer arkivmaterial att publiceras.\u00a0 \u00a0 1.1\u00a0\u00a0\u00a0\u00a0\u00a0 N\u00e5gra h\u00e4ndelser i LG historia (urval) \u00a0 1928 Luggudegillet bildas \u00a0 \u00a0 \u00a0 \u00a0 1936 \u201dByggnadsf\u00f6reningen Luggudegillet u. p. &hellip;<\/p>\n<p class=\"read-more\"> <a class=\"\" href=\"https:\/\/folkdansringen.se\/luggudegillet\/elementor-380\/\"> <span class=\"screen-reader-text\">Arkiv<\/span> L\u00e4s mer &raquo;<\/a><\/p>\n","protected":false},"author":1,"featured_media":0,"parent":0,"menu_order":0,"comment_status":"closed","ping_status":"closed","template":"","meta":[],"_links":{"self":[{"href":"https:\/\/folkdansringen.se\/luggudegillet\/wp-json\/wp\/v2\/pages\/380"}],"collection":[{"href":"https:\/\/folkdansringen.se\/luggudegillet\/wp-json\/wp\/v2\/pages"}],"about":[{"href":"https:\/\/folkdansringen.se\/luggudegillet\/wp-json\/wp\/v2\/types\/page"}],"author":[{"embeddable":true,"href":"https:\/\/folkdansringen.se\/luggudegillet\/wp-json\/wp\/v2\/users\/1"}],"replies":[{"embeddable":true,"href":"https:\/\/folkdansringen.se\/luggudegillet\/wp-json\/wp\/v2\/comments?post=380"}],"version-history":[{"count":9,"href":"https:\/\/folkdansringen.se\/luggudegillet\/wp-json\/wp\/v2\/pages\/380\/revisions"}],"predecessor-version":[{"id":594,"href":"https:\/\/folkdansringen.se\/luggudegillet\/wp-json\/wp\/v2\/pages\/380\/revisions\/594"}],"wp:attachment":[{"href":"https:\/\/folkdansringen.se\/luggudegillet\/wp-json\/wp\/v2\/media?parent=380"}],"curies":[{"name":"wp","href":"https:\/\/api.w.org\/{rel}","templated":true}]}}