{"id":376,"date":"2020-08-05T14:46:03","date_gmt":"2020-08-05T12:46:03","guid":{"rendered":"https:\/\/folkdansringen.se\/luggudegilletny\/?page_id=376"},"modified":"2026-03-18T15:08:15","modified_gmt":"2026-03-18T14:08:15","slug":"elementor-376","status":"publish","type":"page","link":"https:\/\/folkdansringen.se\/luggudegillet\/elementor-376\/","title":{"rendered":"Vad o N\u00e4r?"},"content":{"rendered":"\t\t<div data-elementor-type=\"wp-post\" data-elementor-id=\"376\" class=\"elementor elementor-376\" data-elementor-settings=\"[]\">\n\t\t\t\t\t\t<div class=\"elementor-inner\">\n\t\t\t\t\t\t\t<div class=\"elementor-section-wrap\">\n\t\t\t\t\t\t\t<section class=\"elementor-section elementor-top-section elementor-element elementor-element-916949b elementor-section-boxed elementor-section-height-default elementor-section-height-default\" data-id=\"916949b\" data-element_type=\"section\">\n\t\t\t\t\t\t<div class=\"elementor-container elementor-column-gap-default\">\n\t\t\t\t\t\t\t<div class=\"elementor-row\">\n\t\t\t\t\t<div class=\"elementor-column elementor-col-100 elementor-top-column elementor-element elementor-element-c7635e9\" data-id=\"c7635e9\" data-element_type=\"column\">\n\t\t\t<div class=\"elementor-column-wrap elementor-element-populated\">\n\t\t\t\t\t\t\t<div class=\"elementor-widget-wrap\">\n\t\t\t\t\t\t<div class=\"elementor-element elementor-element-ed8a8f7 elementor-widget elementor-widget-heading\" data-id=\"ed8a8f7\" data-element_type=\"widget\" data-widget_type=\"heading.default\">\n\t\t\t\t<div class=\"elementor-widget-container\">\n\t\t\t<h2 class=\"elementor-heading-title elementor-size-default\">Vad och N\u00e4r?<\/h2>\t\t<\/div>\n\t\t\t\t<\/div>\n\t\t\t\t\t\t<\/div>\n\t\t\t\t\t<\/div>\n\t\t<\/div>\n\t\t\t\t\t\t\t\t<\/div>\n\t\t\t\t\t<\/div>\n\t\t<\/section>\n\t\t\t\t<section class=\"elementor-section elementor-top-section elementor-element elementor-element-825ddf5 elementor-section-boxed elementor-section-height-default elementor-section-height-default\" data-id=\"825ddf5\" data-element_type=\"section\">\n\t\t\t\t\t\t<div class=\"elementor-container elementor-column-gap-default\">\n\t\t\t\t\t\t\t<div class=\"elementor-row\">\n\t\t\t\t\t<div class=\"elementor-column elementor-col-100 elementor-top-column elementor-element elementor-element-8951cfc\" data-id=\"8951cfc\" data-element_type=\"column\">\n\t\t\t<div class=\"elementor-column-wrap elementor-element-populated\">\n\t\t\t\t\t\t\t<div class=\"elementor-widget-wrap\">\n\t\t\t\t\t\t<section class=\"elementor-section elementor-inner-section elementor-element elementor-element-870e111 elementor-section-boxed elementor-section-height-default elementor-section-height-default\" data-id=\"870e111\" data-element_type=\"section\">\n\t\t\t\t\t\t<div class=\"elementor-container elementor-column-gap-default\">\n\t\t\t\t\t\t\t<div class=\"elementor-row\">\n\t\t\t\t\t<div class=\"elementor-column elementor-col-50 elementor-inner-column elementor-element elementor-element-96b5013\" data-id=\"96b5013\" data-element_type=\"column\">\n\t\t\t<div class=\"elementor-column-wrap elementor-element-populated\">\n\t\t\t\t\t\t\t<div class=\"elementor-widget-wrap\">\n\t\t\t\t\t\t<div class=\"elementor-element elementor-element-b31c900 elementor-widget elementor-widget-heading\" data-id=\"b31c900\" data-element_type=\"widget\" data-widget_type=\"heading.default\">\n\t\t\t\t<div class=\"elementor-widget-container\">\n\t\t\t<h2 class=\"elementor-heading-title elementor-size-default\">Kalender 2026<\/h2>\t\t<\/div>\n\t\t\t\t<\/div>\n\t\t\t\t<div class=\"elementor-element elementor-element-48b6b86 elementor-widget elementor-widget-text-editor\" data-id=\"48b6b86\" data-element_type=\"widget\" data-widget_type=\"text-editor.default\">\n\t\t\t\t<div class=\"elementor-widget-container\">\n\t\t\t\t\t<div class=\"elementor-text-editor elementor-clearfix\"><p>Midsommar p\u00e5 Brunnsberga p\u00e5 Midsommarafton 19 juni<\/p><p>Vi dansar kring midsommarst\u00e5ngen kl. 14<\/p><p>Fika finns att k\u00f6pa<\/p><p>eller ta med en picknick och avnjut i v\u00e5r vackra tr\u00e4dg\u00e5rd.\u00a0<\/p><p>\u00a0<\/p><p>Musikcaf\u00e9\u00a0 19 juli kl. 14<\/p><p>Musikcaf\u00e9 med servering av v\u00e5fflor,\u00a0<\/p><p>musikunderh\u00e5llning och lotteri.\u00a0<\/p><p>\u00a0<\/p><p>Kulturarvsdagar 11-13 september\u00a0\u00a0<\/p><p>G\u00e5rden kommer sjuda av aktivteter kring v\u00e5rt kulturarv<\/p><p>i olika aspekter: dans, musik, dr\u00e4kter.\u00a0<\/p><p>Fika kommer serveras.\u00a0<\/p><p>\u00a0<\/p><p>Gammaldags Julmarknad 28 november\u00a0<\/p><p>V\u00e5r traditionella julmarknad n\u00e4r g\u00e5rden fylls av utst\u00e4llare med<\/p><p>luffarsl\u00f6jd, borstar, stickade produkter och mycket annat hantverk.<\/p><p>Blommor och specerier kan ocks\u00e5 fyndas.\u00a0<\/p><p>Caf\u00e9 och tomtegrotta.\u00a0<\/p><\/div>\n\t\t\t\t<\/div>\n\t\t\t\t<\/div>\n\t\t\t\t\t\t<\/div>\n\t\t\t\t\t<\/div>\n\t\t<\/div>\n\t\t\t\t<div class=\"elementor-column elementor-col-50 elementor-inner-column elementor-element elementor-element-312a104\" data-id=\"312a104\" data-element_type=\"column\">\n\t\t\t<div class=\"elementor-column-wrap elementor-element-populated\">\n\t\t\t\t\t\t\t<div class=\"elementor-widget-wrap\">\n\t\t\t\t\t\t<div class=\"elementor-element elementor-element-a8c9e97 elementor-widget elementor-widget-heading\" data-id=\"a8c9e97\" data-element_type=\"widget\" data-widget_type=\"heading.default\">\n\t\t\t\t<div class=\"elementor-widget-container\">\n\t\t\t<h2 class=\"elementor-heading-title elementor-size-default\">\u00c5rsplan 2026 m reservationer<\/h2>\t\t<\/div>\n\t\t\t\t<\/div>\n\t\t\t\t<div class=\"elementor-element elementor-element-6f03324 elementor-widget elementor-widget-text-editor\" data-id=\"6f03324\" data-element_type=\"widget\" data-widget_type=\"text-editor.default\">\n\t\t\t\t<div class=\"elementor-widget-container\">\n\t\t\t\t\t<div class=\"elementor-text-editor elementor-clearfix\"><\/div>\n\t\t\t\t<\/div>\n\t\t\t\t<\/div>\n\t\t\t\t<div class=\"elementor-element elementor-element-9d5226e elementor-widget elementor-widget-text-editor\" data-id=\"9d5226e\" data-element_type=\"widget\" data-widget_type=\"text-editor.default\">\n\t\t\t\t<div class=\"elementor-widget-container\">\n\t\t\t\t\t<div class=\"elementor-text-editor elementor-clearfix\"><h3>Danslaget<\/h3><h6>Var 2:a och 4:e onsdag i m\u00e5naden kl 19.00 &#8211; 21.00<\/h6><p>Ledare:\u00a0 Magnus Wittgren, <br \/>072-5351080<\/p><\/div>\n\t\t\t\t<\/div>\n\t\t\t\t<\/div>\n\t\t\t\t<div class=\"elementor-element elementor-element-def4688 elementor-widget elementor-widget-text-editor\" data-id=\"def4688\" data-element_type=\"widget\" data-widget_type=\"text-editor.default\">\n\t\t\t\t<div class=\"elementor-widget-container\">\n\t\t\t\t\t<div class=\"elementor-text-editor elementor-clearfix\"><h3>Ukulele<\/h3><h6><span class=\"xr_tl LG_normal_text xr_s61\"><span class=\"LG_normal_text xr_s61\">Tisdagar j\u00e4mn vecka 19.00-21.30 <\/span><\/span><span class=\"xr_tl LG_normal_text xr_s61\"><span class=\"LG_normal_text xr_s61\">+ M\u00e5ndagar udda veckor 19.00-21.30<br \/><\/span><\/span><span class=\"xr_tl LG_normal_text xr_s61\"><span class=\"LG_normal_text xr_s61\"><br \/><\/span><\/span><span class=\"xr_tl LG_normal_text xr_s61\"><span class=\"LG_normal_text xr_s61\">Ledare: Benny Olofsson<\/span><\/span>\u00a0<\/h6><\/div>\n\t\t\t\t<\/div>\n\t\t\t\t<\/div>\n\t\t\t\t<div class=\"elementor-element elementor-element-bdd263f elementor-widget elementor-widget-text-editor\" data-id=\"bdd263f\" data-element_type=\"widget\" data-widget_type=\"text-editor.default\">\n\t\t\t\t<div class=\"elementor-widget-container\">\n\t\t\t\t\t<div class=\"elementor-text-editor elementor-clearfix\"><h3>V\u00e4vcirkel<\/h3><h6><span class=\"xr_tl LG_normal_text xr_s61\"><span class=\"LG_normal_text xr_s61\">Torsdagar 15.30 &#8211; 19.00\u00a0<\/span><\/span><\/h6><h6><span class=\"xr_tl xr_s64\">Administrativ cirkelledare: Britt-Marie Carlberg <\/span><span class=\"xr_tl xr_s27\"><span class=\"xr_s64\">0702-64 60 05\u00a0<\/span><\/span><\/h6><\/div>\n\t\t\t\t<\/div>\n\t\t\t\t<\/div>\n\t\t\t\t\t\t<\/div>\n\t\t\t\t\t<\/div>\n\t\t<\/div>\n\t\t\t\t\t\t\t\t<\/div>\n\t\t\t\t\t<\/div>\n\t\t<\/section>\n\t\t\t\t\t\t<\/div>\n\t\t\t\t\t<\/div>\n\t\t<\/div>\n\t\t\t\t\t\t\t\t<\/div>\n\t\t\t\t\t<\/div>\n\t\t<\/section>\n\t\t\t\t<section class=\"elementor-section elementor-top-section elementor-element elementor-element-ea05a89 elementor-section-boxed elementor-section-height-default elementor-section-height-default\" data-id=\"ea05a89\" data-element_type=\"section\">\n\t\t\t\t\t\t<div class=\"elementor-container elementor-column-gap-default\">\n\t\t\t\t\t\t\t<div class=\"elementor-row\">\n\t\t\t\t\t<div class=\"elementor-column elementor-col-100 elementor-top-column elementor-element elementor-element-0b0cf48\" data-id=\"0b0cf48\" data-element_type=\"column\">\n\t\t\t<div class=\"elementor-column-wrap elementor-element-populated\">\n\t\t\t\t\t\t\t<div class=\"elementor-widget-wrap\">\n\t\t\t\t\t\t<section class=\"elementor-section elementor-inner-section elementor-element elementor-element-edee83c elementor-section-boxed elementor-section-height-default elementor-section-height-default\" data-id=\"edee83c\" data-element_type=\"section\">\n\t\t\t\t\t\t<div class=\"elementor-container elementor-column-gap-default\">\n\t\t\t\t\t\t\t<div class=\"elementor-row\">\n\t\t\t\t\t<div class=\"elementor-column elementor-col-50 elementor-inner-column elementor-element elementor-element-a656091\" data-id=\"a656091\" data-element_type=\"column\">\n\t\t\t<div class=\"elementor-column-wrap elementor-element-populated\">\n\t\t\t\t\t\t\t<div class=\"elementor-widget-wrap\">\n\t\t\t\t\t\t<div class=\"elementor-element elementor-element-8142e84 elementor-widget elementor-widget-text-editor\" data-id=\"8142e84\" data-element_type=\"widget\" data-widget_type=\"text-editor.default\">\n\t\t\t\t<div class=\"elementor-widget-container\">\n\t\t\t\t\t<div class=\"elementor-text-editor elementor-clearfix\"><\/div>\n\t\t\t\t<\/div>\n\t\t\t\t<\/div>\n\t\t\t\t\t\t<\/div>\n\t\t\t\t\t<\/div>\n\t\t<\/div>\n\t\t\t\t<div class=\"elementor-column elementor-col-50 elementor-inner-column elementor-element elementor-element-9e7d2d6\" data-id=\"9e7d2d6\" data-element_type=\"column\">\n\t\t\t<div class=\"elementor-column-wrap\">\n\t\t\t\t\t\t\t<div class=\"elementor-widget-wrap\">\n\t\t\t\t\t\t\t\t<\/div>\n\t\t\t\t\t<\/div>\n\t\t<\/div>\n\t\t\t\t\t\t\t\t<\/div>\n\t\t\t\t\t<\/div>\n\t\t<\/section>\n\t\t\t\t\t\t<\/div>\n\t\t\t\t\t<\/div>\n\t\t<\/div>\n\t\t\t\t\t\t\t\t<\/div>\n\t\t\t\t\t<\/div>\n\t\t<\/section>\n\t\t\t\t\t\t<\/div>\n\t\t\t\t\t\t<\/div>\n\t\t\t\t\t<\/div>\n\t\t","protected":false},"excerpt":{"rendered":"<p>Vad och N\u00e4r? Kalender 2026 Midsommar p\u00e5 Brunnsberga p\u00e5 Midsommarafton 19 juni Vi dansar kring midsommarst\u00e5ngen kl. 14 Fika finns att k\u00f6pa eller ta med en picknick och avnjut i v\u00e5r vackra tr\u00e4dg\u00e5rd.\u00a0 \u00a0 Musikcaf\u00e9\u00a0 19 juli kl. 14 Musikcaf\u00e9 med servering av v\u00e5fflor,\u00a0 musikunderh\u00e5llning och lotteri.\u00a0 \u00a0 Kulturarvsdagar 11-13 september\u00a0\u00a0 G\u00e5rden kommer sjuda av &hellip;<\/p>\n<p class=\"read-more\"> <a class=\"\" href=\"https:\/\/folkdansringen.se\/luggudegillet\/elementor-376\/\"> <span class=\"screen-reader-text\">Vad o N\u00e4r?<\/span> L\u00e4s mer &raquo;<\/a><\/p>\n","protected":false},"author":1,"featured_media":0,"parent":0,"menu_order":0,"comment_status":"closed","ping_status":"closed","template":"","meta":[],"_links":{"self":[{"href":"https:\/\/folkdansringen.se\/luggudegillet\/wp-json\/wp\/v2\/pages\/376"}],"collection":[{"href":"https:\/\/folkdansringen.se\/luggudegillet\/wp-json\/wp\/v2\/pages"}],"about":[{"href":"https:\/\/folkdansringen.se\/luggudegillet\/wp-json\/wp\/v2\/types\/page"}],"author":[{"embeddable":true,"href":"https:\/\/folkdansringen.se\/luggudegillet\/wp-json\/wp\/v2\/users\/1"}],"replies":[{"embeddable":true,"href":"https:\/\/folkdansringen.se\/luggudegillet\/wp-json\/wp\/v2\/comments?post=376"}],"version-history":[{"count":72,"href":"https:\/\/folkdansringen.se\/luggudegillet\/wp-json\/wp\/v2\/pages\/376\/revisions"}],"predecessor-version":[{"id":812,"href":"https:\/\/folkdansringen.se\/luggudegillet\/wp-json\/wp\/v2\/pages\/376\/revisions\/812"}],"wp:attachment":[{"href":"https:\/\/folkdansringen.se\/luggudegillet\/wp-json\/wp\/v2\/media?parent=376"}],"curies":[{"name":"wp","href":"https:\/\/api.w.org\/{rel}","templated":true}]}}