{"id":347,"date":"2020-08-02T16:32:36","date_gmt":"2020-08-02T14:32:36","guid":{"rendered":"https:\/\/folkdansringen.se\/luggudegilletny\/?page_id=347"},"modified":"2024-04-29T11:29:02","modified_gmt":"2024-04-29T09:29:02","slug":"elementor-347","status":"publish","type":"page","link":"https:\/\/folkdansringen.se\/luggudegillet\/elementor-347\/","title":{"rendered":"Kontakt"},"content":{"rendered":"\t\t<div data-elementor-type=\"wp-page\" data-elementor-id=\"347\" class=\"elementor elementor-347\" data-elementor-settings=\"[]\">\n\t\t\t\t\t\t<div class=\"elementor-inner\">\n\t\t\t\t\t\t\t<div class=\"elementor-section-wrap\">\n\t\t\t\t\t\t\t<section class=\"elementor-section elementor-top-section elementor-element elementor-element-a69d2e8 elementor-section-boxed elementor-section-height-default elementor-section-height-default\" data-id=\"a69d2e8\" data-element_type=\"section\">\n\t\t\t\t\t\t<div class=\"elementor-container elementor-column-gap-default\">\n\t\t\t\t\t\t\t<div class=\"elementor-row\">\n\t\t\t\t\t<div class=\"elementor-column elementor-col-100 elementor-top-column elementor-element elementor-element-0eabbd5\" data-id=\"0eabbd5\" data-element_type=\"column\">\n\t\t\t<div class=\"elementor-column-wrap elementor-element-populated\">\n\t\t\t\t\t\t\t<div class=\"elementor-widget-wrap\">\n\t\t\t\t\t\t<div class=\"elementor-element elementor-element-ddcd94e elementor-widget elementor-widget-heading\" data-id=\"ddcd94e\" data-element_type=\"widget\" data-widget_type=\"heading.default\">\n\t\t\t\t<div class=\"elementor-widget-container\">\n\t\t\t<h2 class=\"elementor-heading-title elementor-size-default\">Kontakt och hitta till oss<\/h2>\t\t<\/div>\n\t\t\t\t<\/div>\n\t\t\t\t\t\t<\/div>\n\t\t\t\t\t<\/div>\n\t\t<\/div>\n\t\t\t\t\t\t\t\t<\/div>\n\t\t\t\t\t<\/div>\n\t\t<\/section>\n\t\t\t\t<section class=\"elementor-section elementor-top-section elementor-element elementor-element-ca2b0e3 elementor-section-boxed elementor-section-height-default elementor-section-height-default\" data-id=\"ca2b0e3\" data-element_type=\"section\">\n\t\t\t\t\t\t<div class=\"elementor-container elementor-column-gap-default\">\n\t\t\t\t\t\t\t<div class=\"elementor-row\">\n\t\t\t\t\t<div class=\"elementor-column elementor-col-100 elementor-top-column elementor-element elementor-element-f857ebd\" data-id=\"f857ebd\" data-element_type=\"column\">\n\t\t\t<div class=\"elementor-column-wrap elementor-element-populated\">\n\t\t\t\t\t\t\t<div class=\"elementor-widget-wrap\">\n\t\t\t\t\t\t<section class=\"elementor-section elementor-inner-section elementor-element elementor-element-2b174e3 elementor-section-boxed elementor-section-height-default elementor-section-height-default\" data-id=\"2b174e3\" data-element_type=\"section\">\n\t\t\t\t\t\t<div class=\"elementor-container elementor-column-gap-default\">\n\t\t\t\t\t\t\t<div class=\"elementor-row\">\n\t\t\t\t\t<div class=\"elementor-column elementor-col-50 elementor-inner-column elementor-element elementor-element-fd6ebc5\" data-id=\"fd6ebc5\" data-element_type=\"column\">\n\t\t\t<div class=\"elementor-column-wrap elementor-element-populated\">\n\t\t\t\t\t\t\t<div class=\"elementor-widget-wrap\">\n\t\t\t\t\t\t<div class=\"elementor-element elementor-element-d998442 elementor-widget elementor-widget-image\" data-id=\"d998442\" data-element_type=\"widget\" data-widget_type=\"image.default\">\n\t\t\t\t<div class=\"elementor-widget-container\">\n\t\t\t\t\t<div class=\"elementor-image\">\n\t\t\t\t\t\t\t\t\t\t<img width=\"300\" height=\"225\" src=\"https:\/\/folkdansringen.se\/luggudegillet\/wp-content\/uploads\/2020\/08\/Garden-005-Exterior-O-300x225.jpg\" class=\"attachment-medium size-medium\" alt=\"\" loading=\"lazy\" srcset=\"https:\/\/folkdansringen.se\/luggudegillet\/wp-content\/uploads\/2020\/08\/Garden-005-Exterior-O-300x225.jpg 300w, https:\/\/folkdansringen.se\/luggudegillet\/wp-content\/uploads\/2020\/08\/Garden-005-Exterior-O.jpg 640w\" sizes=\"(max-width: 300px) 100vw, 300px\" \/>\t\t\t\t\t\t\t\t\t\t\t<\/div>\n\t\t\t\t<\/div>\n\t\t\t\t<\/div>\n\t\t\t\t\t\t<\/div>\n\t\t\t\t\t<\/div>\n\t\t<\/div>\n\t\t\t\t<div class=\"elementor-column elementor-col-50 elementor-inner-column elementor-element elementor-element-64a6976\" data-id=\"64a6976\" data-element_type=\"column\">\n\t\t\t<div class=\"elementor-column-wrap elementor-element-populated\">\n\t\t\t\t\t\t\t<div class=\"elementor-widget-wrap\">\n\t\t\t\t\t\t<div class=\"elementor-element elementor-element-cac09f9 elementor-widget elementor-widget-heading\" data-id=\"cac09f9\" data-element_type=\"widget\" data-widget_type=\"heading.default\">\n\t\t\t\t<div class=\"elementor-widget-container\">\n\t\t\t<h2 class=\"elementor-heading-title elementor-size-small\">Postadress<br><\/h2>\t\t<\/div>\n\t\t\t\t<\/div>\n\t\t\t\t<div class=\"elementor-element elementor-element-c085cb0 elementor-widget elementor-widget-text-editor\" data-id=\"c085cb0\" data-element_type=\"widget\" data-widget_type=\"text-editor.default\">\n\t\t\t\t<div class=\"elementor-widget-container\">\n\t\t\t\t\t<div class=\"elementor-text-editor elementor-clearfix\"><h6>Luggudegillet<br \/>c\/o Cecilia Karl\u00e9n<br \/>T\u00e5gagatan 2<br \/>252 22\u00a0 Helsingborg\u00a0<\/h6><\/div>\n\t\t\t\t<\/div>\n\t\t\t\t<\/div>\n\t\t\t\t<div class=\"elementor-element elementor-element-c62fde4 elementor-widget elementor-widget-heading\" data-id=\"c62fde4\" data-element_type=\"widget\" data-widget_type=\"heading.default\">\n\t\t\t\t<div class=\"elementor-widget-container\">\n\t\t\t<h2 class=\"elementor-heading-title elementor-size-small\">E-post<\/h2>\t\t<\/div>\n\t\t\t\t<\/div>\n\t\t\t\t<div class=\"elementor-element elementor-element-158d366 elementor-widget elementor-widget-text-editor\" data-id=\"158d366\" data-element_type=\"widget\" data-widget_type=\"text-editor.default\">\n\t\t\t\t<div class=\"elementor-widget-container\">\n\t\t\t\t\t<div class=\"elementor-text-editor elementor-clearfix\"><p>\u00a0luggudegillet@folkdansringen.se\u00a0<\/p><\/div>\n\t\t\t\t<\/div>\n\t\t\t\t<\/div>\n\t\t\t\t<div class=\"elementor-element elementor-element-3649fef elementor-widget elementor-widget-heading\" data-id=\"3649fef\" data-element_type=\"widget\" data-widget_type=\"heading.default\">\n\t\t\t\t<div class=\"elementor-widget-container\">\n\t\t\t<h2 class=\"elementor-heading-title elementor-size-small\">Telefon<\/h2>\t\t<\/div>\n\t\t\t\t<\/div>\n\t\t\t\t<div class=\"elementor-element elementor-element-79131eb elementor-widget elementor-widget-text-editor\" data-id=\"79131eb\" data-element_type=\"widget\" data-widget_type=\"text-editor.default\">\n\t\t\t\t<div class=\"elementor-widget-container\">\n\t\t\t\t\t<div class=\"elementor-text-editor elementor-clearfix\"><p>(uthyrning o kontakt):\u00a0 0730 98 35 00 (s\u00e4krast kv\u00e4llstid)<\/p><\/div>\n\t\t\t\t<\/div>\n\t\t\t\t<\/div>\n\t\t\t\t<div class=\"elementor-element elementor-element-9bfaab6 elementor-widget elementor-widget-heading\" data-id=\"9bfaab6\" data-element_type=\"widget\" data-widget_type=\"heading.default\">\n\t\t\t\t<div class=\"elementor-widget-container\">\n\t\t\t<h2 class=\"elementor-heading-title elementor-size-small\">PlusGiro konto<\/h2>\t\t<\/div>\n\t\t\t\t<\/div>\n\t\t\t\t<div class=\"elementor-element elementor-element-84a70e0 elementor-widget elementor-widget-text-editor\" data-id=\"84a70e0\" data-element_type=\"widget\" data-widget_type=\"text-editor.default\">\n\t\t\t\t<div class=\"elementor-widget-container\">\n\t\t\t\t\t<div class=\"elementor-text-editor elementor-clearfix\"><p>26 52 76-6<\/p><\/div>\n\t\t\t\t<\/div>\n\t\t\t\t<\/div>\n\t\t\t\t\t\t<\/div>\n\t\t\t\t\t<\/div>\n\t\t<\/div>\n\t\t\t\t\t\t\t\t<\/div>\n\t\t\t\t\t<\/div>\n\t\t<\/section>\n\t\t\t\t\t\t<\/div>\n\t\t\t\t\t<\/div>\n\t\t<\/div>\n\t\t\t\t\t\t\t\t<\/div>\n\t\t\t\t\t<\/div>\n\t\t<\/section>\n\t\t\t\t<section class=\"elementor-section elementor-top-section elementor-element elementor-element-a578f18 elementor-section-boxed elementor-section-height-default elementor-section-height-default\" data-id=\"a578f18\" data-element_type=\"section\">\n\t\t\t\t\t\t<div class=\"elementor-container elementor-column-gap-default\">\n\t\t\t\t\t\t\t<div class=\"elementor-row\">\n\t\t\t\t\t<div class=\"elementor-column elementor-col-50 elementor-top-column elementor-element elementor-element-ff2f094\" data-id=\"ff2f094\" data-element_type=\"column\">\n\t\t\t<div class=\"elementor-column-wrap elementor-element-populated\">\n\t\t\t\t\t\t\t<div class=\"elementor-widget-wrap\">\n\t\t\t\t\t\t<div class=\"elementor-element elementor-element-629ee36 elementor-widget elementor-widget-heading\" data-id=\"629ee36\" data-element_type=\"widget\" data-widget_type=\"heading.default\">\n\t\t\t\t<div class=\"elementor-widget-container\">\n\t\t\t<h2 class=\"elementor-heading-title elementor-size-small\">Styrelse 2023<\/h2>\t\t<\/div>\n\t\t\t\t<\/div>\n\t\t\t\t<section class=\"elementor-section elementor-inner-section elementor-element elementor-element-64acba7 elementor-section-boxed elementor-section-height-default elementor-section-height-default\" data-id=\"64acba7\" data-element_type=\"section\">\n\t\t\t\t\t\t<div class=\"elementor-container elementor-column-gap-default\">\n\t\t\t\t\t\t\t<div class=\"elementor-row\">\n\t\t\t\t\t<div class=\"elementor-column elementor-col-100 elementor-inner-column elementor-element elementor-element-ef6caee\" data-id=\"ef6caee\" data-element_type=\"column\">\n\t\t\t<div class=\"elementor-column-wrap elementor-element-populated\">\n\t\t\t\t\t\t\t<div class=\"elementor-widget-wrap\">\n\t\t\t\t\t\t<div class=\"elementor-element elementor-element-dac93bb elementor-widget elementor-widget-text-editor\" data-id=\"dac93bb\" data-element_type=\"widget\" data-widget_type=\"text-editor.default\">\n\t\t\t\t<div class=\"elementor-widget-container\">\n\t\t\t\t\t<div class=\"elementor-text-editor elementor-clearfix\"><p><span style=\"font-size: 15px; color: var( --e-global-color-text ); font-family: var( --e-global-typography-text-font-family );\">Magnus Wittgren&nbsp; &nbsp; &nbsp;&nbsp; Ordf\u00f6rande<\/span><\/p>\n<p>Cecilia Karl\u00e9n&nbsp; &nbsp; &nbsp; &nbsp; &nbsp; &nbsp; &nbsp; Sekreterare<\/p>\n<p>Mats Emanuelsson&nbsp; &nbsp; Kass\u00f6r<\/p>\n<p>Christopher Ahlstr\u00f6m G\u00e5rdsf\u00f6rvaltare<\/p>\n<p>Marie Ahlstr\u00f6m&nbsp; &nbsp; &nbsp; &nbsp; &nbsp; &nbsp;G\u00e5rdsuthyrare<\/p>\n<p>Anne-Li Alquist&nbsp; &nbsp; &nbsp; &nbsp; &nbsp; &nbsp;Suppleant<\/p>\n<p>Urban Johansson&nbsp; &nbsp; &nbsp; &nbsp; Suppleant<\/p><\/div>\n\t\t\t\t<\/div>\n\t\t\t\t<\/div>\n\t\t\t\t\t\t<\/div>\n\t\t\t\t\t<\/div>\n\t\t<\/div>\n\t\t\t\t\t\t\t\t<\/div>\n\t\t\t\t\t<\/div>\n\t\t<\/section>\n\t\t\t\t\t\t<\/div>\n\t\t\t\t\t<\/div>\n\t\t<\/div>\n\t\t\t\t<div class=\"elementor-column elementor-col-50 elementor-top-column elementor-element elementor-element-739d071\" data-id=\"739d071\" data-element_type=\"column\">\n\t\t\t<div class=\"elementor-column-wrap elementor-element-populated\">\n\t\t\t\t\t\t\t<div class=\"elementor-widget-wrap\">\n\t\t\t\t\t\t<div class=\"elementor-element elementor-element-d23fb34 elementor-widget elementor-widget-heading\" data-id=\"d23fb34\" data-element_type=\"widget\" data-widget_type=\"heading.default\">\n\t\t\t\t<div class=\"elementor-widget-container\">\n\t\t\t<h2 class=\"elementor-heading-title elementor-size-small\">Revisorer:<\/h2>\t\t<\/div>\n\t\t\t\t<\/div>\n\t\t\t\t<div class=\"elementor-element elementor-element-b2f80df elementor-widget elementor-widget-text-editor\" data-id=\"b2f80df\" data-element_type=\"widget\" data-widget_type=\"text-editor.default\">\n\t\t\t\t<div class=\"elementor-widget-container\">\n\t\t\t\t\t<div class=\"elementor-text-editor elementor-clearfix\"><p><span style=\"color: var( --e-global-color-text ); font-family: var( --e-global-typography-text-font-family ); font-size: 15px;\">Britt-Marie Carlberg&nbsp;<\/span><\/p><p><span style=\"color: var( --e-global-color-text ); font-family: var( --e-global-typography-text-font-family ); font-size: 15px;\">Rose-Marie Johanson<\/span><\/p><\/div>\n\t\t\t\t<\/div>\n\t\t\t\t<\/div>\n\t\t\t\t\t\t<\/div>\n\t\t\t\t\t<\/div>\n\t\t<\/div>\n\t\t\t\t\t\t\t\t<\/div>\n\t\t\t\t\t<\/div>\n\t\t<\/section>\n\t\t\t\t<section class=\"elementor-section elementor-top-section elementor-element elementor-element-efb0594 elementor-section-boxed elementor-section-height-default elementor-section-height-default\" data-id=\"efb0594\" data-element_type=\"section\">\n\t\t\t\t\t\t<div class=\"elementor-container elementor-column-gap-default\">\n\t\t\t\t\t\t\t<div class=\"elementor-row\">\n\t\t\t\t\t<div class=\"elementor-column elementor-col-100 elementor-top-column elementor-element elementor-element-07db54c\" data-id=\"07db54c\" data-element_type=\"column\">\n\t\t\t<div class=\"elementor-column-wrap\">\n\t\t\t\t\t\t\t<div class=\"elementor-widget-wrap\">\n\t\t\t\t\t\t\t\t<\/div>\n\t\t\t\t\t<\/div>\n\t\t<\/div>\n\t\t\t\t\t\t\t\t<\/div>\n\t\t\t\t\t<\/div>\n\t\t<\/section>\n\t\t\t\t<section class=\"elementor-section elementor-top-section elementor-element elementor-element-2b0ed4f elementor-section-boxed elementor-section-height-default elementor-section-height-default\" data-id=\"2b0ed4f\" data-element_type=\"section\">\n\t\t\t\t\t\t<div class=\"elementor-container elementor-column-gap-default\">\n\t\t\t\t\t\t\t<div class=\"elementor-row\">\n\t\t\t\t\t<div class=\"elementor-column elementor-col-33 elementor-top-column elementor-element elementor-element-9efb30d\" data-id=\"9efb30d\" data-element_type=\"column\">\n\t\t\t<div class=\"elementor-column-wrap elementor-element-populated\">\n\t\t\t\t\t\t\t<div class=\"elementor-widget-wrap\">\n\t\t\t\t\t\t<div class=\"elementor-element elementor-element-d28c62c elementor-widget elementor-widget-heading\" data-id=\"d28c62c\" data-element_type=\"widget\" data-widget_type=\"heading.default\">\n\t\t\t\t<div class=\"elementor-widget-container\">\n\t\t\t<h2 class=\"elementor-heading-title elementor-size-medium\">Hitta till Brunnsberga<\/h2>\t\t<\/div>\n\t\t\t\t<\/div>\n\t\t\t\t<div class=\"elementor-element elementor-element-1a74afa elementor-widget elementor-widget-text-editor\" data-id=\"1a74afa\" data-element_type=\"widget\" data-widget_type=\"text-editor.default\">\n\t\t\t\t<div class=\"elementor-widget-container\">\n\t\t\t\t\t<div class=\"elementor-text-editor elementor-clearfix\"><p>Granntomten \u00e4r nu byggarbetsplats och kommer d\u00e4refter att\u00a0 best\u00e5 av hyreshus. <b>Infarten <\/b>kan vara sv\u00e5r att uppt\u00e4cka.\u00a0<\/p><p>Ett mindre antal <b>P-platser<\/b> finns p\u00e5 g\u00e5rdsplanen.<\/p><p><b>Parkeringsm\u00f6jligheter\u00a0 <\/b>i omr\u00e5det varierar beroende p\u00e5 tidpunkt. Finns i viss utstr\u00e4ckning (t ex V Raml\u00f6sa skola, d:o F\u00f6rskola, enstaka P-platser samt gatuparkering p\u00e5 omgivande sm\u00e5gator)<\/p><\/div>\n\t\t\t\t<\/div>\n\t\t\t\t<\/div>\n\t\t\t\t\t\t<\/div>\n\t\t\t\t\t<\/div>\n\t\t<\/div>\n\t\t\t\t<div class=\"elementor-column elementor-col-33 elementor-top-column elementor-element elementor-element-5919730\" data-id=\"5919730\" data-element_type=\"column\">\n\t\t\t<div class=\"elementor-column-wrap elementor-element-populated\">\n\t\t\t\t\t\t\t<div class=\"elementor-widget-wrap\">\n\t\t\t\t\t\t<div class=\"elementor-element elementor-element-4fdd802 elementor-widget elementor-widget-heading\" data-id=\"4fdd802\" data-element_type=\"widget\" data-widget_type=\"heading.default\">\n\t\t\t\t<div class=\"elementor-widget-container\">\n\t\t\t<h1 class=\"elementor-heading-title elementor-size-small\">Infart och Parkering<\/h1>\t\t<\/div>\n\t\t\t\t<\/div>\n\t\t\t\t<section class=\"elementor-section elementor-inner-section elementor-element elementor-element-7d96dd6 elementor-section-boxed elementor-section-height-default elementor-section-height-default\" data-id=\"7d96dd6\" data-element_type=\"section\">\n\t\t\t\t\t\t<div class=\"elementor-container elementor-column-gap-default\">\n\t\t\t\t\t\t\t<div class=\"elementor-row\">\n\t\t\t\t\t<div class=\"elementor-column elementor-col-50 elementor-inner-column elementor-element elementor-element-1f188f7\" data-id=\"1f188f7\" data-element_type=\"column\">\n\t\t\t<div class=\"elementor-column-wrap elementor-element-populated\">\n\t\t\t\t\t\t\t<div class=\"elementor-widget-wrap\">\n\t\t\t\t\t\t<div class=\"elementor-element elementor-element-b3a822c elementor-widget elementor-widget-image\" data-id=\"b3a822c\" data-element_type=\"widget\" data-widget_type=\"image.default\">\n\t\t\t\t<div class=\"elementor-widget-container\">\n\t\t\t\t\t<div class=\"elementor-image\">\n\t\t\t\t\t\t\t\t\t\t<img width=\"768\" height=\"576\" src=\"https:\/\/folkdansringen.se\/luggudegillet\/wp-content\/uploads\/2020\/10\/2020-Byggomr-fd-ICA-1-768x576.jpg\" class=\"attachment-medium_large size-medium_large\" alt=\"\" loading=\"lazy\" srcset=\"https:\/\/folkdansringen.se\/luggudegillet\/wp-content\/uploads\/2020\/10\/2020-Byggomr-fd-ICA-1-768x576.jpg 768w, https:\/\/folkdansringen.se\/luggudegillet\/wp-content\/uploads\/2020\/10\/2020-Byggomr-fd-ICA-1-300x225.jpg 300w, https:\/\/folkdansringen.se\/luggudegillet\/wp-content\/uploads\/2020\/10\/2020-Byggomr-fd-ICA-1-1024x768.jpg 1024w, https:\/\/folkdansringen.se\/luggudegillet\/wp-content\/uploads\/2020\/10\/2020-Byggomr-fd-ICA-1-1536x1152.jpg 1536w, https:\/\/folkdansringen.se\/luggudegillet\/wp-content\/uploads\/2020\/10\/2020-Byggomr-fd-ICA-1-2048x1536.jpg 2048w\" sizes=\"(max-width: 768px) 100vw, 768px\" \/>\t\t\t\t\t\t\t\t\t\t\t<\/div>\n\t\t\t\t<\/div>\n\t\t\t\t<\/div>\n\t\t\t\t\t\t<\/div>\n\t\t\t\t\t<\/div>\n\t\t<\/div>\n\t\t\t\t<div class=\"elementor-column elementor-col-50 elementor-inner-column elementor-element elementor-element-712fd62\" data-id=\"712fd62\" data-element_type=\"column\">\n\t\t\t<div class=\"elementor-column-wrap elementor-element-populated\">\n\t\t\t\t\t\t\t<div class=\"elementor-widget-wrap\">\n\t\t\t\t\t\t<div class=\"elementor-element elementor-element-3f644e7 elementor-widget elementor-widget-image\" data-id=\"3f644e7\" data-element_type=\"widget\" data-widget_type=\"image.default\">\n\t\t\t\t<div class=\"elementor-widget-container\">\n\t\t\t\t\t<div class=\"elementor-image\">\n\t\t\t\t\t\t\t\t\t\t<img width=\"1024\" height=\"768\" src=\"https:\/\/folkdansringen.se\/luggudegillet\/wp-content\/uploads\/2020\/10\/2020-Infart-fr-G-vagen-1-1024x768.jpg\" class=\"attachment-large size-large\" alt=\"\" loading=\"lazy\" srcset=\"https:\/\/folkdansringen.se\/luggudegillet\/wp-content\/uploads\/2020\/10\/2020-Infart-fr-G-vagen-1-1024x768.jpg 1024w, https:\/\/folkdansringen.se\/luggudegillet\/wp-content\/uploads\/2020\/10\/2020-Infart-fr-G-vagen-1-300x225.jpg 300w, https:\/\/folkdansringen.se\/luggudegillet\/wp-content\/uploads\/2020\/10\/2020-Infart-fr-G-vagen-1-768x576.jpg 768w, https:\/\/folkdansringen.se\/luggudegillet\/wp-content\/uploads\/2020\/10\/2020-Infart-fr-G-vagen-1-1536x1152.jpg 1536w, https:\/\/folkdansringen.se\/luggudegillet\/wp-content\/uploads\/2020\/10\/2020-Infart-fr-G-vagen-1-2048x1536.jpg 2048w\" sizes=\"(max-width: 1024px) 100vw, 1024px\" \/>\t\t\t\t\t\t\t\t\t\t\t<\/div>\n\t\t\t\t<\/div>\n\t\t\t\t<\/div>\n\t\t\t\t\t\t<\/div>\n\t\t\t\t\t<\/div>\n\t\t<\/div>\n\t\t\t\t\t\t\t\t<\/div>\n\t\t\t\t\t<\/div>\n\t\t<\/section>\n\t\t\t\t<div class=\"elementor-element elementor-element-6a0ef0f elementor-widget elementor-widget-text-editor\" data-id=\"6a0ef0f\" data-element_type=\"widget\" data-widget_type=\"text-editor.default\">\n\t\t\t\t<div class=\"elementor-widget-container\">\n\t\t\t\t\t<div class=\"elementor-text-editor elementor-clearfix\"><p>F d ICA-butiken; nu byggarbetsplats f\u00f6r l\u00e5ng tid fram\u00e5t. Infarten \u00e4r fr\u00e5n Gustavslundsv\u00e4gen\u00a0 mellan staketet och Brunnsberga f\u00f6rskola.<\/p><\/div>\n\t\t\t\t<\/div>\n\t\t\t\t<\/div>\n\t\t\t\t\t\t<\/div>\n\t\t\t\t\t<\/div>\n\t\t<\/div>\n\t\t\t\t<div class=\"elementor-column elementor-col-33 elementor-top-column elementor-element elementor-element-0711977\" data-id=\"0711977\" data-element_type=\"column\">\n\t\t\t<div class=\"elementor-column-wrap elementor-element-populated\">\n\t\t\t\t\t\t\t<div class=\"elementor-widget-wrap\">\n\t\t\t\t\t\t<div class=\"elementor-element elementor-element-59f0cd8 elementor-widget elementor-widget-image\" data-id=\"59f0cd8\" data-element_type=\"widget\" data-widget_type=\"image.default\">\n\t\t\t\t<div class=\"elementor-widget-container\">\n\t\t\t\t\t<div class=\"elementor-image\">\n\t\t\t\t\t\t\t\t\t\t<img width=\"1024\" height=\"768\" src=\"https:\/\/folkdansringen.se\/luggudegillet\/wp-content\/uploads\/2020\/10\/2020-Infart-fr-G-vagen-2-1024x768.jpg\" class=\"attachment-large size-large\" alt=\"\" loading=\"lazy\" srcset=\"https:\/\/folkdansringen.se\/luggudegillet\/wp-content\/uploads\/2020\/10\/2020-Infart-fr-G-vagen-2-1024x768.jpg 1024w, https:\/\/folkdansringen.se\/luggudegillet\/wp-content\/uploads\/2020\/10\/2020-Infart-fr-G-vagen-2-300x225.jpg 300w, https:\/\/folkdansringen.se\/luggudegillet\/wp-content\/uploads\/2020\/10\/2020-Infart-fr-G-vagen-2-768x576.jpg 768w, https:\/\/folkdansringen.se\/luggudegillet\/wp-content\/uploads\/2020\/10\/2020-Infart-fr-G-vagen-2-1536x1152.jpg 1536w, https:\/\/folkdansringen.se\/luggudegillet\/wp-content\/uploads\/2020\/10\/2020-Infart-fr-G-vagen-2-2048x1536.jpg 2048w\" sizes=\"(max-width: 1024px) 100vw, 1024px\" \/>\t\t\t\t\t\t\t\t\t\t\t<\/div>\n\t\t\t\t<\/div>\n\t\t\t\t<\/div>\n\t\t\t\t\t\t<\/div>\n\t\t\t\t\t<\/div>\n\t\t<\/div>\n\t\t\t\t\t\t\t\t<\/div>\n\t\t\t\t\t<\/div>\n\t\t<\/section>\n\t\t\t\t<section class=\"elementor-section elementor-top-section elementor-element elementor-element-64af32d elementor-section-boxed elementor-section-height-default elementor-section-height-default\" data-id=\"64af32d\" data-element_type=\"section\">\n\t\t\t\t\t\t<div class=\"elementor-container elementor-column-gap-default\">\n\t\t\t\t\t\t\t<div class=\"elementor-row\">\n\t\t\t\t\t<div class=\"elementor-column elementor-col-100 elementor-top-column elementor-element elementor-element-d210071\" data-id=\"d210071\" data-element_type=\"column\">\n\t\t\t<div class=\"elementor-column-wrap elementor-element-populated\">\n\t\t\t\t\t\t\t<div class=\"elementor-widget-wrap\">\n\t\t\t\t\t\t<div class=\"elementor-element elementor-element-2beea73 elementor-widget elementor-widget-google_maps\" data-id=\"2beea73\" data-element_type=\"widget\" data-widget_type=\"google_maps.default\">\n\t\t\t\t<div class=\"elementor-widget-container\">\n\t\t\t<div class=\"elementor-custom-embed\"><iframe frameborder=\"0\" scrolling=\"no\" marginheight=\"0\" marginwidth=\"0\" src=\"https:\/\/maps.google.com\/maps?q=Helsingborg%20Gustavslundsv%C3%A4gen%204&amp;t=m&amp;z=16&amp;output=embed&amp;iwloc=near\" title=\"Helsingborg Gustavslundsv\u00e4gen 4\" aria-label=\"Helsingborg Gustavslundsv\u00e4gen 4\"><\/iframe><\/div>\t\t<\/div>\n\t\t\t\t<\/div>\n\t\t\t\t\t\t<\/div>\n\t\t\t\t\t<\/div>\n\t\t<\/div>\n\t\t\t\t\t\t\t\t<\/div>\n\t\t\t\t\t<\/div>\n\t\t<\/section>\n\t\t\t\t<section class=\"elementor-section elementor-top-section elementor-element elementor-element-44ea99f elementor-section-boxed elementor-section-height-default elementor-section-height-default\" data-id=\"44ea99f\" data-element_type=\"section\">\n\t\t\t\t\t\t<div class=\"elementor-container elementor-column-gap-default\">\n\t\t\t\t\t\t\t<div class=\"elementor-row\">\n\t\t\t\t\t<div class=\"elementor-column elementor-col-100 elementor-top-column elementor-element elementor-element-3920f63\" data-id=\"3920f63\" data-element_type=\"column\">\n\t\t\t<div class=\"elementor-column-wrap elementor-element-populated\">\n\t\t\t\t\t\t\t<div class=\"elementor-widget-wrap\">\n\t\t\t\t\t\t<div class=\"elementor-element elementor-element-c2a8f36 elementor-widget elementor-widget-text-editor\" data-id=\"c2a8f36\" data-element_type=\"widget\" data-widget_type=\"text-editor.default\">\n\t\t\t\t<div class=\"elementor-widget-container\">\n\t\t\t\t\t<div class=\"elementor-text-editor elementor-clearfix\"><p>Det \u00e4r l\u00e4tt att ta bussen till Brunnsberga:<\/p><p>Linje 4 V\u00e4sterg\u00e5rd &#8211; Helsingborg C &#8211; Raml\u00f6sag\u00e5rden H\u00e5llplats: Lagmansgatan\u00a0<\/p><p>Linje 21 Berga Industriomr\u00e5de &#8211; Filbornaskolan \u00d6 &#8211;\u00a0 Raml\u00f6sa station &#8211; H\u00f6gasten H\u00e5llplats: Brunnsberga<\/p><p>P\u00e5 g\u00e5ngavst\u00e5nd (max 10 min) \u00e4r:\u00a0 Linje 3, H\u00e5llplats Elineberg\u00a0<\/p><p>\u00a0 \u00a0(Hj\u00e4lmshult\/Mariastaden &#8211; Helsingborg C &#8211; Elineberg\/Humleg\u00e5rden )\u00a0<\/p><\/div>\n\t\t\t\t<\/div>\n\t\t\t\t<\/div>\n\t\t\t\t\t\t<\/div>\n\t\t\t\t\t<\/div>\n\t\t<\/div>\n\t\t\t\t\t\t\t\t<\/div>\n\t\t\t\t\t<\/div>\n\t\t<\/section>\n\t\t\t\t\t\t<\/div>\n\t\t\t\t\t\t<\/div>\n\t\t\t\t\t<\/div>\n\t\t","protected":false},"excerpt":{"rendered":"<p>Kontakt och hitta till oss Postadress Luggudegilletc\/o Cecilia Karl\u00e9nT\u00e5gagatan 2252 22\u00a0 Helsingborg\u00a0 E-post \u00a0luggudegillet@folkdansringen.se\u00a0 Telefon (uthyrning o kontakt):\u00a0 0730 98 35 00 (s\u00e4krast kv\u00e4llstid) PlusGiro konto 26 52 76-6 Styrelse 2023 Magnus Wittgren&nbsp; &nbsp; &nbsp;&nbsp; Ordf\u00f6rande Cecilia Karl\u00e9n&nbsp; &nbsp; &nbsp; &nbsp; &nbsp; &nbsp; &nbsp; Sekreterare Mats Emanuelsson&nbsp; &nbsp; Kass\u00f6r Christopher Ahlstr\u00f6m G\u00e5rdsf\u00f6rvaltare Marie Ahlstr\u00f6m&nbsp; &nbsp; &hellip;<\/p>\n<p class=\"read-more\"> <a class=\"\" href=\"https:\/\/folkdansringen.se\/luggudegillet\/elementor-347\/\"> <span class=\"screen-reader-text\">Kontakt<\/span> L\u00e4s mer &raquo;<\/a><\/p>\n","protected":false},"author":1,"featured_media":0,"parent":0,"menu_order":0,"comment_status":"closed","ping_status":"closed","template":"","meta":[],"_links":{"self":[{"href":"https:\/\/folkdansringen.se\/luggudegillet\/wp-json\/wp\/v2\/pages\/347"}],"collection":[{"href":"https:\/\/folkdansringen.se\/luggudegillet\/wp-json\/wp\/v2\/pages"}],"about":[{"href":"https:\/\/folkdansringen.se\/luggudegillet\/wp-json\/wp\/v2\/types\/page"}],"author":[{"embeddable":true,"href":"https:\/\/folkdansringen.se\/luggudegillet\/wp-json\/wp\/v2\/users\/1"}],"replies":[{"embeddable":true,"href":"https:\/\/folkdansringen.se\/luggudegillet\/wp-json\/wp\/v2\/comments?post=347"}],"version-history":[{"count":26,"href":"https:\/\/folkdansringen.se\/luggudegillet\/wp-json\/wp\/v2\/pages\/347\/revisions"}],"predecessor-version":[{"id":762,"href":"https:\/\/folkdansringen.se\/luggudegillet\/wp-json\/wp\/v2\/pages\/347\/revisions\/762"}],"wp:attachment":[{"href":"https:\/\/folkdansringen.se\/luggudegillet\/wp-json\/wp\/v2\/media?parent=347"}],"curies":[{"name":"wp","href":"https:\/\/api.w.org\/{rel}","templated":true}]}}