{"id":161,"date":"2020-07-20T12:43:37","date_gmt":"2020-07-20T10:43:37","guid":{"rendered":"https:\/\/folkdansringen.se\/luggudegilletny\/?page_id=161"},"modified":"2026-03-18T14:54:38","modified_gmt":"2026-03-18T13:54:38","slug":"elementor-161","status":"publish","type":"page","link":"https:\/\/folkdansringen.se\/luggudegillet\/","title":{"rendered":"Hem"},"content":{"rendered":"\t\t<div data-elementor-type=\"wp-page\" data-elementor-id=\"161\" class=\"elementor elementor-161\" data-elementor-settings=\"[]\">\n\t\t\t\t\t\t<div class=\"elementor-inner\">\n\t\t\t\t\t\t\t<div class=\"elementor-section-wrap\">\n\t\t\t\t\t\t\t<section class=\"elementor-section elementor-top-section elementor-element elementor-element-7f2aaec elementor-section-boxed elementor-section-height-default elementor-section-height-default\" data-id=\"7f2aaec\" data-element_type=\"section\">\n\t\t\t\t\t\t<div class=\"elementor-container elementor-column-gap-default\">\n\t\t\t\t\t\t\t<div class=\"elementor-row\">\n\t\t\t\t\t<div class=\"elementor-column elementor-col-50 elementor-top-column elementor-element elementor-element-f358c38\" data-id=\"f358c38\" data-element_type=\"column\">\n\t\t\t<div class=\"elementor-column-wrap elementor-element-populated\">\n\t\t\t\t\t\t\t<div class=\"elementor-widget-wrap\">\n\t\t\t\t\t\t<div class=\"elementor-element elementor-element-1b44185 elementor-widget elementor-widget-text-editor\" data-id=\"1b44185\" data-element_type=\"widget\" data-widget_type=\"text-editor.default\">\n\t\t\t\t<div class=\"elementor-widget-container\">\n\t\t\t\t\t<div class=\"elementor-text-editor elementor-clearfix\"><p>Luggudegillet bildades 1928 med folkdans och musik p\u00e5 programmet. Vi dansar folkdans, gillesdanser och pardanser som vi ocks\u00e5 upptr\u00e4der med vid olika arrangemang. Vi har en livaktig ukulelesektion och vi har egna v\u00e4vstolar som medlemmarna disponerar. P\u00e5 programmet finns ocks\u00e5 fester och andra gemensamma arrangemang som \u00e4r mycket uppskattade.<br \/>F\u00f6reningens mottog 2025\u00e5rs Oscar och Gisela Trapps minnespris av Kulturn\u00e4mnden i Helsingborg.\u00a0<\/p><\/div>\n\t\t\t\t<\/div>\n\t\t\t\t<\/div>\n\t\t\t\t<section class=\"elementor-section elementor-inner-section elementor-element elementor-element-05c7f20 elementor-section-boxed elementor-section-height-default elementor-section-height-default\" data-id=\"05c7f20\" data-element_type=\"section\">\n\t\t\t\t\t\t<div class=\"elementor-container elementor-column-gap-default\">\n\t\t\t\t\t\t\t<div class=\"elementor-row\">\n\t\t\t\t\t<div class=\"elementor-column elementor-col-50 elementor-inner-column elementor-element elementor-element-3c3760b\" data-id=\"3c3760b\" data-element_type=\"column\">\n\t\t\t<div class=\"elementor-column-wrap elementor-element-populated\">\n\t\t\t\t\t\t\t<div class=\"elementor-widget-wrap\">\n\t\t\t\t\t\t<div class=\"elementor-element elementor-element-3ed9a3c elementor-widget elementor-widget-heading\" data-id=\"3ed9a3c\" data-element_type=\"widget\" data-widget_type=\"heading.default\">\n\t\t\t\t<div class=\"elementor-widget-container\">\n\t\t\t<h2 class=\"elementor-heading-title elementor-size-medium\">Dansa med oss! <\/h2>\t\t<\/div>\n\t\t\t\t<\/div>\n\t\t\t\t<div class=\"elementor-element elementor-element-586e3e5 elementor-widget elementor-widget-image\" data-id=\"586e3e5\" data-element_type=\"widget\" data-widget_type=\"image.default\">\n\t\t\t\t<div class=\"elementor-widget-container\">\n\t\t\t\t\t<div class=\"elementor-image\">\n\t\t\t\t\t\t\t\t\t\t<img width=\"1024\" height=\"768\" src=\"https:\/\/folkdansringen.se\/luggudegillet\/wp-content\/uploads\/2020\/07\/IMG_20190222_194613-scaled-1-1024x768.jpg\" class=\"attachment-large size-large\" alt=\"\" loading=\"lazy\" srcset=\"https:\/\/folkdansringen.se\/luggudegillet\/wp-content\/uploads\/2020\/07\/IMG_20190222_194613-scaled-1-1024x768.jpg 1024w, https:\/\/folkdansringen.se\/luggudegillet\/wp-content\/uploads\/2020\/07\/IMG_20190222_194613-scaled-1-300x225.jpg 300w, https:\/\/folkdansringen.se\/luggudegillet\/wp-content\/uploads\/2020\/07\/IMG_20190222_194613-scaled-1-768x576.jpg 768w, https:\/\/folkdansringen.se\/luggudegillet\/wp-content\/uploads\/2020\/07\/IMG_20190222_194613-scaled-1-1536x1152.jpg 1536w, https:\/\/folkdansringen.se\/luggudegillet\/wp-content\/uploads\/2020\/07\/IMG_20190222_194613-scaled-1-2048x1536.jpg 2048w, https:\/\/folkdansringen.se\/luggudegillet\/wp-content\/uploads\/2020\/07\/IMG_20190222_194613-scaled-1-1200x900.jpg 1200w, https:\/\/folkdansringen.se\/luggudegillet\/wp-content\/uploads\/2020\/07\/IMG_20190222_194613-scaled-1-1980x1485.jpg 1980w\" sizes=\"(max-width: 1024px) 100vw, 1024px\" \/>\t\t\t\t\t\t\t\t\t\t\t<\/div>\n\t\t\t\t<\/div>\n\t\t\t\t<\/div>\n\t\t\t\t<div class=\"elementor-element elementor-element-951d544 elementor-widget elementor-widget-heading\" data-id=\"951d544\" data-element_type=\"widget\" data-widget_type=\"heading.default\">\n\t\t\t\t<div class=\"elementor-widget-container\">\n\t\t\t<h2 class=\"elementor-heading-title elementor-size-small\">Du \u00e4r v\u00e4lkommen till oss<\/h2>\t\t<\/div>\n\t\t\t\t<\/div>\n\t\t\t\t<div class=\"elementor-element elementor-element-9452325 elementor-widget elementor-widget-text-editor\" data-id=\"9452325\" data-element_type=\"widget\" data-widget_type=\"text-editor.default\">\n\t\t\t\t<div class=\"elementor-widget-container\">\n\t\t\t\t\t<div class=\"elementor-text-editor elementor-clearfix\"><h6>Vi dansar pardanser och uppst\u00e4llningsdanser i v\u00e5r egen g\u00e5rd Brunnsberga.<br \/>Att r\u00f6ra sig till musik \u00e4r b\u00e5de h\u00e4lsobefr\u00e4mjande och trevligt. Danslaget ger uppvisningar i olika sammanhang; \u00e4ldreboenden, invigningar, gudstj\u00e4nster, fr\u00e4mst i Helsingborg men ibland \u00e4ven p\u00e5 andra platser.\u00a0<\/h6><\/div>\n\t\t\t\t<\/div>\n\t\t\t\t<\/div>\n\t\t\t\t\t\t<\/div>\n\t\t\t\t\t<\/div>\n\t\t<\/div>\n\t\t\t\t<div class=\"elementor-column elementor-col-50 elementor-inner-column elementor-element elementor-element-3582b83\" data-id=\"3582b83\" data-element_type=\"column\">\n\t\t\t<div class=\"elementor-column-wrap elementor-element-populated\">\n\t\t\t\t\t\t\t<div class=\"elementor-widget-wrap\">\n\t\t\t\t\t\t<div class=\"elementor-element elementor-element-c45fd28 elementor-widget elementor-widget-heading\" data-id=\"c45fd28\" data-element_type=\"widget\" data-widget_type=\"heading.default\">\n\t\t\t\t<div class=\"elementor-widget-container\">\n\t\t\t<h2 class=\"elementor-heading-title elementor-size-medium\">Hyr Festlokal med atmosf\u00e4r<\/h2>\t\t<\/div>\n\t\t\t\t<\/div>\n\t\t\t\t<div class=\"elementor-element elementor-element-ee8af37 elementor-widget elementor-widget-image\" data-id=\"ee8af37\" data-element_type=\"widget\" data-widget_type=\"image.default\">\n\t\t\t\t<div class=\"elementor-widget-container\">\n\t\t\t\t\t<div class=\"elementor-image\">\n\t\t\t\t\t\t\t<figure class=\"wp-caption\">\n\t\t\t\t\t\t\t\t\t\t\t<a href=\"\">\n\t\t\t\t\t\t\t<img src=\"https:\/\/folkdansringen.se\/luggudegillet\/wp-content\/uploads\/elementor\/thumbs\/04-18_0013-scaled-1-ow8kqqfm3qybduslxu7jaqp0z8ju588rcucg1ig52e.jpg\" title=\"04 18_0013\" alt=\"04 18_0013\" \/>\t\t\t\t\t\t\t\t<\/a>\n\t\t\t\t\t\t\t\t\t\t\t<figcaption class=\"widget-image-caption wp-caption-text\">Du kan hyra v\u00e5r danslokal till fest. Rymmer upp till 50 sittande g\u00e4ster. <\/figcaption>\n\t\t\t\t\t\t\t\t\t\t<\/figure>\n\t\t\t\t\t<\/div>\n\t\t\t\t<\/div>\n\t\t\t\t<\/div>\n\t\t\t\t<div class=\"elementor-element elementor-element-46a98cc elementor-align-center elementor-widget elementor-widget-button\" data-id=\"46a98cc\" data-element_type=\"widget\" data-widget_type=\"button.default\">\n\t\t\t\t<div class=\"elementor-widget-container\">\n\t\t\t\t\t<div class=\"elementor-button-wrapper\">\n\t\t\t<a href=\"https:\/\/folkdansringen.se\/luggudegillet\/elementor-267\/\" class=\"elementor-button-link elementor-button elementor-size-xs\" role=\"button\">\n\t\t\t\t\t\t<span class=\"elementor-button-content-wrapper\">\n\t\t\t\t\t\t<span class=\"elementor-button-text\">L\u00e4s mer<\/span>\n\t\t<\/span>\n\t\t\t\t\t<\/a>\n\t\t<\/div>\n\t\t\t\t<\/div>\n\t\t\t\t<\/div>\n\t\t\t\t\t\t<\/div>\n\t\t\t\t\t<\/div>\n\t\t<\/div>\n\t\t\t\t\t\t\t\t<\/div>\n\t\t\t\t\t<\/div>\n\t\t<\/section>\n\t\t\t\t<div class=\"elementor-element elementor-element-ebdc557 elementor-widget elementor-widget-heading\" data-id=\"ebdc557\" data-element_type=\"widget\" data-widget_type=\"heading.default\">\n\t\t\t\t<div class=\"elementor-widget-container\">\n\t\t\t<h2 class=\"elementor-heading-title elementor-size-small\">Vill du bli medlem?<\/h2>\t\t<\/div>\n\t\t\t\t<\/div>\n\t\t\t\t<div class=\"elementor-element elementor-element-94df2e8 elementor-widget elementor-widget-text-editor\" data-id=\"94df2e8\" data-element_type=\"widget\" data-widget_type=\"text-editor.default\">\n\t\t\t\t<div class=\"elementor-widget-container\">\n\t\t\t\t\t<div class=\"elementor-text-editor elementor-clearfix\"><h3><span style=\"font-size: 1rem;\">\u00a0Kontakta oss via v\u00e5r E-post: <\/span><em style=\"font-size: 1rem;\">luggudegillet@folkdansringen.se<\/em><span style=\"font-size: 1rem;\">\u00a0eller anv\u00e4nd v\u00e5r kontakttelefon 0730 98 35 00<\/span><\/h3><\/div>\n\t\t\t\t<\/div>\n\t\t\t\t<\/div>\n\t\t\t\t<section class=\"elementor-section elementor-inner-section elementor-element elementor-element-be084c5 elementor-section-boxed elementor-section-height-default elementor-section-height-default\" data-id=\"be084c5\" data-element_type=\"section\">\n\t\t\t\t\t\t<div class=\"elementor-container elementor-column-gap-default\">\n\t\t\t\t\t\t\t<div class=\"elementor-row\">\n\t\t\t\t\t<div class=\"elementor-column elementor-col-50 elementor-inner-column elementor-element elementor-element-7783fc3\" data-id=\"7783fc3\" data-element_type=\"column\">\n\t\t\t<div class=\"elementor-column-wrap elementor-element-populated\">\n\t\t\t\t\t\t\t<div class=\"elementor-widget-wrap\">\n\t\t\t\t\t\t<div class=\"elementor-element elementor-element-eb3c9ef elementor-widget elementor-widget-heading\" data-id=\"eb3c9ef\" data-element_type=\"widget\" data-widget_type=\"heading.default\">\n\t\t\t\t<div class=\"elementor-widget-container\">\n\t\t\t<h2 class=\"elementor-heading-title elementor-size-small\">Vill du spela ukulele  eller best\u00e4lla en spelning med \"Happy Strings\"? H\u00f6r av dig till oss <\/h2>\t\t<\/div>\n\t\t\t\t<\/div>\n\t\t\t\t\t\t<\/div>\n\t\t\t\t\t<\/div>\n\t\t<\/div>\n\t\t\t\t<div class=\"elementor-column elementor-col-50 elementor-inner-column elementor-element elementor-element-889a32f\" data-id=\"889a32f\" data-element_type=\"column\">\n\t\t\t<div class=\"elementor-column-wrap\">\n\t\t\t\t\t\t\t<div class=\"elementor-widget-wrap\">\n\t\t\t\t\t\t\t\t<\/div>\n\t\t\t\t\t<\/div>\n\t\t<\/div>\n\t\t\t\t\t\t\t\t<\/div>\n\t\t\t\t\t<\/div>\n\t\t<\/section>\n\t\t\t\t<section class=\"elementor-section elementor-inner-section elementor-element elementor-element-0940218 elementor-section-boxed elementor-section-height-default elementor-section-height-default\" data-id=\"0940218\" data-element_type=\"section\">\n\t\t\t\t\t\t<div class=\"elementor-container elementor-column-gap-default\">\n\t\t\t\t\t\t\t<div class=\"elementor-row\">\n\t\t\t\t\t<div class=\"elementor-column elementor-col-100 elementor-inner-column elementor-element elementor-element-81ffe44\" data-id=\"81ffe44\" data-element_type=\"column\">\n\t\t\t<div class=\"elementor-column-wrap elementor-element-populated\">\n\t\t\t\t\t\t\t<div class=\"elementor-widget-wrap\">\n\t\t\t\t\t\t<div class=\"elementor-element elementor-element-f2c57be elementor-widget elementor-widget-image\" data-id=\"f2c57be\" data-element_type=\"widget\" data-widget_type=\"image.default\">\n\t\t\t\t<div class=\"elementor-widget-container\">\n\t\t\t\t\t<div class=\"elementor-image\">\n\t\t\t\t\t\t\t\t\t\t<img width=\"150\" height=\"150\" src=\"https:\/\/folkdansringen.se\/luggudegillet\/wp-content\/uploads\/2020\/08\/ukulele-150x150.jpg\" class=\"attachment-thumbnail size-thumbnail\" alt=\"\" loading=\"lazy\" srcset=\"https:\/\/folkdansringen.se\/luggudegillet\/wp-content\/uploads\/2020\/08\/ukulele-150x150.jpg 150w, https:\/\/folkdansringen.se\/luggudegillet\/wp-content\/uploads\/2020\/08\/ukulele.jpg 225w\" sizes=\"(max-width: 150px) 100vw, 150px\" \/>\t\t\t\t\t\t\t\t\t\t\t<\/div>\n\t\t\t\t<\/div>\n\t\t\t\t<\/div>\n\t\t\t\t<div class=\"elementor-element elementor-element-a546671 elementor-widget elementor-widget-text-editor\" data-id=\"a546671\" data-element_type=\"widget\" data-widget_type=\"text-editor.default\">\n\t\t\t\t<div class=\"elementor-widget-container\">\n\t\t\t\t\t<div class=\"elementor-text-editor elementor-clearfix\"><\/div>\n\t\t\t\t<\/div>\n\t\t\t\t<\/div>\n\t\t\t\t\t\t<\/div>\n\t\t\t\t\t<\/div>\n\t\t<\/div>\n\t\t\t\t\t\t\t\t<\/div>\n\t\t\t\t\t<\/div>\n\t\t<\/section>\n\t\t\t\t\t\t<\/div>\n\t\t\t\t\t<\/div>\n\t\t<\/div>\n\t\t\t\t<div class=\"elementor-column elementor-col-50 elementor-top-column elementor-element elementor-element-feb9e6e\" data-id=\"feb9e6e\" data-element_type=\"column\">\n\t\t\t<div class=\"elementor-column-wrap elementor-element-populated\">\n\t\t\t\t\t\t\t<div class=\"elementor-widget-wrap\">\n\t\t\t\t\t\t<div class=\"elementor-element elementor-element-56a5734 elementor-widget elementor-widget-text-editor\" data-id=\"56a5734\" data-element_type=\"widget\" data-widget_type=\"text-editor.default\">\n\t\t\t\t<div class=\"elementor-widget-container\">\n\t\t\t\t\t<div class=\"elementor-text-editor elementor-clearfix\"><h6 style=\"text-align: center;\">F\u00f6lj oss p\u00e5 <a href=\"https:\/\/www.facebook.com\/Luggudegillet-102338218282820\">facebook. Klicka h\u00e4r\u00a0 \u00a0 <img loading=\"lazy\" class=\"alignnone size-full wp-image-544\" src=\"https:\/\/folkdansringen.se\/luggudegillet\/wp-content\/uploads\/2020\/12\/Logga-facebook-mindre.jpg\" alt=\"\" width=\"45\" height=\"45\" \/>\u00a0<\/a><\/h6><\/div>\n\t\t\t\t<\/div>\n\t\t\t\t<\/div>\n\t\t\t\t<div class=\"elementor-element elementor-element-491c100 elementor-widget elementor-widget-heading\" data-id=\"491c100\" data-element_type=\"widget\" data-widget_type=\"heading.default\">\n\t\t\t\t<div class=\"elementor-widget-container\">\n\t\t\t<h2 class=\"elementor-heading-title elementor-size-default\">AKTUELLT<\/h2>\t\t<\/div>\n\t\t\t\t<\/div>\n\t\t\t\t<div class=\"elementor-element elementor-element-e88094f elementor-widget__width-initial elementor-widget-tablet__width-inherit elementor-widget elementor-widget-text-editor\" data-id=\"e88094f\" data-element_type=\"widget\" data-widget_type=\"text-editor.default\">\n\t\t\t\t<div class=\"elementor-widget-container\">\n\t\t\t\t\t<div class=\"elementor-text-editor elementor-clearfix\"><div dir=\"auto\"><p>\u00a0<\/p><\/div><div dir=\"auto\">Vi har lediga platser i v\u00e5r v\u00e4vstuga p\u00e5 Brunnsberga.<\/div><div dir=\"auto\">Luggudegillet har i sin f\u00f6reningsg\u00e5rd en v\u00e4vstuga p\u00e5 andra v\u00e5ningen.<\/div><div dir=\"auto\">H\u00e4r finns nu plats f\u00f6r ytterligare n\u00e5gon intresserad att v\u00e4va.<\/div><div dir=\"auto\">Har du en viss vana \u00e4r du v\u00e4lkommen att h\u00f6ra av dig till Kerstin Anderberg med sms 0730 397784 f\u00f6r mer information.<\/div><div dir=\"auto\">Varmt v\u00e4lkommen!<\/div><p><span style=\"font-size: 16px;\">\u00a0<\/span><\/p><p><span style=\"font-size: 16px;\">S\u00f6ker du festlokal?\u00a0<\/span><\/p><p>H\u00f6r av dig till oss p\u00e5 lokalbokning.luggudegillet@gmail.com<\/p><\/div>\n\t\t\t\t<\/div>\n\t\t\t\t<\/div>\n\t\t\t\t<div class=\"elementor-element elementor-element-4a55eab elementor-widget elementor-widget-text-editor\" data-id=\"4a55eab\" data-element_type=\"widget\" data-widget_type=\"text-editor.default\">\n\t\t\t\t<div class=\"elementor-widget-container\">\n\t\t\t\t\t<div class=\"elementor-text-editor elementor-clearfix\"><\/div>\n\t\t\t\t<\/div>\n\t\t\t\t<\/div>\n\t\t\t\t\t\t<\/div>\n\t\t\t\t\t<\/div>\n\t\t<\/div>\n\t\t\t\t\t\t\t\t<\/div>\n\t\t\t\t\t<\/div>\n\t\t<\/section>\n\t\t\t\t<section class=\"elementor-section elementor-top-section elementor-element elementor-element-3f36a6c elementor-section-boxed elementor-section-height-default elementor-section-height-default\" data-id=\"3f36a6c\" data-element_type=\"section\">\n\t\t\t\t\t\t<div class=\"elementor-container elementor-column-gap-default\">\n\t\t\t\t\t\t\t<div class=\"elementor-row\">\n\t\t\t\t\t<div class=\"elementor-column elementor-col-100 elementor-top-column elementor-element elementor-element-bace0b1\" data-id=\"bace0b1\" data-element_type=\"column\">\n\t\t\t<div class=\"elementor-column-wrap\">\n\t\t\t\t\t\t\t<div class=\"elementor-widget-wrap\">\n\t\t\t\t\t\t\t\t<\/div>\n\t\t\t\t\t<\/div>\n\t\t<\/div>\n\t\t\t\t\t\t\t\t<\/div>\n\t\t\t\t\t<\/div>\n\t\t<\/section>\n\t\t\t\t<section class=\"elementor-section elementor-top-section elementor-element elementor-element-6b38dee elementor-section-boxed elementor-section-height-default elementor-section-height-default\" data-id=\"6b38dee\" data-element_type=\"section\">\n\t\t\t\t\t\t<div class=\"elementor-container elementor-column-gap-default\">\n\t\t\t\t\t\t\t<div class=\"elementor-row\">\n\t\t\t\t\t<div class=\"elementor-column elementor-col-100 elementor-top-column elementor-element elementor-element-3aa69e2\" data-id=\"3aa69e2\" data-element_type=\"column\">\n\t\t\t<div class=\"elementor-column-wrap elementor-element-populated\">\n\t\t\t\t\t\t\t<div class=\"elementor-widget-wrap\">\n\t\t\t\t\t\t<div class=\"elementor-element elementor-element-59daac1 elementor-arrows-position-inside elementor-pagination-position-outside elementor-widget elementor-widget-image-carousel\" data-id=\"59daac1\" data-element_type=\"widget\" data-settings=\"{&quot;slides_to_show&quot;:&quot;3&quot;,&quot;slides_to_scroll&quot;:&quot;1&quot;,&quot;navigation&quot;:&quot;both&quot;,&quot;autoplay&quot;:&quot;yes&quot;,&quot;pause_on_hover&quot;:&quot;yes&quot;,&quot;pause_on_interaction&quot;:&quot;yes&quot;,&quot;autoplay_speed&quot;:5000,&quot;infinite&quot;:&quot;yes&quot;,&quot;speed&quot;:500}\" data-widget_type=\"image-carousel.default\">\n\t\t\t\t<div class=\"elementor-widget-container\">\n\t\t\t\t\t<div class=\"elementor-image-carousel-wrapper swiper-container\" dir=\"ltr\">\n\t\t\t<div class=\"elementor-image-carousel swiper-wrapper\">\n\t\t\t\t<div class=\"swiper-slide\"><figure class=\"swiper-slide-inner\"><img class=\"swiper-slide-image\" src=\"https:\/\/folkdansringen.se\/luggudegillet\/wp-content\/uploads\/2020\/07\/IMG_0862-deltagare-scaled-1-300x200.jpg\" alt=\"Midsommar Brunnsberga\" \/><figcaption class=\"elementor-image-carousel-caption\">Midsommar Brunnsberga <\/figcaption><\/figure><\/div><div class=\"swiper-slide\"><figure class=\"swiper-slide-inner\"><img class=\"swiper-slide-image\" src=\"https:\/\/folkdansringen.se\/luggudegillet\/wp-content\/uploads\/2020\/07\/IMG_0877-Vava-del-scaled-1-300x200.jpg\" alt=\"Midsommar Brunnsberga V\u00e4va Vadmal\" \/><figcaption class=\"elementor-image-carousel-caption\">Midsommar Brunnsberga V\u00e4va Vadmal<\/figcaption><\/figure><\/div><div class=\"swiper-slide\"><figure class=\"swiper-slide-inner\"><img class=\"swiper-slide-image\" src=\"https:\/\/folkdansringen.se\/luggudegillet\/wp-content\/uploads\/2020\/07\/B-berga-fr-SV-2020-IMG_5836-scaled-1-300x200.jpg\" alt=\"Brunnsberga huvudbyggnad\" \/><figcaption class=\"elementor-image-carousel-caption\">Brunnsberga huvudbyggnad<\/figcaption><\/figure><\/div><div class=\"swiper-slide\"><figure class=\"swiper-slide-inner\"><img class=\"swiper-slide-image\" src=\"https:\/\/folkdansringen.se\/luggudegillet\/wp-content\/uploads\/2020\/07\/D61-Prompolonas03-scaled-1-300x199.jpg\" alt=\"Promenadpolon\u00e4s Brunnsberga\" \/><figcaption class=\"elementor-image-carousel-caption\">Polon\u00e4s i Brunnsberga 2003<\/figcaption><\/figure><\/div><div class=\"swiper-slide\"><figure class=\"swiper-slide-inner\"><img class=\"swiper-slide-image\" src=\"https:\/\/folkdansringen.se\/luggudegillet\/wp-content\/uploads\/2020\/08\/PICT2738-300x222.jpg\" alt=\"Uppvisning Sundstorget\" \/><figcaption class=\"elementor-image-carousel-caption\">Uppvisning Sundstorget<\/figcaption><\/figure><\/div>\t\t\t<\/div>\n\t\t\t\t\t\t\t\t\t\t\t\t<div class=\"swiper-pagination\"><\/div>\n\t\t\t\t\t\t\t\t\t\t\t\t\t<div class=\"elementor-swiper-button elementor-swiper-button-prev\">\n\t\t\t\t\t\t<i class=\"eicon-chevron-left\" aria-hidden=\"true\"><\/i>\n\t\t\t\t\t\t<span class=\"elementor-screen-only\">F\u00f6reg\u00e5ende<\/span>\n\t\t\t\t\t<\/div>\n\t\t\t\t\t<div class=\"elementor-swiper-button elementor-swiper-button-next\">\n\t\t\t\t\t\t<i class=\"eicon-chevron-right\" aria-hidden=\"true\"><\/i>\n\t\t\t\t\t\t<span class=\"elementor-screen-only\">N\u00e4sta<\/span>\n\t\t\t\t\t<\/div>\n\t\t\t\t\t\t\t\t\t<\/div>\n\t\t\t\t<\/div>\n\t\t\t\t<\/div>\n\t\t\t\t\t\t<\/div>\n\t\t\t\t\t<\/div>\n\t\t<\/div>\n\t\t\t\t\t\t\t\t<\/div>\n\t\t\t\t\t<\/div>\n\t\t<\/section>\n\t\t\t\t<section class=\"elementor-section elementor-top-section elementor-element elementor-element-af5e335 elementor-section-boxed elementor-section-height-default elementor-section-height-default\" data-id=\"af5e335\" data-element_type=\"section\">\n\t\t\t\t\t\t<div class=\"elementor-container elementor-column-gap-default\">\n\t\t\t\t\t\t\t<div class=\"elementor-row\">\n\t\t\t\t\t<div class=\"elementor-column elementor-col-100 elementor-top-column elementor-element elementor-element-6e7919e\" data-id=\"6e7919e\" data-element_type=\"column\">\n\t\t\t<div class=\"elementor-column-wrap elementor-element-populated\">\n\t\t\t\t\t\t\t<div class=\"elementor-widget-wrap\">\n\t\t\t\t\t\t<div class=\"elementor-element elementor-element-114ac93 elementor-widget elementor-widget-text-editor\" data-id=\"114ac93\" data-element_type=\"widget\" data-widget_type=\"text-editor.default\">\n\t\t\t\t<div class=\"elementor-widget-container\">\n\t\t\t\t\t<div class=\"elementor-text-editor elementor-clearfix\"><h6 style=\"text-align: center;\">Vi ing\u00e5r i Svenska Folkdansringen och tillh\u00f6r Sk\u00e5ne-Blekinge distrikt.\u00a0 \u00a0 \u00a0 \u00a0 \u00a0 \u00a0 \u00a0 \u00a0 \u00a0 \u00a0 \u00a0 \u00a0 \u00a0 \u00a0 \u00a0 \u00a0 \u00a0 \u00a0 \u00a0 \u00a0 \u00a0 \u00a0 \u00a0 \u00a0 \u00a0 \u00a0 \u00a0 \u00a0 \u00a0 \u00a0 \u00a0 \u00a0 \u00a0 \u00a0 \u00a0 \u00a0 \u00a0 \u00a0 \u00a0 \u00a0 \u00a0 \u00a0 \u00a0 \u00a0 \u00a0 \u00a0 \u00a0 \u00a0 \u00a0\u00a0<\/h6><\/div>\n\t\t\t\t<\/div>\n\t\t\t\t<\/div>\n\t\t\t\t<section class=\"elementor-section elementor-inner-section elementor-element elementor-element-940c5ea elementor-section-boxed elementor-section-height-default elementor-section-height-default\" data-id=\"940c5ea\" data-element_type=\"section\">\n\t\t\t\t\t\t<div class=\"elementor-container elementor-column-gap-default\">\n\t\t\t\t\t\t\t<div class=\"elementor-row\">\n\t\t\t\t\t<div class=\"elementor-column elementor-col-50 elementor-inner-column elementor-element elementor-element-c68a267\" data-id=\"c68a267\" data-element_type=\"column\">\n\t\t\t<div class=\"elementor-column-wrap elementor-element-populated\">\n\t\t\t\t\t\t\t<div class=\"elementor-widget-wrap\">\n\t\t\t\t\t\t<div class=\"elementor-element elementor-element-0e163c5 elementor-widget elementor-widget-image\" data-id=\"0e163c5\" data-element_type=\"widget\" data-widget_type=\"image.default\">\n\t\t\t\t<div class=\"elementor-widget-container\">\n\t\t\t\t\t<div class=\"elementor-image\">\n\t\t\t\t\t\t\t\t\t\t\t<a href=\"https:\/\/folkdansringen.se\/riks\/\" target=\"_blank\">\n\t\t\t\t\t\t\t<img src=\"https:\/\/folkdansringen.se\/luggudegillet\/wp-content\/uploads\/elementor\/thumbs\/F-Ring-Sverige-logga-ow8ktpl3hdbh4glwa6vinl4cexpoo6qa9hw4bi7bhe.png\" title=\"F-Ring Sverige logga\" alt=\"F-Ring Sverige logga\" \/>\t\t\t\t\t\t\t\t<\/a>\n\t\t\t\t\t\t\t\t\t\t\t<\/div>\n\t\t\t\t<\/div>\n\t\t\t\t<\/div>\n\t\t\t\t<div class=\"elementor-element elementor-element-6ee305e elementor-widget elementor-widget-image\" data-id=\"6ee305e\" data-element_type=\"widget\" data-widget_type=\"image.default\">\n\t\t\t\t<div class=\"elementor-widget-container\">\n\t\t\t\t\t<div class=\"elementor-image\">\n\t\t\t\t\t\t\t\t\t\t\t<a href=\"http:\/\/www.skane.folkdansringen.se\/\" target=\"_blank\">\n\t\t\t\t\t\t\t<img src=\"https:\/\/folkdansringen.se\/luggudegillet\/wp-content\/uploads\/elementor\/thumbs\/F-R-Skane-Blek-logga-p773ntd3ax3xn1xq4emvukqh7xvdkrw43m1n3k9khy.png\" title=\"F-R Sk\u00e5ne-Blek logga\" alt=\"F-R Sk\u00e5ne-Blek logga\" \/>\t\t\t\t\t\t\t\t<\/a>\n\t\t\t\t\t\t\t\t\t\t\t<\/div>\n\t\t\t\t<\/div>\n\t\t\t\t<\/div>\n\t\t\t\t\t\t<\/div>\n\t\t\t\t\t<\/div>\n\t\t<\/div>\n\t\t\t\t<div class=\"elementor-column elementor-col-50 elementor-inner-column elementor-element elementor-element-9d73f59\" data-id=\"9d73f59\" data-element_type=\"column\">\n\t\t\t<div class=\"elementor-column-wrap elementor-element-populated\">\n\t\t\t\t\t\t\t<div class=\"elementor-widget-wrap\">\n\t\t\t\t\t\t\t\t<\/div>\n\t\t\t\t\t<\/div>\n\t\t<\/div>\n\t\t\t\t\t\t\t\t<\/div>\n\t\t\t\t\t<\/div>\n\t\t<\/section>\n\t\t\t\t\t\t<\/div>\n\t\t\t\t\t<\/div>\n\t\t<\/div>\n\t\t\t\t\t\t\t\t<\/div>\n\t\t\t\t\t<\/div>\n\t\t<\/section>\n\t\t\t\t\t\t<\/div>\n\t\t\t\t\t\t<\/div>\n\t\t\t\t\t<\/div>\n\t\t","protected":false},"excerpt":{"rendered":"<p>Luggudegillet bildades 1928 med folkdans och musik p\u00e5 programmet. Vi dansar folkdans, gillesdanser och pardanser som vi ocks\u00e5 upptr\u00e4der med vid olika arrangemang. Vi har en livaktig ukulelesektion och vi har egna v\u00e4vstolar som medlemmarna disponerar. P\u00e5 programmet finns ocks\u00e5 fester och andra gemensamma arrangemang som \u00e4r mycket uppskattade.F\u00f6reningens mottog 2025\u00e5rs Oscar och Gisela Trapps &hellip;<\/p>\n<p class=\"read-more\"> <a class=\"\" href=\"https:\/\/folkdansringen.se\/luggudegillet\/\"> <span class=\"screen-reader-text\">Hem<\/span> L\u00e4s mer &raquo;<\/a><\/p>\n","protected":false},"author":1,"featured_media":0,"parent":0,"menu_order":0,"comment_status":"closed","ping_status":"closed","template":"","meta":[],"_links":{"self":[{"href":"https:\/\/folkdansringen.se\/luggudegillet\/wp-json\/wp\/v2\/pages\/161"}],"collection":[{"href":"https:\/\/folkdansringen.se\/luggudegillet\/wp-json\/wp\/v2\/pages"}],"about":[{"href":"https:\/\/folkdansringen.se\/luggudegillet\/wp-json\/wp\/v2\/types\/page"}],"author":[{"embeddable":true,"href":"https:\/\/folkdansringen.se\/luggudegillet\/wp-json\/wp\/v2\/users\/1"}],"replies":[{"embeddable":true,"href":"https:\/\/folkdansringen.se\/luggudegillet\/wp-json\/wp\/v2\/comments?post=161"}],"version-history":[{"count":76,"href":"https:\/\/folkdansringen.se\/luggudegillet\/wp-json\/wp\/v2\/pages\/161\/revisions"}],"predecessor-version":[{"id":803,"href":"https:\/\/folkdansringen.se\/luggudegillet\/wp-json\/wp\/v2\/pages\/161\/revisions\/803"}],"wp:attachment":[{"href":"https:\/\/folkdansringen.se\/luggudegillet\/wp-json\/wp\/v2\/media?parent=161"}],"curies":[{"name":"wp","href":"https:\/\/api.w.org\/{rel}","templated":true}]}}