{"id":35,"date":"2014-06-11T18:03:07","date_gmt":"2014-06-11T18:03:07","guid":{"rendered":"http:\/\/folkdansringen.se\/kullagillet\/?page_id=35"},"modified":"2026-01-23T19:27:41","modified_gmt":"2026-01-23T18:27:41","slug":"lankar","status":"publish","type":"page","link":"https:\/\/folkdansringen.se\/kullagillet\/lankar\/","title":{"rendered":"Adresser\/L\u00e4nkar"},"content":{"rendered":"<p><strong>Information om kurser hos Sk\u00e5nedistriktet<\/strong><\/p>\n<blockquote class=\"wp-embedded-content\" data-secret=\"NPcVK7xW79\"><p><a href=\"http:\/\/skane-blekinge.folkdansringen.se\/kalender\/kurser\/\">Kurser<\/a><\/p><\/blockquote>\n<p><iframe loading=\"lazy\" class=\"wp-embedded-content\" sandbox=\"allow-scripts\" security=\"restricted\" style=\"position: absolute; visibility: hidden;\" title=\"\u201dKurser\u201d &ndash; Folkdansringen Sk\u00e5ne-Blekinge\" src=\"http:\/\/skane-blekinge.folkdansringen.se\/kalender\/kurser\/embed\/#?secret=2I9hbUJyRP#?secret=NPcVK7xW79\" data-secret=\"NPcVK7xW79\" width=\"584\" height=\"329\" frameborder=\"0\" marginwidth=\"0\" marginheight=\"0\" scrolling=\"no\"><\/iframe><\/p>\n<p><strong>H\u00e4r kan du f\u00e5 hj\u00e4lp med din folkdr\u00e4kt.<\/strong><\/p>\n<p><a href=\"https:\/\/folkdansringen.se\/kullagillet\/wp-content\/uploads\/2018\/10\/IMG_2351-e1539786058222.jpg\"><img loading=\"lazy\" decoding=\"async\" class=\"alignnone wp-image-607 \" src=\"https:\/\/folkdansringen.se\/kullagillet\/wp-content\/uploads\/2018\/10\/IMG_2351-e1539786058222-225x300.jpg\" alt=\"\" width=\"339\" height=\"312\" \/><\/a><\/p>\n<p>P\u00e5 f\u00f6ljande hemsidor finns mer om k\u00f6p och f\u00f6rs\u00e4ljning folkdr\u00e4kter:<br \/>\nwww.folkdraktsmarknad.se<br \/>\nwww.sverigesfolkdrakter.se<\/p>\n<h1>Folkdansringens medlemsf\u00f6rs\u00e4kring<\/h1>\n<p>Finns hos Folksam<\/p>\n<p><strong>Kundnummer: 14874<\/strong><\/p>\n<p><strong>Olycksfallsf\u00f6rs\u00e4kring<\/strong> Samtliga medlemmar, oavsett \u00e5lder, som deltar i verksamhet arrangerad av Folkdansringen (riks, distrikt, f\u00f6rening). Under utf\u00f6rande samt resa till och fr\u00e5n.<\/p>\n<p>T<strong>j\u00e4nsteresef\u00f6rs\u00e4kring<\/strong> F\u00f6r anst\u00e4llda inom Folkdansringen (riks, distrikt, f\u00f6rening), och f\u00f6rtroendevalda som representerar Folkdansringen vid angivna uppdrag, vilka betalas av Folkdansringen.<\/p>\n<p><strong>Egendomsf\u00f6rs\u00e4kring<\/strong> Vid st\u00f6ld, i av Folkdansringen (riks, distrikt, f\u00f6rening), \u00e4gd eller hyrd lokal F\u00f6r n\u00e4rvarande: Folkdr\u00e4kter (25.000 kr), musikinstrument 5 prisbasbelopp.<\/p>\n<p>Kontaktuppgifter via rikskansliet<br \/>\nOm olyckan skulle vara framme, kan du som medlem f\u00e5 hj\u00e4lp med telefonnummer till<br \/>\nFolksam och f\u00f6rs\u00e4kringsnummer, fr\u00e5n Svenska Folkdansringens kansli.<\/p>\n","protected":false},"excerpt":{"rendered":"<p>Information om kurser hos Sk\u00e5nedistriktet Kurser H\u00e4r kan du f\u00e5 hj\u00e4lp med din folkdr\u00e4kt. P\u00e5 f\u00f6ljande hemsidor finns mer om k\u00f6p och f\u00f6rs\u00e4ljning folkdr\u00e4kter: www.folkdraktsmarknad.se www.sverigesfolkdrakter.se Folkdansringens medlemsf\u00f6rs\u00e4kring Finns hos Folksam Kundnummer: 14874 Olycksfallsf\u00f6rs\u00e4kring Samtliga medlemmar, oavsett \u00e5lder, som deltar &hellip; <a href=\"https:\/\/folkdansringen.se\/kullagillet\/lankar\/\">Forts\u00e4tt l\u00e4sa <span class=\"meta-nav\">&rarr;<\/span><\/a><\/p>\n","protected":false},"author":1,"featured_media":0,"parent":0,"menu_order":0,"comment_status":"closed","ping_status":"closed","template":"","meta":{"footnotes":""},"class_list":["post-35","page","type-page","status-publish","hentry"],"_links":{"self":[{"href":"https:\/\/folkdansringen.se\/kullagillet\/wp-json\/wp\/v2\/pages\/35","targetHints":{"allow":["GET"]}}],"collection":[{"href":"https:\/\/folkdansringen.se\/kullagillet\/wp-json\/wp\/v2\/pages"}],"about":[{"href":"https:\/\/folkdansringen.se\/kullagillet\/wp-json\/wp\/v2\/types\/page"}],"author":[{"embeddable":true,"href":"https:\/\/folkdansringen.se\/kullagillet\/wp-json\/wp\/v2\/users\/1"}],"replies":[{"embeddable":true,"href":"https:\/\/folkdansringen.se\/kullagillet\/wp-json\/wp\/v2\/comments?post=35"}],"version-history":[{"count":14,"href":"https:\/\/folkdansringen.se\/kullagillet\/wp-json\/wp\/v2\/pages\/35\/revisions"}],"predecessor-version":[{"id":1138,"href":"https:\/\/folkdansringen.se\/kullagillet\/wp-json\/wp\/v2\/pages\/35\/revisions\/1138"}],"wp:attachment":[{"href":"https:\/\/folkdansringen.se\/kullagillet\/wp-json\/wp\/v2\/media?parent=35"}],"curies":[{"name":"wp","href":"https:\/\/api.w.org\/{rel}","templated":true}]}}