{"id":18,"date":"2014-06-11T17:29:54","date_gmt":"2014-06-11T17:29:54","guid":{"rendered":"http:\/\/folkdansringen.se\/kullagillet\/?page_id=18"},"modified":"2025-09-17T18:47:26","modified_gmt":"2025-09-17T16:47:26","slug":"sida2","status":"publish","type":"page","link":"https:\/\/folkdansringen.se\/kullagillet\/sida2\/","title":{"rendered":"Danserna"},"content":{"rendered":"<p><span style=\"color: #000000; font-family: Arial, Helvetica, sans-serif;\"><b>Dansprogram 2025<\/b><\/span><\/p>\n<p>American Promenade<br \/>\nAngl\u00e4s<br \/>\nAuretti<br \/>\nCircassian Circle<br \/>\nDown the river square<br \/>\nE-18<br \/>\nEngelska fr\u00e5n Nyn\u00e4shamn<br \/>\nEngelska p\u00e5 ring \/\u00c5ttatur<br \/>\nFyrtur fr\u00e5n Hj\u00f6rring<br \/>\nFyrtur med keding<br \/>\nHolsteiner Dreitour<br \/>\nGrand Square<br \/>\nLandskrona Kadrilj<br \/>\nSnoa<br \/>\nRundan<br \/>\nSnoa<br \/>\nChrister &amp; Karin<\/p>\n","protected":false},"excerpt":{"rendered":"<p>Dansprogram 2025 American Promenade Angl\u00e4s Auretti Circassian Circle Down the river square E-18 Engelska fr\u00e5n Nyn\u00e4shamn Engelska p\u00e5 ring \/\u00c5ttatur Fyrtur fr\u00e5n Hj\u00f6rring Fyrtur med keding Holsteiner Dreitour Grand Square Landskrona Kadrilj Snoa Rundan Snoa Christer &amp; Karin<\/p>\n","protected":false},"author":1,"featured_media":0,"parent":0,"menu_order":0,"comment_status":"closed","ping_status":"closed","template":"","meta":{"footnotes":""},"class_list":["post-18","page","type-page","status-publish","hentry"],"_links":{"self":[{"href":"https:\/\/folkdansringen.se\/kullagillet\/wp-json\/wp\/v2\/pages\/18","targetHints":{"allow":["GET"]}}],"collection":[{"href":"https:\/\/folkdansringen.se\/kullagillet\/wp-json\/wp\/v2\/pages"}],"about":[{"href":"https:\/\/folkdansringen.se\/kullagillet\/wp-json\/wp\/v2\/types\/page"}],"author":[{"embeddable":true,"href":"https:\/\/folkdansringen.se\/kullagillet\/wp-json\/wp\/v2\/users\/1"}],"replies":[{"embeddable":true,"href":"https:\/\/folkdansringen.se\/kullagillet\/wp-json\/wp\/v2\/comments?post=18"}],"version-history":[{"count":21,"href":"https:\/\/folkdansringen.se\/kullagillet\/wp-json\/wp\/v2\/pages\/18\/revisions"}],"predecessor-version":[{"id":1108,"href":"https:\/\/folkdansringen.se\/kullagillet\/wp-json\/wp\/v2\/pages\/18\/revisions\/1108"}],"wp:attachment":[{"href":"https:\/\/folkdansringen.se\/kullagillet\/wp-json\/wp\/v2\/media?parent=18"}],"curies":[{"name":"wp","href":"https:\/\/api.w.org\/{rel}","templated":true}]}}