{"id":1109,"date":"2026-02-13T20:10:17","date_gmt":"2026-02-13T19:10:17","guid":{"rendered":"https:\/\/folkdansringen.se\/klippan\/?page_id=1109"},"modified":"2026-02-13T21:31:35","modified_gmt":"2026-02-13T20:31:35","slug":"dans-tider-2026","status":"publish","type":"page","link":"https:\/\/folkdansringen.se\/klippan\/","title":{"rendered":"Klippan Amat\u00f6rernas Folkdanslag"},"content":{"rendered":"\n<p>Vi \u00e4r ett g\u00e4ng glada dansare som dansar gammeldans och folkdans. Vi samlas varje onsdag kl 19.30-21.00 i Gr\u00e5manstorps bygdeg\u00e5rd utanf\u00f6r Klippan. Efter dansen brukar vi fika och ha trevligt ihop. Du \u00e4r v\u00e4lkommen att g\u00f6ra oss s\u00e4llskap!<\/p>\n\n\n\n<p><\/p>\n\n\n\n<p><\/p>\n","protected":false},"excerpt":{"rendered":"<p>Vi \u00e4r ett g\u00e4ng glada dansare som dansar gammeldans och folkdans. Vi samlas varje onsdag kl 19.30-21.00 i Gr\u00e5manstorps bygdeg\u00e5rd utanf\u00f6r Klippan. Efter dansen brukar vi fika och ha trevligt ihop. Du \u00e4r v\u00e4lkommen att g\u00f6ra oss s\u00e4llskap!<\/p>\n","protected":false},"author":2,"featured_media":0,"parent":0,"menu_order":0,"comment_status":"closed","ping_status":"closed","template":"","meta":{"footnotes":""},"class_list":["post-1109","page","type-page","status-publish","hentry"],"_links":{"self":[{"href":"https:\/\/folkdansringen.se\/klippan\/wp-json\/wp\/v2\/pages\/1109","targetHints":{"allow":["GET"]}}],"collection":[{"href":"https:\/\/folkdansringen.se\/klippan\/wp-json\/wp\/v2\/pages"}],"about":[{"href":"https:\/\/folkdansringen.se\/klippan\/wp-json\/wp\/v2\/types\/page"}],"author":[{"embeddable":true,"href":"https:\/\/folkdansringen.se\/klippan\/wp-json\/wp\/v2\/users\/2"}],"replies":[{"embeddable":true,"href":"https:\/\/folkdansringen.se\/klippan\/wp-json\/wp\/v2\/comments?post=1109"}],"version-history":[{"count":4,"href":"https:\/\/folkdansringen.se\/klippan\/wp-json\/wp\/v2\/pages\/1109\/revisions"}],"predecessor-version":[{"id":1119,"href":"https:\/\/folkdansringen.se\/klippan\/wp-json\/wp\/v2\/pages\/1109\/revisions\/1119"}],"wp:attachment":[{"href":"https:\/\/folkdansringen.se\/klippan\/wp-json\/wp\/v2\/media?parent=1109"}],"curies":[{"name":"wp","href":"https:\/\/api.w.org\/{rel}","templated":true}]}}