{"id":1130,"date":"2023-01-04T14:49:51","date_gmt":"2023-01-04T13:49:51","guid":{"rendered":"https:\/\/folkdansringen.se\/victoria\/?page_id=1130"},"modified":"2023-11-03T16:46:36","modified_gmt":"2023-11-03T15:46:36","slug":"dansprogram","status":"publish","type":"page","link":"http:\/\/folkdansringen.se\/victoria\/en\/dans\/dansprogram\/","title":{"rendered":"Danser"},"content":{"rendered":"<style>.kb-row-layout-id1130_d050cc-5b > .kt-row-column-wrap{align-content:start;}:where(.kb-row-layout-id1130_d050cc-5b > .kt-row-column-wrap) > .wp-block-kadence-column{justify-content:start;}.kb-row-layout-id1130_d050cc-5b > .kt-row-column-wrap{column-gap:var(--global-kb-gap-md, 2rem);row-gap:var(--global-kb-gap-md, 2rem);padding-top:var(--global-kb-spacing-sm, 1.5rem);padding-bottom:var(--global-kb-spacing-sm, 1.5rem);grid-template-columns:minmax(0, 1fr);}.kb-row-layout-id1130_d050cc-5b > .kt-row-layout-overlay{opacity:0.30;}@media all and (max-width: 1024px){.kb-row-layout-id1130_d050cc-5b > .kt-row-column-wrap{grid-template-columns:minmax(0, 1fr);}}@media all and (max-width: 767px){.kb-row-layout-id1130_d050cc-5b > .kt-row-column-wrap{grid-template-columns:minmax(0, 1fr);}}<\/style><div class=\"kb-row-layout-wrap kb-row-layout-id1130_d050cc-5b alignnone wp-block-kadence-rowlayout\"><div class=\"kt-row-column-wrap kt-has-1-columns kt-row-layout-equal kt-tab-layout-inherit kt-mobile-layout-row kt-row-valign-top\">\n<style>.kadence-column1130_05310f-7c > .kt-inside-inner-col,.kadence-column1130_05310f-7c > .kt-inside-inner-col:before{border-top-left-radius:0px;border-top-right-radius:0px;border-bottom-right-radius:0px;border-bottom-left-radius:0px;}.kadence-column1130_05310f-7c > .kt-inside-inner-col{column-gap:var(--global-kb-gap-sm, 1rem);}.kadence-column1130_05310f-7c > .kt-inside-inner-col{flex-direction:column;}.kadence-column1130_05310f-7c > .kt-inside-inner-col > .aligncenter{width:100%;}.kadence-column1130_05310f-7c > .kt-inside-inner-col:before{opacity:0.3;}.kadence-column1130_05310f-7c{position:relative;}@media all and (max-width: 1024px){.kadence-column1130_05310f-7c > .kt-inside-inner-col{flex-direction:column;justify-content:center;}}@media all and (max-width: 767px){.kadence-column1130_05310f-7c > .kt-inside-inner-col{flex-direction:column;justify-content:center;}}<\/style>\n<div class=\"wp-block-kadence-column kadence-column1130_05310f-7c inner-column-1\"><div class=\"kt-inside-inner-col\"><style>.kt-tabs-id1130_d2f2b4-ea > .kt-tabs-content-wrap > .wp-block-kadence-tab{border-top:3px solid #0a6689;border-right:0px solid #0a6689;border-bottom:0px solid #0a6689;border-left:0px solid #0a6689;border-top-left-radius:0px;border-top-right-radius:0px;border-bottom-right-radius:0px;border-bottom-left-radius:0px;padding-top:20px;padding-right:20px;padding-bottom:20px;padding-left:20px;background:#ffffff;}.wp-block-kadence-tabs .kt-tabs-id1130_d2f2b4-ea > .kt-tabs-title-list li{margin-top:0px;margin-right:8px;margin-bottom:0px;margin-left:0px;}.wp-block-kadence-tabs .kt-tabs-id1130_d2f2b4-ea > .kt-tabs-title-list li:last-child{margin-right:0px;}.wp-block-kadence-tabs .kt-tabs-id1130_d2f2b4-ea > .kt-tabs-title-list li .kt-tab-title, .wp-block-kadence-tabs .kt-tabs-id1130_d2f2b4-ea > .kt-tabs-content-wrap > .kt-tabs-accordion-title .kt-tab-title{line-height:1.4em;font-weight:regular;font-style:normal;border-top-width:0px;border-right-width:0px;border-bottom-width:0px;border-left-width:0px;border-top-left-radius:4px;border-top-right-radius:4px;border-bottom-right-radius:0px;border-bottom-left-radius:0px;padding-top:8px;padding-right:20px;padding-bottom:8px;padding-left:20px;border-color:#eeeeee;color:#222222;background:#eeeeee;}.wp-block-kadence-tabs .kt-tabs-id1130_d2f2b4-ea > .kt-tabs-content-wrap > .kt-tabs-accordion-title .kt-tab-title{margin-top:0px;margin-right:8px;margin-bottom:0px;margin-left:0px;}.wp-block-kadence-tabs .kt-tabs-id1130_d2f2b4-ea > .kt-tabs-title-list li .kt-tab-title:hover, .wp-block-kadence-tabs .kt-tabs-id1130_d2f2b4-ea > .kt-tabs-content-wrap > .kt-tabs-accordion-title .kt-tab-title:hover{border-color:#eeeeee;color:#222222;background:#e2e2e2;}.wp-block-kadence-tabs .kt-tabs-id1130_d2f2b4-ea > .kt-tabs-title-list li.kt-tab-title-active .kt-tab-title, .wp-block-kadence-tabs .kt-tabs-id1130_d2f2b4-ea > .kt-tabs-content-wrap > .kt-tabs-accordion-title.kt-tab-title-active .kt-tab-title{border-color:#eeeeee;color:#ffffff;background:#0a6689;}@media all and (max-width: 1024px){.kt-tabs-id1130_d2f2b4-ea > .kt-tabs-content-wrap > .wp-block-kadence-tab{border-top:3px solid #0a6689;border-right:0px solid #0a6689;border-bottom:0px solid #0a6689;border-left:0px solid #0a6689;}}@media all and (max-width: 767px){.kt-tabs-id1130_d2f2b4-ea > .kt-tabs-content-wrap > .wp-block-kadence-tab{border-top:3px solid #0a6689;border-right:0px solid #0a6689;border-bottom:0px solid #0a6689;border-left:0px solid #0a6689;}}<\/style>\n<div class=\"wp-block-kadence-tabs alignnone\"><div class=\"kt-tabs-wrap kt-tabs-id1130_d2f2b4-ea kt-tabs-has-2-tabs kt-active-tab-1 kt-tabs-layout-tabs kt-tabs-tablet-layout-inherit kt-tabs-mobile-layout-inherit kt-tab-alignment-left\"><ul class=\"kt-tabs-title-list\"><li id=\"tab-dansprogram\" class=\"kt-title-item kt-title-item-1 kt-tabs-svg-show-always kt-tabs-icon-side-right kt-tab-title-active\"><a href=\"#tab-dansprogram\" data-tab=\"1\" class=\"kt-tab-title kt-tab-title-1\"><span class=\"kt-title-text\">Dansprogram<\/span><\/a><\/li><li id=\"tab-sutfrsdansen\" class=\"kt-title-item kt-title-item-2 kt-tabs-svg-show-always kt-tabs-icon-side-right kt-tab-title-inactive\"><a href=\"#tab-sutfrsdansen\" data-tab=\"2\" class=\"kt-tab-title kt-tab-title-2\"><span class=\"kt-title-text\">S\u00e5 utf\u00f6rs dansen<\/span><\/a><\/li><\/ul><div class=\"kt-tabs-content-wrap\">\n<div class=\"wp-block-kadence-tab kt-tab-inner-content kt-inner-tab-1 kt-inner-tab_599833-10\"><div class=\"kt-tab-inner-content-inner\">\n<p>Dansledaren g\u00f6r upp kv\u00e4llens dansprogram i samr\u00e5d med musiken<\/p>\n\n\n\n<p><\/p>\n<\/div><\/div>\n\n\n\n<div class=\"wp-block-kadence-tab kt-tab-inner-content kt-inner-tab-2 kt-inner-tab_30963d-95\"><div class=\"kt-tab-inner-content-inner\">\n<p>Med hj\u00e4lp av l\u00e4nkarna kan du se hur danserna kan dansas.&nbsp;Nedan finns instruktionsl\u00e4nkar till danser<\/p>\n\n\n\n<p>Bierbomskan&nbsp; &nbsp; &nbsp; &nbsp; &nbsp; &nbsp; &nbsp; &nbsp; &nbsp; &nbsp; &nbsp; &nbsp; &nbsp; &nbsp; &nbsp; &nbsp;&nbsp;<a href=\"https:\/\/www.youtube.com\/watch?v=_yfBgNylI3A\">https:\/\/www.youtube.com\/watch?v=_yfBgNylI3A<\/a><\/p>\n\n\n\n<p>Fyrtur fr\u00e5n Luggude&nbsp; &nbsp; &nbsp; &nbsp; &nbsp; &nbsp; &nbsp; &nbsp; &nbsp; &nbsp; &nbsp;<a href=\"https:\/\/www.youtube.com\/watch?v=3kuWW0YftV4\">https:\/\/www.youtube.com\/watch?v=3kuWW0YftV4<\/a><\/p>\n\n\n\n<p>Engelska fr\u00e5n Nyn\u00e4shamn&nbsp; &nbsp; &nbsp; &nbsp;<a href=\"https:\/\/www.youtube.com\/results?search_query=engelska+fr%C3%A5n+nyn%C3%A4shamn\">https:\/\/www.youtube.com\/results?search_query=engelska+fr%C3%A5n+nyn%C3%A4shamn<\/a><\/p>\n\n\n\n<p>Engelska f\u00f6r tre par&nbsp;&nbsp;&nbsp;&nbsp;&nbsp;&nbsp;&nbsp;&nbsp;&nbsp;&nbsp;&nbsp;&nbsp;&nbsp;&nbsp;&nbsp;<a href=\"https:\/\/www.youtube.com\/results?search_query=engelska+f%C3%B6r+tre+par\">https:\/\/www.youtube.com\/results?search_query=engelska+f%C3%B6r+tre+par<\/a><\/p>\n\n\n\n<p>Fryksdalspolska&nbsp;&nbsp;&nbsp;&nbsp;&nbsp;&nbsp;&nbsp;&nbsp;&nbsp;&nbsp;&nbsp;&nbsp;&nbsp;&nbsp;&nbsp;&nbsp;&nbsp;&nbsp;&nbsp;&nbsp;&nbsp;<a href=\"https:\/\/www.youtube.com\/results?search_query=fryksdalspolska\">https:\/\/www.youtube.com\/results?search_query=fryksdalspolska<\/a><\/p>\n\n\n\n<p>H\u00f6rnstolpadansen&nbsp;&nbsp;&nbsp;&nbsp;&nbsp;&nbsp;&nbsp;&nbsp;&nbsp;&nbsp;&nbsp;&nbsp;&nbsp;&nbsp;&nbsp;&nbsp;&nbsp;&nbsp;<a href=\"https:\/\/www.youtube.com\/watch?v=ZhA_Uhkx8vI\">https:\/\/www.youtube.com\/watch?v=ZhA_Uhkx8vI<\/a><\/p>\n\n\n\n<p>Kadrilj fr\u00e5n Nys\u00e4tra&nbsp; &nbsp; &nbsp; &nbsp; &nbsp; &nbsp; &nbsp; &nbsp;<a href=\"http:\/\/www.folkdansaren.se\/index.php?option=com_content&amp;view=article&amp;id=155&amp;Itemid\">http:\/\/www.folkdansaren.se\/index.php?option=com_content&amp;view=article&amp;id=155&amp;Itemid<\/a>=<\/p>\n\n\n\n<p>Lybeckare&nbsp;&nbsp;&nbsp;&nbsp;&nbsp;&nbsp;&nbsp;&nbsp;&nbsp;&nbsp;&nbsp;&nbsp;&nbsp;&nbsp;&nbsp;&nbsp;&nbsp;&nbsp;&nbsp;&nbsp;&nbsp;&nbsp;&nbsp;&nbsp;&nbsp;&nbsp;&nbsp;&nbsp;&nbsp;<a href=\"https:\/\/www.youtube.com\/watch?v=SVq4aehcRY4\">https:\/\/www.youtube.com\/watch?v=SVq4aehcRY4<\/a><\/p>\n\n\n\n<p>Mazurkalin&nbsp;&nbsp;&nbsp;&nbsp;&nbsp;&nbsp;&nbsp;&nbsp;&nbsp;&nbsp;&nbsp;&nbsp;&nbsp;&nbsp;&nbsp;&nbsp;&nbsp;&nbsp;&nbsp;&nbsp;&nbsp;&nbsp;&nbsp;&nbsp;&nbsp;&nbsp;&nbsp;<a href=\" https:\/\/www.youtube.com\/watch?v=Bo77JkmAKZ4\"> https:\/\/www.youtube.com\/watch?v=Bo77JkmAKZ4<\/a><\/p>\n\n\n\n<p>P\u00e5 Stigen&nbsp;&nbsp;&nbsp;&nbsp;&nbsp;&nbsp;&nbsp;&nbsp;&nbsp;&nbsp;&nbsp;&nbsp;&nbsp;&nbsp;&nbsp;&nbsp;&nbsp;&nbsp;&nbsp;&nbsp;&nbsp;&nbsp;&nbsp;&nbsp;&nbsp;&nbsp;&nbsp;&nbsp;&nbsp;&nbsp;<a href=\"https:\/\/www.youtube.com\/watch?v=djAZ7KLDPQo\">https:\/\/www.youtube.com\/watch?v=djAZ7KLDPQo<\/a><\/p>\n\n\n\n<p>Rundan&nbsp;&nbsp;&nbsp;&nbsp;&nbsp;&nbsp;&nbsp;&nbsp;&nbsp;&nbsp;&nbsp;&nbsp;&nbsp;&nbsp;&nbsp;&nbsp;&nbsp;&nbsp;&nbsp;&nbsp;&nbsp;&nbsp;&nbsp;&nbsp;&nbsp;&nbsp;&nbsp;&nbsp;&nbsp;&nbsp;&nbsp;&nbsp; <a href=\"https:\/\/www.youtube.com\/watch?v=gaGeu1hJcTE\">https:\/\/www.youtube.com\/watch?v=gaGeu1hJcTE<\/a><\/p>\n\n\n\n<p>Sl\u00e4ngpolska fr\u00e5n Skaft\u00f6&nbsp;&nbsp;&nbsp;&nbsp;&nbsp;&nbsp;&nbsp;&nbsp;&nbsp;&nbsp;<a href=\"https:\/\/www.youtube.com\/watch?v=Aiy291M107g\">https:\/\/www.youtube.com\/watch?v=Aiy291M107g<\/a><\/p>\n\n\n\n<p>Sm\u00e5landspolska&nbsp; &nbsp; &nbsp; &nbsp; &nbsp; &nbsp; &nbsp; &nbsp; &nbsp; &nbsp; &nbsp;<a href=\"https:\/\/www.youtube.com\/watch?v=3UjUpRnYmDM\">https:\/\/www.youtube.com\/watch?v=3UjUpRnYmDM<\/a><\/p>\n\n\n\n<p>Snurrebock fr\u00e5n Medelpad&nbsp;&nbsp;&nbsp;&nbsp;&nbsp;&nbsp; <a href=\"https:\/\/www.youtube.com\/watch?v=RDnBiKv4bEs\">https:\/\/www.youtube.com\/watch?v=RDnBiKv4bEs<\/a><\/p>\n\n\n\n<p>Vals fr\u00e5n Sunnan\u00f6&nbsp;&nbsp;&nbsp;&nbsp;&nbsp;&nbsp;&nbsp;&nbsp;&nbsp;&nbsp;&nbsp;&nbsp;&nbsp;&nbsp;&nbsp;&nbsp;&nbsp;<a href=\"https:\/\/www.youtube.com\/watch?v=9D2IwhAfbEI\">https:\/\/www.youtube.com\/watch?v=9D2IwhAfbEI<\/a><\/p>\n\n\n\n<p>V\u00e4van fr\u00e5n R\u00f6nneberga&nbsp;&nbsp;&nbsp;&nbsp;&nbsp;&nbsp;&nbsp;&nbsp;&nbsp;&nbsp;<a href=\"https:\/\/www.youtube.com\/watch?v=BOujijCdXcY&amp;feature=youtu.be\">https:\/\/www.youtube.com\/watch?v=BOujijCdXcY&amp;feature=youtu.be<\/a><\/p>\n\n\n\n<p>V\u00e4stg\u00f6tapolska&nbsp;&nbsp;&nbsp;&nbsp;&nbsp;&nbsp;&nbsp;&nbsp;&nbsp;&nbsp;&nbsp;&nbsp;&nbsp;&nbsp;&nbsp;&nbsp;&nbsp;&nbsp;&nbsp;&nbsp;&nbsp;&nbsp;<a href=\"https:\/\/www.youtube.com\/watch?v=wVx5RJojwnA&amp;feature=youtu.be\">https:\/\/www.youtube.com\/watch?v=wVx5RJojwnA&amp;feature=youtu.be<\/a>&nbsp;&nbsp;&nbsp;&nbsp;&nbsp;&nbsp;&nbsp;&nbsp;&nbsp;&nbsp;&nbsp;&nbsp;&nbsp;&nbsp;&nbsp;&nbsp;&nbsp;&nbsp;&nbsp;&nbsp;&nbsp;&nbsp;&nbsp;&nbsp;&nbsp;&nbsp;&nbsp;&nbsp;&nbsp;&nbsp;&nbsp;&nbsp;&nbsp;&nbsp;&nbsp;&nbsp;&nbsp;&nbsp;&nbsp;&nbsp;<\/p>\n\n\n\n<p>\u00c5ttamannadans fr\u00e5n \u00d6dsm\u00e5l&nbsp; <a href=\"https:\/\/www.youtube.com\/watch?v=Ko22UA64WcA\">https:\/\/www.youtube.com\/watch?v=Ko22UA64WcA<\/a><\/p>\n<\/div><\/div>\n<\/div><\/div><\/div>\n<\/div><\/div>\n\n<\/div><\/div>","protected":false},"excerpt":{"rendered":"","protected":false},"author":1,"featured_media":0,"parent":16,"menu_order":0,"comment_status":"closed","ping_status":"closed","template":"","meta":{"ngg_post_thumbnail":0,"_kadence_starter_templates_imported_post":false,"_kad_post_transparent":"","_kad_post_title":"hide","_kad_post_layout":"","_kad_post_sidebar_id":"","_kad_post_content_style":"","_kad_post_vertical_padding":"","_kad_post_feature":"","_kad_post_feature_position":"","_kad_post_header":false,"_kad_post_footer":false,"_kad_post_classname":"","footnotes":""},"categories":[8],"tags":[],"class_list":["post-1130","page","type-page","status-publish","hentry","category-dans"],"_links":{"self":[{"href":"http:\/\/folkdansringen.se\/victoria\/en\/wp-json\/wp\/v2\/pages\/1130","targetHints":{"allow":["GET"]}}],"collection":[{"href":"http:\/\/folkdansringen.se\/victoria\/en\/wp-json\/wp\/v2\/pages"}],"about":[{"href":"http:\/\/folkdansringen.se\/victoria\/en\/wp-json\/wp\/v2\/types\/page"}],"author":[{"embeddable":true,"href":"http:\/\/folkdansringen.se\/victoria\/en\/wp-json\/wp\/v2\/users\/1"}],"replies":[{"embeddable":true,"href":"http:\/\/folkdansringen.se\/victoria\/en\/wp-json\/wp\/v2\/comments?post=1130"}],"version-history":[{"count":0,"href":"http:\/\/folkdansringen.se\/victoria\/en\/wp-json\/wp\/v2\/pages\/1130\/revisions"}],"up":[{"embeddable":true,"href":"http:\/\/folkdansringen.se\/victoria\/en\/wp-json\/wp\/v2\/pages\/16"}],"wp:attachment":[{"href":"http:\/\/folkdansringen.se\/victoria\/en\/wp-json\/wp\/v2\/media?parent=1130"}],"wp:term":[{"taxonomy":"category","embeddable":true,"href":"http:\/\/folkdansringen.se\/victoria\/en\/wp-json\/wp\/v2\/categories?post=1130"},{"taxonomy":"post_tag","embeddable":true,"href":"http:\/\/folkdansringen.se\/victoria\/en\/wp-json\/wp\/v2\/tags?post=1130"}],"curies":[{"name":"wp","href":"https:\/\/api.w.org\/{rel}","templated":true}]}}